{"id":28,"date":"2014-09-18T12:29:35","date_gmt":"2014-09-18T11:29:35","guid":{"rendered":"http:\/\/agora.xtec.cat\/escoladeponts\/?page_id=28"},"modified":"2026-03-18T15:24:06","modified_gmt":"2026-03-18T14:24:06","slug":"consell-escolar","status":"publish","type":"page","link":"https:\/\/agora.xtec.cat\/escoladeponts\/consell-escolar\/","title":{"rendered":"Consell escolar"},"content":{"rendered":"<p style=\"color: #444444;\"><span style=\"color: #000000;\">Els representants dels pares\/mares s\u00f3n :<\/span><\/p>\n<ul>\n<li style=\"color: #444444;\"><span style=\"color: #000000;\">S\u00edlvia Miranda<\/span><\/li>\n<li style=\"color: #444444;\"><span style=\"color: #000000;\">Laia Abell\u00f3<\/span><\/li>\n<li style=\"color: #444444;\"><span style=\"color: #000000;\">Elena Trilla<\/span><\/li>\n<li><span style=\"color: #000000;\">Esther Pampalona<\/span><\/li>\n<\/ul>\n<p><span style=\"color: #000000;\">Els representants del Claustre s\u00f3n :<\/span><\/p>\n<ul>\n<li><span style=\"color: #000000;\">Rosa Coma<\/span><\/li>\n<li><span style=\"color: #000000;\">Anna Gen\u00e9<\/span><\/li>\n<li><span style=\"color: #000000;\">Pilar Tugues<\/span><\/li>\n<li><span style=\"color: #000000;\">Anna Fornells<\/span><\/li>\n<li><span style=\"color: #000000;\">Cristina Viladevay<\/span><\/li>\n<\/ul>\n<p><span style=\"color: #000000;\">Membres de la direcci\u00f3 :<\/span><\/p>\n<ul>\n<li><span style=\"color: #000000;\">Directora : Noem\u00ed Lahoz<\/span><\/li>\n<li><span style=\"color: #000000;\">Cap d&#8217;Estudis : Susanna March<\/span><\/li>\n<li><span style=\"color: #000000;\">Secret\u00e0ria : Ivet Sol\u00e9<\/span><\/li>\n<\/ul>\n<p><span style=\"color: #000000;\">Representant de l&#8217;AFA :<\/span><\/p>\n<ul>\n<li>Mireia Reig<\/li>\n<\/ul>\n<p><span style=\"color: #000000;\">Representant de l&#8217;Ajuntament :<\/span><\/p>\n<ul>\n<li><span style=\"color: #000000;\">Pere Fen\u00e9s<\/span><\/li>\n<\/ul>\n<p><span style=\"color: #000000;\">Representant del personal P.A.S. :<\/span><\/p>\n<ul>\n<li><span style=\"color: #000000;\">Isabel Torra<\/span><\/li>\n<\/ul>\n<p><span style=\"color: #000000;\">Representant del personal P.A.E. :<\/span><\/p>\n<ul>\n<li>N\u00faria Mir\u00f3<\/li>\n<\/ul>\n","protected":false},"excerpt":{"rendered":"<p>Els representants dels pares\/mares s\u00f3n : S\u00edlvia Miranda Laia Abell\u00f3 Elena Trilla Esther Pampalona Els representants del Claustre s\u00f3n : Rosa Coma Anna Gen\u00e9 Pilar Tugues Anna Fornells Cristina Viladevay Membres de la direcci\u00f3 : Directora : Noem\u00ed Lahoz Cap d&#8217;Estudis : Susanna March Secret\u00e0ria : Ivet Sol\u00e9 Representant de l&#8217;AFA : Mireia Reig Representant [&hellip;]<\/p>\n","protected":false},"author":1,"featured_media":0,"parent":0,"menu_order":30,"comment_status":"closed","ping_status":"closed","template":"","meta":{"_bbp_topic_count":0,"_bbp_reply_count":0,"_bbp_total_topic_count":0,"_bbp_total_reply_count":0,"_bbp_voice_count":0,"_bbp_anonymous_reply_count":0,"_bbp_topic_count_hidden":0,"_bbp_reply_count_hidden":0,"_bbp_forum_subforum_count":0,"site-sidebar-layout":"default","site-content-layout":"","ast-site-content-layout":"default","site-content-style":"default","site-sidebar-style":"default","ast-global-header-display":"","ast-banner-title-visibility":"","ast-main-header-display":"","ast-hfb-above-header-display":"","ast-hfb-below-header-display":"","ast-hfb-mobile-header-display":"","site-post-title":"","ast-breadcrumbs-content":"","ast-featured-img":"","footer-sml-layout":"","theme-transparent-header-meta":"","adv-header-id-meta":"","stick-header-meta":"","header-above-stick-meta":"","header-main-stick-meta":"","header-below-stick-meta":"","astra-migrate-meta-layouts":"set","ast-page-background-enabled":"default","ast-page-background-meta":{"desktop":{"background-color":"var(--ast-global-color-4)","background-image":"","background-repeat":"repeat","background-position":"center center","background-size":"auto","background-attachment":"scroll","background-type":"","background-media":"","overlay-type":"","overlay-color":"","overlay-opacity":"","overlay-gradient":""},"tablet":{"background-color":"","background-image":"","background-repeat":"repeat","background-position":"center center","background-size":"auto","background-attachment":"scroll","background-type":"","background-media":"","overlay-type":"","overlay-color":"","overlay-opacity":"","overlay-gradient":""},"mobile":{"background-color":"","background-image":"","background-repeat":"repeat","background-position":"center center","background-size":"auto","background-attachment":"scroll","background-type":"","background-media":"","overlay-type":"","overlay-color":"","overlay-opacity":"","overlay-gradient":""}},"ast-content-background-meta":{"desktop":{"background-color":"var(--ast-global-color-5)","background-image":"","background-repeat":"repeat","background-position":"center center","background-size":"auto","background-attachment":"scroll","background-type":"","background-media":"","overlay-type":"","overlay-color":"","overlay-opacity":"","overlay-gradient":""},"tablet":{"background-color":"var(--ast-global-color-5)","background-image":"","background-repeat":"repeat","background-position":"center center","background-size":"auto","background-attachment":"scroll","background-type":"","background-media":"","overlay-type":"","overlay-color":"","overlay-opacity":"","overlay-gradient":""},"mobile":{"background-color":"var(--ast-global-color-5)","background-image":"","background-repeat":"repeat","background-position":"center center","background-size":"auto","background-attachment":"scroll","background-type":"","background-media":"","overlay-type":"","overlay-color":"","overlay-opacity":"","overlay-gradient":""}},"footnotes":""},"class_list":["post-28","page","type-page","status-publish","hentry"],"post_mailing_queue_ids":[],"_links":{"self":[{"href":"https:\/\/agora.xtec.cat\/escoladeponts\/wp-json\/wp\/v2\/pages\/28","targetHints":{"allow":["GET"]}}],"collection":[{"href":"https:\/\/agora.xtec.cat\/escoladeponts\/wp-json\/wp\/v2\/pages"}],"about":[{"href":"https:\/\/agora.xtec.cat\/escoladeponts\/wp-json\/wp\/v2\/types\/page"}],"author":[{"embeddable":true,"href":"https:\/\/agora.xtec.cat\/escoladeponts\/wp-json\/wp\/v2\/users\/1"}],"replies":[{"embeddable":true,"href":"https:\/\/agora.xtec.cat\/escoladeponts\/wp-json\/wp\/v2\/comments?post=28"}],"version-history":[{"count":6,"href":"https:\/\/agora.xtec.cat\/escoladeponts\/wp-json\/wp\/v2\/pages\/28\/revisions"}],"predecessor-version":[{"id":2502,"href":"https:\/\/agora.xtec.cat\/escoladeponts\/wp-json\/wp\/v2\/pages\/28\/revisions\/2502"}],"wp:attachment":[{"href":"https:\/\/agora.xtec.cat\/escoladeponts\/wp-json\/wp\/v2\/media?parent=28"}],"curies":[{"name":"wp","href":"https:\/\/api.w.org\/{rel}","templated":true}]}}