{"id":276,"date":"2016-07-11T23:23:07","date_gmt":"2016-07-11T22:23:07","guid":{"rendered":"http:\/\/agora.xtec.cat\/escoladeponts\/?page_id=276"},"modified":"2025-10-09T22:05:06","modified_gmt":"2025-10-09T20:05:06","slug":"el-claustre","status":"publish","type":"page","link":"https:\/\/agora.xtec.cat\/escoladeponts\/lescola__trashed\/el-claustre\/","title":{"rendered":"El claustre"},"content":{"rendered":"<p><a href=\"https:\/\/agora.xtec.cat\/escoladeponts\/wp-content\/uploads\/usu860\/2025\/10\/1.jpg\"><img loading=\"lazy\" decoding=\"async\" class=\"wp-image-2263 aligncenter\" src=\"https:\/\/agora.xtec.cat\/escoladeponts\/wp-content\/uploads\/usu860\/2025\/10\/1-300x169.jpg\" alt=\"\" width=\"412\" height=\"232\" srcset=\"https:\/\/agora.xtec.cat\/escoladeponts\/wp-content\/uploads\/usu860\/2025\/10\/1-300x169.jpg 300w, https:\/\/agora.xtec.cat\/escoladeponts\/wp-content\/uploads\/usu860\/2025\/10\/1-1024x576.jpg 1024w, https:\/\/agora.xtec.cat\/escoladeponts\/wp-content\/uploads\/usu860\/2025\/10\/1-768x432.jpg 768w, https:\/\/agora.xtec.cat\/escoladeponts\/wp-content\/uploads\/usu860\/2025\/10\/1-1536x864.jpg 1536w, https:\/\/agora.xtec.cat\/escoladeponts\/wp-content\/uploads\/usu860\/2025\/10\/1.jpg 1920w\" sizes=\"auto, (max-width: 412px) 100vw, 412px\" \/><\/a><a href=\"https:\/\/agora.xtec.cat\/escoladeponts\/wp-content\/uploads\/usu860\/2025\/10\/2.jpg\"><img loading=\"lazy\" decoding=\"async\" class=\"wp-image-2264 alignleft\" src=\"https:\/\/agora.xtec.cat\/escoladeponts\/wp-content\/uploads\/usu860\/2025\/10\/2-300x169.jpg\" alt=\"\" width=\"411\" height=\"232\" srcset=\"https:\/\/agora.xtec.cat\/escoladeponts\/wp-content\/uploads\/usu860\/2025\/10\/2-300x169.jpg 300w, https:\/\/agora.xtec.cat\/escoladeponts\/wp-content\/uploads\/usu860\/2025\/10\/2-1024x576.jpg 1024w, https:\/\/agora.xtec.cat\/escoladeponts\/wp-content\/uploads\/usu860\/2025\/10\/2-768x432.jpg 768w, https:\/\/agora.xtec.cat\/escoladeponts\/wp-content\/uploads\/usu860\/2025\/10\/2-1536x864.jpg 1536w, https:\/\/agora.xtec.cat\/escoladeponts\/wp-content\/uploads\/usu860\/2025\/10\/2.jpg 1920w\" sizes=\"auto, (max-width: 411px) 100vw, 411px\" \/><\/a><a href=\"https:\/\/agora.xtec.cat\/escoladeponts\/wp-content\/uploads\/usu860\/2025\/10\/3.jpg\"><img loading=\"lazy\" decoding=\"async\" class=\"wp-image-2265 alignright\" src=\"https:\/\/agora.xtec.cat\/escoladeponts\/wp-content\/uploads\/usu860\/2025\/10\/3-300x169.jpg\" alt=\"\" width=\"415\" height=\"234\" srcset=\"https:\/\/agora.xtec.cat\/escoladeponts\/wp-content\/uploads\/usu860\/2025\/10\/3-300x169.jpg 300w, https:\/\/agora.xtec.cat\/escoladeponts\/wp-content\/uploads\/usu860\/2025\/10\/3-1024x576.jpg 1024w, https:\/\/agora.xtec.cat\/escoladeponts\/wp-content\/uploads\/usu860\/2025\/10\/3-768x432.jpg 768w, https:\/\/agora.xtec.cat\/escoladeponts\/wp-content\/uploads\/usu860\/2025\/10\/3-1536x864.jpg 1536w, https:\/\/agora.xtec.cat\/escoladeponts\/wp-content\/uploads\/usu860\/2025\/10\/3.jpg 1920w\" sizes=\"auto, (max-width: 415px) 100vw, 415px\" \/><\/a><\/p>\n<p>&nbsp;<\/p>\n<p>&nbsp;<\/p>\n<p>&nbsp;<\/p>\n<p>&nbsp;<\/p>\n<p><a href=\"https:\/\/agora.xtec.cat\/escoladeponts\/wp-content\/uploads\/usu860\/2025\/10\/4.jpg\"><img loading=\"lazy\" decoding=\"async\" class=\"wp-image-2266 alignleft\" src=\"https:\/\/agora.xtec.cat\/escoladeponts\/wp-content\/uploads\/usu860\/2025\/10\/4-300x169.jpg\" alt=\"\" width=\"408\" height=\"230\" srcset=\"https:\/\/agora.xtec.cat\/escoladeponts\/wp-content\/uploads\/usu860\/2025\/10\/4-300x169.jpg 300w, https:\/\/agora.xtec.cat\/escoladeponts\/wp-content\/uploads\/usu860\/2025\/10\/4-1024x576.jpg 1024w, https:\/\/agora.xtec.cat\/escoladeponts\/wp-content\/uploads\/usu860\/2025\/10\/4-768x432.jpg 768w, https:\/\/agora.xtec.cat\/escoladeponts\/wp-content\/uploads\/usu860\/2025\/10\/4-1536x864.jpg 1536w, https:\/\/agora.xtec.cat\/escoladeponts\/wp-content\/uploads\/usu860\/2025\/10\/4.jpg 1920w\" sizes=\"auto, (max-width: 408px) 100vw, 408px\" \/><\/a> <a href=\"https:\/\/agora.xtec.cat\/escoladeponts\/wp-content\/uploads\/usu860\/2025\/10\/5.jpg\"><img loading=\"lazy\" decoding=\"async\" class=\"wp-image-2267 alignright\" src=\"https:\/\/agora.xtec.cat\/escoladeponts\/wp-content\/uploads\/usu860\/2025\/10\/5-300x169.jpg\" alt=\"\" width=\"408\" height=\"230\" srcset=\"https:\/\/agora.xtec.cat\/escoladeponts\/wp-content\/uploads\/usu860\/2025\/10\/5-300x169.jpg 300w, https:\/\/agora.xtec.cat\/escoladeponts\/wp-content\/uploads\/usu860\/2025\/10\/5-1024x576.jpg 1024w, https:\/\/agora.xtec.cat\/escoladeponts\/wp-content\/uploads\/usu860\/2025\/10\/5-768x432.jpg 768w, https:\/\/agora.xtec.cat\/escoladeponts\/wp-content\/uploads\/usu860\/2025\/10\/5-1536x864.jpg 1536w, https:\/\/agora.xtec.cat\/escoladeponts\/wp-content\/uploads\/usu860\/2025\/10\/5.jpg 1920w\" sizes=\"auto, (max-width: 408px) 100vw, 408px\" \/><\/a><\/p>\n<p>&nbsp;<\/p>\n<h4><\/h4>\n<h4><\/h4>\n<h4><\/h4>\n<h4><\/h4>\n<h4><\/h4>\n<h4><\/h4>\n<h4><\/h4>\n<h4><\/h4>\n<h4><\/h4>\n<h4><\/h4>\n<h4><\/h4>\n<h4><\/h4>\n<h4><\/h4>\n<h4><\/h4>\n<h4><\/h4>\n<h4><\/h4>\n<h4><\/h4>\n<h4><\/h4>\n<h4><\/h4>\n<h4><\/h4>\n<h4><\/h4>\n<h4><\/h4>\n<h4><\/h4>\n<h4><\/h4>\n<h4><\/h4>\n<h4>ESPECIALITATS :<\/h4>\n<table style=\"width: 39.4387%; height: 109px;\">\n<tbody>\n<tr style=\"height: 33px;\">\n<td style=\"width: 31.9442%; height: 10px;\">\n<h5><strong>Angl\u00e8s<\/strong><\/h5>\n<\/td>\n<td style=\"width: 222.646%; height: 10px;\">\n<p style=\"text-align: justify;\">B\u00e0rbara Riudeub\u00e0s (EI, CI i CM) i Susanna March (CS)<\/p>\n<\/td>\n<\/tr>\n<tr style=\"height: 33px;\">\n<td style=\"width: 31.9442%; height: 33px;\">\n<h5><strong>M\u00fasica i Ed. en Valors<\/strong><\/h5>\n<\/td>\n<td style=\"width: 222.646%; height: 33px;\">S\u00edlvia Mu\u00f1oz<\/td>\n<\/tr>\n<tr>\n<td style=\"width: 31.9442%;\">\n<h5><strong>Religi\u00f3<\/strong><\/h5>\n<\/td>\n<td style=\"width: 222.646%;\">Anna Gen\u00e9<\/td>\n<\/tr>\n<tr style=\"height: 33px;\">\n<td style=\"width: 31.9442%; height: 33px;\">\n<h5><strong>Educaci\u00f3 F\u00edsica<\/strong><\/h5>\n<\/td>\n<td style=\"width: 222.646%; height: 33px;\">Ramon Mayench<\/td>\n<\/tr>\n<tr style=\"height: 33px;\">\n<td style=\"width: 31.9442%; height: 33px;\">\n<h5><strong>Educaci\u00f3 Especial<\/strong><\/h5>\n<\/td>\n<td style=\"width: 222.646%; height: 33px;\">Joana Ferrer<\/td>\n<\/tr>\n<\/tbody>\n<\/table>\n<p>&nbsp;<\/p>\n<h4>REFOR\u00c7OS I SUPORTS A L&#8217;AULA :<\/h4>\n<table style=\"width: 40.369%; height: 99px;\">\n<tbody>\n<tr style=\"height: 33px;\">\n<td style=\"width: 32.6159%; height: 33px;\">\n<h5><strong>Refor\u00e7os Infantil<\/strong><\/h5>\n<\/td>\n<td style=\"width: 244.18%; height: 33px;\">Gl\u00f2ria Fit\u00e9 i Alba Riquelme<\/td>\n<\/tr>\n<tr>\n<td style=\"width: 32.6159%;\">\n<h5><strong>TEEI<\/strong><\/h5>\n<\/td>\n<td style=\"width: 244.18%;\">Lourdes Carretero<\/td>\n<\/tr>\n<tr style=\"height: 33px;\">\n<td style=\"width: 32.6159%; height: 33px;\">\n<h5><strong>Refor\u00e7os Prim\u00e0ria<\/strong><\/h5>\n<\/td>\n<td style=\"width: 244.18%; height: 33px;\">Ada Castell\u00f3 (CI), Anna Gen\u00e9 (CM) i Noem\u00ed Lahoz (CS)<\/td>\n<\/tr>\n<tr>\n<td style=\"width: 32.6159%;\">\n<h5><strong>Vetlladores<\/strong><\/h5>\n<\/td>\n<td style=\"width: 244.18%;\">Cristina Rius i Carme Forn\u00e9s<\/td>\n<\/tr>\n<\/tbody>\n<\/table>\n<p>&nbsp;<\/p>\n<h4>SIEI I AULA D&#8217;ACOLLIDA :<\/h4>\n<table style=\"width: 40.369%; height: 99px;\">\n<tbody>\n<tr style=\"height: 33px;\">\n<td style=\"width: 32.6159%; height: 33px;\">\n<h5><strong>Tutores SIEI<\/strong><\/h5>\n<\/td>\n<td style=\"width: 244.18%; height: 33px;\">Meritxell Pujol i Joana Mic\u00f3<\/td>\n<\/tr>\n<tr style=\"height: 33px;\">\n<td style=\"width: 32.6159%; height: 33px;\">\n<h5><strong>EEE<\/strong><\/h5>\n<\/td>\n<td style=\"width: 244.18%; height: 33px;\">N\u00faria Mir\u00f3<\/td>\n<\/tr>\n<tr>\n<td style=\"width: 32.6159%;\">\n<h5><strong>Tutora Aula Acollida<\/strong><\/h5>\n<\/td>\n<td style=\"width: 244.18%;\">Montse Sim\u00f3n<\/td>\n<\/tr>\n<\/tbody>\n<\/table>\n<p>&nbsp;<\/p>\n<h4>SERVEIS EXTERNS :<\/h4>\n<table style=\"width: 40.369%; height: 99px;\">\n<tbody>\n<tr style=\"height: 33px;\">\n<td style=\"width: 32.6159%; height: 33px;\">\n<h5><strong>Psicopedagoga\u00a0<\/strong><\/h5>\n<\/td>\n<td style=\"width: 244.18%; height: 33px;\">Nat\u00e0lia Querol<\/td>\n<\/tr>\n<tr style=\"height: 33px;\">\n<td style=\"width: 32.6159%; height: 33px;\">\n<h5><strong>MALL<\/strong><\/h5>\n<\/td>\n<td style=\"width: 244.18%; height: 33px;\">Anna S\u00e1nchez<\/td>\n<\/tr>\n<\/tbody>\n<\/table>\n<p>&nbsp;<\/p>\n<h4>ALTRES SERVEIS DE CENTRE :<\/h4>\n<table style=\"width: 40.369%; height: 99px;\">\n<tbody>\n<tr style=\"height: 33px;\">\n<td style=\"width: 41.8217%; height: 33px;\">\n<h5><strong>Administrativa<\/strong><\/h5>\n<\/td>\n<td style=\"width: 234.974%; height: 33px;\">Isa Torra<\/td>\n<\/tr>\n<tr style=\"height: 33px;\">\n<td style=\"width: 41.8217%; height: 33px;\">\n<h5><strong>Administrativa Ajuntament<\/strong><\/h5>\n<\/td>\n<td style=\"width: 234.974%; height: 33px;\">S\u00f2nia Aleu<\/td>\n<\/tr>\n<tr>\n<td style=\"width: 41.8217%;\">\n<h5><strong>Conserge<\/strong><\/h5>\n<\/td>\n<td style=\"width: 234.974%;\">Ton Ramallat i Facundo<\/td>\n<\/tr>\n<\/tbody>\n<\/table>\n","protected":false},"excerpt":{"rendered":"<p>&nbsp; &nbsp; &nbsp; &nbsp; &nbsp; ESPECIALITATS : Angl\u00e8s B\u00e0rbara Riudeub\u00e0s (EI, CI i CM) i Susanna March (CS) M\u00fasica i Ed. en Valors S\u00edlvia Mu\u00f1oz Religi\u00f3 Anna Gen\u00e9 Educaci\u00f3 F\u00edsica Ramon Mayench Educaci\u00f3 Especial Joana Ferrer &nbsp; REFOR\u00c7OS I SUPORTS A L&#8217;AULA : Refor\u00e7os Infantil Gl\u00f2ria Fit\u00e9 i Alba Riquelme TEEI Lourdes Carretero Refor\u00e7os Prim\u00e0ria [&hellip;]<\/p>\n","protected":false},"author":1,"featured_media":0,"parent":22,"menu_order":0,"comment_status":"closed","ping_status":"closed","template":"page-templates\/side-menu.php","meta":{"_bbp_topic_count":0,"_bbp_reply_count":0,"_bbp_total_topic_count":0,"_bbp_total_reply_count":0,"_bbp_voice_count":0,"_bbp_anonymous_reply_count":0,"_bbp_topic_count_hidden":0,"_bbp_reply_count_hidden":0,"_bbp_forum_subforum_count":0,"site-sidebar-layout":"default","site-content-layout":"","ast-site-content-layout":"","site-content-style":"default","site-sidebar-style":"default","ast-global-header-display":"","ast-banner-title-visibility":"","ast-main-header-display":"","ast-hfb-above-header-display":"","ast-hfb-below-header-display":"","ast-hfb-mobile-header-display":"","site-post-title":"","ast-breadcrumbs-content":"","ast-featured-img":"","footer-sml-layout":"","theme-transparent-header-meta":"","adv-header-id-meta":"","stick-header-meta":"","header-above-stick-meta":"","header-main-stick-meta":"","header-below-stick-meta":"","astra-migrate-meta-layouts":"default","ast-page-background-enabled":"default","ast-page-background-meta":{"desktop":{"background-color":"var(--ast-global-color-4)","background-image":"","background-repeat":"repeat","background-position":"center center","background-size":"auto","background-attachment":"scroll","background-type":"","background-media":"","overlay-type":"","overlay-color":"","overlay-opacity":"","overlay-gradient":""},"tablet":{"background-color":"","background-image":"","background-repeat":"repeat","background-position":"center center","background-size":"auto","background-attachment":"scroll","background-type":"","background-media":"","overlay-type":"","overlay-color":"","overlay-opacity":"","overlay-gradient":""},"mobile":{"background-color":"","background-image":"","background-repeat":"repeat","background-position":"center center","background-size":"auto","background-attachment":"scroll","background-type":"","background-media":"","overlay-type":"","overlay-color":"","overlay-opacity":"","overlay-gradient":""}},"ast-content-background-meta":{"desktop":{"background-color":"var(--ast-global-color-5)","background-image":"","background-repeat":"repeat","background-position":"center center","background-size":"auto","background-attachment":"scroll","background-type":"","background-media":"","overlay-type":"","overlay-color":"","overlay-opacity":"","overlay-gradient":""},"tablet":{"background-color":"var(--ast-global-color-5)","background-image":"","background-repeat":"repeat","background-position":"center center","background-size":"auto","background-attachment":"scroll","background-type":"","background-media":"","overlay-type":"","overlay-color":"","overlay-opacity":"","overlay-gradient":""},"mobile":{"background-color":"var(--ast-global-color-5)","background-image":"","background-repeat":"repeat","background-position":"center center","background-size":"auto","background-attachment":"scroll","background-type":"","background-media":"","overlay-type":"","overlay-color":"","overlay-opacity":"","overlay-gradient":""}},"footnotes":""},"class_list":["post-276","page","type-page","status-publish","hentry"],"post_mailing_queue_ids":[],"_links":{"self":[{"href":"https:\/\/agora.xtec.cat\/escoladeponts\/wp-json\/wp\/v2\/pages\/276","targetHints":{"allow":["GET"]}}],"collection":[{"href":"https:\/\/agora.xtec.cat\/escoladeponts\/wp-json\/wp\/v2\/pages"}],"about":[{"href":"https:\/\/agora.xtec.cat\/escoladeponts\/wp-json\/wp\/v2\/types\/page"}],"author":[{"embeddable":true,"href":"https:\/\/agora.xtec.cat\/escoladeponts\/wp-json\/wp\/v2\/users\/1"}],"replies":[{"embeddable":true,"href":"https:\/\/agora.xtec.cat\/escoladeponts\/wp-json\/wp\/v2\/comments?post=276"}],"version-history":[{"count":5,"href":"https:\/\/agora.xtec.cat\/escoladeponts\/wp-json\/wp\/v2\/pages\/276\/revisions"}],"predecessor-version":[{"id":2268,"href":"https:\/\/agora.xtec.cat\/escoladeponts\/wp-json\/wp\/v2\/pages\/276\/revisions\/2268"}],"up":[{"embeddable":true,"href":"https:\/\/agora.xtec.cat\/escoladeponts\/wp-json\/wp\/v2\/pages\/22"}],"wp:attachment":[{"href":"https:\/\/agora.xtec.cat\/escoladeponts\/wp-json\/wp\/v2\/media?parent=276"}],"curies":[{"name":"wp","href":"https:\/\/api.w.org\/{rel}","templated":true}]}}