{"id":2597,"date":"2026-05-13T10:32:15","date_gmt":"2026-05-13T08:32:15","guid":{"rendered":"https:\/\/agora.xtec.cat\/escoladeponts\/?page_id=2597"},"modified":"2026-05-13T10:38:31","modified_gmt":"2026-05-13T08:38:31","slug":"futurs-es-emprenedors-es-rurals","status":"publish","type":"page","link":"https:\/\/agora.xtec.cat\/escoladeponts\/futurs-es-emprenedors-es-rurals\/","title":{"rendered":"Futurs\/es emprenedors\/es rurals"},"content":{"rendered":"\n<div class=\"wp-block-media-text is-stacked-on-mobile\"><figure class=\"wp-block-media-text__media\"><img loading=\"lazy\" decoding=\"async\" width=\"469\" height=\"430\" src=\"https:\/\/agora.xtec.cat\/escoladeponts\/wp-content\/uploads\/usu860\/2026\/05\/9223709f-2459-4104-a4a3-cfdb68b50711.png\" alt=\"\" class=\"wp-image-2601 size-full\" srcset=\"https:\/\/agora.xtec.cat\/escoladeponts\/wp-content\/uploads\/usu860\/2026\/05\/9223709f-2459-4104-a4a3-cfdb68b50711.png 469w, https:\/\/agora.xtec.cat\/escoladeponts\/wp-content\/uploads\/usu860\/2026\/05\/9223709f-2459-4104-a4a3-cfdb68b50711-300x275.png 300w\" sizes=\"auto, (max-width: 469px) 100vw, 469px\" \/><\/figure><div class=\"wp-block-media-text__content\">\n<p>Cada curs els alumnes de Cicle Superior participen al projecte <strong>FER \u2013 Futurs Emprenedors Rurals<\/strong>. \u00c9s una iniciativa que t\u00e9 com a objectiu apropar als infants a la realitat del m\u00f3n rural i fomentar l\u2019esperit emprenedor, la creativitat i el comprom\u00eds amb el territori.<\/p>\n<\/div><\/div>\n\n\n\n<p>A trav\u00e9s d\u2019aquest projecte, els alumnes han conegut de m\u00e9s a prop les empreses, negocis i serveis de Ponts, descobrint la import\u00e0ncia del comer\u00e7 local i de totes aquelles persones que treballen dia a dia per fer cr\u00e9ixer el poble. El projecte ens ha perm\u00e8s reflexionar sobre les oportunitats que ofereix el m\u00f3n rural i valorar la import\u00e0ncia de mantenir viu el nostre entorn.<\/p>\n\n\n\n<p>Com a activitat final del primer bloc, els alumnes de cinqu\u00e8 han elaborat un v\u00eddeo promocional sobre diferents empreses i serveis de Ponts. Durant el proc\u00e9s, han treballat en equip, han investigat, preparat entrevistes, redactat textos i participat en l\u2019enregistrament i edici\u00f3 del v\u00eddeo. Aquesta experi\u00e8ncia ha contribu\u00eft a desenvolupar compet\u00e8ncies comunicatives, digitals i socials, alhora que ha refor\u00e7at el vincle dels infants amb el municipi i la seva comunitat.<\/p>\n\n\n\n<figure class=\"wp-block-image size-large\"><a href=\"https:\/\/drive.google.com\/file\/d\/1XoX_zT6DoFsDQSVimsX3QsPHIdG5dPwq\/view?usp=drive_link\"><img loading=\"lazy\" decoding=\"async\" width=\"1024\" height=\"553\" src=\"https:\/\/agora.xtec.cat\/escoladeponts\/wp-content\/uploads\/usu860\/2026\/05\/IMG_6516-2-1024x553.jpg\" alt=\"\" class=\"wp-image-2598\" srcset=\"https:\/\/agora.xtec.cat\/escoladeponts\/wp-content\/uploads\/usu860\/2026\/05\/IMG_6516-2-1024x553.jpg 1024w, https:\/\/agora.xtec.cat\/escoladeponts\/wp-content\/uploads\/usu860\/2026\/05\/IMG_6516-2-300x162.jpg 300w, https:\/\/agora.xtec.cat\/escoladeponts\/wp-content\/uploads\/usu860\/2026\/05\/IMG_6516-2-768x415.jpg 768w, https:\/\/agora.xtec.cat\/escoladeponts\/wp-content\/uploads\/usu860\/2026\/05\/IMG_6516-2.jpg 1284w\" sizes=\"auto, (max-width: 1024px) 100vw, 1024px\" \/><\/a><\/figure>\n\n\n\n<p>Si cliqueu a la imatge podreu veure el producte final del v\u00eddeo promocional dels alumnes de cinqu\u00e8 de la promoci\u00f3 25-26.<\/p>\n\n\n\n<p>A sis\u00e8, els alumnes fan un pas m\u00e9s dins del projecte FER \u2013 Futurs Emprenedors Rurals creant la seva pr\u00f2pia empresa. Al llarg del curs, treballen de manera cooperativa per idear un negoci, definir-ne els objectius i dissenyar-ne la imatge corporativa, des de la creaci\u00f3 del nom i el logotip fins a l\u2019elaboraci\u00f3 d\u2019un tr\u00edptic promocional per donar-lo a con\u00e8ixer. Aquest projecte els permet desenvolupar la creativitat, l\u2019esperit emprenedor i compet\u00e8ncies comunicatives i digitals, tot apropant-los al funcionament real d\u2019una empresa.<\/p>\n\n\n\n<p>A mode de conclusi\u00f3,  aquest projecte ens permet des de l\u2019escola continuar apostant per un aprenentatge significatiu i connectat amb la realitat del nostre entorn rural.<\/p>\n\n\n\n<p>Si voleu con\u00e8ixer m\u00e9s informaci\u00f3 sobre el projecte, ho trobareu en el seg\u00fcent link. <\/p>\n\n\n\n<p><a href=\"https:\/\/www.futursemprenedors.cat\/el-projecte-fer\/el-projecte-fer\">https:\/\/www.futursemprenedors.cat\/el-projecte-fer\/el-projecte-fer<\/a><\/p>\n\n\n\n<p><\/p>\n","protected":false},"excerpt":{"rendered":"<p>Cada curs els alumnes de Cicle Superior participen al projecte FER \u2013 Futurs Emprenedors Rurals. \u00c9s una iniciativa que t\u00e9 com a objectiu apropar als infants a la realitat del m\u00f3n rural i fomentar l\u2019esperit emprenedor, la creativitat i el comprom\u00eds amb el territori. A trav\u00e9s d\u2019aquest projecte, els alumnes han conegut de m\u00e9s a [&hellip;]<\/p>\n","protected":false},"author":1,"featured_media":0,"parent":0,"menu_order":0,"comment_status":"closed","ping_status":"close","template":"","meta":{"_bbp_topic_count":0,"_bbp_reply_count":0,"_bbp_total_topic_count":0,"_bbp_total_reply_count":0,"_bbp_voice_count":0,"_bbp_anonymous_reply_count":0,"_bbp_topic_count_hidden":0,"_bbp_reply_count_hidden":0,"_bbp_forum_subforum_count":0,"site-sidebar-layout":"default","site-content-layout":"","ast-site-content-layout":"default","site-content-style":"default","site-sidebar-style":"default","ast-global-header-display":"","ast-banner-title-visibility":"","ast-main-header-display":"","ast-hfb-above-header-display":"","ast-hfb-below-header-display":"","ast-hfb-mobile-header-display":"","site-post-title":"","ast-breadcrumbs-content":"","ast-featured-img":"","footer-sml-layout":"","theme-transparent-header-meta":"","adv-header-id-meta":"","stick-header-meta":"","header-above-stick-meta":"","header-main-stick-meta":"","header-below-stick-meta":"","astra-migrate-meta-layouts":"set","ast-page-background-enabled":"default","ast-page-background-meta":{"desktop":{"background-color":"var(--ast-global-color-4)","background-image":"","background-repeat":"repeat","background-position":"center center","background-size":"auto","background-attachment":"scroll","background-type":"","background-media":"","overlay-type":"","overlay-color":"","overlay-opacity":"","overlay-gradient":""},"tablet":{"background-color":"","background-image":"","background-repeat":"repeat","background-position":"center center","background-size":"auto","background-attachment":"scroll","background-type":"","background-media":"","overlay-type":"","overlay-color":"","overlay-opacity":"","overlay-gradient":""},"mobile":{"background-color":"","background-image":"","background-repeat":"repeat","background-position":"center center","background-size":"auto","background-attachment":"scroll","background-type":"","background-media":"","overlay-type":"","overlay-color":"","overlay-opacity":"","overlay-gradient":""}},"ast-content-background-meta":{"desktop":{"background-color":"var(--ast-global-color-5)","background-image":"","background-repeat":"repeat","background-position":"center center","background-size":"auto","background-attachment":"scroll","background-type":"","background-media":"","overlay-type":"","overlay-color":"","overlay-opacity":"","overlay-gradient":""},"tablet":{"background-color":"var(--ast-global-color-5)","background-image":"","background-repeat":"repeat","background-position":"center center","background-size":"auto","background-attachment":"scroll","background-type":"","background-media":"","overlay-type":"","overlay-color":"","overlay-opacity":"","overlay-gradient":""},"mobile":{"background-color":"var(--ast-global-color-5)","background-image":"","background-repeat":"repeat","background-position":"center center","background-size":"auto","background-attachment":"scroll","background-type":"","background-media":"","overlay-type":"","overlay-color":"","overlay-opacity":"","overlay-gradient":""}},"footnotes":""},"class_list":["post-2597","page","type-page","status-publish","hentry"],"post_mailing_queue_ids":[],"_links":{"self":[{"href":"https:\/\/agora.xtec.cat\/escoladeponts\/wp-json\/wp\/v2\/pages\/2597","targetHints":{"allow":["GET"]}}],"collection":[{"href":"https:\/\/agora.xtec.cat\/escoladeponts\/wp-json\/wp\/v2\/pages"}],"about":[{"href":"https:\/\/agora.xtec.cat\/escoladeponts\/wp-json\/wp\/v2\/types\/page"}],"author":[{"embeddable":true,"href":"https:\/\/agora.xtec.cat\/escoladeponts\/wp-json\/wp\/v2\/users\/1"}],"replies":[{"embeddable":true,"href":"https:\/\/agora.xtec.cat\/escoladeponts\/wp-json\/wp\/v2\/comments?post=2597"}],"version-history":[{"count":2,"href":"https:\/\/agora.xtec.cat\/escoladeponts\/wp-json\/wp\/v2\/pages\/2597\/revisions"}],"predecessor-version":[{"id":2603,"href":"https:\/\/agora.xtec.cat\/escoladeponts\/wp-json\/wp\/v2\/pages\/2597\/revisions\/2603"}],"wp:attachment":[{"href":"https:\/\/agora.xtec.cat\/escoladeponts\/wp-json\/wp\/v2\/media?parent=2597"}],"curies":[{"name":"wp","href":"https:\/\/api.w.org\/{rel}","templated":true}]}}