{"id":2545,"date":"2026-04-16T20:47:03","date_gmt":"2026-04-16T18:47:03","guid":{"rendered":"https:\/\/agora.xtec.cat\/escoladeponts\/?page_id=2545"},"modified":"2026-04-16T20:47:04","modified_gmt":"2026-04-16T18:47:04","slug":"pc-mat","status":"publish","type":"page","link":"https:\/\/agora.xtec.cat\/escoladeponts\/pc-mat\/","title":{"rendered":"PC Mat"},"content":{"rendered":"\n<p>Aquest curs, l\u2019alumnat de cicle superior ha participat en el projecte de Pensament Computacional aplicat a les matem\u00e0tiques (PC MAT), en l\u00ednia amb el que estableix el decret actual d\u2019educaci\u00f3. Aquest projecte del departament t\u00e9 com a objectiu desenvolupar habilitats com el raonament l\u00f2gic, la resoluci\u00f3 de problemes i la capacitat d\u2019analitzar situacions complexes mitjan\u00e7ant estrat\u00e8gies pr\u00f2pies del pensament computacional. A trav\u00e9s de diferents situacions d\u2019aprenentatge, l\u2019alumnat ha pogut experimentar i construir coneixement de manera activa, significativa i interdisciplin\u00e0ria.<\/p>\n\n\n\n<p>Entre les activitats realitzades destaquen la creaci\u00f3 d\u2019una calculadora aritm\u00e8tica, la resoluci\u00f3 de laberints matem\u00e0tics, la programaci\u00f3 de codis de patrons geom\u00e8trics i el treball com a analistes de dades. Aquestes propostes han afavorit tant la compet\u00e8ncia matem\u00e0tica com la digital, fomentant l\u2019autonomia i el treball cooperatiu. El projecte tindr\u00e0 continu\u00eftat el proper curs, amb la voluntat de seguir aprofundint en aquestes compet\u00e8ncies clau i consolidar una metodologia innovadora i motivadora per a l\u2019alumnat.<\/p>\n\n\n\n<figure class=\"wp-block-image size-large\"><a href=\"https:\/\/agora.xtec.cat\/escoladeponts\/wp-content\/uploads\/usu860\/2026\/04\/a580bdc8-57e4-40fc-a086-c3d28df5c269-2.jpg\"><img loading=\"lazy\" decoding=\"async\" width=\"1024\" height=\"577\" src=\"https:\/\/agora.xtec.cat\/escoladeponts\/wp-content\/uploads\/usu860\/2026\/04\/a580bdc8-57e4-40fc-a086-c3d28df5c269-2-1024x577.jpg\" alt=\"\" class=\"wp-image-2557\" srcset=\"https:\/\/agora.xtec.cat\/escoladeponts\/wp-content\/uploads\/usu860\/2026\/04\/a580bdc8-57e4-40fc-a086-c3d28df5c269-2-1024x577.jpg 1024w, https:\/\/agora.xtec.cat\/escoladeponts\/wp-content\/uploads\/usu860\/2026\/04\/a580bdc8-57e4-40fc-a086-c3d28df5c269-2-300x169.jpg 300w, https:\/\/agora.xtec.cat\/escoladeponts\/wp-content\/uploads\/usu860\/2026\/04\/a580bdc8-57e4-40fc-a086-c3d28df5c269-2-768x432.jpg 768w, https:\/\/agora.xtec.cat\/escoladeponts\/wp-content\/uploads\/usu860\/2026\/04\/a580bdc8-57e4-40fc-a086-c3d28df5c269-2-1536x865.jpg 1536w, https:\/\/agora.xtec.cat\/escoladeponts\/wp-content\/uploads\/usu860\/2026\/04\/a580bdc8-57e4-40fc-a086-c3d28df5c269-2.jpg 2000w\" sizes=\"auto, (max-width: 1024px) 100vw, 1024px\" \/><\/a><\/figure>\n\n\n\n<figure class=\"wp-block-image size-large\"><a href=\"https:\/\/agora.xtec.cat\/escoladeponts\/wp-content\/uploads\/usu860\/2026\/04\/IMG20251029122356-3-scaled.jpg\"><img loading=\"lazy\" decoding=\"async\" width=\"1024\" height=\"461\" src=\"https:\/\/agora.xtec.cat\/escoladeponts\/wp-content\/uploads\/usu860\/2026\/04\/IMG20251029122356-3-1024x461.jpg\" alt=\"\" class=\"wp-image-2559\" srcset=\"https:\/\/agora.xtec.cat\/escoladeponts\/wp-content\/uploads\/usu860\/2026\/04\/IMG20251029122356-3-1024x461.jpg 1024w, https:\/\/agora.xtec.cat\/escoladeponts\/wp-content\/uploads\/usu860\/2026\/04\/IMG20251029122356-3-300x135.jpg 300w, https:\/\/agora.xtec.cat\/escoladeponts\/wp-content\/uploads\/usu860\/2026\/04\/IMG20251029122356-3-768x345.jpg 768w, https:\/\/agora.xtec.cat\/escoladeponts\/wp-content\/uploads\/usu860\/2026\/04\/IMG20251029122356-3-1536x691.jpg 1536w, https:\/\/agora.xtec.cat\/escoladeponts\/wp-content\/uploads\/usu860\/2026\/04\/IMG20251029122356-3-2048x921.jpg 2048w\" sizes=\"auto, (max-width: 1024px) 100vw, 1024px\" \/><\/a><\/figure>\n\n\n\n<figure class=\"wp-block-gallery has-nested-images columns-default is-cropped wp-block-gallery-1 is-layout-flex wp-block-gallery-is-layout-flex\">\n<figure class=\"wp-block-image size-large\"><a href=\"https:\/\/agora.xtec.cat\/escoladeponts\/wp-content\/uploads\/usu860\/2026\/04\/Captura-de-pantalla-2026-04-16-204630.jpg\"><img loading=\"lazy\" decoding=\"async\" width=\"904\" height=\"665\" data-id=\"2562\" src=\"https:\/\/agora.xtec.cat\/escoladeponts\/wp-content\/uploads\/usu860\/2026\/04\/Captura-de-pantalla-2026-04-16-204630.jpg\" alt=\"\" class=\"wp-image-2562\" srcset=\"https:\/\/agora.xtec.cat\/escoladeponts\/wp-content\/uploads\/usu860\/2026\/04\/Captura-de-pantalla-2026-04-16-204630.jpg 904w, https:\/\/agora.xtec.cat\/escoladeponts\/wp-content\/uploads\/usu860\/2026\/04\/Captura-de-pantalla-2026-04-16-204630-300x221.jpg 300w, https:\/\/agora.xtec.cat\/escoladeponts\/wp-content\/uploads\/usu860\/2026\/04\/Captura-de-pantalla-2026-04-16-204630-768x565.jpg 768w\" sizes=\"auto, (max-width: 904px) 100vw, 904px\" \/><\/a><\/figure>\n<\/figure>\n","protected":false},"excerpt":{"rendered":"<p>Aquest curs, l\u2019alumnat de cicle superior ha participat en el projecte de Pensament Computacional aplicat a les matem\u00e0tiques (PC MAT), en l\u00ednia amb el que estableix el decret actual d\u2019educaci\u00f3. Aquest projecte del departament t\u00e9 com a objectiu desenvolupar habilitats com el raonament l\u00f2gic, la resoluci\u00f3 de problemes i la capacitat d\u2019analitzar situacions complexes mitjan\u00e7ant [&hellip;]<\/p>\n","protected":false},"author":1,"featured_media":0,"parent":0,"menu_order":0,"comment_status":"closed","ping_status":"close","template":"","meta":{"_bbp_topic_count":0,"_bbp_reply_count":0,"_bbp_total_topic_count":0,"_bbp_total_reply_count":0,"_bbp_voice_count":0,"_bbp_anonymous_reply_count":0,"_bbp_topic_count_hidden":0,"_bbp_reply_count_hidden":0,"_bbp_forum_subforum_count":0,"site-sidebar-layout":"default","site-content-layout":"","ast-site-content-layout":"default","site-content-style":"default","site-sidebar-style":"default","ast-global-header-display":"","ast-banner-title-visibility":"","ast-main-header-display":"","ast-hfb-above-header-display":"","ast-hfb-below-header-display":"","ast-hfb-mobile-header-display":"","site-post-title":"","ast-breadcrumbs-content":"","ast-featured-img":"","footer-sml-layout":"","theme-transparent-header-meta":"","adv-header-id-meta":"","stick-header-meta":"","header-above-stick-meta":"","header-main-stick-meta":"","header-below-stick-meta":"","astra-migrate-meta-layouts":"set","ast-page-background-enabled":"default","ast-page-background-meta":{"desktop":{"background-color":"var(--ast-global-color-4)","background-image":"","background-repeat":"repeat","background-position":"center center","background-size":"auto","background-attachment":"scroll","background-type":"","background-media":"","overlay-type":"","overlay-color":"","overlay-opacity":"","overlay-gradient":""},"tablet":{"background-color":"","background-image":"","background-repeat":"repeat","background-position":"center center","background-size":"auto","background-attachment":"scroll","background-type":"","background-media":"","overlay-type":"","overlay-color":"","overlay-opacity":"","overlay-gradient":""},"mobile":{"background-color":"","background-image":"","background-repeat":"repeat","background-position":"center center","background-size":"auto","background-attachment":"scroll","background-type":"","background-media":"","overlay-type":"","overlay-color":"","overlay-opacity":"","overlay-gradient":""}},"ast-content-background-meta":{"desktop":{"background-color":"var(--ast-global-color-5)","background-image":"","background-repeat":"repeat","background-position":"center center","background-size":"auto","background-attachment":"scroll","background-type":"","background-media":"","overlay-type":"","overlay-color":"","overlay-opacity":"","overlay-gradient":""},"tablet":{"background-color":"var(--ast-global-color-5)","background-image":"","background-repeat":"repeat","background-position":"center center","background-size":"auto","background-attachment":"scroll","background-type":"","background-media":"","overlay-type":"","overlay-color":"","overlay-opacity":"","overlay-gradient":""},"mobile":{"background-color":"var(--ast-global-color-5)","background-image":"","background-repeat":"repeat","background-position":"center center","background-size":"auto","background-attachment":"scroll","background-type":"","background-media":"","overlay-type":"","overlay-color":"","overlay-opacity":"","overlay-gradient":""}},"footnotes":""},"class_list":["post-2545","page","type-page","status-publish","hentry"],"post_mailing_queue_ids":[],"_links":{"self":[{"href":"https:\/\/agora.xtec.cat\/escoladeponts\/wp-json\/wp\/v2\/pages\/2545","targetHints":{"allow":["GET"]}}],"collection":[{"href":"https:\/\/agora.xtec.cat\/escoladeponts\/wp-json\/wp\/v2\/pages"}],"about":[{"href":"https:\/\/agora.xtec.cat\/escoladeponts\/wp-json\/wp\/v2\/types\/page"}],"author":[{"embeddable":true,"href":"https:\/\/agora.xtec.cat\/escoladeponts\/wp-json\/wp\/v2\/users\/1"}],"replies":[{"embeddable":true,"href":"https:\/\/agora.xtec.cat\/escoladeponts\/wp-json\/wp\/v2\/comments?post=2545"}],"version-history":[{"count":1,"href":"https:\/\/agora.xtec.cat\/escoladeponts\/wp-json\/wp\/v2\/pages\/2545\/revisions"}],"predecessor-version":[{"id":2563,"href":"https:\/\/agora.xtec.cat\/escoladeponts\/wp-json\/wp\/v2\/pages\/2545\/revisions\/2563"}],"wp:attachment":[{"href":"https:\/\/agora.xtec.cat\/escoladeponts\/wp-json\/wp\/v2\/media?parent=2545"}],"curies":[{"name":"wp","href":"https:\/\/api.w.org\/{rel}","templated":true}]}}