{"id":8739,"date":"2020-10-20T17:26:49","date_gmt":"2020-10-20T15:26:49","guid":{"rendered":"http:\/\/agora.xtec.cat\/escolademusicsijpc\/?page_id=8739"},"modified":"2020-10-20T17:27:53","modified_gmt":"2020-10-20T15:27:53","slug":"musicoterapia-nens","status":"publish","type":"page","link":"https:\/\/agora.xtec.cat\/escolademusicsijpc\/the-musicakal-project\/musicoterapia-nenses\/musicoterapia-nens\/","title":{"rendered":"Musicoter\u00e0pia nens"},"content":{"rendered":"<p><em><img loading=\"lazy\" decoding=\"async\" class=\"alignright wp-image-3550 size-thumbnail\" src=\"https:\/\/agora.xtec.cat\/escolademusicsijpc\/wp-content\/uploads\/usu459\/2014\/06\/musicoterc3a0pianen1-150x125.gif\" alt=\"Musicoter\u00e0pianen\" width=\"150\" height=\"125\" data-attachment-id=\"3550\" data-permalink=\"https:\/\/lescolademusicsijpc.wordpress.com\/projectes-socials\/musicalscoralsmusicoterapia\/musicoterapia-adults\/musicoterapianen-2\/\" data-orig-file=\"https:\/\/lescolademusicsijpc.files.wordpress.com\/2014\/06\/musicoterc3a0pianen1.gif\" data-orig-size=\"200,125\" data-comments-opened=\"1\" data-image-meta=\"{&quot;aperture&quot;:&quot;0&quot;,&quot;credit&quot;:&quot;&quot;,&quot;camera&quot;:&quot;&quot;,&quot;caption&quot;:&quot;&quot;,&quot;created_timestamp&quot;:&quot;0&quot;,&quot;copyright&quot;:&quot;&quot;,&quot;focal_length&quot;:&quot;0&quot;,&quot;iso&quot;:&quot;0&quot;,&quot;shutter_speed&quot;:&quot;0&quot;,&quot;title&quot;:&quot;&quot;}\" data-image-title=\"Musicoter\u00e0pianen\" data-image-description=\"\" data-medium-file=\"https:\/\/lescolademusicsijpc.files.wordpress.com\/2014\/06\/musicoterc3a0pianen1.gif?w=200\" data-large-file=\"https:\/\/lescolademusicsijpc.files.wordpress.com\/2014\/06\/musicoterc3a0pianen1.gif?w=200\" \/>La musicoter\u00e0pia \u00e9s l\u2019\u00fas professional de la m\u00fasica i els seus elements en el context m\u00e8dic, educatiu i quotidi\u00e0 amb individus, grups, fam\u00edlies o comunitats, amb la finalitat d\u2019optimitzar la seva qualitat de vida i millorar la seva salut f\u00edsica, social, comunicativa, emocional i intel\u00b7lectual i el seu benestar.[\u2026]<\/em><\/p>\n<p>Definici\u00f3 de la Federaci\u00f3 Mundial de Musicoter\u00e0pia.<\/p>\n<p>Les sessions de musicoter\u00e0pia estan condu\u00efdes per Rochsane Taghikhani, musicoterapeuta formada en la Universitat de Barcelona i amb estudis en ter\u00e0pia Gestalt amb diversos anys d\u2019experi\u00e8ncia amb nens i adults<strong>.<\/strong><\/p>\n<p>Els\u00a0<strong>objectius\u00a0<\/strong>de la musicoter\u00e0pia s\u00f3n:<\/p>\n<ul>\n<li><strong>Protegir, acollir<\/strong>: Crear un espai \u201csegur\u201d on la persona no se senti pressionada i exigida i pugui desenvolupar una comunicaci\u00f3 sense paraules.<\/li>\n<li><strong>Integrar:<\/strong>\u00a0L\u2019\u00fas de can\u00e7ons descriptives serveix per portar a la consci\u00e8ncia del nen el que fa en aquest moment.<\/li>\n<li><strong>Catalitzar:<\/strong>\u00a0Regular els afectes, expressant emocions a trav\u00e9s de la m\u00fasica de manera que el nen pugui aix\u00ed experimentar la seva for\u00e7a i reduir tensions internes.<\/li>\n<\/ul>\n<p><strong>La musicoter\u00e0pia contribueix a:<\/strong><br \/>\n\u266a Fomentar la percepci\u00f3 sensorial i corporal i les capacitats cognitives.<br \/>\n\u266a Estimular i motivar.<br \/>\n\u266a Fomentar el desenvolupament social i emocional.<br \/>\n\u266a Potenciar les compet\u00e8ncies interpersonals.<br \/>\n\u266a Afavorir l\u2019expressivitat emocional.<br \/>\n\u266a Potenciar l\u2019autoestima i el sentit del jo.<br \/>\n\u266a Millorar l\u2019atenci\u00f3.<br \/>\n\u266a Oferir un canal de comunicaci\u00f3 alternatiu al llenguatge oral.<\/p>\n","protected":false},"excerpt":{"rendered":"<p>La musicoter\u00e0pia \u00e9s l\u2019\u00fas professional de la m\u00fasica i els seus elements en el context m\u00e8dic, educatiu i quotidi\u00e0 amb individus, grups, fam\u00edlies o comunitats, amb la finalitat d\u2019optimitzar la seva qualitat de vida i millorar la seva salut f\u00edsica, social, comunicativa, emocional i intel\u00b7lectual&hellip;  <a href=\"https:\/\/agora.xtec.cat\/escolademusicsijpc\/the-musicakal-project\/musicoterapia-nenses\/musicoterapia-nens\/\" title=\"Read Musicoter\u00e0pia nens\">Llegeix m\u00e9s\u00bb<\/a><\/p>\n","protected":false},"author":3,"featured_media":0,"parent":3541,"menu_order":1,"comment_status":"closed","ping_status":"closed","template":"page-templates\/side-menu.php","meta":{"_bbp_topic_count":0,"_bbp_reply_count":0,"_bbp_total_topic_count":0,"_bbp_total_reply_count":0,"_bbp_voice_count":0,"_bbp_anonymous_reply_count":0,"_bbp_topic_count_hidden":0,"_bbp_reply_count_hidden":0,"_bbp_forum_subforum_count":0,"footnotes":""},"class_list":["post-8739","page","type-page","status-publish","hentry"],"post_mailing_queue_ids":[],"_links":{"self":[{"href":"https:\/\/agora.xtec.cat\/escolademusicsijpc\/wp-json\/wp\/v2\/pages\/8739","targetHints":{"allow":["GET"]}}],"collection":[{"href":"https:\/\/agora.xtec.cat\/escolademusicsijpc\/wp-json\/wp\/v2\/pages"}],"about":[{"href":"https:\/\/agora.xtec.cat\/escolademusicsijpc\/wp-json\/wp\/v2\/types\/page"}],"author":[{"embeddable":true,"href":"https:\/\/agora.xtec.cat\/escolademusicsijpc\/wp-json\/wp\/v2\/users\/3"}],"replies":[{"embeddable":true,"href":"https:\/\/agora.xtec.cat\/escolademusicsijpc\/wp-json\/wp\/v2\/comments?post=8739"}],"version-history":[{"count":3,"href":"https:\/\/agora.xtec.cat\/escolademusicsijpc\/wp-json\/wp\/v2\/pages\/8739\/revisions"}],"predecessor-version":[{"id":8742,"href":"https:\/\/agora.xtec.cat\/escolademusicsijpc\/wp-json\/wp\/v2\/pages\/8739\/revisions\/8742"}],"up":[{"embeddable":true,"href":"https:\/\/agora.xtec.cat\/escolademusicsijpc\/wp-json\/wp\/v2\/pages\/3541"}],"wp:attachment":[{"href":"https:\/\/agora.xtec.cat\/escolademusicsijpc\/wp-json\/wp\/v2\/media?parent=8739"}],"curies":[{"name":"wp","href":"https:\/\/api.w.org\/{rel}","templated":true}]}}