{"id":8681,"date":"2020-10-09T19:08:01","date_gmt":"2020-10-09T17:08:01","guid":{"rendered":"http:\/\/agora.xtec.cat\/escolademusicsijpc\/?page_id=8681"},"modified":"2020-10-20T17:05:52","modified_gmt":"2020-10-20T15:05:52","slug":"arranjaments","status":"publish","type":"page","link":"https:\/\/agora.xtec.cat\/escolademusicsijpc\/organigrama\/arranjaments\/","title":{"rendered":"Arranjaments"},"content":{"rendered":"<header class=\"entry-header\">\n<h1 class=\"page-title\"><span style=\"font-size: 16px; font-weight: normal;\">L\u2019assignatura d\u2019arranjaments \u00e9s la continuaci\u00f3 del nivell professional, on es posa en pr\u00e0ctica tots els continguts apresos durant els anteriors nivells i s\u2019estrenen les obres creades en directe.<\/span><\/h1>\n<\/header>\n<div class=\"entry-content clearfix\">\n<div>\n<h4>PROGRAMACI\u00d3:<\/h4>\n<div>\n<ul>\n<li>Estudiar l\u2019afinaci\u00f3 i tesitura dels intruments<\/li>\n<li>Analitzar arranjaments en partitures i en audicions<\/li>\n<li>Con\u00e8ixer les diferents disposicions dels acords<\/li>\n<li>Con\u00e8ixer les caracter\u00edstiques dels estils de m\u00fasica moderna m\u00e9s importants com el blues, rock, jazz, pop, bossa i samba, funk, reggae, salsa,..,<\/li>\n<li>Veure les diferents maneres d\u2019estructurar i plantejar un arranjament i fer-ne.<\/li>\n<\/ul>\n<p style=\"text-align: center;\"><a href=\"https:\/\/agora.xtec.cat\/escolademusicsijpc\/wp-content\/uploads\/usu459\/2020\/10\/arranj.jpg\"><img loading=\"lazy\" decoding=\"async\" class=\"aligncenter wp-image-8682\" src=\"https:\/\/agora.xtec.cat\/escolademusicsijpc\/wp-content\/uploads\/usu459\/2020\/10\/arranj-1024x785.jpg\" alt=\"\" width=\"783\" height=\"600\" srcset=\"https:\/\/agora.xtec.cat\/escolademusicsijpc\/wp-content\/uploads\/usu459\/2020\/10\/arranj-1024x785.jpg 1024w, https:\/\/agora.xtec.cat\/escolademusicsijpc\/wp-content\/uploads\/usu459\/2020\/10\/arranj-300x230.jpg 300w, https:\/\/agora.xtec.cat\/escolademusicsijpc\/wp-content\/uploads\/usu459\/2020\/10\/arranj-768x589.jpg 768w, https:\/\/agora.xtec.cat\/escolademusicsijpc\/wp-content\/uploads\/usu459\/2020\/10\/arranj.jpg 1080w\" sizes=\"auto, (max-width: 783px) 100vw, 783px\" \/><\/a><\/p>\n<\/div>\n<\/div>\n<div>\n<div><\/div>\n<\/div>\n<\/div>\n","protected":false},"excerpt":{"rendered":"<p>L\u2019assignatura d\u2019arranjaments \u00e9s la continuaci\u00f3 del nivell professional, on es posa en pr\u00e0ctica tots els continguts apresos durant els anteriors nivells i s\u2019estrenen les obres creades en directe.<\/p>\n<p>PROGRAMACI\u00d3:<\/p>\n<ul>\n<li>Estudiar l\u2019afinaci\u00f3 i tesitura dels intruments<\/li>\n<li>Analitzar arranjaments en partitures i en audicions<\/li>\n<li>Con\u00e8ixer les diferents disposicions dels acords<\/li>\n<li>Con\u00e8ixer les&hellip;  <a href=\"https:\/\/agora.xtec.cat\/escolademusicsijpc\/organigrama\/arranjaments\/\" title=\"Read Arranjaments\">Llegeix m\u00e9s\u00bb<\/a><br \/>\n","protected":false},"author":3,"featured_media":0,"parent":46,"menu_order":4,"comment_status":"closed","ping_status":"closed","template":"page-templates\/side-menu.php","meta":{"_bbp_topic_count":0,"_bbp_reply_count":0,"_bbp_total_topic_count":0,"_bbp_total_reply_count":0,"_bbp_voice_count":0,"_bbp_anonymous_reply_count":0,"_bbp_topic_count_hidden":0,"_bbp_reply_count_hidden":0,"_bbp_forum_subforum_count":0,"footnotes":""},"class_list":["post-8681","page","type-page","status-publish","hentry"],"post_mailing_queue_ids":[],"_links":{"self":[{"href":"https:\/\/agora.xtec.cat\/escolademusicsijpc\/wp-json\/wp\/v2\/pages\/8681","targetHints":{"allow":["GET"]}}],"collection":[{"href":"https:\/\/agora.xtec.cat\/escolademusicsijpc\/wp-json\/wp\/v2\/pages"}],"about":[{"href":"https:\/\/agora.xtec.cat\/escolademusicsijpc\/wp-json\/wp\/v2\/types\/page"}],"author":[{"embeddable":true,"href":"https:\/\/agora.xtec.cat\/escolademusicsijpc\/wp-json\/wp\/v2\/users\/3"}],"replies":[{"embeddable":true,"href":"https:\/\/agora.xtec.cat\/escolademusicsijpc\/wp-json\/wp\/v2\/comments?post=8681"}],"version-history":[{"count":3,"href":"https:\/\/agora.xtec.cat\/escolademusicsijpc\/wp-json\/wp\/v2\/pages\/8681\/revisions"}],"predecessor-version":[{"id":8686,"href":"https:\/\/agora.xtec.cat\/escolademusicsijpc\/wp-json\/wp\/v2\/pages\/8681\/revisions\/8686"}],"up":[{"embeddable":true,"href":"https:\/\/agora.xtec.cat\/escolademusicsijpc\/wp-json\/wp\/v2\/pages\/46"}],"wp:attachment":[{"href":"https:\/\/agora.xtec.cat\/escolademusicsijpc\/wp-json\/wp\/v2\/media?parent=8681"}],"curies":[{"name":"wp","href":"https:\/\/api.w.org\/{rel}","templated":true}]}}