{"id":7540,"date":"2019-03-21T17:41:04","date_gmt":"2019-03-21T16:41:04","guid":{"rendered":"http:\/\/agora.xtec.cat\/escolademusicsijpc\/?page_id=7540"},"modified":"2025-05-06T17:16:44","modified_gmt":"2025-05-06T15:16:44","slug":"preinscripcio-2019-2020","status":"publish","type":"page","link":"https:\/\/agora.xtec.cat\/escolademusicsijpc\/pagines-dinici\/pagina-dinici-buida\/preinscripcio-2019-2020\/","title":{"rendered":"Preinscripcions 2025\/26"},"content":{"rendered":"<h4 class=\"has-text-align-center has-white-color has-vivid-red-background-color has-text-color has-background has-link-color wp-elements-6d2b98295ea297564d6439b9172996c5\"><span style=\"color: #ffffff;\"><strong>DESCOMPTES DEL 5 AL 18 DE MAIG<\/strong><\/span><\/h4>\n<p>Com cada curs es far\u00e0 mitjan\u00e7ant el programa GWIDO.<\/p>\n<figure class=\"wp-block-image\"><img decoding=\"async\" src=\"https:\/\/lh7-rt.googleusercontent.com\/docsz\/AD_4nXcDpE6Aw8gWwYAx95CMfJOnBr8n616iQEGca_55bpP_PnfsXjN2rdvDHwMbH-UnsjGbeinKrG9wts1WyNeidSpJUexogq9Yx6VCdoe5eRoehC5ewm5OweIMP5EL3J2_A5mFukQK_g?key=3JHoi1En7AYBT4vLORO66Tn4\" alt=\"\" \/><\/figure>\n<p>Si alg\u00fa t\u00e9 algun problema per accedir ens ho dieu i us enviarem un enlla\u00e7 per fer-la o podeu venir personalment a fer-la a secretaria.<\/p>\n<p>Us fem arribar la normativa, dies i horaris de\u00a0preinscripci\u00f3\u00a0i matriculaci\u00f3 perqu\u00e8 penseu quines assignatures i quines disponibilitats hor\u00e0ries voldreu fer el curs\u00a02025-26.<\/p>\n<h4 class=\"has-text-align-center has-white-color has-vivid-red-background-color has-text-color has-background has-link-color wp-elements-aaf2834ee42eaf36d77a8d3b543f8811\"><span style=\"color: #ffffff;\"><strong>PREINSCRIPCIONS\u00a0CURS\u00a02025-26\u00a0<\/strong><\/span><\/h4>\n<p>Criteris a l\u2019hora de fer els horaris<\/p>\n<p>1.\u00a0\u00a0\u00a0\u00a0\u00a0\u00a0Tindran prefer\u00e8ncia els alumnes que facin el programa oficial.<\/p>\n<ol>\n<li style=\"list-style-type: none;\">\n<ol style=\"list-style-type: lower-alpha;\">\n<li>Classes Grupals:\u00a0\u00a0Tindran prefer\u00e8ncia tots aquells antics alumnes que es prescriguin en el programa oficial i es tancaran els grups per estricte ordre d\u2019arribada.<\/li>\n<li>Classes individuals: Tindran prefer\u00e8ncia tots aquells antics alumnes que es prescriguin en el programa oficial i els horaris es confeccionaran segons l\u2019edat de cada alumne (els petits m\u00e9s aviat i els grans m\u00e9s tard).<\/li>\n<\/ol>\n<\/li>\n<\/ol>\n<p>2.\u00a0\u00a0\u00a0\u00a0\u00a0\u00a0Tindran prefer\u00e8ncia hor\u00e0ria tots aquells alumnes que es matriculin abans del 18 de maig.<\/p>\n<p>3.\u00a0\u00a0\u00a0\u00a0\u00a0\u00a0Germans.<\/p>\n<p>4.\u00a0\u00a0\u00a0\u00a0\u00a0\u00a0Antiguitat a l\u2019escola.<\/p>\n<p>Els alumnes que tinguin mensualitats pendents de pagament hauran d\u2019abonar-les abans de fer la\u00a0preinscripci\u00f3.<\/p>\n<h4 class=\"has-text-align-center has-white-color has-vivid-red-background-color has-text-color has-background has-link-color wp-elements-30f88c7694279dfcc3b1d25dd02d361c\"><span style=\"color: #ffffff;\"><strong>Preus\u00a0preinscripci\u00f3 per alumne<\/strong><\/span><\/h4>\n<figure class=\"wp-block-table\">\n<table class=\"has-fixed-layout\">\n<tbody>\n<tr>\n<td>Programa oficial (No s\u2019inclou Ravals, Musicals\u2019 Choir, cors externs)<\/td>\n<td>Programa lliure (amb alguna assignatura grupal)<\/td>\n<td>Programa lliure( sense assignatura grupal)<\/td>\n<\/tr>\n<tr>\n<td>70\u20ac<\/td>\n<td>80\u20ac<\/td>\n<td>100\u20ac<\/td>\n<\/tr>\n<\/tbody>\n<\/table>\n<\/figure>\n<p>25% Descompte als familiars directes<\/p>\n<p>Descomptes\u00a0preinscripci\u00f3\u00a0del 5 al 18 de maig.<\/p>\n<p>50%\u00a0\u2013\u00a0Alumnes que s\u2019apuntin a l\u2019orquestra de guitarres i de cordes elemental.<\/p>\n<p>40%\u00a0\u2013\u00a0Alumnes que estan cursant\u00a0 programa oficial.<\/p>\n<p>30%\u00a0\u2013\u00a0Alumnes del programa lliure (amb assignatura de grup)<\/p>\n<p>20%\u00a0\u2013\u00a0Alumnes del programa lliure (sense assignatura de grup)<\/p>\n<h4><span style=\"color: #333333;\"><strong>Confirmaci\u00f3 d\u2019horaris i matriculaci\u00f3:<\/strong><\/span><\/h4>\n<p>2 de juny :\u00a0alumnes preinscrits en el programa oficial.<\/p>\n<p>9 de juny:\u00a0alumnes preinscrits en el programa lliure.<\/p>\n<p>IMPORTANT! Canviar d\u2019un programa a un inferior implica abonar la difer\u00e8ncia del preu de la matr\u00edcula.<\/p>\n<p>Tots aquells alumnes que no confirmin els horaris de la\u00a0preinscripci\u00f3\u00a0i no signin la matr\u00edcula en el termini marcat, perdran els horaris assignats.<\/p>\n<p>L\u2019escola disposar\u00e0 d\u2019aquests horaris per fer canvis o per\u00a0prescriure\u00a0nous alumnes.<\/p>\n<p>L\u2019Escola aconsella seguir la programaci\u00f3 oficial que us adjuntem a continuaci\u00f3, i que s\u2019acreditar\u00e0 amb els seg\u00fcents diplomes:<\/p>\n<h4 class=\"has-text-align-center has-white-color has-vivid-red-background-color has-text-color has-background has-link-color wp-elements-6e482a3b51e3cb695944f2e583024c14\"><span style=\"color: #ffffff;\"><strong>Diploma acreditatiu de nivell elemental<\/strong><\/span><\/h4>\n<p>Assignatures m\u00ednimes que s\u2019han de cursar per l\u2019obtenci\u00f3 del diploma:<\/p>\n<p>6 cursos d\u2019instrument<\/p>\n<p>6 cursos de llenguatge musical<\/p>\n<p>4 cursos: de grup instrumental o d\u2019orquestra<\/p>\n<p>Diploma acreditatiu de nivell professional (mitj\u00e0)<\/p>\n<h4 class=\"has-text-align-center has-white-color has-vivid-red-background-color has-text-color has-background has-link-color wp-elements-6bc21a9d76106d18c13d3092abad5788\"><span style=\"color: #ffffff;\"><strong>Assignatures m\u00ednimes que s\u2019han de cursar per l\u2019obtenci\u00f3 del diploma<\/strong><\/span><\/h4>\n<p>6 cursos d\u2019instrument<\/p>\n<p>4 cursos de Llenguatge musical + 4 cursos d\u2019harmonia<\/p>\n<p>2 cursos de dictat i harmonia aplicada a l\u2019an\u00e0lisi, l\u2019audici\u00f3 i la hist\u00f2ria de la m\u00fasica,\u00a0\u00a0 o d\u2019arranjaments i harmonia moderna<\/p>\n<p>6 cursos de cant coral, grup instrumental o orquestra.<\/p>\n<p>6 cursos de segon instrument<\/p>\n<p>Volem remarcar que aquesta programaci\u00f3 no \u00e9s obligat\u00f2ria. Malgrat tot, l\u2019escola considera que \u00e9s la millor opci\u00f3 \u00a0per aprendre b\u00e9 la m\u00fasica i tenir un bon nivell, si en el futur es vol cursar estudis superiors de m\u00fasica.<\/p>\n<p>L\u2019Escola dona l\u2019opci\u00f3 de seguir el projecte curricular per mitj\u00e0 d\u2019un programa lliure.<\/p>\n<p>L\u2019Escola es caracteritza per la seva flexibilitat, adaptant al m\u00e0xim possible la seva<\/p>\n<p>programaci\u00f3 curricular a les caracter\u00edstiques i necessitats particulars de cada alumne.<\/p>\n<h4 class=\"has-text-align-center has-white-color has-vivid-red-background-color has-text-color has-background has-link-color wp-elements-01bc0d97523ea2e2514ce735c3e98610\"><span style=\"color: #ffffff;\"><strong>Adjuntem llistat d\u2019assignatures i horaris que es poden cursar<\/strong><\/span><\/h4>\n<figure class=\"wp-block-image\"><img decoding=\"async\" src=\"https:\/\/lh7-rt.googleusercontent.com\/docsz\/AD_4nXcgbzklHjQpVwu0N-3Mh39HuzV1X30wcxX7LlcCCOyYHXVZ51IM2aOtuX4xsSPm8d3zk9_ULfBERZb1V2pk4Ev40SqjH13HvZBxy6brUbbDh-3gMcc0CSQ6AI3CfC95xQH-hNAeXw?key=3JHoi1En7AYBT4vLORO66Tn4\" alt=\"\" \/><\/figure>\n<p>Si teniu dubtes de com fer la\u00a0preinscripci\u00f3\u00a0o a quines assignatures matricular-vos, us podeu posar en contacte amb el professor\/a d\u2019instrument (tutor), amb secretaria o concretar una reuni\u00f3 individual amb direcci\u00f3.<\/p>\n<p>Tamb\u00e9 teniu l\u2019opci\u00f3 d\u2019assistir a les reunions informatives que farem el:<\/p>\n<p>Dissabte 10 de maig a la Roda d\u2019instruments de 10:00 a 11:30 Escola Mil\u00e0 i Fontanals.<\/p>\n<p>Us demanem que confirmeu l\u2019assist\u00e8ncia enviant un correu electr\u00f2nic a\u00a0<a href=\"http:\/\/escolademusics@gmail.com\/\">escolademusics@gmail.com<\/a><\/p>\n<p>Per a qualsevol dubte, ens podeu trobar en els horaris habituals de secretaria:<\/p>\n<p>C\/ Carme 15-17<\/p>\n<p>Matins: de dilluns a divendres de 10 a 14 h<\/p>\n","protected":false},"excerpt":{"rendered":"<p>DESCOMPTES DEL 5 AL 18 DE MAIG<br \/>\nCom cada curs es far\u00e0 mitjan\u00e7ant el programa GWIDO.<\/p>\n<p>Si alg\u00fa t\u00e9 algun problema per accedir ens ho dieu i us enviarem un enlla\u00e7 per fer-la o podeu venir personalment a fer-la a secretaria.<br \/>\nUs fem arribar la normativa, dies i&hellip;  <a href=\"https:\/\/agora.xtec.cat\/escolademusicsijpc\/pagines-dinici\/pagina-dinici-buida\/preinscripcio-2019-2020\/\" title=\"Read Preinscripcions 2025\/26\">Llegeix m\u00e9s\u00bb<\/a><\/p>\n","protected":false},"author":3,"featured_media":0,"parent":9,"menu_order":5,"comment_status":"closed","ping_status":"closed","template":"page-templates\/side-menu.php","meta":{"_bbp_topic_count":0,"_bbp_reply_count":0,"_bbp_total_topic_count":0,"_bbp_total_reply_count":0,"_bbp_voice_count":0,"_bbp_anonymous_reply_count":0,"_bbp_topic_count_hidden":0,"_bbp_reply_count_hidden":0,"_bbp_forum_subforum_count":0,"footnotes":""},"class_list":["post-7540","page","type-page","status-publish","hentry"],"post_mailing_queue_ids":[],"_links":{"self":[{"href":"https:\/\/agora.xtec.cat\/escolademusicsijpc\/wp-json\/wp\/v2\/pages\/7540","targetHints":{"allow":["GET"]}}],"collection":[{"href":"https:\/\/agora.xtec.cat\/escolademusicsijpc\/wp-json\/wp\/v2\/pages"}],"about":[{"href":"https:\/\/agora.xtec.cat\/escolademusicsijpc\/wp-json\/wp\/v2\/types\/page"}],"author":[{"embeddable":true,"href":"https:\/\/agora.xtec.cat\/escolademusicsijpc\/wp-json\/wp\/v2\/users\/3"}],"replies":[{"embeddable":true,"href":"https:\/\/agora.xtec.cat\/escolademusicsijpc\/wp-json\/wp\/v2\/comments?post=7540"}],"version-history":[{"count":6,"href":"https:\/\/agora.xtec.cat\/escolademusicsijpc\/wp-json\/wp\/v2\/pages\/7540\/revisions"}],"predecessor-version":[{"id":10215,"href":"https:\/\/agora.xtec.cat\/escolademusicsijpc\/wp-json\/wp\/v2\/pages\/7540\/revisions\/10215"}],"up":[{"embeddable":true,"href":"https:\/\/agora.xtec.cat\/escolademusicsijpc\/wp-json\/wp\/v2\/pages\/9"}],"wp:attachment":[{"href":"https:\/\/agora.xtec.cat\/escolademusicsijpc\/wp-json\/wp\/v2\/media?parent=7540"}],"curies":[{"name":"wp","href":"https:\/\/api.w.org\/{rel}","templated":true}]}}