{"id":7527,"date":"2019-03-20T17:43:10","date_gmt":"2019-03-20T16:43:10","guid":{"rendered":"http:\/\/agora.xtec.cat\/escolademusicsijpc\/?page_id=7527"},"modified":"2020-10-09T19:05:16","modified_gmt":"2020-10-09T17:05:16","slug":"nivell-professional-llenguatge-musical-harmonia-instrument-12-a-18","status":"publish","type":"page","link":"https:\/\/agora.xtec.cat\/escolademusicsijpc\/organigrama\/nivell-professional-llenguatge-musical-harmonia-instrument-12-a-18\/","title":{"rendered":"Nivell Professional llenguatge musical\/harmonia\/instrument (12 a 18)"},"content":{"rendered":"<ul>\n<li style=\"font-weight: 400;\"><span style=\"font-weight: 400;\">Aprenentatge dels continguts del llenguatge musical de nivell mitj\u00e0 amb una orientaci\u00f3 definitiva cap a la m\u00fasica cl\u00e0ssica o moderna. <\/span><\/li>\n<li style=\"font-weight: 400;\"><span style=\"font-weight: 400;\">Harmonia i contrapunt, an\u00e0lisis, audici\u00f3, hist\u00f2ria de m\u00fasica i dictat.<\/span><span style=\"font-weight: 400;\"><br \/>\n<\/span><\/li>\n<li style=\"font-weight: 400;\"><span style=\"font-weight: 400;\">Aprenentage dels continguts d\u2019instrument de nivell mitj\u00e0.<\/span><span style=\"font-weight: 400;\"><br \/>\n<\/span><\/li>\n<li style=\"font-weight: 400;\"><span style=\"font-weight: 400;\">Participaci\u00f3 en petits grups instrumentals de cambra, orquestra o combo<\/span><\/li>\n<li style=\"font-weight: 400;\"><span style=\"font-weight: 400;\">Participaci\u00f3 activa a les audicions i concerts.<\/span><\/li>\n<li style=\"font-weight: 400;\">Optativament es fa un segon instrument.<\/li>\n<\/ul>\n<p><a href=\"https:\/\/agora.xtec.cat\/escolademusicsijpc\/wp-content\/uploads\/usu459\/2020\/10\/4-nivell-professional-instrument.jpg\"><img loading=\"lazy\" decoding=\"async\" class=\"aligncenter wp-image-8679 size-full\" src=\"https:\/\/agora.xtec.cat\/escolademusicsijpc\/wp-content\/uploads\/usu459\/2020\/10\/4-nivell-professional-instrument.jpg\" alt=\"\" width=\"600\" height=\"412\" srcset=\"https:\/\/agora.xtec.cat\/escolademusicsijpc\/wp-content\/uploads\/usu459\/2020\/10\/4-nivell-professional-instrument.jpg 600w, https:\/\/agora.xtec.cat\/escolademusicsijpc\/wp-content\/uploads\/usu459\/2020\/10\/4-nivell-professional-instrument-300x206.jpg 300w\" sizes=\"auto, (max-width: 600px) 100vw, 600px\" \/><\/a><\/p>\n","protected":false},"excerpt":{"rendered":"<ul>\n<li style=\"font-weight: 400;\">Aprenentatge dels continguts del llenguatge musical de nivell mitj\u00e0 amb una orientaci\u00f3 definitiva cap a la m\u00fasica cl\u00e0ssica o moderna. <\/li>\n<li style=\"font-weight: 400;\">Harmonia i contrapunt, an\u00e0lisis, audici\u00f3, hist\u00f2ria de m\u00fasica i dictat.\n<\/li>\n<li style=\"font-weight: 400;\">Aprenentage dels continguts d\u2019instrument de nivell mitj\u00e0.\n<\/li>\n<li style=\"font-weight: 400;\">Participaci\u00f3 en&hellip;  <a href=\"https:\/\/agora.xtec.cat\/escolademusicsijpc\/organigrama\/nivell-professional-llenguatge-musical-harmonia-instrument-12-a-18\/\" title=\"Read Nivell Professional llenguatge musical\/harmonia\/instrument (12 a 18)\">Llegeix m\u00e9s\u00bb<\/a><br \/>\n","protected":false},"author":3,"featured_media":0,"parent":46,"menu_order":3,"comment_status":"closed","ping_status":"closed","template":"page-templates\/side-menu.php","meta":{"_bbp_topic_count":0,"_bbp_reply_count":0,"_bbp_total_topic_count":0,"_bbp_total_reply_count":0,"_bbp_voice_count":0,"_bbp_anonymous_reply_count":0,"_bbp_topic_count_hidden":0,"_bbp_reply_count_hidden":0,"_bbp_forum_subforum_count":0,"footnotes":""},"class_list":["post-7527","page","type-page","status-publish","hentry"],"post_mailing_queue_ids":[],"_links":{"self":[{"href":"https:\/\/agora.xtec.cat\/escolademusicsijpc\/wp-json\/wp\/v2\/pages\/7527","targetHints":{"allow":["GET"]}}],"collection":[{"href":"https:\/\/agora.xtec.cat\/escolademusicsijpc\/wp-json\/wp\/v2\/pages"}],"about":[{"href":"https:\/\/agora.xtec.cat\/escolademusicsijpc\/wp-json\/wp\/v2\/types\/page"}],"author":[{"embeddable":true,"href":"https:\/\/agora.xtec.cat\/escolademusicsijpc\/wp-json\/wp\/v2\/users\/3"}],"replies":[{"embeddable":true,"href":"https:\/\/agora.xtec.cat\/escolademusicsijpc\/wp-json\/wp\/v2\/comments?post=7527"}],"version-history":[{"count":3,"href":"https:\/\/agora.xtec.cat\/escolademusicsijpc\/wp-json\/wp\/v2\/pages\/7527\/revisions"}],"predecessor-version":[{"id":8680,"href":"https:\/\/agora.xtec.cat\/escolademusicsijpc\/wp-json\/wp\/v2\/pages\/7527\/revisions\/8680"}],"up":[{"embeddable":true,"href":"https:\/\/agora.xtec.cat\/escolademusicsijpc\/wp-json\/wp\/v2\/pages\/46"}],"wp:attachment":[{"href":"https:\/\/agora.xtec.cat\/escolademusicsijpc\/wp-json\/wp\/v2\/media?parent=7527"}],"curies":[{"name":"wp","href":"https:\/\/api.w.org\/{rel}","templated":true}]}}