{"id":7507,"date":"2019-03-20T17:26:02","date_gmt":"2019-03-20T16:26:02","guid":{"rendered":"http:\/\/agora.xtec.cat\/escolademusicsijpc\/?page_id=7507"},"modified":"2020-10-09T19:02:26","modified_gmt":"2020-10-09T17:02:26","slug":"nivell-elemental-llenguatge-musical-instrument-6-a-11-anys","status":"publish","type":"page","link":"https:\/\/agora.xtec.cat\/escolademusicsijpc\/organigrama\/nivell-elemental-llenguatge-musical-instrument-6-a-11-anys\/","title":{"rendered":"Nivell Elemental llenguatge musical\/instrument (6 a 11 anys)"},"content":{"rendered":"<ul>\n<li style=\"font-weight: 400;\"><span style=\"font-weight: 400;\">Aprenentatge dels continguts del llenguatge musical de nivell elemental amb una orientaci\u00f3 com\u00fa de la m\u00fasica cl\u00e0ssica i moderna.<\/span><\/li>\n<li style=\"font-weight: 400;\"><span style=\"font-weight: 400;\">Aprenentatge dels continguts d\u2019instrument de nivell elemental.<\/span><\/li>\n<li style=\"font-weight: 400;\"><span style=\"font-weight: 400;\">Participaci\u00f3 en petits grups instrumentals de cambra, orquestra o combo.<\/span><\/li>\n<li style=\"font-weight: 400;\">Participaci\u00f3 en audicions i concerts.<\/li>\n<li style=\"font-weight: 400;\">Per completar de el cicle \u00e9s necessari realitzar cant coral.<\/li>\n<\/ul>\n<p><a href=\"https:\/\/agora.xtec.cat\/escolademusicsijpc\/wp-content\/uploads\/usu459\/2020\/10\/3-nivell-elemental-llenguatge.jpg\"><img loading=\"lazy\" decoding=\"async\" class=\"aligncenter wp-image-8677 size-full\" src=\"https:\/\/agora.xtec.cat\/escolademusicsijpc\/wp-content\/uploads\/usu459\/2020\/10\/3-nivell-elemental-llenguatge.jpg\" alt=\"\" width=\"600\" height=\"358\" srcset=\"https:\/\/agora.xtec.cat\/escolademusicsijpc\/wp-content\/uploads\/usu459\/2020\/10\/3-nivell-elemental-llenguatge.jpg 600w, https:\/\/agora.xtec.cat\/escolademusicsijpc\/wp-content\/uploads\/usu459\/2020\/10\/3-nivell-elemental-llenguatge-300x179.jpg 300w\" sizes=\"auto, (max-width: 600px) 100vw, 600px\" \/><\/a><\/p>\n","protected":false},"excerpt":{"rendered":"<ul>\n<li style=\"font-weight: 400;\">Aprenentatge dels continguts del llenguatge musical de nivell elemental amb una orientaci\u00f3 com\u00fa de la m\u00fasica cl\u00e0ssica i moderna.<\/li>\n<li style=\"font-weight: 400;\">Aprenentatge dels continguts d\u2019instrument de nivell elemental.<\/li>\n<li style=\"font-weight: 400;\">Participaci\u00f3 en petits grups instrumentals de cambra, orquestra o combo.<\/li>\n<li style=\"font-weight: 400;\">Participaci\u00f3 en audicions i&hellip;  <a href=\"https:\/\/agora.xtec.cat\/escolademusicsijpc\/organigrama\/nivell-elemental-llenguatge-musical-instrument-6-a-11-anys\/\" title=\"Read Nivell Elemental llenguatge musical\/instrument (6 a 11 anys)\">Llegeix m\u00e9s\u00bb<\/a><br \/>\n","protected":false},"author":3,"featured_media":0,"parent":46,"menu_order":2,"comment_status":"closed","ping_status":"closed","template":"page-templates\/side-menu.php","meta":{"_bbp_topic_count":0,"_bbp_reply_count":0,"_bbp_total_topic_count":0,"_bbp_total_reply_count":0,"_bbp_voice_count":0,"_bbp_anonymous_reply_count":0,"_bbp_topic_count_hidden":0,"_bbp_reply_count_hidden":0,"_bbp_forum_subforum_count":0,"footnotes":""},"class_list":["post-7507","page","type-page","status-publish","hentry"],"post_mailing_queue_ids":[],"_links":{"self":[{"href":"https:\/\/agora.xtec.cat\/escolademusicsijpc\/wp-json\/wp\/v2\/pages\/7507","targetHints":{"allow":["GET"]}}],"collection":[{"href":"https:\/\/agora.xtec.cat\/escolademusicsijpc\/wp-json\/wp\/v2\/pages"}],"about":[{"href":"https:\/\/agora.xtec.cat\/escolademusicsijpc\/wp-json\/wp\/v2\/types\/page"}],"author":[{"embeddable":true,"href":"https:\/\/agora.xtec.cat\/escolademusicsijpc\/wp-json\/wp\/v2\/users\/3"}],"replies":[{"embeddable":true,"href":"https:\/\/agora.xtec.cat\/escolademusicsijpc\/wp-json\/wp\/v2\/comments?post=7507"}],"version-history":[{"count":3,"href":"https:\/\/agora.xtec.cat\/escolademusicsijpc\/wp-json\/wp\/v2\/pages\/7507\/revisions"}],"predecessor-version":[{"id":8678,"href":"https:\/\/agora.xtec.cat\/escolademusicsijpc\/wp-json\/wp\/v2\/pages\/7507\/revisions\/8678"}],"up":[{"embeddable":true,"href":"https:\/\/agora.xtec.cat\/escolademusicsijpc\/wp-json\/wp\/v2\/pages\/46"}],"wp:attachment":[{"href":"https:\/\/agora.xtec.cat\/escolademusicsijpc\/wp-json\/wp\/v2\/media?parent=7507"}],"curies":[{"name":"wp","href":"https:\/\/api.w.org\/{rel}","templated":true}]}}