{"id":266,"date":"2009-11-04T19:25:46","date_gmt":"2009-11-04T18:25:46","guid":{"rendered":"http:\/\/escolademusicsjpc.wordpress.com\/?page_id=107"},"modified":"2023-01-25T17:56:13","modified_gmt":"2023-01-25T16:56:13","slug":"qui-som-4","status":"publish","type":"page","link":"https:\/\/agora.xtec.cat\/escolademusicsijpc\/pagines-dinici\/pagina-dinici-buida\/qui-som-4\/","title":{"rendered":"Qui som\/contacte"},"content":{"rendered":"<div id=\"Layer6\">\n<div>\n<h4 class=\"entry-title\">Curs de nivell professional de m\u00fasica a l\u2019Escola de M\u00fasics i JPC<\/h4>\n<p><strong>L\u2019excel\u00b7l\u00e8ncia com a pedra angular.<\/strong><\/p>\n<p>Les escoles de m\u00fasica formen part de l\u2019oferta cultural de Barcelona des de fa molts anys, havent-hi un gran nombre de centres de gran prestigi dedicats a transmetre coneixements en aquest \u00e0mbit i a oferir classes a persones de diverses edats i nivells. Per\u00f2 dins d\u2019aquest gran ventall de centres, l\u2019Escola de M\u00fasica i JPC del Raval ja va n\u00e9ixer amb criteris i caracter\u00edstiques pr\u00f2pies des de la seva fundaci\u00f3 l\u2019any 1992, formant part del Taller de M\u00fasics, i posteriorment, evolucionant fins a tenir entitat pr\u00f2pia en el Petit Taller Filarm\u00f2nic.<\/p>\n<p>Des de llavors, ja com Escola de M\u00fasics i sota la direcci\u00f3 de Jordi Farr\u00e9s Xirinacs i el seu comprom\u00eds amb una educaci\u00f3 musical de qualitat, s\u2019ha convertit en un centre de refer\u00e8ncia a la ciutat gr\u00e0cies als seus valors d\u2019excel\u00b7l\u00e8ncia, comprom\u00eds amb la cultura musical de Barcelona i respecte als seus professors. A m\u00e9s, \u00e9s una de les poques escoles de m\u00fasica que ofereix als alumnes classes individuals en totes les \u00e0rees: piano, guitarra, instruments de vent, cant o altres disciplines com a corda i percussi\u00f3.<\/p>\n<p><strong>El pas definitiu per a aconseguir un nivell professional.<\/strong><\/p>\n<p>D\u2019aquesta manera, l\u2019Escola de M\u00fasics i JPC de Barcelona s\u2019ha convertit en un gran referent de l\u2019educaci\u00f3 musical. Ofereix un entorn per a l\u2019aprenentatge de diferents estils musicals amb professors de qualitat, la majoria m\u00fasics en actiu, i imparteix classes orientades al desenvolupament de l\u2019experimentaci\u00f3 t\u00e8cnica i la creativitat. Aix\u00f2 la converteix en un lloc ideal perqu\u00e8 els apassionats de la m\u00fasica aprenguin de professionals experimentats i expressin la seva creativitat al mateix temps que es mantenen al dia.<\/p>\n<p>Com a resultat, s\u2019ha convertit en una de les escoles de m\u00fasica m\u00e9s importants de la ciutat i \u00e9s considerada per molts com la pedra angular de l\u2019educaci\u00f3 musical a Barcelona. Totes aquestes caracter\u00edstiques fan de l\u2019Escola de M\u00fasics i JPC de Barcelona un centre imprescindible per a tot aquell que vulgui aprendre, gaudir i millorar els seus coneixements en l\u2019\u00e0mbit musical. \u00c9s un lloc ple de possibilitats i oportunitats per a satisfer tant a principiants com a professionals.<\/p>\n<p>Precisament, un dels punts clarament diferencials que ofereix, s\u00f3n els seus Cursos de Nivell Professional per a aquells estudiants que no es conformen que la m\u00fasica sigui nom\u00e9s una part m\u00e9s de la seva vida o una afici\u00f3, sin\u00f3 que volen fer un salt de qualitat definitiu i aconseguir l\u2019excel\u00b7l\u00e8ncia. Des d\u2019una perspectiva global, l\u2019Escola de M\u00fasics i JPC de Barcelona \u00e9s el lloc perfecte per a fer-ho. Ofereix cursos que abasten una \u00e0mplia varietat d\u2019instruments i disciplines amb diferents nivells, aix\u00ed com masterclasses i tallers impartits per alguns dels millors m\u00fasics del sector.<\/p>\n<p><strong>Complint expectatives.<\/strong><\/p>\n<p>En definitiva, L\u2019Escola de M\u00fasics i JPC de Barcelona s\u2019esfor\u00e7a cada dia i posa tot el necessari per a ser un dels millors llocs per al perfeccionament musical si vols portar les teves habilitats al seg\u00fcent nivell i convertir-te en un m\u00fasic professional. Amb m\u00e9s de vint-i-cinc anys d\u2019experi\u00e8ncia en l\u2019ensenyament, instal\u00b7lacions de qualitat, excel\u00b7lents professors i cursos realment especialitzats, aquesta escola de m\u00fasica de Barcelona t\u00e9 tot el que necessites per a fer que les teves expectatives es converteixin en realitat. El primer pas \u00e9s que et posis en contacte amb nosaltres exposant-nos les teves fites perqu\u00e8 puguem orientar-te i explicar-te com podem ajudar-te a aconseguir-les. A qu\u00e8 sona b\u00e9?<\/p>\n<p><img loading=\"lazy\" decoding=\"async\" class=\"aligncenter\" src=\"https:\/\/lescolademusicsijpc.files.wordpress.com\/2023\/01\/nivell-professional-de-musica-jpc.jpg?w=840\" alt=\"\" width=\"839\" height=\"556\" \/><\/p>\n<\/div>\n<div><\/div>\n<div><strong>L<\/strong><strong>Escola de M\u00fasica JPC<\/strong><\/div>\n<div>De dilluns a divendres de 10h a 21h c\/del Carme n\u00ba15-17<\/div>\n<div>Telf.93 301 07 18<\/div>\n<div>08001 Barcelona<\/div>\n<div><\/div>\n<div>De dilluns a divendres de 16h\u00a0a 21h al c\/Riera Alta 10<\/div>\n<div>\n<div>Telf.93 441 00 31<\/div>\n<div>08001 Barcelona<\/div>\n<div><\/div>\n<\/div>\n<div><\/div>\n<div>\n<div><a href=\"mailto:escolademusics@gmail.com\">escolademusics<span class=\"atwho-query\">@gmail.com<\/span><\/a><\/div>\n<div><a href=\"https:\/\/lescolademusicsijpc.wordpress.com\/\">https:\/\/lescolademusicsijpc.wordpress.com\/<\/a><\/div>\n<div><\/div>\n<\/div>\n<div><\/div>\n<\/div>\n<p><iframe loading=\"lazy\" src=\"https:\/\/www.google.com\/maps\/embed?pb=!1m30!1m8!1m3!1d11974.634867905168!2d2.168198!3d41.381499!3m2!1i1024!2i768!4f13.1!4m19!3e2!4m5!1s0x12a4a25ffa9eb53b%3A0xadd0b178d728c6ca!2sCarrer+de+la+Riera+Alta%2C+43%2C+08001+Barcelona%2C+Espa%C3%B1a!3m2!1d41.3803637!2d2.1652673!4m5!1s0x12a4a25f81702fe3%3A0x1115fc5bf26e7c5f!2sCarrer+de+la+Riera+Alta%2C+10%2C+08001+Barcelona%2C+Espa%C3%B1a!3m2!1d41.3805982!2d2.1669179!4m5!1s0x12a4a2f669da0aef%3A0x9f7c4800947c9d16!2sCarrer+del+Carme%2C+15%2C+08001+Barcelona%2C+Espa%C3%B1a!3m2!1d41.382334!2d2.1709117!5e0!3m2!1ses!2sus!4v1512480667665\" width=\"600\" height=\"450\" frameborder=\"0\"><\/iframe><\/p>\n","protected":false},"excerpt":{"rendered":"<p>Curs de nivell professional de m\u00fasica a l\u2019Escola de M\u00fasics i JPC<br \/>\nL\u2019excel\u00b7l\u00e8ncia com a pedra angular.<br \/>\nLes escoles de m\u00fasica formen part de l\u2019oferta cultural de Barcelona des de fa molts anys, havent-hi un gran nombre de centres de gran prestigi dedicats a transmetre coneixements en&hellip;  <a href=\"https:\/\/agora.xtec.cat\/escolademusicsijpc\/pagines-dinici\/pagina-dinici-buida\/qui-som-4\/\" title=\"Read Qui som\/contacte\">Llegeix m\u00e9s\u00bb<\/a><\/p>\n","protected":false},"author":1,"featured_media":0,"parent":9,"menu_order":1,"comment_status":"open","ping_status":"closed","template":"page-templates\/side-menu.php","meta":{"_bbp_topic_count":0,"_bbp_reply_count":0,"_bbp_total_topic_count":0,"_bbp_total_reply_count":0,"_bbp_voice_count":0,"_bbp_anonymous_reply_count":0,"_bbp_topic_count_hidden":0,"_bbp_reply_count_hidden":0,"_bbp_forum_subforum_count":0,"footnotes":""},"class_list":["post-266","page","type-page","status-publish","hentry"],"post_mailing_queue_ids":[],"_links":{"self":[{"href":"https:\/\/agora.xtec.cat\/escolademusicsijpc\/wp-json\/wp\/v2\/pages\/266","targetHints":{"allow":["GET"]}}],"collection":[{"href":"https:\/\/agora.xtec.cat\/escolademusicsijpc\/wp-json\/wp\/v2\/pages"}],"about":[{"href":"https:\/\/agora.xtec.cat\/escolademusicsijpc\/wp-json\/wp\/v2\/types\/page"}],"author":[{"embeddable":true,"href":"https:\/\/agora.xtec.cat\/escolademusicsijpc\/wp-json\/wp\/v2\/users\/1"}],"replies":[{"embeddable":true,"href":"https:\/\/agora.xtec.cat\/escolademusicsijpc\/wp-json\/wp\/v2\/comments?post=266"}],"version-history":[{"count":3,"href":"https:\/\/agora.xtec.cat\/escolademusicsijpc\/wp-json\/wp\/v2\/pages\/266\/revisions"}],"predecessor-version":[{"id":9424,"href":"https:\/\/agora.xtec.cat\/escolademusicsijpc\/wp-json\/wp\/v2\/pages\/266\/revisions\/9424"}],"up":[{"embeddable":true,"href":"https:\/\/agora.xtec.cat\/escolademusicsijpc\/wp-json\/wp\/v2\/pages\/9"}],"wp:attachment":[{"href":"https:\/\/agora.xtec.cat\/escolademusicsijpc\/wp-json\/wp\/v2\/media?parent=266"}],"curies":[{"name":"wp","href":"https:\/\/api.w.org\/{rel}","templated":true}]}}