{"id":779,"date":"2018-11-30T11:26:57","date_gmt":"2018-11-30T10:26:57","guid":{"rendered":"http:\/\/agora.xtec.cat\/escolademaspujols\/?page_id=779"},"modified":"2026-03-17T12:52:41","modified_gmt":"2026-03-17T11:52:41","slug":"informacio-afa","status":"publish","type":"page","link":"https:\/\/agora.xtec.cat\/escolademaspujols\/informacio-afa\/","title":{"rendered":"Informaci\u00f3 AFA"},"content":{"rendered":"<p><a href=\"https:\/\/agora.xtec.cat\/escolademaspujols\/wp-content\/uploads\/usu1408\/2026\/03\/WhatsApp-Image-2026-03-17-at-12.48.29.jpeg\"><img loading=\"lazy\" decoding=\"async\" class=\"wp-image-2377 aligncenter\" src=\"https:\/\/agora.xtec.cat\/escolademaspujols\/wp-content\/uploads\/usu1408\/2026\/03\/WhatsApp-Image-2026-03-17-at-12.48.29.jpeg\" alt=\"\" width=\"158\" height=\"255\" srcset=\"https:\/\/agora.xtec.cat\/escolademaspujols\/wp-content\/uploads\/usu1408\/2026\/03\/WhatsApp-Image-2026-03-17-at-12.48.29.jpeg 397w, https:\/\/agora.xtec.cat\/escolademaspujols\/wp-content\/uploads\/usu1408\/2026\/03\/WhatsApp-Image-2026-03-17-at-12.48.29-186x300.jpeg 186w\" sizes=\"auto, (max-width: 158px) 100vw, 158px\" \/><\/a><\/p>\n<p><span style=\"font-weight: 400;\">Benvinguts a aquest espai on hi podreu trobar informaci\u00f3 de l\u2019Associaci\u00f3 de \u00a0Fam\u00edlies de l\u2019escola.<\/span><\/p>\n<p><span style=\"font-weight: 400;\">AFA s\u00f3n les sigles d\u2019Associaci\u00f3 de Fam\u00edlies \u00a0d\u2019Alumnes. La junta directiva n\u2019\u00e9s la responsable i \u00e9s la que coordina les diverses activitats.<\/span><\/p>\n<p><span style=\"font-weight: 400;\">Som persones que dediquem part del nostre temps lliure en organitzar activitats que beneficien el conjunt d\u2019alumnes de l\u2019escola.<\/span><\/p>\n<p><span style=\"font-weight: 400;\"><strong>Email:<\/strong> ampamaspujols@gmail.com\u00a0<\/span><\/p>\n<p><span style=\"font-weight: 400;\">Podeu contactar amb nosaltres mitjan\u00e7ant aquesta adre\u00e7a de correu electr\u00f2nic o b\u00e9 durant les entrades i sortides dels infants.<\/span><\/p>\n<p><span style=\"font-weight: 400;\">Ser soci de l\u2019AFA no implica nom\u00e9s una q\u00fcesti\u00f3 econ\u00f2mica (gratu\u00eftat d\u2019activitats, descomptes, etc.) o pr\u00e0ctica (acc\u00e9s als serveis de venda de roba, llibres, extraescolars o acollida de mat\u00ed), sin\u00f3 tamb\u00e9, i sobretot, que com a col\u00b7lectiu tinguem una <\/span><b>representaci\u00f3 activa dins la comunitat educativa i una implicaci\u00f3 m\u00e9s profitosa en el proc\u00e9s educatiu dels nostres fills\/es<\/b><span style=\"font-weight: 400;\">.<\/span><\/p>\n<p><span style=\"font-weight: 400;\">Com m\u00e9s socis siguem, m\u00e9s representarem la globalitat de les fam\u00edlies de l\u2019escola. L\u2019 AFA \u00e9s el millor marc per poder representar i debatre la diversitat de les idees de pares i mares.<\/span><\/p>\n<p><span style=\"font-weight: 400;\">La Junta de l\u2019AFA actualment est\u00e0 formada per una presidenta, una sotspresidenta, una secretaria, una tresorera i una vocal. Tal com marquen els estatuts la junta es va renovant cada dos anys. <\/span><\/p>\n<p><span style=\"font-weight: 400;\">En aquest per\u00edode est\u00e0 formada per:<\/span><\/p>\n<p dir=\"ltr\">\u00a0\u00a0\u00a0\u00a0\u00a0\u00a0\u00a0\u00a0\u00a0\u00a0\u00a0\u00a0\u00a0\u00a0\u00a0\u00a0\u00a0\u00a0\u00a0 <span style=\"color: #008000;\"><strong>PRESIDENTA:<\/strong><\/span> Marina Llaurad\u00f3 P\u00e9rez<\/p>\n<p dir=\"ltr\">. \u00a0 \u00a0 \u00a0 \u00a0 \u00a0\u00a0 \u00a0\u00a0\u00a0 \u00a0\u00a0 <span style=\"color: #008000;\"><strong>TRESORERIA:<\/strong><\/span> Iv\u00e1n Garcia Sierra<\/p>\n<p dir=\"ltr\">\u00a0\u00a0\u00a0\u00a0\u00a0\u00a0\u00a0\u00a0\u00a0\u00a0\u00a0\u00a0\u00a0\u00a0\u00a0\u00a0\u00a0\u00a0\u00a0\u00a0<span style=\"color: #008000;\"><strong>SECRETARIA:<\/strong> <\/span>\u00cdngrid Casas Ruiz<\/p>\n<p dir=\"ltr\">\u00a0\u00a0\u00a0\u00a0\u00a0\u00a0\u00a0\u00a0\u00a0\u00a0\u00a0\u00a0\u00a0\u00a0\u00a0\u00a0\u00a0\u00a0\u00a0\u00a0<span style=\"color: #008000;\"><strong>VOCAL:<\/strong><\/span> Elisa Ar\u00e9valo Vilanova<\/p>\n<p dir=\"ltr\">\u00a0\u00a0\u00a0\u00a0\u00a0\u00a0\u00a0\u00a0\u00a0\u00a0\u00a0\u00a0 \u00a0\u00a0\u00a0\u00a0\u00a0\u00a0<span style=\"color: #008000;\"> <strong>VOCAL:<\/strong><\/span> Elena Aguil\u00f3 Figueras<\/p>\n<p dir=\"ltr\">\u00a0\u00a0\u00a0\u00a0\u00a0\u00a0\u00a0\u00a0\u00a0\u00a0\u00a0\u00a0\u00a0\u00a0\u00a0\u00a0\u00a0\u00a0\u00a0 <strong><span style=\"color: #008000;\">VOCAL:<\/span><\/strong> Laura Granado Pa\u00f1ellas<\/p>\n<p dir=\"ltr\">\u00a0\u00a0\u00a0\u00a0\u00a0\u00a0\u00a0\u00a0\u00a0\u00a0\u00a0\u00a0\u00a0\u00a0\u00a0\u00a0\u00a0\u00a0\u00a0 <strong><span style=\"color: #008000;\">VOCAL:<\/span><\/strong> Gemma Gir\u00f3 Cunillera<\/p>\n<p dir=\"ltr\"><strong><span style=\"color: #008000;\">\u00a0 \u00a0 \u00a0 \u00a0 \u00a0 \u00a0 \u00a0 \u00a0 \u00a0 \u00a0 VOCAL:<\/span><\/strong> Judith Vilar\u00f3 Viladoms<\/p>\n<p><span style=\"font-weight: 400;\">Els estatuts estan a disposici\u00f3 de totes les fam\u00edlies que necessitin consultar-los.<\/span><\/p>\n<p><b>QU\u00c8 FA?<\/b><\/p>\n<ul>\n<li style=\"font-weight: 400;\"><span style=\"font-weight: 400;\">Representa les mares i els pares dins i fora de la Comunitat Educativa, canalitzant les iniciatives i suggeriments que se li aporten.<\/span><\/li>\n<li style=\"font-weight: 400;\"><span style=\"font-weight: 400;\">Participa en les activitats socials i culturals organitzades a nivell municipal que puguin ser d\u2019inter\u00e8s per a l\u2019Escola (Projecte La Bona Brossa, Sant Jordi, Olimp\u00edades Escolars\u2026)<\/span><\/li>\n<li style=\"font-weight: 400;\"><span style=\"font-weight: 400;\">Forma part del Consell Escolar.<\/span><\/li>\n<li style=\"font-weight: 400;\"><span style=\"font-weight: 400;\">Organitza les activitats extraescolars i el servei d\u2019acollida matinal.<\/span><\/li>\n<li style=\"font-weight: 400;\"><span style=\"font-weight: 400;\">Col\u00b7labora en festes i actes culturals de l\u2019Escola, (la castanyada, el carnaval, Sant Jordi\u2026).<\/span><\/li>\n<li style=\"font-weight: 400;\"><span style=\"font-weight: 400;\">Organitza la festa de fi de curs i el comiat dels alumnes de 6\u00e8.<\/span><\/li>\n<li style=\"font-weight: 400;\"><span style=\"font-weight: 400;\">Compra materials i\/o equipaments per l\u2019escola.<\/span><\/li>\n<li style=\"font-weight: 400;\"><span style=\"font-weight: 400;\">Col\u00b7labora en el finan\u00e7ament de les col\u00f2nies dels alumnes de l\u2019escola durant els cursos en qu\u00e8 es realitzen.<\/span><\/li>\n<li style=\"font-weight: 400;\"><span style=\"font-weight: 400;\">Gestiona i financia l\u2019elaboraci\u00f3 del calendari anual amb les fotografies de tots els alumnes de l\u2019escola i els llibres de comiat pels alumnes de 6\u00e8.<\/span><\/li>\n<li style=\"font-weight: 400;\"><span style=\"font-weight: 400;\">Gestiona i financia formaci\u00f3 per al claustre de mestres de l\u2019escola.<\/span><\/li>\n<li style=\"font-weight: 400;\"><span style=\"font-weight: 400;\">Col\u00b7labora amb altres AMIPA d\u2019altres Escoles.<\/span><\/li>\n<li style=\"font-weight: 400;\"><span style=\"font-weight: 400;\">Ofereix i financia servei de canguratge durant les xerrades a fam\u00edlies.<\/span><\/li>\n<li style=\"font-weight: 400;\"><span style=\"font-weight: 400;\">I molt m\u00e9s\u2026<\/span><\/li>\n<\/ul>\n<p><b>COM ES FINANCIA?<\/b><\/p>\n<ul>\n<li style=\"font-weight: 400;\"><span style=\"font-weight: 400;\">Amb les quotes de socis de l\u2019AFA.<\/span><\/li>\n<li style=\"font-weight: 400;\"><span style=\"font-weight: 400;\">Amb subvencions.<\/span><\/li>\n<li style=\"font-weight: 400;\"><span style=\"font-weight: 400;\">Amb donacions i col\u00b7laboracions puntuals (venda de llibres per Sant Jordi, berenars Ampatitzat\u2026)<\/span><\/li>\n<li style=\"font-weight: 400;\"><span style=\"font-weight: 400;\">Amb les quotes de les activitats que organitza (acollida, extraescolars\u2026)<\/span><\/li>\n<\/ul>\n<p><b>ACOLLIDA<\/b><\/p>\n<p><b>Descripci\u00f3 del servei:<\/b><\/p>\n<p><span style=\"font-weight: 400;\">Va adre\u00e7at a aquelles fam\u00edlies que per diferents motius es troben en la necessitat de portar els seus fills\/es a l\u2019escola abans de l\u2019inici d\u2019aquesta.<\/span><\/p>\n<p><b>Concessionari del servei:<\/b><\/p>\n<p><span style=\"font-weight: 400;\">Aquest servei l\u2019organitza l\u2019AFA . L\u2019empresa de serveis de lleure en el nostre cas \u00e9s Cuina i Gesti\u00f3.<\/span><\/p>\n<p><b>Objectius:<\/b><\/p>\n<ul>\n<li style=\"font-weight: 400;\"><span style=\"font-weight: 400;\">Oferir als nens i nenes un espai agradable i enriquidor mentre esperen l\u2019inici de la jornada escolar.<\/span><\/li>\n<li style=\"font-weight: 400;\"><span style=\"font-weight: 400;\">Proporcionar recursos l\u00fadics per a fer aquesta estona m\u00e9s amena.<\/span><\/li>\n<li style=\"font-weight: 400;\"><span style=\"font-weight: 400;\">Fomentar un ambient agradable i dist\u00e8s entre els participants.<\/span><\/li>\n<li style=\"font-weight: 400;\"><span style=\"font-weight: 400;\">Estimular una actitud positiva davant un nou dia.<\/span><\/li>\n<li style=\"font-weight: 400;\"><span style=\"font-weight: 400;\">Oferir que els infants puguin esmorzar abans de l\u2019inicia de les classes.<\/span><\/li>\n<\/ul>\n<p><b>Funcionament:<\/b><\/p>\n<p><span style=\"font-weight: 400;\">Aquest servei \u00e9s un temps de benvinguda i una estona de conviv\u00e8ncia abans de l\u2019inici de la jornada escolar. Per fer que aquest temps sigui el m\u00e0xim d\u2019entranyable dividirem el menjador en tres espais diferents, un per a esmorzar, un per estudiar i\/o fer deures els alumnes m\u00e9s grans i un altre per a jugar als jocs de taula, llegir contes o pintar amb els materials que hi ha al menjador.<\/span><\/p>\n<p><b>Durada:<\/b><\/p>\n<p><span style=\"font-weight: 400;\">D\u2019acord amb el calendari escolar de l\u2019alumnat.<\/span><\/p>\n<p><b>Horari:<\/b><\/p>\n<p><span style=\"font-weight: 400;\">De 7:30 a 9 h del mat\u00ed. . <\/span><\/p>\n<p><b>Intoler\u00e0ncies i al\u00b7l\u00e8rgies:<\/b><\/p>\n<p><span style=\"font-weight: 400;\">Les intoler\u00e0ncies i al\u00b7l\u00e8rgies s\u2019han de comunicar a la Coordinadora Interna del menjador (fulls espec\u00edfics donats per l\u2019empresa que gestiona el servei)<\/span><\/p>\n<p><b>Cost del servei:<\/b><\/p>\n<p><span style=\"font-weight: 400;\">SOCI AFA FIX MENSUAL: <\/span> <span style=\"font-weight: 400;\">25\u20ac 1 alumne<\/span><\/p>\n<p><span style=\"font-weight: 400;\">45\u20ac 2 o m\u00e9s germans<\/span><\/p>\n<p><span style=\"font-weight: 400;\">SOCI AFA ESPOR\u00c0DIC: 2,5\u20ac diaris<\/span><\/p>\n<p><span style=\"font-weight: 400;\">NO SOCI AFA FIX MENSUAL: <\/span> <span style=\"font-weight: 400;\">30\u20ac 1 alumne<\/span><\/p>\n<p><span style=\"font-weight: 400;\">55\u20ac 2 o m\u00e9s germans<\/span><\/p>\n<p><span style=\"font-weight: 400;\">NO SOCI ESPOR\u00c0DIC: 3\u20ac diaris<\/span><\/p>\n<p><b>EXTRAESCOLARS<\/b><\/p>\n<p><span style=\"font-weight: 400;\">L\u2019oferta d\u2019activitats extraescolars <\/span><b>\u00e9s gestionada per l\u2019Associaci\u00f3 de fam\u00edlies de l\u2019escola.<\/b><\/p>\n<p><span style=\"font-weight: 400;\">La voluntat \u00e9s ofertar un servei complementari que sigui global, per al desenvolupament dels infants i que comprengui una amplia tipologia d\u2019activitats, alhora que ajudar en la conciliaci\u00f3 de la vida laboral i familiar.<\/span><\/p>\n<p><span style=\"font-weight: 400;\">Per poder fer la inscripci\u00f3 cal omplir el formulari google: un per alumne i per activitat. Si l\u2019alumne s\u2019inscriu a m\u00e9s d\u2019una activitat heu d\u2019emplenar un formulari nou per cada activitat que faci.<\/span><\/p>\n<p><b>MENJADOR<\/b><\/p>\n<p><span style=\"font-weight: 400;\">El Consell Comarcal del Baix Camp \u00e9s qui gestiona l\u2019oferta del servei del menjador escolar d\u2019en\u00e7\u00e0 que es va implementar a l\u2019escola. Aquesta entitat va adjudicar-ho mitjan\u00e7ant concurs de serveis a l\u2019empresa Cuina i Gesti\u00f3. Actualment queden dos anys de contracte amb aquesta empresa.<\/span><\/p>\n<p><b>L\u2019horari del menjador \u00e9s de 12.30 a 15h pels alumnes d&#8217;I3, I4 i I5 i de 13h a 15h pels alumnes de prim\u00e0ria.<\/b><\/p>\n<p><span style=\"font-weight: 400;\">Durant el per\u00edode de jornada continuada i jornades en les que el centre finalitza la seva activitat a les 12.30, l\u2019horari del menjador finalitza a les 15h de la tarda. <\/span><\/p>\n<p><span style=\"font-weight: 400;\">El men\u00fa es facilita cada mes als alumnes fixes.<\/span><\/p>\n<p><span style=\"font-weight: 400;\">En cas de necessitar fer alguna consulta puntual sobre el dia a dia del menjador (dietes, no assist\u00e8ncia, servei\u2026), adreceu-vos a la coordinadora del centre (Neus Ruiz) cada dia de 9.00 a 9.30h <\/span><\/p>\n<p><span style=\"font-weight: 400;\">En cas de dubte sobre el funcionament general del menjador, suggeriments de millora, queixes que es detectin durant l\u2019estona de dinar o amb les activitats que es realitzen durant l\u2019espai de descans\u2026, adreceu-vos a l\u2019e-mail de l\u2019AFA: <\/span><\/p>\n<p><strong>ampamaspujols@gmail.com<\/strong><\/p>\n","protected":false},"excerpt":{"rendered":"<p>Benvinguts a aquest espai on hi podreu trobar informaci\u00f3 de l\u2019Associaci\u00f3 de \u00a0Fam\u00edlies de l\u2019escola. AFA s\u00f3n les sigles d\u2019Associaci\u00f3 de Fam\u00edlies \u00a0d\u2019Alumnes. La junta directiva n\u2019\u00e9s la responsable i \u00e9s la que coordina les diverses activitats. Som persones que dediquem part del nostre temps lliure en organitzar activitats que beneficien el conjunt d\u2019alumnes de [&hellip;]<\/p>\n","protected":false},"author":1,"featured_media":0,"parent":0,"menu_order":0,"comment_status":"closed","ping_status":"closed","template":"","meta":{"_bbp_topic_count":0,"_bbp_reply_count":0,"_bbp_total_topic_count":0,"_bbp_total_reply_count":0,"_bbp_voice_count":0,"_bbp_anonymous_reply_count":0,"_bbp_topic_count_hidden":0,"_bbp_reply_count_hidden":0,"_bbp_forum_subforum_count":0,"site-sidebar-layout":"default","site-content-layout":"","ast-site-content-layout":"default","site-content-style":"default","site-sidebar-style":"default","ast-global-header-display":"","ast-banner-title-visibility":"","ast-main-header-display":"","ast-hfb-above-header-display":"","ast-hfb-below-header-display":"","ast-hfb-mobile-header-display":"","site-post-title":"","ast-breadcrumbs-content":"","ast-featured-img":"","footer-sml-layout":"","theme-transparent-header-meta":"","adv-header-id-meta":"","stick-header-meta":"","header-above-stick-meta":"","header-main-stick-meta":"","header-below-stick-meta":"","astra-migrate-meta-layouts":"set","ast-page-background-enabled":"default","ast-page-background-meta":{"desktop":{"background-color":"var(--ast-global-color-4)","background-image":"","background-repeat":"repeat","background-position":"center center","background-size":"auto","background-attachment":"scroll","background-type":"","background-media":"","overlay-type":"","overlay-color":"","overlay-opacity":"","overlay-gradient":""},"tablet":{"background-color":"","background-image":"","background-repeat":"repeat","background-position":"center center","background-size":"auto","background-attachment":"scroll","background-type":"","background-media":"","overlay-type":"","overlay-color":"","overlay-opacity":"","overlay-gradient":""},"mobile":{"background-color":"","background-image":"","background-repeat":"repeat","background-position":"center center","background-size":"auto","background-attachment":"scroll","background-type":"","background-media":"","overlay-type":"","overlay-color":"","overlay-opacity":"","overlay-gradient":""}},"ast-content-background-meta":{"desktop":{"background-color":"var(--ast-global-color-5)","background-image":"","background-repeat":"repeat","background-position":"center center","background-size":"auto","background-attachment":"scroll","background-type":"","background-media":"","overlay-type":"","overlay-color":"","overlay-opacity":"","overlay-gradient":""},"tablet":{"background-color":"var(--ast-global-color-5)","background-image":"","background-repeat":"repeat","background-position":"center center","background-size":"auto","background-attachment":"scroll","background-type":"","background-media":"","overlay-type":"","overlay-color":"","overlay-opacity":"","overlay-gradient":""},"mobile":{"background-color":"var(--ast-global-color-5)","background-image":"","background-repeat":"repeat","background-position":"center center","background-size":"auto","background-attachment":"scroll","background-type":"","background-media":"","overlay-type":"","overlay-color":"","overlay-opacity":"","overlay-gradient":""}},"footnotes":""},"class_list":["post-779","page","type-page","status-publish","hentry"],"post_mailing_queue_ids":[],"_links":{"self":[{"href":"https:\/\/agora.xtec.cat\/escolademaspujols\/wp-json\/wp\/v2\/pages\/779","targetHints":{"allow":["GET"]}}],"collection":[{"href":"https:\/\/agora.xtec.cat\/escolademaspujols\/wp-json\/wp\/v2\/pages"}],"about":[{"href":"https:\/\/agora.xtec.cat\/escolademaspujols\/wp-json\/wp\/v2\/types\/page"}],"author":[{"embeddable":true,"href":"https:\/\/agora.xtec.cat\/escolademaspujols\/wp-json\/wp\/v2\/users\/1"}],"replies":[{"embeddable":true,"href":"https:\/\/agora.xtec.cat\/escolademaspujols\/wp-json\/wp\/v2\/comments?post=779"}],"version-history":[{"count":6,"href":"https:\/\/agora.xtec.cat\/escolademaspujols\/wp-json\/wp\/v2\/pages\/779\/revisions"}],"predecessor-version":[{"id":2378,"href":"https:\/\/agora.xtec.cat\/escolademaspujols\/wp-json\/wp\/v2\/pages\/779\/revisions\/2378"}],"wp:attachment":[{"href":"https:\/\/agora.xtec.cat\/escolademaspujols\/wp-json\/wp\/v2\/media?parent=779"}],"curies":[{"name":"wp","href":"https:\/\/api.w.org\/{rel}","templated":true}]}}