{"id":66,"date":"2014-09-18T12:40:47","date_gmt":"2014-09-18T11:40:47","guid":{"rendered":"http:\/\/agora.xtec.cat\/escolademaspujols\/?page_id=66"},"modified":"2026-04-09T13:28:45","modified_gmt":"2026-04-09T11:28:45","slug":"serveis","status":"publish","type":"page","link":"https:\/\/agora.xtec.cat\/escolademaspujols\/serveis\/","title":{"rendered":"Serveis"},"content":{"rendered":"<h2 data-path-to-node=\"6,0\">Els serveis de la nostra escola<\/h2>\n<p data-path-to-node=\"6,1\">A l&#8217;escola treballem per oferir una atenci\u00f3 integral al nostre alumnat i facilitar la conciliaci\u00f3 familiar. A continuaci\u00f3 us detallem els serveis dels quals disposem:<\/p>\n<h3 data-path-to-node=\"6,2\">\ud83c\udf7d\ufe0f Menjador i Acollida<\/h3>\n<ul data-path-to-node=\"6,3\">\n<li>\n<p data-path-to-node=\"6,3,0,0\"><b data-path-to-node=\"6,3,0,0\" data-index-in-node=\"0\">Servei d&#8217;acollida<\/b><\/p>\n<\/li>\n<li>\n<p data-path-to-node=\"6,3,1,0\"><b data-path-to-node=\"6,3,1,0\" data-index-in-node=\"0\">Menjador escolar<\/b><\/p>\n<\/li>\n<\/ul>\n<h3 data-path-to-node=\"6,4\">\ud83c\udfa8 Activitats Extraescolars<\/h3>\n<p data-path-to-node=\"6,5\">Quan s&#8217;acaba l&#8217;horari lectiu, l&#8217;escola continua viva! Oferim un ventall d&#8217;activitats extraescolars pensades per desenvolupar diferents habilitats (esportives, art\u00edstiques, idiomes&#8230;) en un entorn conegut i de confian\u00e7a.<\/p>\n<h3 data-path-to-node=\"6,6\">\ud83d\udcbb Entorn Digital i Comunicaci\u00f3<\/h3>\n<p data-path-to-node=\"6,7\">Apostem per la integraci\u00f3 de les noves tecnologies per facilitar l&#8217;aprenentatge i la comunicaci\u00f3 amb les fam\u00edlies:<\/p>\n<ul data-path-to-node=\"6,8\">\n<li>\n<p data-path-to-node=\"6,8,0,0\"><b data-path-to-node=\"6,8,0,0\" data-index-in-node=\"0\">ClassDojo<\/b><\/p>\n<\/li>\n<li>\n<p data-path-to-node=\"6,8,1,0\"><b data-path-to-node=\"6,8,1,0\" data-index-in-node=\"0\">Google for Education:<\/b> \u00a0Utilitzem eines com Google Classroom i Drive.<\/p>\n<\/li>\n<\/ul>\n\n\n<p><\/p>\n","protected":false},"excerpt":{"rendered":"<p>Els serveis de la nostra escola A l&#8217;escola treballem per oferir una atenci\u00f3 integral al nostre alumnat i facilitar la conciliaci\u00f3 familiar. A continuaci\u00f3 us detallem els serveis dels quals disposem: \ud83c\udf7d\ufe0f Menjador i Acollida Servei d&#8217;acollida Menjador escolar \ud83c\udfa8 Activitats Extraescolars Quan s&#8217;acaba l&#8217;horari lectiu, l&#8217;escola continua viva! Oferim un ventall d&#8217;activitats extraescolars pensades [&hellip;]<\/p>\n","protected":false},"author":1,"featured_media":0,"parent":0,"menu_order":0,"comment_status":"closed","ping_status":"closed","template":"","meta":{"_bbp_topic_count":0,"_bbp_reply_count":0,"_bbp_total_topic_count":0,"_bbp_total_reply_count":0,"_bbp_voice_count":0,"_bbp_anonymous_reply_count":0,"_bbp_topic_count_hidden":0,"_bbp_reply_count_hidden":0,"_bbp_forum_subforum_count":0,"site-sidebar-layout":"default","site-content-layout":"","ast-site-content-layout":"default","site-content-style":"default","site-sidebar-style":"default","ast-global-header-display":"","ast-banner-title-visibility":"","ast-main-header-display":"","ast-hfb-above-header-display":"","ast-hfb-below-header-display":"","ast-hfb-mobile-header-display":"","site-post-title":"","ast-breadcrumbs-content":"","ast-featured-img":"","footer-sml-layout":"","theme-transparent-header-meta":"","adv-header-id-meta":"","stick-header-meta":"","header-above-stick-meta":"","header-main-stick-meta":"","header-below-stick-meta":"","astra-migrate-meta-layouts":"set","ast-page-background-enabled":"default","ast-page-background-meta":{"desktop":{"background-color":"var(--ast-global-color-4)","background-image":"","background-repeat":"repeat","background-position":"center center","background-size":"auto","background-attachment":"scroll","background-type":"","background-media":"","overlay-type":"","overlay-color":"","overlay-opacity":"","overlay-gradient":""},"tablet":{"background-color":"","background-image":"","background-repeat":"repeat","background-position":"center center","background-size":"auto","background-attachment":"scroll","background-type":"","background-media":"","overlay-type":"","overlay-color":"","overlay-opacity":"","overlay-gradient":""},"mobile":{"background-color":"","background-image":"","background-repeat":"repeat","background-position":"center center","background-size":"auto","background-attachment":"scroll","background-type":"","background-media":"","overlay-type":"","overlay-color":"","overlay-opacity":"","overlay-gradient":""}},"ast-content-background-meta":{"desktop":{"background-color":"var(--ast-global-color-5)","background-image":"","background-repeat":"repeat","background-position":"center center","background-size":"auto","background-attachment":"scroll","background-type":"","background-media":"","overlay-type":"","overlay-color":"","overlay-opacity":"","overlay-gradient":""},"tablet":{"background-color":"var(--ast-global-color-5)","background-image":"","background-repeat":"repeat","background-position":"center center","background-size":"auto","background-attachment":"scroll","background-type":"","background-media":"","overlay-type":"","overlay-color":"","overlay-opacity":"","overlay-gradient":""},"mobile":{"background-color":"var(--ast-global-color-5)","background-image":"","background-repeat":"repeat","background-position":"center center","background-size":"auto","background-attachment":"scroll","background-type":"","background-media":"","overlay-type":"","overlay-color":"","overlay-opacity":"","overlay-gradient":""}},"footnotes":""},"class_list":["post-66","page","type-page","status-publish","hentry"],"post_mailing_queue_ids":[],"_links":{"self":[{"href":"https:\/\/agora.xtec.cat\/escolademaspujols\/wp-json\/wp\/v2\/pages\/66","targetHints":{"allow":["GET"]}}],"collection":[{"href":"https:\/\/agora.xtec.cat\/escolademaspujols\/wp-json\/wp\/v2\/pages"}],"about":[{"href":"https:\/\/agora.xtec.cat\/escolademaspujols\/wp-json\/wp\/v2\/types\/page"}],"author":[{"embeddable":true,"href":"https:\/\/agora.xtec.cat\/escolademaspujols\/wp-json\/wp\/v2\/users\/1"}],"replies":[{"embeddable":true,"href":"https:\/\/agora.xtec.cat\/escolademaspujols\/wp-json\/wp\/v2\/comments?post=66"}],"version-history":[{"count":4,"href":"https:\/\/agora.xtec.cat\/escolademaspujols\/wp-json\/wp\/v2\/pages\/66\/revisions"}],"predecessor-version":[{"id":2440,"href":"https:\/\/agora.xtec.cat\/escolademaspujols\/wp-json\/wp\/v2\/pages\/66\/revisions\/2440"}],"wp:attachment":[{"href":"https:\/\/agora.xtec.cat\/escolademaspujols\/wp-json\/wp\/v2\/media?parent=66"}],"curies":[{"name":"wp","href":"https:\/\/api.w.org\/{rel}","templated":true}]}}