{"id":34,"date":"2014-09-18T12:32:18","date_gmt":"2014-09-18T11:32:18","guid":{"rendered":"http:\/\/agora.xtec.cat\/escolademaspujols\/?page_id=34"},"modified":"2026-03-13T13:38:31","modified_gmt":"2026-03-13T12:38:31","slug":"oferta-educativa","status":"publish","type":"page","link":"https:\/\/agora.xtec.cat\/escolademaspujols\/lescola\/oferta-educativa\/","title":{"rendered":"Oferta educativa"},"content":{"rendered":"<p data-path-to-node=\"5\">A l&#8217;Escola de Maspujols oferim una educaci\u00f3 p\u00fablica on l&#8217;infant \u00e9s el centre. Gr\u00e0cies a ser una escola d&#8217;una sola l\u00ednia, gaudim d&#8217;una r\u00e0tio privilegiada que ens permet oferir un seguiment personalitzat i una pres\u00e8ncia activa al costat de cada infant. El nostre projecte es fonamenta en tres grans pilars: <b data-path-to-node=\"5\" data-index-in-node=\"305\">l&#8217;estima, la proximitat i l&#8217;acompanyament<\/b>.<\/p>\n<h4 data-path-to-node=\"6\"><b data-path-to-node=\"6\" data-index-in-node=\"0\">Com aprenem?<\/b><\/h4>\n<p data-path-to-node=\"7\">Fomentem el gust per aprendre i la curiositat, amb l&#8217;objectiu de formar infants aut\u00f2noms i competents per al futur:<\/p>\n<ul data-path-to-node=\"8\">\n<li>\n<p data-path-to-node=\"8,0,0\"><b data-path-to-node=\"8,0,0\" data-index-in-node=\"0\">A l&#8217;etapa d&#8217;Infantil:<\/b> Cuidem al detall la familiaritzaci\u00f3 a I3 per respectar l&#8217;adaptaci\u00f3 dels m\u00e9s petits. Treballem a trav\u00e9s d&#8217;<b data-path-to-node=\"8,0,0\" data-index-in-node=\"127\">Ambients<\/b> (Joc simb\u00f2lic, Natura, Joc i moviment, i Art), uns espais que afavoreixen l&#8217;aprenentatge i la descoberta de forma aut\u00f2noma.<\/p>\n<\/li>\n<li>\n<p data-path-to-node=\"8,1,0\"><b data-path-to-node=\"8,1,0\" data-index-in-node=\"0\">Aprenentatge vivencial i competencial:<\/b> Articulem els aprenentatges a trav\u00e9s d&#8217;un <b data-path-to-node=\"8,1,0\" data-index-in-node=\"81\">Projecte anual<\/b> que ens serveix per donar context a diverses situacions d&#8217;aprenentatge a totes les etapes.<\/p>\n<\/li>\n<li>\n<p data-path-to-node=\"8,2,0\"><b data-path-to-node=\"8,2,0\" data-index-in-node=\"0\">Rob\u00f2tica i pensament computacional:<\/b> Introdu\u00efm la rob\u00f2tica ja des d&#8217;I4! Treballem en grups redu\u00efts intercicle fins a 2n de Prim\u00e0ria, comen\u00e7ant d&#8217;una manera totalment vivencial a trav\u00e9s del propi cos i utilitzant algun robot educatiu. A partir de 3r, fem un pas m\u00e9s i anem introduint l&#8217;\u00fas d&#8217;ordinadors port\u00e0tils per seguir desenvolupant les seves compet\u00e8ncies digitals.<\/p>\n<\/li>\n<li>\n<p data-path-to-node=\"8,3,0\"><b data-path-to-node=\"8,3,0\" data-index-in-node=\"0\">Cultura i expressi\u00f3:<\/b> Apostem per la lectura amb projectes tan nostres com el <i data-path-to-node=\"8,3,0\" data-index-in-node=\"77\">Follet Marc<\/i> i els <i data-path-to-node=\"8,3,0\" data-index-in-node=\"95\">Contes del Pinotxo<\/i>. A m\u00e9s, integrem al nostre dia a dia l&#8217;Angl\u00e8s i la M\u00fasica.<\/p>\n<\/li>\n<li>\n<p data-path-to-node=\"8,4,0\"><b data-path-to-node=\"8,4,0\" data-index-in-node=\"0\">Salut i moviment:<\/b> La psicomotricitat i el joc s\u00f3n fonamentals. Gaudim de sortides d&#8217;entorn i senderisme, promovem els h\u00e0bits saludables amb el programa de fruita a les escoles i, fins i tot, ensenyem Suport Vital B\u00e0sic.<\/p>\n<\/li>\n<\/ul>\n<h4 data-path-to-node=\"9\"><b data-path-to-node=\"9\" data-index-in-node=\"0\">Una comunitat viva: Les fam\u00edlies i l&#8217;AFA<\/b><\/h4>\n<p data-path-to-node=\"10\">Entenem l&#8217;escola com una xarxa on alumnat, mestres i fam\u00edlies treballem en equip.<\/p>\n<ul data-path-to-node=\"11\">\n<li>\n<p data-path-to-node=\"11,0,0\"><b data-path-to-node=\"11,0,0\" data-index-in-node=\"0\">Participaci\u00f3 a l&#8217;aula:<\/b> Ens encanta obrir les portes a les fam\u00edlies amb iniciatives com &#8220;El protagonista de la setmana&#8221;, &#8220;El guardi\u00e0 de contes&#8221; o les maletes matem\u00e0tiques.<\/p>\n<\/li>\n<li>\n<p data-path-to-node=\"11,1,0\"><b data-path-to-node=\"11,1,0\" data-index-in-node=\"0\">Serveis essencials:<\/b> L&#8217; AFA \u00e9s una part imprescindible de l&#8217;escola. S&#8217;encarreguen de la gesti\u00f3 directa de serveis vitals com el <b data-path-to-node=\"11,1,0\" data-index-in-node=\"149\">menjador<\/b>, l&#8217;<b data-path-to-node=\"11,1,0\" data-index-in-node=\"161\">acollida matinal<\/b>, els llibres i les <b data-path-to-node=\"11,1,0\" data-index-in-node=\"197\">activitats extraescolars<\/b>.<\/p>\n<\/li>\n<\/ul>\n","protected":false},"excerpt":{"rendered":"<p>A l&#8217;Escola de Maspujols oferim una educaci\u00f3 p\u00fablica on l&#8217;infant \u00e9s el centre. Gr\u00e0cies a ser una escola d&#8217;una sola l\u00ednia, gaudim d&#8217;una r\u00e0tio privilegiada que ens permet oferir un seguiment personalitzat i una pres\u00e8ncia activa al costat de cada infant. El nostre projecte es fonamenta en tres grans pilars: l&#8217;estima, la proximitat i l&#8217;acompanyament. [&hellip;]<\/p>\n","protected":false},"author":1,"featured_media":0,"parent":22,"menu_order":60,"comment_status":"closed","ping_status":"closed","template":"","meta":{"_bbp_topic_count":0,"_bbp_reply_count":0,"_bbp_total_topic_count":0,"_bbp_total_reply_count":0,"_bbp_voice_count":0,"_bbp_anonymous_reply_count":0,"_bbp_topic_count_hidden":0,"_bbp_reply_count_hidden":0,"_bbp_forum_subforum_count":0,"site-sidebar-layout":"default","site-content-layout":"","ast-site-content-layout":"default","site-content-style":"default","site-sidebar-style":"default","ast-global-header-display":"","ast-banner-title-visibility":"","ast-main-header-display":"","ast-hfb-above-header-display":"","ast-hfb-below-header-display":"","ast-hfb-mobile-header-display":"","site-post-title":"","ast-breadcrumbs-content":"","ast-featured-img":"","footer-sml-layout":"","theme-transparent-header-meta":"","adv-header-id-meta":"","stick-header-meta":"","header-above-stick-meta":"","header-main-stick-meta":"","header-below-stick-meta":"","astra-migrate-meta-layouts":"set","ast-page-background-enabled":"default","ast-page-background-meta":{"desktop":{"background-color":"var(--ast-global-color-4)","background-image":"","background-repeat":"repeat","background-position":"center center","background-size":"auto","background-attachment":"scroll","background-type":"","background-media":"","overlay-type":"","overlay-color":"","overlay-opacity":"","overlay-gradient":""},"tablet":{"background-color":"","background-image":"","background-repeat":"repeat","background-position":"center center","background-size":"auto","background-attachment":"scroll","background-type":"","background-media":"","overlay-type":"","overlay-color":"","overlay-opacity":"","overlay-gradient":""},"mobile":{"background-color":"","background-image":"","background-repeat":"repeat","background-position":"center center","background-size":"auto","background-attachment":"scroll","background-type":"","background-media":"","overlay-type":"","overlay-color":"","overlay-opacity":"","overlay-gradient":""}},"ast-content-background-meta":{"desktop":{"background-color":"var(--ast-global-color-5)","background-image":"","background-repeat":"repeat","background-position":"center center","background-size":"auto","background-attachment":"scroll","background-type":"","background-media":"","overlay-type":"","overlay-color":"","overlay-opacity":"","overlay-gradient":""},"tablet":{"background-color":"var(--ast-global-color-5)","background-image":"","background-repeat":"repeat","background-position":"center center","background-size":"auto","background-attachment":"scroll","background-type":"","background-media":"","overlay-type":"","overlay-color":"","overlay-opacity":"","overlay-gradient":""},"mobile":{"background-color":"var(--ast-global-color-5)","background-image":"","background-repeat":"repeat","background-position":"center center","background-size":"auto","background-attachment":"scroll","background-type":"","background-media":"","overlay-type":"","overlay-color":"","overlay-opacity":"","overlay-gradient":""}},"footnotes":""},"class_list":["post-34","page","type-page","status-publish","hentry"],"post_mailing_queue_ids":[],"_links":{"self":[{"href":"https:\/\/agora.xtec.cat\/escolademaspujols\/wp-json\/wp\/v2\/pages\/34","targetHints":{"allow":["GET"]}}],"collection":[{"href":"https:\/\/agora.xtec.cat\/escolademaspujols\/wp-json\/wp\/v2\/pages"}],"about":[{"href":"https:\/\/agora.xtec.cat\/escolademaspujols\/wp-json\/wp\/v2\/types\/page"}],"author":[{"embeddable":true,"href":"https:\/\/agora.xtec.cat\/escolademaspujols\/wp-json\/wp\/v2\/users\/1"}],"replies":[{"embeddable":true,"href":"https:\/\/agora.xtec.cat\/escolademaspujols\/wp-json\/wp\/v2\/comments?post=34"}],"version-history":[{"count":4,"href":"https:\/\/agora.xtec.cat\/escolademaspujols\/wp-json\/wp\/v2\/pages\/34\/revisions"}],"predecessor-version":[{"id":2343,"href":"https:\/\/agora.xtec.cat\/escolademaspujols\/wp-json\/wp\/v2\/pages\/34\/revisions\/2343"}],"up":[{"embeddable":true,"href":"https:\/\/agora.xtec.cat\/escolademaspujols\/wp-json\/wp\/v2\/pages\/22"}],"wp:attachment":[{"href":"https:\/\/agora.xtec.cat\/escolademaspujols\/wp-json\/wp\/v2\/media?parent=34"}],"curies":[{"name":"wp","href":"https:\/\/api.w.org\/{rel}","templated":true}]}}