{"id":30,"date":"2014-09-18T12:30:23","date_gmt":"2014-09-18T11:30:23","guid":{"rendered":"http:\/\/agora.xtec.cat\/escolademaspujols\/?page_id=30"},"modified":"2026-03-13T13:37:44","modified_gmt":"2026-03-13T12:37:44","slug":"instal%c2%b7lacions","status":"publish","type":"page","link":"https:\/\/agora.xtec.cat\/escolademaspujols\/lescola\/instal%c2%b7lacions\/","title":{"rendered":"Instal\u00b7lacions"},"content":{"rendered":"\r\n\r\n\r\n<p><a href=\"https:\/\/agora.xtec.cat\/escolademaspujols\/wp-content\/uploads\/usu1408\/2026\/03\/Beige-Minimalist-Mood-Photo-Collage-1-scaled.jpg\"><img loading=\"lazy\" decoding=\"async\" class=\"alignnone size-large wp-image-2363\" src=\"https:\/\/agora.xtec.cat\/escolademaspujols\/wp-content\/uploads\/usu1408\/2026\/03\/Beige-Minimalist-Mood-Photo-Collage-1-1024x819.jpg\" alt=\"\" width=\"1024\" height=\"819\" srcset=\"https:\/\/agora.xtec.cat\/escolademaspujols\/wp-content\/uploads\/usu1408\/2026\/03\/Beige-Minimalist-Mood-Photo-Collage-1-1024x819.jpg 1024w, https:\/\/agora.xtec.cat\/escolademaspujols\/wp-content\/uploads\/usu1408\/2026\/03\/Beige-Minimalist-Mood-Photo-Collage-1-300x240.jpg 300w, https:\/\/agora.xtec.cat\/escolademaspujols\/wp-content\/uploads\/usu1408\/2026\/03\/Beige-Minimalist-Mood-Photo-Collage-1-768x614.jpg 768w, https:\/\/agora.xtec.cat\/escolademaspujols\/wp-content\/uploads\/usu1408\/2026\/03\/Beige-Minimalist-Mood-Photo-Collage-1-1536x1229.jpg 1536w, https:\/\/agora.xtec.cat\/escolademaspujols\/wp-content\/uploads\/usu1408\/2026\/03\/Beige-Minimalist-Mood-Photo-Collage-1-2048x1638.jpg 2048w\" sizes=\"auto, (max-width: 1024px) 100vw, 1024px\" \/><\/a><\/p>\r\n<p>L\u2019edifici actual i provisional est\u00e0 format per <strong>sis m\u00f2duls prefabricats<\/strong>, units per unes p\u00e8rgoles.<\/p>\r\n\r\n\r\n\r\n<p>Disposem d&#8217;una\u00a0 <strong>aula per cada nivell <\/strong><\/p>\r\n\r\n\r\n\r\n<p><strong>Espais col\u00b7lectius:<\/strong><\/p>\r\n\r\n\r\n\r\n<ul class=\"wp-block-list\">\r\n<li>Menjador i cuina<\/li>\r\n\r\n\r\n\r\n<li>Despatx direcci\u00f3<\/li>\r\n\r\n\r\n\r\n<li>Despatx administraci\u00f3<\/li>\r\n\r\n\r\n\r\n<li>Biblioteca<\/li>\r\n\r\n\r\n\r\n<li>Aula de psicomotricitat<\/li>\r\n\r\n\r\n\r\n<li>Aula d&#8217;Educaci\u00f3 Especial<\/li>\r\n\r\n\r\n\r\n<li>Sala de mestres<\/li>\r\n\r\n\r\n\r\n<li>Pati infantil<\/li>\r\n\r\n\r\n\r\n<li>Pati cicle inicial<\/li>\r\n\r\n\r\n\r\n<li>Pista poliesportiva<\/li>\r\n<\/ul>\r\n\r\n\r\n\r\n<p>Ben aviat us anirem informant del nou edifici.<\/p>\r\n\r\n\r\n\r\n<p>&nbsp;<\/p>\r\n","protected":false},"excerpt":{"rendered":"<p>L\u2019edifici actual i provisional est\u00e0 format per sis m\u00f2duls prefabricats, units per unes p\u00e8rgoles. Disposem d&#8217;una\u00a0 aula per cada nivell Espais col\u00b7lectius: Ben aviat us anirem informant del nou edifici. &nbsp;<\/p>\n","protected":false},"author":1,"featured_media":0,"parent":22,"menu_order":40,"comment_status":"closed","ping_status":"closed","template":"","meta":{"_bbp_topic_count":0,"_bbp_reply_count":0,"_bbp_total_topic_count":0,"_bbp_total_reply_count":0,"_bbp_voice_count":0,"_bbp_anonymous_reply_count":0,"_bbp_topic_count_hidden":0,"_bbp_reply_count_hidden":0,"_bbp_forum_subforum_count":0,"site-sidebar-layout":"default","site-content-layout":"","ast-site-content-layout":"default","site-content-style":"default","site-sidebar-style":"default","ast-global-header-display":"","ast-banner-title-visibility":"","ast-main-header-display":"","ast-hfb-above-header-display":"","ast-hfb-below-header-display":"","ast-hfb-mobile-header-display":"","site-post-title":"","ast-breadcrumbs-content":"","ast-featured-img":"","footer-sml-layout":"","theme-transparent-header-meta":"default","adv-header-id-meta":"","stick-header-meta":"","header-above-stick-meta":"","header-main-stick-meta":"","header-below-stick-meta":"","astra-migrate-meta-layouts":"set","ast-page-background-enabled":"default","ast-page-background-meta":{"desktop":{"background-color":"var(--ast-global-color-4)","background-image":"","background-repeat":"repeat","background-position":"center center","background-size":"auto","background-attachment":"scroll","background-type":"","background-media":"","overlay-type":"","overlay-color":"","overlay-opacity":"","overlay-gradient":""},"tablet":{"background-color":"","background-image":"","background-repeat":"repeat","background-position":"center center","background-size":"auto","background-attachment":"scroll","background-type":"","background-media":"","overlay-type":"","overlay-color":"","overlay-opacity":"","overlay-gradient":""},"mobile":{"background-color":"","background-image":"","background-repeat":"repeat","background-position":"center center","background-size":"auto","background-attachment":"scroll","background-type":"","background-media":"","overlay-type":"","overlay-color":"","overlay-opacity":"","overlay-gradient":""}},"ast-content-background-meta":{"desktop":{"background-color":"var(--ast-global-color-5)","background-image":"","background-repeat":"repeat","background-position":"center center","background-size":"auto","background-attachment":"scroll","background-type":"","background-media":"","overlay-type":"","overlay-color":"","overlay-opacity":"","overlay-gradient":""},"tablet":{"background-color":"var(--ast-global-color-5)","background-image":"","background-repeat":"repeat","background-position":"center center","background-size":"auto","background-attachment":"scroll","background-type":"","background-media":"","overlay-type":"","overlay-color":"","overlay-opacity":"","overlay-gradient":""},"mobile":{"background-color":"var(--ast-global-color-5)","background-image":"","background-repeat":"repeat","background-position":"center center","background-size":"auto","background-attachment":"scroll","background-type":"","background-media":"","overlay-type":"","overlay-color":"","overlay-opacity":"","overlay-gradient":""}},"footnotes":""},"class_list":["post-30","page","type-page","status-publish","hentry"],"post_mailing_queue_ids":[],"_links":{"self":[{"href":"https:\/\/agora.xtec.cat\/escolademaspujols\/wp-json\/wp\/v2\/pages\/30","targetHints":{"allow":["GET"]}}],"collection":[{"href":"https:\/\/agora.xtec.cat\/escolademaspujols\/wp-json\/wp\/v2\/pages"}],"about":[{"href":"https:\/\/agora.xtec.cat\/escolademaspujols\/wp-json\/wp\/v2\/types\/page"}],"author":[{"embeddable":true,"href":"https:\/\/agora.xtec.cat\/escolademaspujols\/wp-json\/wp\/v2\/users\/1"}],"replies":[{"embeddable":true,"href":"https:\/\/agora.xtec.cat\/escolademaspujols\/wp-json\/wp\/v2\/comments?post=30"}],"version-history":[{"count":4,"href":"https:\/\/agora.xtec.cat\/escolademaspujols\/wp-json\/wp\/v2\/pages\/30\/revisions"}],"predecessor-version":[{"id":2364,"href":"https:\/\/agora.xtec.cat\/escolademaspujols\/wp-json\/wp\/v2\/pages\/30\/revisions\/2364"}],"up":[{"embeddable":true,"href":"https:\/\/agora.xtec.cat\/escolademaspujols\/wp-json\/wp\/v2\/pages\/22"}],"wp:attachment":[{"href":"https:\/\/agora.xtec.cat\/escolademaspujols\/wp-json\/wp\/v2\/media?parent=30"}],"curies":[{"name":"wp","href":"https:\/\/api.w.org\/{rel}","templated":true}]}}