{"id":26,"date":"2014-09-18T12:24:32","date_gmt":"2014-09-18T11:24:32","guid":{"rendered":"https:\/\/agora.xtec.cat\/escoladeltauli\/?page_id=26"},"modified":"2025-10-16T10:31:30","modified_gmt":"2025-10-16T08:31:30","slug":"historia","status":"publish","type":"page","link":"https:\/\/agora.xtec.cat\/escoladeltauli\/lescola\/historia\/","title":{"rendered":"QUI SOM I QU\u00c8 FEM"},"content":{"rendered":"\n<div class=\"wp-block-getwid-content-timeline\" data-animation=\"none\" data-filling=\"true\"><div class=\"wp-block-getwid-content-timeline__line\"><div class=\"wp-block-getwid-content-timeline__bar\"><\/div><\/div><div class=\"wp-block-getwid-content-timeline__wrapper\">\n<div class=\"wp-block-getwid-content-timeline-item has-card-left\" style=\"margin-bottom:6px\"><div class=\"wp-block-getwid-content-timeline-item__wrapper\"><div class=\"wp-block-getwid-content-timeline-item__card has-background has-ast-global-color-6-background-color\"><div class=\"wp-block-getwid-content-timeline-item__card-wrapper\"><div class=\"wp-block-getwid-content-timeline-item__image-wrapper\"><img loading=\"lazy\" decoding=\"async\" width=\"681\" height=\"529\" class=\"wp-block-getwid-content-timeline-item__image wp-image-766\" src=\"https:\/\/agora.xtec.cat\/escoladeltauli\/wp-content\/uploads\/usu3487\/2025\/06\/Logoescola-2.png\" alt=\"\" srcset=\"https:\/\/agora.xtec.cat\/escoladeltauli\/wp-content\/uploads\/usu3487\/2025\/06\/Logoescola-2.png 681w, https:\/\/agora.xtec.cat\/escoladeltauli\/wp-content\/uploads\/usu3487\/2025\/06\/Logoescola-2-300x233.png 300w, https:\/\/agora.xtec.cat\/escoladeltauli\/wp-content\/uploads\/usu3487\/2025\/06\/Logoescola-2-200x155.png 200w\" sizes=\"auto, (max-width: 681px) 100vw, 681px\" \/><\/div><div class=\"wp-block-getwid-content-timeline-item__content-wrapper\"><div class=\"wp-block-getwid-content-timeline-item__mobile-meta\"><p class=\"wp-block-getwid-content-timeline-item__meta-content\"><strong>L\u2019Aula Hospital\u00e0ria \/ Unitat d\u2019Escolaritzaci\u00f3 Hospital\u00e0ria (UEH):<\/strong><br><br>\u00c9s una Escola dins d\u2019un Hospital, oberta a:<br>\u2013\u00a0tots els infants o joves, de 3 a 16 anys,<br>\u2013\u00a0que estan malalts, ingressats a Pediatria o atesos a l\u2019Hospital de Dia\u00a0<br>\u2013\u00a0que ja estan escolaritzats en alguna de les etapes educatives d\u2019infantil, prim\u00e0ria o secund\u00e0ria obligat\u00f2ria.<br>L\u2019objectiu general\u00a0\u00e9s donar continu\u00eftat i suport al proc\u00e9s d\u2019ensenyament \u2013 aprenentatge d\u2019aquests infants i\/o joves malalts i hospitalitzats, facilitant aix\u00ed la seva integraci\u00f3 al moment de la reincorporaci\u00f3 al seu centre escolar d\u2019origen. <br><br><strong>MESTRES RESPONSABLES DE L\u2019AH:<\/strong><br> Sara Olcina , Maite Amor\u00f3s i Maria Valles <br><br><strong>HORARI\u00a0<\/strong>:<br>De dilluns a divendres de 8:30 h. a 14:30.<br>L\u2019atenci\u00f3 educativa es fa de 9 h. a 13: 00 h.<br><br><strong>UBICACI\u00d3:<\/strong> 3a.planta. Pediatria. Hospital de Sabadell \u2013 Edifici Ripoll. \u00a0SABADELL<\/p><\/div>\n<p><strong>&nbsp;Dibuix creat per la il\u00b7lustradora Roser Capdevila.<\/strong><\/p>\n<\/div><\/div><\/div><div class=\"wp-block-getwid-content-timeline-item__point\"><div class=\"wp-block-getwid-content-timeline-item__point-content\"><\/div><\/div><div class=\"wp-block-getwid-content-timeline-item__meta\"><p class=\"wp-block-getwid-content-timeline-item__meta-content\"><strong>L\u2019Aula Hospital\u00e0ria \/ Unitat d\u2019Escolaritzaci\u00f3 Hospital\u00e0ria (UEH):<\/strong><br><br>\u00c9s una Escola dins d\u2019un Hospital, oberta a:<br>\u2013\u00a0tots els infants o joves, de 3 a 16 anys,<br>\u2013\u00a0que estan malalts, ingressats a Pediatria o atesos a l\u2019Hospital de Dia\u00a0<br>\u2013\u00a0que ja estan escolaritzats en alguna de les etapes educatives d\u2019infantil, prim\u00e0ria o secund\u00e0ria obligat\u00f2ria.<br>L\u2019objectiu general\u00a0\u00e9s donar continu\u00eftat i suport al proc\u00e9s d\u2019ensenyament \u2013 aprenentatge d\u2019aquests infants i\/o joves malalts i hospitalitzats, facilitant aix\u00ed la seva integraci\u00f3 al moment de la reincorporaci\u00f3 al seu centre escolar d\u2019origen. <br><br><strong>MESTRES RESPONSABLES DE L\u2019AH:<\/strong><br> Sara Olcina , Maite Amor\u00f3s i Maria Valles <br><br><strong>HORARI\u00a0<\/strong>:<br>De dilluns a divendres de 8:30 h. a 14:30.<br>L\u2019atenci\u00f3 educativa es fa de 9 h. a 13: 00 h.<br><br><strong>UBICACI\u00d3:<\/strong> 3a.planta. Pediatria. Hospital de Sabadell \u2013 Edifici Ripoll. \u00a0SABADELL<\/p><\/div><\/div><\/div>\n<\/div><\/div>\n\n\n\n<p><\/p>\n","protected":false},"excerpt":{"rendered":"","protected":false},"author":1,"featured_media":0,"parent":22,"menu_order":20,"comment_status":"closed","ping_status":"closed","template":"","meta":{"site-sidebar-layout":"default","site-content-layout":"","ast-site-content-layout":"default","site-content-style":"default","site-sidebar-style":"default","ast-global-header-display":"","ast-banner-title-visibility":"","ast-main-header-display":"","ast-hfb-above-header-display":"","ast-hfb-below-header-display":"","ast-hfb-mobile-header-display":"","site-post-title":"","ast-breadcrumbs-content":"","ast-featured-img":"","footer-sml-layout":"","theme-transparent-header-meta":"","adv-header-id-meta":"","stick-header-meta":"","header-above-stick-meta":"","header-main-stick-meta":"","header-below-stick-meta":"","astra-migrate-meta-layouts":"set","ast-page-background-enabled":"default","ast-page-background-meta":{"desktop":{"background-color":"var(--ast-global-color-4)","background-image":"","background-repeat":"repeat","background-position":"center center","background-size":"auto","background-attachment":"scroll","background-type":"","background-media":"","overlay-type":"","overlay-color":"","overlay-opacity":"","overlay-gradient":""},"tablet":{"background-color":"","background-image":"","background-repeat":"repeat","background-position":"center center","background-size":"auto","background-attachment":"scroll","background-type":"","background-media":"","overlay-type":"","overlay-color":"","overlay-opacity":"","overlay-gradient":""},"mobile":{"background-color":"","background-image":"","background-repeat":"repeat","background-position":"center center","background-size":"auto","background-attachment":"scroll","background-type":"","background-media":"","overlay-type":"","overlay-color":"","overlay-opacity":"","overlay-gradient":""}},"ast-content-background-meta":{"desktop":{"background-color":"var(--ast-global-color-5)","background-image":"","background-repeat":"repeat","background-position":"center center","background-size":"auto","background-attachment":"scroll","background-type":"","background-media":"","overlay-type":"","overlay-color":"","overlay-opacity":"","overlay-gradient":""},"tablet":{"background-color":"var(--ast-global-color-5)","background-image":"","background-repeat":"repeat","background-position":"center center","background-size":"auto","background-attachment":"scroll","background-type":"","background-media":"","overlay-type":"","overlay-color":"","overlay-opacity":"","overlay-gradient":""},"mobile":{"background-color":"var(--ast-global-color-5)","background-image":"","background-repeat":"repeat","background-position":"center center","background-size":"auto","background-attachment":"scroll","background-type":"","background-media":"","overlay-type":"","overlay-color":"","overlay-opacity":"","overlay-gradient":""}},"footnotes":""},"class_list":["post-26","page","type-page","status-publish","hentry"],"post_mailing_queue_ids":[],"_links":{"self":[{"href":"https:\/\/agora.xtec.cat\/escoladeltauli\/wp-json\/wp\/v2\/pages\/26","targetHints":{"allow":["GET"]}}],"collection":[{"href":"https:\/\/agora.xtec.cat\/escoladeltauli\/wp-json\/wp\/v2\/pages"}],"about":[{"href":"https:\/\/agora.xtec.cat\/escoladeltauli\/wp-json\/wp\/v2\/types\/page"}],"author":[{"embeddable":true,"href":"https:\/\/agora.xtec.cat\/escoladeltauli\/wp-json\/wp\/v2\/users\/1"}],"replies":[{"embeddable":true,"href":"https:\/\/agora.xtec.cat\/escoladeltauli\/wp-json\/wp\/v2\/comments?post=26"}],"version-history":[{"count":6,"href":"https:\/\/agora.xtec.cat\/escoladeltauli\/wp-json\/wp\/v2\/pages\/26\/revisions"}],"predecessor-version":[{"id":3089,"href":"https:\/\/agora.xtec.cat\/escoladeltauli\/wp-json\/wp\/v2\/pages\/26\/revisions\/3089"}],"up":[{"embeddable":true,"href":"https:\/\/agora.xtec.cat\/escoladeltauli\/wp-json\/wp\/v2\/pages\/22"}],"wp:attachment":[{"href":"https:\/\/agora.xtec.cat\/escoladeltauli\/wp-json\/wp\/v2\/media?parent=26"}],"curies":[{"name":"wp","href":"https:\/\/api.w.org\/{rel}","templated":true}]}}