{"id":936,"date":"2025-12-04T13:35:50","date_gmt":"2025-12-04T12:35:50","guid":{"rendered":"https:\/\/agora.xtec.cat\/escoladelsencants\/?page_id=936"},"modified":"2026-01-20T12:51:52","modified_gmt":"2026-01-20T11:51:52","slug":"comissions-mixtes","status":"publish","type":"page","link":"https:\/\/agora.xtec.cat\/escoladelsencants\/comissions-mixtes\/","title":{"rendered":"Comissions mixtes"},"content":{"rendered":"<p>Les comissions mixtes s\u00f3n equips de treball formats per pares\/mares i mestres que amb uns objectius concrets es reparteixen bona part dels projectes de l\u2019escola.<\/p>\n<p>Els equips de treball estan integrats per membres de l\u2019AFA i de l\u2019equip pedag\u00f2gic, cada un dels quals s&#8217;ocupa d&#8217;un \u00e0mbit d&#8217;actuaci\u00f3. Tenen car\u00e0cter estable, amb una previsi\u00f3 d&#8217;objectius pactada entre les fam\u00edlies i els mestres que en formen part. S\u00f3n la forma d\u2019organitzaci\u00f3 m\u00e9s caracter\u00edstica de l\u2019AFA i cada comissi\u00f3 t\u00e9 una vocal que actua com a coordinador de la comissi\u00f3 i com a representant d&#8217;aquesta a la junta de l\u2019AFA.<\/p>\n<p>Els grups de treball es creen per complir un objectiu concret, ja sigui de manera intermitent actuant nom\u00e9s quan calgui o de manera continua. Tot i que inicialment es plantegen per accions puntuals, els grup de treball tamb\u00e9 poden ser permanents fent una tasca concreta que no cal replantejar constantment. Els grups de treball no tenen vocal a la junta, malgrat que alguns d&#8217;ells hi tenen algun representant.<\/p>\n<p>La participaci\u00f3 de les fam\u00edlies \u00e9s vital per enfortir entre tots i totes el projecte de l\u2019escola. Si esteu interessats a formar part d\u2019alguna comissi\u00f3 o grup de treball, podeu contactar amb nosaltres mitjan\u00e7ant l\u2019adre\u00e7a de correu electr\u00f2nic <a href=\"mailto:afa.afaencants@gmail.com\" target=\"_blank\" rel=\"noopener\">afa.afaencants@gmail.com<\/a>\u00a0o contactant directament al correu electr\u00f2nic de cada comissi\u00f3.\u00a0Actualment l\u2019AFA est\u00e0 formada per les seg\u00fcents comissions mixtes i grups de treball:<\/p>\n<p>Enguany tenim aquestes comissions de treball:<\/p>\n<div>-Comissi\u00f3 migdia: <a href=\"mailto:migdia.afaencants@gmail.com\" target=\"_blank\" rel=\"noopener\">migdia.afaencants@gmail.com<\/a><\/div>\n<div>&#8211; Comissi\u00f3 diversitat i inclusi\u00f3: <a href=\"mailto:diversitat.afa.encants@gmail.com\" target=\"_blank\" rel=\"noopener\">diversitat.afa.encants@gmail.<wbr \/>com<\/a><\/div>\n<div>&#8211; Comissi\u00f3 manetes: <a href=\"mailto:afa.afaencants@gmail.com\" target=\"_blank\" rel=\"noopener\">afa.afaencants@gmail.com<\/a><\/div>\n<div>&#8211; Comissi\u00f3 comiat de sis\u00e8<\/div>\n<div>&#8211; Comissi\u00f3 extraescolars: <a href=\"mailto:extraescolars.encants@gmail.com\" target=\"_blank\" rel=\"noopener\">extraescolars.encants@gmail.<wbr \/>com<\/a><\/div>\n","protected":false},"excerpt":{"rendered":"<p>Les comissions mixtes s\u00f3n equips de treball formats per pares\/mares i mestres que amb uns objectius concrets es reparteixen bona [&hellip;]<\/p>\n","protected":false},"author":1,"featured_media":0,"parent":0,"menu_order":0,"comment_status":"closed","ping_status":"closed","template":"","meta":{"_bbp_topic_count":0,"_bbp_reply_count":0,"_bbp_total_topic_count":0,"_bbp_total_reply_count":0,"_bbp_voice_count":0,"_bbp_anonymous_reply_count":0,"_bbp_topic_count_hidden":0,"_bbp_reply_count_hidden":0,"_bbp_forum_subforum_count":0,"site-sidebar-layout":"default","site-content-layout":"","ast-site-content-layout":"default","site-content-style":"default","site-sidebar-style":"default","ast-global-header-display":"","ast-banner-title-visibility":"","ast-main-header-display":"","ast-hfb-above-header-display":"","ast-hfb-below-header-display":"","ast-hfb-mobile-header-display":"","site-post-title":"","ast-breadcrumbs-content":"","ast-featured-img":"","footer-sml-layout":"","theme-transparent-header-meta":"default","adv-header-id-meta":"","stick-header-meta":"","header-above-stick-meta":"","header-main-stick-meta":"","header-below-stick-meta":"","astra-migrate-meta-layouts":"set","ast-page-background-enabled":"default","ast-page-background-meta":{"desktop":{"background-color":"var(--ast-global-color-4)","background-image":"","background-repeat":"repeat","background-position":"center center","background-size":"auto","background-attachment":"scroll","background-type":"","background-media":"","overlay-type":"","overlay-color":"","overlay-opacity":"","overlay-gradient":""},"tablet":{"background-color":"","background-image":"","background-repeat":"repeat","background-position":"center center","background-size":"auto","background-attachment":"scroll","background-type":"","background-media":"","overlay-type":"","overlay-color":"","overlay-opacity":"","overlay-gradient":""},"mobile":{"background-color":"","background-image":"","background-repeat":"repeat","background-position":"center center","background-size":"auto","background-attachment":"scroll","background-type":"","background-media":"","overlay-type":"","overlay-color":"","overlay-opacity":"","overlay-gradient":""}},"ast-content-background-meta":{"desktop":{"background-color":"var(--ast-global-color-5)","background-image":"","background-repeat":"repeat","background-position":"center center","background-size":"auto","background-attachment":"scroll","background-type":"","background-media":"","overlay-type":"","overlay-color":"","overlay-opacity":"","overlay-gradient":""},"tablet":{"background-color":"var(--ast-global-color-5)","background-image":"","background-repeat":"repeat","background-position":"center center","background-size":"auto","background-attachment":"scroll","background-type":"","background-media":"","overlay-type":"","overlay-color":"","overlay-opacity":"","overlay-gradient":""},"mobile":{"background-color":"var(--ast-global-color-5)","background-image":"","background-repeat":"repeat","background-position":"center center","background-size":"auto","background-attachment":"scroll","background-type":"","background-media":"","overlay-type":"","overlay-color":"","overlay-opacity":"","overlay-gradient":""}},"footnotes":""},"class_list":["post-936","page","type-page","status-publish","hentry"],"post_mailing_queue_ids":[],"_links":{"self":[{"href":"https:\/\/agora.xtec.cat\/escoladelsencants\/wp-json\/wp\/v2\/pages\/936","targetHints":{"allow":["GET"]}}],"collection":[{"href":"https:\/\/agora.xtec.cat\/escoladelsencants\/wp-json\/wp\/v2\/pages"}],"about":[{"href":"https:\/\/agora.xtec.cat\/escoladelsencants\/wp-json\/wp\/v2\/types\/page"}],"author":[{"embeddable":true,"href":"https:\/\/agora.xtec.cat\/escoladelsencants\/wp-json\/wp\/v2\/users\/1"}],"replies":[{"embeddable":true,"href":"https:\/\/agora.xtec.cat\/escoladelsencants\/wp-json\/wp\/v2\/comments?post=936"}],"version-history":[{"count":4,"href":"https:\/\/agora.xtec.cat\/escoladelsencants\/wp-json\/wp\/v2\/pages\/936\/revisions"}],"predecessor-version":[{"id":1011,"href":"https:\/\/agora.xtec.cat\/escoladelsencants\/wp-json\/wp\/v2\/pages\/936\/revisions\/1011"}],"wp:attachment":[{"href":"https:\/\/agora.xtec.cat\/escoladelsencants\/wp-json\/wp\/v2\/media?parent=936"}],"curies":[{"name":"wp","href":"https:\/\/api.w.org\/{rel}","templated":true}]}}