{"id":901,"date":"2025-12-02T17:30:15","date_gmt":"2025-12-02T16:30:15","guid":{"rendered":"https:\/\/agora.xtec.cat\/escoladelsencants\/?page_id=901"},"modified":"2025-12-02T17:31:35","modified_gmt":"2025-12-02T16:31:35","slug":"acompanyament-als-infants","status":"publish","type":"page","link":"https:\/\/agora.xtec.cat\/escoladelsencants\/acompanyament-als-infants\/","title":{"rendered":"Acompanyament als infants"},"content":{"rendered":"<p data-start=\"218\" data-end=\"603\">A l\u2019Escola dels Encants partim d\u2019una mirada profunda i respectuosa envers la inf\u00e0ncia: entenem que cada infant \u00e9s capa\u00e7, competent i protagonista del seu propi proc\u00e9s de creixement. La nostra tasca com a adults \u00e9s oferir un entorn que els permeti avan\u00e7ar amb seguretat, autonomia i confian\u00e7a, respectant els seus ritmes personals i facilitant espais d\u2019exploraci\u00f3, relaci\u00f3 i descoberta.<\/p>\n<p data-start=\"605\" data-end=\"963\">Al final de la p\u00e0gina, podeu trobar un document que recull els principis que orienten la nostra manera d\u2019acompanyar els infants, des de la pres\u00e8ncia conscient de l\u2019adult fins a la gesti\u00f3 de les emocions, els conflictes i els l\u00edmits. Tamb\u00e9 descriu com fomentem l\u2019autonomia, el respecte mutu, el di\u00e0leg i la construcci\u00f3 d\u2019un clima emocional equilibrat que afavoreixi l\u2019aprenentatge i el benestar.<\/p>\n<p data-start=\"965\" data-end=\"1192\">Amb aquesta mirada compartida, situem l\u2019infant al centre del nostre projecte educatiu i garantim que totes les persones adultes que intervenen en la seva vida escolar ho facin amb coher\u00e8ncia, respecte i vocaci\u00f3 d\u2019acompanyament.<\/p>\n<p data-start=\"965\" data-end=\"1192\"><a href=\"https:\/\/agora.xtec.cat\/escoladelsencants\/wp-content\/uploads\/usu2942\/2025\/12\/Com-acompanyem.pdf\">Com acompanyem a l&#8217;Escola dels Encants<\/a><\/p>\n<p data-start=\"965\" data-end=\"1192\">\n","protected":false},"excerpt":{"rendered":"<p>A l\u2019Escola dels Encants partim d\u2019una mirada profunda i respectuosa envers la inf\u00e0ncia: entenem que cada infant \u00e9s capa\u00e7, competent [&hellip;]<\/p>\n","protected":false},"author":1,"featured_media":0,"parent":0,"menu_order":0,"comment_status":"closed","ping_status":"closed","template":"","meta":{"_bbp_topic_count":0,"_bbp_reply_count":0,"_bbp_total_topic_count":0,"_bbp_total_reply_count":0,"_bbp_voice_count":0,"_bbp_anonymous_reply_count":0,"_bbp_topic_count_hidden":0,"_bbp_reply_count_hidden":0,"_bbp_forum_subforum_count":0,"site-sidebar-layout":"default","site-content-layout":"","ast-site-content-layout":"default","site-content-style":"default","site-sidebar-style":"default","ast-global-header-display":"","ast-banner-title-visibility":"","ast-main-header-display":"","ast-hfb-above-header-display":"","ast-hfb-below-header-display":"","ast-hfb-mobile-header-display":"","site-post-title":"","ast-breadcrumbs-content":"","ast-featured-img":"","footer-sml-layout":"","theme-transparent-header-meta":"default","adv-header-id-meta":"","stick-header-meta":"","header-above-stick-meta":"","header-main-stick-meta":"","header-below-stick-meta":"","astra-migrate-meta-layouts":"set","ast-page-background-enabled":"default","ast-page-background-meta":{"desktop":{"background-color":"var(--ast-global-color-4)","background-image":"","background-repeat":"repeat","background-position":"center center","background-size":"auto","background-attachment":"scroll","background-type":"","background-media":"","overlay-type":"","overlay-color":"","overlay-opacity":"","overlay-gradient":""},"tablet":{"background-color":"","background-image":"","background-repeat":"repeat","background-position":"center center","background-size":"auto","background-attachment":"scroll","background-type":"","background-media":"","overlay-type":"","overlay-color":"","overlay-opacity":"","overlay-gradient":""},"mobile":{"background-color":"","background-image":"","background-repeat":"repeat","background-position":"center center","background-size":"auto","background-attachment":"scroll","background-type":"","background-media":"","overlay-type":"","overlay-color":"","overlay-opacity":"","overlay-gradient":""}},"ast-content-background-meta":{"desktop":{"background-color":"var(--ast-global-color-5)","background-image":"","background-repeat":"repeat","background-position":"center center","background-size":"auto","background-attachment":"scroll","background-type":"","background-media":"","overlay-type":"","overlay-color":"","overlay-opacity":"","overlay-gradient":""},"tablet":{"background-color":"var(--ast-global-color-5)","background-image":"","background-repeat":"repeat","background-position":"center center","background-size":"auto","background-attachment":"scroll","background-type":"","background-media":"","overlay-type":"","overlay-color":"","overlay-opacity":"","overlay-gradient":""},"mobile":{"background-color":"var(--ast-global-color-5)","background-image":"","background-repeat":"repeat","background-position":"center center","background-size":"auto","background-attachment":"scroll","background-type":"","background-media":"","overlay-type":"","overlay-color":"","overlay-opacity":"","overlay-gradient":""}},"footnotes":""},"class_list":["post-901","page","type-page","status-publish","hentry"],"post_mailing_queue_ids":[],"_links":{"self":[{"href":"https:\/\/agora.xtec.cat\/escoladelsencants\/wp-json\/wp\/v2\/pages\/901","targetHints":{"allow":["GET"]}}],"collection":[{"href":"https:\/\/agora.xtec.cat\/escoladelsencants\/wp-json\/wp\/v2\/pages"}],"about":[{"href":"https:\/\/agora.xtec.cat\/escoladelsencants\/wp-json\/wp\/v2\/types\/page"}],"author":[{"embeddable":true,"href":"https:\/\/agora.xtec.cat\/escoladelsencants\/wp-json\/wp\/v2\/users\/1"}],"replies":[{"embeddable":true,"href":"https:\/\/agora.xtec.cat\/escoladelsencants\/wp-json\/wp\/v2\/comments?post=901"}],"version-history":[{"count":2,"href":"https:\/\/agora.xtec.cat\/escoladelsencants\/wp-json\/wp\/v2\/pages\/901\/revisions"}],"predecessor-version":[{"id":905,"href":"https:\/\/agora.xtec.cat\/escoladelsencants\/wp-json\/wp\/v2\/pages\/901\/revisions\/905"}],"wp:attachment":[{"href":"https:\/\/agora.xtec.cat\/escoladelsencants\/wp-json\/wp\/v2\/media?parent=901"}],"curies":[{"name":"wp","href":"https:\/\/api.w.org\/{rel}","templated":true}]}}