{"id":881,"date":"2025-11-26T13:19:06","date_gmt":"2025-11-26T12:19:06","guid":{"rendered":"https:\/\/agora.xtec.cat\/escoladelsencants\/?page_id=881"},"modified":"2025-11-26T13:21:16","modified_gmt":"2025-11-26T12:21:16","slug":"lescola-a-casa","status":"publish","type":"page","link":"https:\/\/agora.xtec.cat\/escoladelsencants\/lescola-a-casa\/","title":{"rendered":"L&#8217;escola a casa"},"content":{"rendered":"<p class=\"zfr3Q CDt4Ke \" dir=\"ltr\"><span class=\"C9DxTc \">De vegades, els nostres camins ens porten a aprendre des de llocs diferents de l\u2019escola. Pot ser per un temps curt o m\u00e9s llarg, i cadasc\u00fa ho viu d\u2019una manera \u00fanica. Quan aix\u00f2 passa, \u00e9s important recordar que\u00a0<\/span><span class=\"C9DxTc \">l\u2019aprenentatge no nom\u00e9s passa a l\u2019aula: tamb\u00e9 creix amb tu all\u00e0 on ets<\/span><span class=\"C9DxTc \">.<\/span><\/p>\n<p class=\"zfr3Q CDt4Ke \" dir=\"ltr\"><span class=\"C9DxTc \">Aquest espai ha estat creat perqu\u00e8 puguis continuar descobrint, pensant, investigant i creant, encara que no siguis f\u00edsicament a l\u2019escola. Aqu\u00ed trobar\u00e0s\u00a0<\/span><span class=\"C9DxTc \">propostes per continuar aprenent<\/span><span class=\"C9DxTc \">\u00a0amb calma i al teu ritme, mantenint-te connectat\/da amb all\u00f2 que fem i amb la teva comunitat de Mitjans i Grans.<\/span><\/p>\n<p class=\"zfr3Q CDt4Ke \" dir=\"ltr\"><span class=\"C9DxTc \">Pots llegir, escoltar, observar, imaginar i provar coses noves des del lloc on siguis. Cada descoberta que fas, cada pregunta que et planteges i cada idea que expliques forma part del teu cam\u00ed. Un cam\u00ed que continua all\u00e0 on siguis.<\/span><\/p>\n<p class=\"zfr3Q CDt4Ke \" dir=\"ltr\"><span class=\"C9DxTc \">Recorda que formes part de l\u2019escola, encara que avui el teu espai d\u2019aprenentatge sigui diferent.<\/span><\/p>\n<p class=\"zfr3Q CDt4Ke \" dir=\"ltr\"><a style=\"font-size: 16px; font-style: normal; font-weight: 400; color: #3a3a3a;\" href=\"https:\/\/sites.google.com\/xtec.cat\/comunitatdegransacasa\/presentaci%C3%B3\">Clica a continuaci\u00f3 per accedir a l&#8217;espai de l&#8217;escola a casa<\/a><\/p>\n<blockquote>\n<p class=\"zfr3Q CDt4Ke \" dir=\"ltr\"><em><span class=\"C9DxTc \">Seguim caminant plegats\/des, fent cr\u00e9ixer la curiositat i les ganes de saber.<\/span><\/em><\/p>\n<\/blockquote>\n","protected":false},"excerpt":{"rendered":"<p>De vegades, els nostres camins ens porten a aprendre des de llocs diferents de l\u2019escola. Pot ser per un temps [&hellip;]<\/p>\n","protected":false},"author":1,"featured_media":0,"parent":0,"menu_order":0,"comment_status":"closed","ping_status":"closed","template":"","meta":{"_bbp_topic_count":0,"_bbp_reply_count":0,"_bbp_total_topic_count":0,"_bbp_total_reply_count":0,"_bbp_voice_count":0,"_bbp_anonymous_reply_count":0,"_bbp_topic_count_hidden":0,"_bbp_reply_count_hidden":0,"_bbp_forum_subforum_count":0,"site-sidebar-layout":"default","site-content-layout":"","ast-site-content-layout":"default","site-content-style":"default","site-sidebar-style":"default","ast-global-header-display":"","ast-banner-title-visibility":"","ast-main-header-display":"","ast-hfb-above-header-display":"","ast-hfb-below-header-display":"","ast-hfb-mobile-header-display":"","site-post-title":"","ast-breadcrumbs-content":"","ast-featured-img":"","footer-sml-layout":"","theme-transparent-header-meta":"default","adv-header-id-meta":"","stick-header-meta":"","header-above-stick-meta":"","header-main-stick-meta":"","header-below-stick-meta":"","astra-migrate-meta-layouts":"set","ast-page-background-enabled":"default","ast-page-background-meta":{"desktop":{"background-color":"var(--ast-global-color-4)","background-image":"","background-repeat":"repeat","background-position":"center center","background-size":"auto","background-attachment":"scroll","background-type":"","background-media":"","overlay-type":"","overlay-color":"","overlay-opacity":"","overlay-gradient":""},"tablet":{"background-color":"","background-image":"","background-repeat":"repeat","background-position":"center center","background-size":"auto","background-attachment":"scroll","background-type":"","background-media":"","overlay-type":"","overlay-color":"","overlay-opacity":"","overlay-gradient":""},"mobile":{"background-color":"","background-image":"","background-repeat":"repeat","background-position":"center center","background-size":"auto","background-attachment":"scroll","background-type":"","background-media":"","overlay-type":"","overlay-color":"","overlay-opacity":"","overlay-gradient":""}},"ast-content-background-meta":{"desktop":{"background-color":"var(--ast-global-color-5)","background-image":"","background-repeat":"repeat","background-position":"center center","background-size":"auto","background-attachment":"scroll","background-type":"","background-media":"","overlay-type":"","overlay-color":"","overlay-opacity":"","overlay-gradient":""},"tablet":{"background-color":"var(--ast-global-color-5)","background-image":"","background-repeat":"repeat","background-position":"center center","background-size":"auto","background-attachment":"scroll","background-type":"","background-media":"","overlay-type":"","overlay-color":"","overlay-opacity":"","overlay-gradient":""},"mobile":{"background-color":"var(--ast-global-color-5)","background-image":"","background-repeat":"repeat","background-position":"center center","background-size":"auto","background-attachment":"scroll","background-type":"","background-media":"","overlay-type":"","overlay-color":"","overlay-opacity":"","overlay-gradient":""}},"footnotes":""},"class_list":["post-881","page","type-page","status-publish","hentry"],"post_mailing_queue_ids":[],"_links":{"self":[{"href":"https:\/\/agora.xtec.cat\/escoladelsencants\/wp-json\/wp\/v2\/pages\/881","targetHints":{"allow":["GET"]}}],"collection":[{"href":"https:\/\/agora.xtec.cat\/escoladelsencants\/wp-json\/wp\/v2\/pages"}],"about":[{"href":"https:\/\/agora.xtec.cat\/escoladelsencants\/wp-json\/wp\/v2\/types\/page"}],"author":[{"embeddable":true,"href":"https:\/\/agora.xtec.cat\/escoladelsencants\/wp-json\/wp\/v2\/users\/1"}],"replies":[{"embeddable":true,"href":"https:\/\/agora.xtec.cat\/escoladelsencants\/wp-json\/wp\/v2\/comments?post=881"}],"version-history":[{"count":1,"href":"https:\/\/agora.xtec.cat\/escoladelsencants\/wp-json\/wp\/v2\/pages\/881\/revisions"}],"predecessor-version":[{"id":882,"href":"https:\/\/agora.xtec.cat\/escoladelsencants\/wp-json\/wp\/v2\/pages\/881\/revisions\/882"}],"wp:attachment":[{"href":"https:\/\/agora.xtec.cat\/escoladelsencants\/wp-json\/wp\/v2\/media?parent=881"}],"curies":[{"name":"wp","href":"https:\/\/api.w.org\/{rel}","templated":true}]}}