{"id":866,"date":"2025-11-25T13:22:31","date_gmt":"2025-11-25T12:22:31","guid":{"rendered":"https:\/\/agora.xtec.cat\/escoladelsencants\/?page_id=866"},"modified":"2025-11-25T13:29:06","modified_gmt":"2025-11-25T12:29:06","slug":"entrades-i-sortides","status":"publish","type":"page","link":"https:\/\/agora.xtec.cat\/escoladelsencants\/entrades-i-sortides\/","title":{"rendered":"Entrades i comiats"},"content":{"rendered":"<h3>Entrada acompanyada<\/h3>\n<p>L\u2019<strong>entrada acompanyada <\/strong>\u00e9s un moment d\u2019acollida que permet a les fam\u00edlies i als infants iniciar la jornada escolar de manera tranquil\u00b7la i progressiva, sense presses ni aglomeracions. Durant aquest temps, els infants poden entrar a l\u2019aula amb calma, acomiadar-se de la fam\u00edlia al seu ritme i comen\u00e7ar a jugar o a participar en activitats suaus que faciliten la transici\u00f3 cap al dia escolar.<\/p>\n<p>A l\u2019escola dels Encants duem a terme aquest tipus d&#8217;entrada cada mat\u00ed, creant un ambient acollidor que afavoreix la seguretat emocional i la confian\u00e7a dels infants.<\/p>\n<p>Els comiats tamb\u00e9 volem que siguin tranquils, perqu\u00e8 les fam\u00edlies puguin saber qu\u00e8 ha passat durant el dia a l\u2019escola. Busquem la comunicaci\u00f3, la complicitat i la sintonia amb la fam\u00edlia.<\/p>\n<p>&nbsp;<\/p>\n<h3 id=\"h.p_2bWntVI9YCRU\" class=\"zfr3Q duRjpb\">Familiaritzaci\u00f3 amb l&#8217;escola<\/h3>\n<p id=\"h.p_oMJR8OzEYCRU\" class=\"zfr3Q\">Els infants que inicien el seu primer any a l\u2019escola dels Encants, duen a terme el <strong>proc\u00e9s de familiaritzaci\u00f3<\/strong> que ens ajuda a iniciar el cam\u00ed de forma progressiva amb tranquil\u00b7litat, el primer \u00e9s que l\u2019infant se senti segur a l\u2019escola.<\/p>\n<ol>\n<li class=\"zfr3Q\">La <strong>primera setmana<\/strong> comencen l&#8217;escola els infants I4 i I5 a les 9h i les m\u00e9s petites i petits comencen a les 11:00h fins les 12.30H.<\/li>\n<li class=\"zfr3Q\">La <strong>segona setmana<\/strong> comencen\u00a0 tots a les 9h per\u00f2 els d&#8217;I3 nom\u00e9s venen al mat\u00ed.<\/li>\n<li class=\"zfr3Q\">A partir de la <strong>tercera setmana,<\/strong> es queden a dinar amb l&#8217;acompanyament de les mestres referents del grup.<\/li>\n<li class=\"zfr3Q\">La <strong>quarta setmana<\/strong>, ja s&#8217;intenta que duguin a terme l&#8217;horari amb normalitat.<\/li>\n<\/ol>\n<p>Les fam\u00edlies es poden quedar tant de temps com ho necessiti l&#8217;infant durant el proc\u00e9s de familiaritzaci\u00f3.\u00a0Tot i aix\u00ed el proc\u00e9s l<strong>&#8216;adaptem a les necessitats de cada infant<\/strong> per tal de de garantir que cadascun d\u2019ells visqui l\u2019entrada a l\u2019escola amb confian\u00e7a, benestar i il\u00b7lusi\u00f3, respectant els seus ritmes i moments.<\/p>\n<p id=\"h.p_SP8TTSLEYCSS\" class=\"zfr3Q\">\n<p>&nbsp;<\/p>\n","protected":false},"excerpt":{"rendered":"<p>Entrada acompanyada L\u2019entrada acompanyada \u00e9s un moment d\u2019acollida que permet a les fam\u00edlies i als infants iniciar la jornada escolar [&hellip;]<\/p>\n","protected":false},"author":1,"featured_media":0,"parent":0,"menu_order":0,"comment_status":"closed","ping_status":"closed","template":"","meta":{"_bbp_topic_count":0,"_bbp_reply_count":0,"_bbp_total_topic_count":0,"_bbp_total_reply_count":0,"_bbp_voice_count":0,"_bbp_anonymous_reply_count":0,"_bbp_topic_count_hidden":0,"_bbp_reply_count_hidden":0,"_bbp_forum_subforum_count":0,"site-sidebar-layout":"default","site-content-layout":"","ast-site-content-layout":"default","site-content-style":"default","site-sidebar-style":"default","ast-global-header-display":"","ast-banner-title-visibility":"","ast-main-header-display":"","ast-hfb-above-header-display":"","ast-hfb-below-header-display":"","ast-hfb-mobile-header-display":"","site-post-title":"","ast-breadcrumbs-content":"","ast-featured-img":"","footer-sml-layout":"","theme-transparent-header-meta":"default","adv-header-id-meta":"","stick-header-meta":"","header-above-stick-meta":"","header-main-stick-meta":"","header-below-stick-meta":"","astra-migrate-meta-layouts":"set","ast-page-background-enabled":"default","ast-page-background-meta":{"desktop":{"background-color":"var(--ast-global-color-4)","background-image":"","background-repeat":"repeat","background-position":"center center","background-size":"auto","background-attachment":"scroll","background-type":"","background-media":"","overlay-type":"","overlay-color":"","overlay-opacity":"","overlay-gradient":""},"tablet":{"background-color":"","background-image":"","background-repeat":"repeat","background-position":"center center","background-size":"auto","background-attachment":"scroll","background-type":"","background-media":"","overlay-type":"","overlay-color":"","overlay-opacity":"","overlay-gradient":""},"mobile":{"background-color":"","background-image":"","background-repeat":"repeat","background-position":"center center","background-size":"auto","background-attachment":"scroll","background-type":"","background-media":"","overlay-type":"","overlay-color":"","overlay-opacity":"","overlay-gradient":""}},"ast-content-background-meta":{"desktop":{"background-color":"var(--ast-global-color-5)","background-image":"","background-repeat":"repeat","background-position":"center center","background-size":"auto","background-attachment":"scroll","background-type":"","background-media":"","overlay-type":"","overlay-color":"","overlay-opacity":"","overlay-gradient":""},"tablet":{"background-color":"var(--ast-global-color-5)","background-image":"","background-repeat":"repeat","background-position":"center center","background-size":"auto","background-attachment":"scroll","background-type":"","background-media":"","overlay-type":"","overlay-color":"","overlay-opacity":"","overlay-gradient":""},"mobile":{"background-color":"var(--ast-global-color-5)","background-image":"","background-repeat":"repeat","background-position":"center center","background-size":"auto","background-attachment":"scroll","background-type":"","background-media":"","overlay-type":"","overlay-color":"","overlay-opacity":"","overlay-gradient":""}},"footnotes":""},"class_list":["post-866","page","type-page","status-publish","hentry"],"post_mailing_queue_ids":[],"_links":{"self":[{"href":"https:\/\/agora.xtec.cat\/escoladelsencants\/wp-json\/wp\/v2\/pages\/866","targetHints":{"allow":["GET"]}}],"collection":[{"href":"https:\/\/agora.xtec.cat\/escoladelsencants\/wp-json\/wp\/v2\/pages"}],"about":[{"href":"https:\/\/agora.xtec.cat\/escoladelsencants\/wp-json\/wp\/v2\/types\/page"}],"author":[{"embeddable":true,"href":"https:\/\/agora.xtec.cat\/escoladelsencants\/wp-json\/wp\/v2\/users\/1"}],"replies":[{"embeddable":true,"href":"https:\/\/agora.xtec.cat\/escoladelsencants\/wp-json\/wp\/v2\/comments?post=866"}],"version-history":[{"count":3,"href":"https:\/\/agora.xtec.cat\/escoladelsencants\/wp-json\/wp\/v2\/pages\/866\/revisions"}],"predecessor-version":[{"id":871,"href":"https:\/\/agora.xtec.cat\/escoladelsencants\/wp-json\/wp\/v2\/pages\/866\/revisions\/871"}],"wp:attachment":[{"href":"https:\/\/agora.xtec.cat\/escoladelsencants\/wp-json\/wp\/v2\/media?parent=866"}],"curies":[{"name":"wp","href":"https:\/\/api.w.org\/{rel}","templated":true}]}}