{"id":849,"date":"2025-11-25T12:53:39","date_gmt":"2025-11-25T11:53:39","guid":{"rendered":"https:\/\/agora.xtec.cat\/escoladelsencants\/?page_id=849"},"modified":"2026-02-20T13:28:24","modified_gmt":"2026-02-20T12:28:24","slug":"documentacio","status":"publish","type":"page","link":"https:\/\/agora.xtec.cat\/escoladelsencants\/documentacio\/","title":{"rendered":"Documentaci\u00f3"},"content":{"rendered":"<p>Aquest apartat recull la informaci\u00f3 essencial del nostre <strong>projecte<\/strong> educatiu necessari per al bon funcionament de les activitats escolars. La nostra voluntat \u00e9s garantir que totes les fam\u00edlies disposin d\u2019una comunicaci\u00f3 clara, transparent i propera amb el centre.<\/p>\n<p>Les <a href=\"https:\/\/agora.xtec.cat\/escoladelsencants\/documents\/autoritzacions\/\"><strong>autoritzacions<\/strong> <\/a>que trobareu a continuaci\u00f3 permeten al centre organitzar amb responsabilitat les activitats, sortides i projectes, sempre vetllant pel bon desenvolupament educatiu i personal de cada infant.<\/p>\n<p>Els <a href=\"https:\/\/agora.xtec.cat\/escoladelsencants\/documents\/\"><strong data-start=\"157\" data-end=\"180\">documents de centre<\/strong><\/a> recullen la informaci\u00f3 essencial sobre l\u2019organitzaci\u00f3 i els projectes educatius de l\u2019escola. Aquests materials garanteixen transpar\u00e8ncia, coher\u00e8ncia pedag\u00f2gica i una comunicaci\u00f3 clara amb les fam\u00edlies. Aqu\u00ed hi trobareu els principals protocols, plans i autoritzacions necessaris per al bon desenvolupament de la vida escolar.<\/p>\n<p>L\u2019Escola dels Encants \u00e9s un espai d\u2019aprenentatge viu, on infants, mestres i fam\u00edlies constru\u00efm plegats una comunitat educativa basada en:<\/p>\n<ul>\n<li><strong>Respecte i conviv\u00e8ncia<\/strong> com a eixos fonamentals.<\/li>\n<li><strong>Aprenentatge actiu i significatiu<\/strong>, que fomenta la curiositat i la creativitat.<\/li>\n<li><strong>Participaci\u00f3 de les fam\u00edlies<\/strong>, que s\u00f3n part imprescindible del nostre projecte.<\/li>\n<li><strong>Benestar i seguretat<\/strong> de tots els infants, amb rutines i din\u00e0miques que afavoreixen el creixement personal i col\u00b7lectiu.<\/li>\n<\/ul>\n<p>Agra\u00efm la vostra col\u00b7laboraci\u00f3 i confian\u00e7a. Amb el comprom\u00eds de tots, fem de l\u2019Escola dels Encants un espai on cr\u00e9ixer amb alegria, respecte i il\u00b7lusi\u00f3.<\/p>\n<p><a href=\"https:\/\/agora.xtec.cat\/escoladelsencants\/wp-content\/uploads\/usu2942\/2026\/02\/DSC_0224-scaled.jpg\"><img loading=\"lazy\" decoding=\"async\" class=\"wp-image-1104 aligncenter\" src=\"https:\/\/agora.xtec.cat\/escoladelsencants\/wp-content\/uploads\/usu2942\/2026\/02\/DSC_0224-1024x681.jpg\" alt=\"\" width=\"557\" height=\"371\" srcset=\"https:\/\/agora.xtec.cat\/escoladelsencants\/wp-content\/uploads\/usu2942\/2026\/02\/DSC_0224-1024x681.jpg 1024w, https:\/\/agora.xtec.cat\/escoladelsencants\/wp-content\/uploads\/usu2942\/2026\/02\/DSC_0224-300x199.jpg 300w, https:\/\/agora.xtec.cat\/escoladelsencants\/wp-content\/uploads\/usu2942\/2026\/02\/DSC_0224-768x511.jpg 768w, https:\/\/agora.xtec.cat\/escoladelsencants\/wp-content\/uploads\/usu2942\/2026\/02\/DSC_0224-1536x1021.jpg 1536w, https:\/\/agora.xtec.cat\/escoladelsencants\/wp-content\/uploads\/usu2942\/2026\/02\/DSC_0224-2048x1362.jpg 2048w\" sizes=\"auto, (max-width: 557px) 100vw, 557px\" \/><\/a><\/p>\n","protected":false},"excerpt":{"rendered":"<p>Aquest apartat recull la informaci\u00f3 essencial del nostre projecte educatiu necessari per al bon funcionament de les activitats escolars. La [&hellip;]<\/p>\n","protected":false},"author":1,"featured_media":0,"parent":0,"menu_order":0,"comment_status":"closed","ping_status":"closed","template":"","meta":{"_bbp_topic_count":0,"_bbp_reply_count":0,"_bbp_total_topic_count":0,"_bbp_total_reply_count":0,"_bbp_voice_count":0,"_bbp_anonymous_reply_count":0,"_bbp_topic_count_hidden":0,"_bbp_reply_count_hidden":0,"_bbp_forum_subforum_count":0,"site-sidebar-layout":"default","site-content-layout":"","ast-site-content-layout":"default","site-content-style":"default","site-sidebar-style":"default","ast-global-header-display":"","ast-banner-title-visibility":"","ast-main-header-display":"","ast-hfb-above-header-display":"","ast-hfb-below-header-display":"","ast-hfb-mobile-header-display":"","site-post-title":"","ast-breadcrumbs-content":"","ast-featured-img":"","footer-sml-layout":"","theme-transparent-header-meta":"default","adv-header-id-meta":"","stick-header-meta":"","header-above-stick-meta":"","header-main-stick-meta":"","header-below-stick-meta":"","astra-migrate-meta-layouts":"set","ast-page-background-enabled":"default","ast-page-background-meta":{"desktop":{"background-color":"var(--ast-global-color-4)","background-image":"","background-repeat":"repeat","background-position":"center center","background-size":"auto","background-attachment":"scroll","background-type":"","background-media":"","overlay-type":"","overlay-color":"","overlay-opacity":"","overlay-gradient":""},"tablet":{"background-color":"","background-image":"","background-repeat":"repeat","background-position":"center center","background-size":"auto","background-attachment":"scroll","background-type":"","background-media":"","overlay-type":"","overlay-color":"","overlay-opacity":"","overlay-gradient":""},"mobile":{"background-color":"","background-image":"","background-repeat":"repeat","background-position":"center center","background-size":"auto","background-attachment":"scroll","background-type":"","background-media":"","overlay-type":"","overlay-color":"","overlay-opacity":"","overlay-gradient":""}},"ast-content-background-meta":{"desktop":{"background-color":"var(--ast-global-color-5)","background-image":"","background-repeat":"repeat","background-position":"center center","background-size":"auto","background-attachment":"scroll","background-type":"","background-media":"","overlay-type":"","overlay-color":"","overlay-opacity":"","overlay-gradient":""},"tablet":{"background-color":"var(--ast-global-color-5)","background-image":"","background-repeat":"repeat","background-position":"center center","background-size":"auto","background-attachment":"scroll","background-type":"","background-media":"","overlay-type":"","overlay-color":"","overlay-opacity":"","overlay-gradient":""},"mobile":{"background-color":"var(--ast-global-color-5)","background-image":"","background-repeat":"repeat","background-position":"center center","background-size":"auto","background-attachment":"scroll","background-type":"","background-media":"","overlay-type":"","overlay-color":"","overlay-opacity":"","overlay-gradient":""}},"footnotes":""},"class_list":["post-849","page","type-page","status-publish","hentry"],"post_mailing_queue_ids":[],"_links":{"self":[{"href":"https:\/\/agora.xtec.cat\/escoladelsencants\/wp-json\/wp\/v2\/pages\/849","targetHints":{"allow":["GET"]}}],"collection":[{"href":"https:\/\/agora.xtec.cat\/escoladelsencants\/wp-json\/wp\/v2\/pages"}],"about":[{"href":"https:\/\/agora.xtec.cat\/escoladelsencants\/wp-json\/wp\/v2\/types\/page"}],"author":[{"embeddable":true,"href":"https:\/\/agora.xtec.cat\/escoladelsencants\/wp-json\/wp\/v2\/users\/1"}],"replies":[{"embeddable":true,"href":"https:\/\/agora.xtec.cat\/escoladelsencants\/wp-json\/wp\/v2\/comments?post=849"}],"version-history":[{"count":4,"href":"https:\/\/agora.xtec.cat\/escoladelsencants\/wp-json\/wp\/v2\/pages\/849\/revisions"}],"predecessor-version":[{"id":1152,"href":"https:\/\/agora.xtec.cat\/escoladelsencants\/wp-json\/wp\/v2\/pages\/849\/revisions\/1152"}],"wp:attachment":[{"href":"https:\/\/agora.xtec.cat\/escoladelsencants\/wp-json\/wp\/v2\/media?parent=849"}],"curies":[{"name":"wp","href":"https:\/\/api.w.org\/{rel}","templated":true}]}}