{"id":84,"date":"2014-09-18T14:11:31","date_gmt":"2014-09-18T13:11:31","guid":{"rendered":"http:\/\/agora.xtec.cat\/escoladelsencants\/?page_id=84"},"modified":"2026-02-27T13:25:19","modified_gmt":"2026-02-27T12:25:19","slug":"activitats-extraescolars","status":"publish","type":"page","link":"https:\/\/agora.xtec.cat\/escoladelsencants\/serveis\/activitats-extraescolars\/","title":{"rendered":"Activitats extraescolars"},"content":{"rendered":"<p data-start=\"221\" data-end=\"557\"><span style=\"font-size: 16px; font-style: normal; font-weight: 400;\">La Comissi\u00f3 d&#8217;Extraescolars est\u00e0 gestionada per l&#8217;AFA, s\u00f3n els que posen en contacte les fam\u00edlies amb els col\u00b7laboradors que duen a terme les activitats, planifiquen les activitats fent un seguiment de la gesti\u00f3 administrativa (inscripcions, control econ\u00f2mic, incid\u00e8ncies). <\/span><\/p>\n<p data-start=\"221\" data-end=\"557\"><span style=\"font-size: 16px; font-style: normal; font-weight: 400;\">L&#8217;AFA v<\/span><span style=\"font-size: 16px; font-style: normal; font-weight: 400;\">etlla que les activitats es desenvolupin d\u2019acord amb la filosofia de l\u2019escola, fent un acompanyament respectu\u00f3s dels infants. <\/span>Les extraescolars de l\u2019Escola dels Encants estan pensades per oferir als infants experi\u00e8ncies enriquidores m\u00e9s enll\u00e0 de l\u2019horari lectiu. S\u00f3n propostes educatives, l\u00fadiques i creatives que complementen el projecte de centre i permeten als infants descobrir interessos, desenvolupar habilitats i gaudir d\u2019espais de conviv\u00e8ncia.<\/p>\n<h3 data-start=\"559\" data-end=\"598\"><\/h3>\n<h4 data-start=\"559\" data-end=\"598\"><strong data-start=\"563\" data-end=\"598\">Qu\u00e8 ofereixen les extraescolars?<\/strong><\/h4>\n<ul data-start=\"600\" data-end=\"1021\">\n<li data-start=\"600\" data-end=\"671\">\n<p data-start=\"602\" data-end=\"671\"><strong data-start=\"602\" data-end=\"628\">Activitats art\u00edstiques<\/strong>: m\u00fasica, joc en cos, teatre, arts pl\u00e0stiques, m\u00e0gia\u2026<\/p>\n<\/li>\n<li data-start=\"672\" data-end=\"763\">\n<p data-start=\"674\" data-end=\"763\"><strong data-start=\"674\" data-end=\"698\">Propostes esportives<\/strong>: psicomotricitat, esports col\u00b7lectius, futbol, b\u00e0squet\u2026<\/p>\n<\/li>\n<li data-start=\"764\" data-end=\"847\">\n<p data-start=\"766\" data-end=\"847\"><strong data-start=\"766\" data-end=\"802\">Tallers tecnol\u00f2gics i cient\u00edfics<\/strong>: rob\u00f2tica, cinema\u2026<\/p>\n<\/li>\n<li data-start=\"848\" data-end=\"1021\">\n<p data-start=\"850\" data-end=\"1021\"><strong data-start=\"850\" data-end=\"881\">Espais creatius i de lleure<\/strong>: jocs cooperatius, manualitats, tallers tem\u00e0tics.<br data-start=\"931\" data-end=\"934\" \/><em data-start=\"934\" data-end=\"1021\">(Les activitats concretes poden variar cada curs segons la demanda i l\u2019organitzaci\u00f3.)<\/em><\/p>\n<\/li>\n<\/ul>\n<h4 data-start=\"1023\" data-end=\"1044\"><\/h4>\n<h4 data-start=\"1023\" data-end=\"1044\"><strong data-start=\"1027\" data-end=\"1044\">Com funcionen?<\/strong><\/h4>\n<ul data-start=\"1046\" data-end=\"1588\">\n<li data-start=\"1046\" data-end=\"1132\">\n<p data-start=\"1048\" data-end=\"1132\">Les extraescolars tenen lloc <strong data-start=\"1077\" data-end=\"1104\">fora de l\u2019horari lectiu<\/strong>, habitualment a la tarda.<\/p>\n<\/li>\n<li data-start=\"1133\" data-end=\"1248\">\n<p data-start=\"1135\" data-end=\"1248\">S\u2019ofereixen en diferents franges perqu\u00e8 les fam\u00edlies puguin triar l\u2019opci\u00f3 que millor s\u2019adapta a la seva rutina.<\/p>\n<\/li>\n<li data-start=\"1249\" data-end=\"1353\">\n<p data-start=\"1251\" data-end=\"1353\">S\u00f3n dirigides per <strong data-start=\"1269\" data-end=\"1301\">professionals especialitzats<\/strong>, coordinats amb l\u2019escola i amb l\u2019entitat gestora.<\/p>\n<\/li>\n<li data-start=\"1354\" data-end=\"1465\">\n<p data-start=\"1356\" data-end=\"1465\">La participaci\u00f3 pot ser <strong data-start=\"1380\" data-end=\"1392\">setmanal<\/strong> o en alguns casos <strong data-start=\"1411\" data-end=\"1422\">puntual<\/strong>, segons l\u2019activitat i la disponibilitat.<\/p>\n<\/li>\n<li data-start=\"1466\" data-end=\"1588\">\n<p data-start=\"1468\" data-end=\"1588\">Les inscripcions i pagaments es gestionen a trav\u00e9s de l\u2019entitat responsable (habitualment AESA o AFA, segons el centre).<\/p>\n<\/li>\n<\/ul>\n<h3 data-start=\"1590\" data-end=\"1638\"><\/h3>\n<h4 data-start=\"1590\" data-end=\"1638\"><strong data-start=\"1594\" data-end=\"1638\">Objectius educatius de les extraescolars<\/strong><\/h4>\n<ul data-start=\"1640\" data-end=\"2050\">\n<li data-start=\"1640\" data-end=\"1741\">\n<p data-start=\"1642\" data-end=\"1741\">Fomentar el <strong data-start=\"1654\" data-end=\"1682\">desenvolupament integral<\/strong> de l\u2019infant a trav\u00e9s del joc, l\u2019esport i la creativitat.<\/p>\n<\/li>\n<li data-start=\"1742\" data-end=\"1850\">\n<p data-start=\"1744\" data-end=\"1850\">Potenciar <strong data-start=\"1754\" data-end=\"1788\">habilitats personals i socials<\/strong>, com el treball en equip, la perseveran\u00e7a i la comunicaci\u00f3.<\/p>\n<\/li>\n<li data-start=\"1851\" data-end=\"1946\">\n<p data-start=\"1853\" data-end=\"1946\">Oferir un espai on els infants puguin <strong data-start=\"1891\" data-end=\"1920\">descobrir nous interessos<\/strong> i desenvolupar talents.<\/p>\n<\/li>\n<li data-start=\"1947\" data-end=\"2050\">\n<p data-start=\"1949\" data-end=\"2050\">Promoure un entorn de conviv\u00e8ncia respectu\u00f3s i divers, coherent amb la mirada pedag\u00f2gica de l\u2019escola.<\/p>\n<\/li>\n<\/ul>\n<h3 data-start=\"2052\" data-end=\"2088\"><\/h3>\n<h4 data-start=\"2052\" data-end=\"2088\"><strong data-start=\"2056\" data-end=\"2088\">Beneficis per a les fam\u00edlies<\/strong><\/h4>\n<ul data-start=\"2090\" data-end=\"2379\">\n<li data-start=\"2090\" data-end=\"2182\">\n<p data-start=\"2092\" data-end=\"2182\">Facilita la <strong data-start=\"2104\" data-end=\"2128\">conciliaci\u00f3 familiar<\/strong> oferint activitats de qualitat en el mateix centre.<\/p>\n<\/li>\n<li data-start=\"2183\" data-end=\"2289\">\n<p data-start=\"2185\" data-end=\"2289\">Garanteix un entorn segur i conegut per als infants, amb professionals vinculats al projecte educatiu.<\/p>\n<\/li>\n<li data-start=\"2290\" data-end=\"2379\">\n<p data-start=\"2292\" data-end=\"2379\">Permet ampliar les oportunitats formatives i l\u00fadiques dels infants sense despla\u00e7aments.<\/p>\n<\/li>\n<\/ul>\n<p>&nbsp;<\/p>\n<p>Les activitats extraescolars que es duran a terme el curs\u00a0<strong>2025\/2026<\/strong> a Escola dels Encants s\u00f3n les seg\u00fcents:<a href=\"https:\/\/agora.xtec.cat\/escoladelsencants\/wp-content\/uploads\/usu2942\/2025\/12\/extraescolars-1-1.jpg\"><img loading=\"lazy\" decoding=\"async\" class=\"wp-image-921 aligncenter\" src=\"https:\/\/agora.xtec.cat\/escoladelsencants\/wp-content\/uploads\/usu2942\/2025\/12\/extraescolars-1-1.jpg\" alt=\"\" width=\"524\" height=\"437\" srcset=\"https:\/\/agora.xtec.cat\/escoladelsencants\/wp-content\/uploads\/usu2942\/2025\/12\/extraescolars-1-1.jpg 733w, https:\/\/agora.xtec.cat\/escoladelsencants\/wp-content\/uploads\/usu2942\/2025\/12\/extraescolars-1-1-300x250.jpg 300w\" sizes=\"auto, (max-width: 524px) 100vw, 524px\" \/><\/a><\/p>\n<p>&nbsp;<\/p>\n<p>A continuaci\u00f3 us facilitem la informaci\u00f3 resum que aplica a totes les extraescolars en conjunt, aix\u00ed com la normativa que cal tenir en compte per un millor funcionament de les activitats.<\/p>\n<ul>\n<li><a href=\"https:\/\/view.officeapps.live.com\/op\/view.aspx?src=https%3A%2F%2Fafaescoladelsencants.cat%2Fwp-content%2Fuploads%2F2025%2F02%2Fnormativa_families-25-26-1.docx&amp;wdOrigin=BROWSELINK\">Normativa Extraescolars<\/a><\/li>\n<\/ul>\n<p data-start=\"221\" data-end=\"557\">A mesura que vagin arribant les beques tant esportives com culturals us anirem informant a trav\u00e9s del butllet\u00ed.\u00a0Les fam\u00edlies que teniu beca concedida anireu rebent correus amb el c\u00e0lcul de la quota.<\/p>\n<p>De tant en tant,\u00a0 s&#8217;obren prescripcions per a les activitats extraescolars. Us avisarem al butllet\u00ed de quin ser\u00e0 el pr\u00f2xim per\u00edode per inscriure&#8217;l, tamb\u00e9 us anirem informant de les<span style=\"font-size: 16px; font-style: normal; font-weight: 400;\">\u00a0places disponibles.\u00a0<\/span><span style=\"font-size: 16px; font-style: normal; font-weight: 400;\">Tamb\u00e9 adjuntem els <a href=\"https:\/\/view.officeapps.live.com\/op\/view.aspx?src=https%3A%2F%2Fafaescoladelsencants.cat%2Fwp-content%2Fuploads%2F2025%2F02%2Fnous-preus-extraescolars-butlleti.xlsx&amp;wdOrigin=BROWSELINK\">preus de les activitats. <\/a><\/span><span style=\"font-size: 16px;\">Aquest \u00e9s <\/span><a style=\"font-size: 16px; background-color: #ffffff;\" href=\"https:\/\/extraescolarsencants.playoffinformatica.com\/preinscripcion\/12\/PREINSCRIPCIO-ACTIVITATS-EXTRAESCOLARS-25-26\/\">l\u2019enlla\u00e7<\/a><span style=\"font-size: 16px;\"> per poder fer la inscripci\u00f3.\u00a0<\/span><\/p>\n<p>&nbsp;<\/p>\n<p><span style=\"font-size: 16px; font-style: normal; font-weight: 400;\">En el cas de voler formar part de la comissi\u00f3 d&#8217;extraescolars tamb\u00e9 us podeu unir.\u00a0<\/span>Si esteu interessats i\/o teniu dubtes, ens podeu escriure a extraescolars.encants@gmail.com<\/p>\n","protected":false},"excerpt":{"rendered":"<p>La Comissi\u00f3 d&#8217;Extraescolars est\u00e0 gestionada per l&#8217;AFA, s\u00f3n els que posen en contacte les fam\u00edlies amb els col\u00b7laboradors que duen [&hellip;]<\/p>\n","protected":false},"author":1,"featured_media":0,"parent":66,"menu_order":60,"comment_status":"closed","ping_status":"closed","template":"","meta":{"_bbp_topic_count":0,"_bbp_reply_count":0,"_bbp_total_topic_count":0,"_bbp_total_reply_count":0,"_bbp_voice_count":0,"_bbp_anonymous_reply_count":0,"_bbp_topic_count_hidden":0,"_bbp_reply_count_hidden":0,"_bbp_forum_subforum_count":0,"site-sidebar-layout":"default","site-content-layout":"","ast-site-content-layout":"default","site-content-style":"default","site-sidebar-style":"default","ast-global-header-display":"","ast-banner-title-visibility":"","ast-main-header-display":"","ast-hfb-above-header-display":"","ast-hfb-below-header-display":"","ast-hfb-mobile-header-display":"","site-post-title":"","ast-breadcrumbs-content":"","ast-featured-img":"","footer-sml-layout":"","theme-transparent-header-meta":"default","adv-header-id-meta":"","stick-header-meta":"","header-above-stick-meta":"","header-main-stick-meta":"","header-below-stick-meta":"","astra-migrate-meta-layouts":"set","ast-page-background-enabled":"default","ast-page-background-meta":{"desktop":{"background-color":"var(--ast-global-color-4)","background-image":"","background-repeat":"repeat","background-position":"center center","background-size":"auto","background-attachment":"scroll","background-type":"","background-media":"","overlay-type":"","overlay-color":"","overlay-opacity":"","overlay-gradient":""},"tablet":{"background-color":"","background-image":"","background-repeat":"repeat","background-position":"center center","background-size":"auto","background-attachment":"scroll","background-type":"","background-media":"","overlay-type":"","overlay-color":"","overlay-opacity":"","overlay-gradient":""},"mobile":{"background-color":"","background-image":"","background-repeat":"repeat","background-position":"center center","background-size":"auto","background-attachment":"scroll","background-type":"","background-media":"","overlay-type":"","overlay-color":"","overlay-opacity":"","overlay-gradient":""}},"ast-content-background-meta":{"desktop":{"background-color":"var(--ast-global-color-5)","background-image":"","background-repeat":"repeat","background-position":"center center","background-size":"auto","background-attachment":"scroll","background-type":"","background-media":"","overlay-type":"","overlay-color":"","overlay-opacity":"","overlay-gradient":""},"tablet":{"background-color":"var(--ast-global-color-5)","background-image":"","background-repeat":"repeat","background-position":"center center","background-size":"auto","background-attachment":"scroll","background-type":"","background-media":"","overlay-type":"","overlay-color":"","overlay-opacity":"","overlay-gradient":""},"mobile":{"background-color":"var(--ast-global-color-5)","background-image":"","background-repeat":"repeat","background-position":"center center","background-size":"auto","background-attachment":"scroll","background-type":"","background-media":"","overlay-type":"","overlay-color":"","overlay-opacity":"","overlay-gradient":""}},"footnotes":""},"class_list":["post-84","page","type-page","status-publish","hentry"],"post_mailing_queue_ids":[],"_links":{"self":[{"href":"https:\/\/agora.xtec.cat\/escoladelsencants\/wp-json\/wp\/v2\/pages\/84","targetHints":{"allow":["GET"]}}],"collection":[{"href":"https:\/\/agora.xtec.cat\/escoladelsencants\/wp-json\/wp\/v2\/pages"}],"about":[{"href":"https:\/\/agora.xtec.cat\/escoladelsencants\/wp-json\/wp\/v2\/types\/page"}],"author":[{"embeddable":true,"href":"https:\/\/agora.xtec.cat\/escoladelsencants\/wp-json\/wp\/v2\/users\/1"}],"replies":[{"embeddable":true,"href":"https:\/\/agora.xtec.cat\/escoladelsencants\/wp-json\/wp\/v2\/comments?post=84"}],"version-history":[{"count":7,"href":"https:\/\/agora.xtec.cat\/escoladelsencants\/wp-json\/wp\/v2\/pages\/84\/revisions"}],"predecessor-version":[{"id":1170,"href":"https:\/\/agora.xtec.cat\/escoladelsencants\/wp-json\/wp\/v2\/pages\/84\/revisions\/1170"}],"up":[{"embeddable":true,"href":"https:\/\/agora.xtec.cat\/escoladelsencants\/wp-json\/wp\/v2\/pages\/66"}],"wp:attachment":[{"href":"https:\/\/agora.xtec.cat\/escoladelsencants\/wp-json\/wp\/v2\/media?parent=84"}],"curies":[{"name":"wp","href":"https:\/\/api.w.org\/{rel}","templated":true}]}}