{"id":839,"date":"2025-11-24T14:34:12","date_gmt":"2025-11-24T13:34:12","guid":{"rendered":"https:\/\/agora.xtec.cat\/escoladelsencants\/?page_id=839"},"modified":"2025-11-25T13:02:53","modified_gmt":"2025-11-25T12:02:53","slug":"projecte-de-convivencia","status":"publish","type":"page","link":"https:\/\/agora.xtec.cat\/escoladelsencants\/projecte-de-convivencia\/","title":{"rendered":"Projecte de conviv\u00e8ncia"},"content":{"rendered":"<p>El <strong>Projecte de conviv\u00e8ncia de l\u2019Escola dels Encants<\/strong> \u00e9s el marc que orienta totes les accions destinades a garantir un clima escolar respectu\u00f3s, inclusiu i positiu. T\u00e9 com a objectiu fomentar relacions basades en el di\u00e0leg, la cooperaci\u00f3 i la mediaci\u00f3, assegurant que cada infant se senti escoltat i valorat dins la comunitat educativa. Aquest projecte recull estrat\u00e8gies per prevenir i resoldre conflictes, promoure la responsabilitat compartida i consolidar valors com la toler\u00e0ncia, l\u2019empatia i la solidaritat. D\u2019aquesta manera, la conviv\u00e8ncia esdev\u00e9 un pilar fonamental del nostre centre, que ens permet cr\u00e9ixer junts i construir una escola on el benestar i l\u2019aprenentatge van de la m\u00e0.<\/p>\n<p><a href=\"https:\/\/agora.xtec.cat\/escoladelsencants\/wp-content\/uploads\/usu2942\/bp-attachments\/615\/Projecte-de-convivencia.pdf\">Projecte de conviv\u00e8ncia<\/a><\/p>\n<h2><\/h2>\n","protected":false},"excerpt":{"rendered":"<p>El Projecte de conviv\u00e8ncia de l\u2019Escola dels Encants \u00e9s el marc que orienta totes les accions destinades a garantir un [&hellip;]<\/p>\n","protected":false},"author":1,"featured_media":0,"parent":0,"menu_order":0,"comment_status":"closed","ping_status":"closed","template":"","meta":{"_bbp_topic_count":0,"_bbp_reply_count":0,"_bbp_total_topic_count":0,"_bbp_total_reply_count":0,"_bbp_voice_count":0,"_bbp_anonymous_reply_count":0,"_bbp_topic_count_hidden":0,"_bbp_reply_count_hidden":0,"_bbp_forum_subforum_count":0,"site-sidebar-layout":"default","site-content-layout":"","ast-site-content-layout":"default","site-content-style":"default","site-sidebar-style":"default","ast-global-header-display":"","ast-banner-title-visibility":"","ast-main-header-display":"","ast-hfb-above-header-display":"","ast-hfb-below-header-display":"","ast-hfb-mobile-header-display":"","site-post-title":"","ast-breadcrumbs-content":"","ast-featured-img":"","footer-sml-layout":"","theme-transparent-header-meta":"default","adv-header-id-meta":"","stick-header-meta":"","header-above-stick-meta":"","header-main-stick-meta":"","header-below-stick-meta":"","astra-migrate-meta-layouts":"set","ast-page-background-enabled":"default","ast-page-background-meta":{"desktop":{"background-color":"var(--ast-global-color-4)","background-image":"","background-repeat":"repeat","background-position":"center center","background-size":"auto","background-attachment":"scroll","background-type":"","background-media":"","overlay-type":"","overlay-color":"","overlay-opacity":"","overlay-gradient":""},"tablet":{"background-color":"","background-image":"","background-repeat":"repeat","background-position":"center center","background-size":"auto","background-attachment":"scroll","background-type":"","background-media":"","overlay-type":"","overlay-color":"","overlay-opacity":"","overlay-gradient":""},"mobile":{"background-color":"","background-image":"","background-repeat":"repeat","background-position":"center center","background-size":"auto","background-attachment":"scroll","background-type":"","background-media":"","overlay-type":"","overlay-color":"","overlay-opacity":"","overlay-gradient":""}},"ast-content-background-meta":{"desktop":{"background-color":"var(--ast-global-color-5)","background-image":"","background-repeat":"repeat","background-position":"center center","background-size":"auto","background-attachment":"scroll","background-type":"","background-media":"","overlay-type":"","overlay-color":"","overlay-opacity":"","overlay-gradient":""},"tablet":{"background-color":"var(--ast-global-color-5)","background-image":"","background-repeat":"repeat","background-position":"center center","background-size":"auto","background-attachment":"scroll","background-type":"","background-media":"","overlay-type":"","overlay-color":"","overlay-opacity":"","overlay-gradient":""},"mobile":{"background-color":"var(--ast-global-color-5)","background-image":"","background-repeat":"repeat","background-position":"center center","background-size":"auto","background-attachment":"scroll","background-type":"","background-media":"","overlay-type":"","overlay-color":"","overlay-opacity":"","overlay-gradient":""}},"footnotes":""},"class_list":["post-839","page","type-page","status-publish","hentry"],"post_mailing_queue_ids":[],"_links":{"self":[{"href":"https:\/\/agora.xtec.cat\/escoladelsencants\/wp-json\/wp\/v2\/pages\/839","targetHints":{"allow":["GET"]}}],"collection":[{"href":"https:\/\/agora.xtec.cat\/escoladelsencants\/wp-json\/wp\/v2\/pages"}],"about":[{"href":"https:\/\/agora.xtec.cat\/escoladelsencants\/wp-json\/wp\/v2\/types\/page"}],"author":[{"embeddable":true,"href":"https:\/\/agora.xtec.cat\/escoladelsencants\/wp-json\/wp\/v2\/users\/1"}],"replies":[{"embeddable":true,"href":"https:\/\/agora.xtec.cat\/escoladelsencants\/wp-json\/wp\/v2\/comments?post=839"}],"version-history":[{"count":2,"href":"https:\/\/agora.xtec.cat\/escoladelsencants\/wp-json\/wp\/v2\/pages\/839\/revisions"}],"predecessor-version":[{"id":841,"href":"https:\/\/agora.xtec.cat\/escoladelsencants\/wp-json\/wp\/v2\/pages\/839\/revisions\/841"}],"wp:attachment":[{"href":"https:\/\/agora.xtec.cat\/escoladelsencants\/wp-json\/wp\/v2\/media?parent=839"}],"curies":[{"name":"wp","href":"https:\/\/api.w.org\/{rel}","templated":true}]}}