{"id":836,"date":"2025-11-24T14:29:02","date_gmt":"2025-11-24T13:29:02","guid":{"rendered":"https:\/\/agora.xtec.cat\/escoladelsencants\/?page_id=836"},"modified":"2025-11-25T13:11:23","modified_gmt":"2025-11-25T12:11:23","slug":"projecte-linguistic","status":"publish","type":"page","link":"https:\/\/agora.xtec.cat\/escoladelsencants\/projecte-linguistic\/","title":{"rendered":"Projecte Ling\u00fc\u00edstic"},"content":{"rendered":"<p>El <strong>Projecte Ling\u00fc\u00edstic <\/strong>de l\u2019Escola dels Encants \u00e9s el document que defineix l\u2019\u00fas, l\u2019aprenentatge i la conviv\u00e8ncia de les lleng\u00fces dins del nostre centre. T\u00e9 com a objectiu garantir que tots els infants adquireixin una s\u00f2lida compet\u00e8ncia comunicativa, respectant la diversitat ling\u00fc\u00edstica i cultural que ens enriqueix com a comunitat. El projecte estableix criteris sobre la pres\u00e8ncia i l\u2019\u00fas del catal\u00e0, el castell\u00e0 i les lleng\u00fces estrangeres, promovent alhora el respecte per les lleng\u00fces familiars dels alumnes. D\u2019aquesta manera, assegurem que la llengua sigui una eina de cohesi\u00f3, d\u2019inclusi\u00f3 i d\u2019aprenentatge, i que cada nen i nena pugui expressar-se, comprendre i cr\u00e9ixer en un entorn pluriling\u00fce i obert al m\u00f3n.<\/p>\n<p><a href=\"https:\/\/agora.xtec.cat\/escoladelsencants\/wp-content\/uploads\/usu2942\/2025\/11\/Projecte-linguistic-Escola-dels-Encants-1.pdf\">Projecte ling\u00fc\u00edstic Escola dels Encants<\/a><\/p>\n","protected":false},"excerpt":{"rendered":"<p>El Projecte Ling\u00fc\u00edstic de l\u2019Escola dels Encants \u00e9s el document que defineix l\u2019\u00fas, l\u2019aprenentatge i la conviv\u00e8ncia de les lleng\u00fces [&hellip;]<\/p>\n","protected":false},"author":1,"featured_media":0,"parent":0,"menu_order":0,"comment_status":"closed","ping_status":"closed","template":"","meta":{"_bbp_topic_count":0,"_bbp_reply_count":0,"_bbp_total_topic_count":0,"_bbp_total_reply_count":0,"_bbp_voice_count":0,"_bbp_anonymous_reply_count":0,"_bbp_topic_count_hidden":0,"_bbp_reply_count_hidden":0,"_bbp_forum_subforum_count":0,"site-sidebar-layout":"default","site-content-layout":"","ast-site-content-layout":"default","site-content-style":"default","site-sidebar-style":"default","ast-global-header-display":"","ast-banner-title-visibility":"","ast-main-header-display":"","ast-hfb-above-header-display":"","ast-hfb-below-header-display":"","ast-hfb-mobile-header-display":"","site-post-title":"","ast-breadcrumbs-content":"","ast-featured-img":"","footer-sml-layout":"","theme-transparent-header-meta":"default","adv-header-id-meta":"","stick-header-meta":"","header-above-stick-meta":"","header-main-stick-meta":"","header-below-stick-meta":"","astra-migrate-meta-layouts":"set","ast-page-background-enabled":"default","ast-page-background-meta":{"desktop":{"background-color":"var(--ast-global-color-4)","background-image":"","background-repeat":"repeat","background-position":"center center","background-size":"auto","background-attachment":"scroll","background-type":"","background-media":"","overlay-type":"","overlay-color":"","overlay-opacity":"","overlay-gradient":""},"tablet":{"background-color":"","background-image":"","background-repeat":"repeat","background-position":"center center","background-size":"auto","background-attachment":"scroll","background-type":"","background-media":"","overlay-type":"","overlay-color":"","overlay-opacity":"","overlay-gradient":""},"mobile":{"background-color":"","background-image":"","background-repeat":"repeat","background-position":"center center","background-size":"auto","background-attachment":"scroll","background-type":"","background-media":"","overlay-type":"","overlay-color":"","overlay-opacity":"","overlay-gradient":""}},"ast-content-background-meta":{"desktop":{"background-color":"var(--ast-global-color-5)","background-image":"","background-repeat":"repeat","background-position":"center center","background-size":"auto","background-attachment":"scroll","background-type":"","background-media":"","overlay-type":"","overlay-color":"","overlay-opacity":"","overlay-gradient":""},"tablet":{"background-color":"var(--ast-global-color-5)","background-image":"","background-repeat":"repeat","background-position":"center center","background-size":"auto","background-attachment":"scroll","background-type":"","background-media":"","overlay-type":"","overlay-color":"","overlay-opacity":"","overlay-gradient":""},"mobile":{"background-color":"var(--ast-global-color-5)","background-image":"","background-repeat":"repeat","background-position":"center center","background-size":"auto","background-attachment":"scroll","background-type":"","background-media":"","overlay-type":"","overlay-color":"","overlay-opacity":"","overlay-gradient":""}},"footnotes":""},"class_list":["post-836","page","type-page","status-publish","hentry"],"post_mailing_queue_ids":[],"_links":{"self":[{"href":"https:\/\/agora.xtec.cat\/escoladelsencants\/wp-json\/wp\/v2\/pages\/836","targetHints":{"allow":["GET"]}}],"collection":[{"href":"https:\/\/agora.xtec.cat\/escoladelsencants\/wp-json\/wp\/v2\/pages"}],"about":[{"href":"https:\/\/agora.xtec.cat\/escoladelsencants\/wp-json\/wp\/v2\/types\/page"}],"author":[{"embeddable":true,"href":"https:\/\/agora.xtec.cat\/escoladelsencants\/wp-json\/wp\/v2\/users\/1"}],"replies":[{"embeddable":true,"href":"https:\/\/agora.xtec.cat\/escoladelsencants\/wp-json\/wp\/v2\/comments?post=836"}],"version-history":[{"count":2,"href":"https:\/\/agora.xtec.cat\/escoladelsencants\/wp-json\/wp\/v2\/pages\/836\/revisions"}],"predecessor-version":[{"id":859,"href":"https:\/\/agora.xtec.cat\/escoladelsencants\/wp-json\/wp\/v2\/pages\/836\/revisions\/859"}],"wp:attachment":[{"href":"https:\/\/agora.xtec.cat\/escoladelsencants\/wp-json\/wp\/v2\/media?parent=836"}],"curies":[{"name":"wp","href":"https:\/\/api.w.org\/{rel}","templated":true}]}}