{"id":827,"date":"2025-11-24T14:21:57","date_gmt":"2025-11-24T13:21:57","guid":{"rendered":"https:\/\/agora.xtec.cat\/escoladelsencants\/?page_id=827"},"modified":"2025-11-24T14:22:00","modified_gmt":"2025-11-24T13:22:00","slug":"pla-daccio-tutorial-pat","status":"publish","type":"page","link":"https:\/\/agora.xtec.cat\/escoladelsencants\/pla-daccio-tutorial-pat\/","title":{"rendered":"Pla d&#8217;acci\u00f3 tutorial (PAT)"},"content":{"rendered":"<p>El <strong>Pla d&#8217;Acci\u00f3 Tutorial (PAT) <\/strong>de l\u2019Escola dels Encants \u00e9s l\u2019eina que articula l\u2019acompanyament personal, emocional i acad\u00e8mic dels infants al llarg de la seva escolaritat. T\u00e9 com a objectiu afavorir el desenvolupament integral de cada alumne, vetllar pel seu benestar i establir una relaci\u00f3 de confian\u00e7a entre escola i fam\u00edlies. A trav\u00e9s del Pla d\u2019Acci\u00f3 Tutorial es promouen espais de di\u00e0leg, orientaci\u00f3 i seguiment individualitzat, alhora que es treballen valors com la conviv\u00e8ncia, la responsabilitat i la participaci\u00f3 activa dins la comunitat educativa. El PAT \u00e9s, doncs, un instrument clau per garantir que cada infnat se senti escoltat, valorat i acompanyat en el seu proc\u00e9s de creixement i aprenentatge.<\/p>\n<p><a href=\"https:\/\/agora.xtec.cat\/escoladelsencants\/wp-content\/uploads\/usu2942\/bp-attachments\/606\/Pla-dAccio-Tutorial.pdf\">Pla d&#8217;Acci\u00f3 Tutorial<\/a><\/p>\n","protected":false},"excerpt":{"rendered":"<p>El Pla d&#8217;Acci\u00f3 Tutorial (PAT) de l\u2019Escola dels Encants \u00e9s l\u2019eina que articula l\u2019acompanyament personal, emocional i acad\u00e8mic dels infants [&hellip;]<\/p>\n","protected":false},"author":1,"featured_media":0,"parent":0,"menu_order":0,"comment_status":"closed","ping_status":"closed","template":"","meta":{"_bbp_topic_count":0,"_bbp_reply_count":0,"_bbp_total_topic_count":0,"_bbp_total_reply_count":0,"_bbp_voice_count":0,"_bbp_anonymous_reply_count":0,"_bbp_topic_count_hidden":0,"_bbp_reply_count_hidden":0,"_bbp_forum_subforum_count":0,"site-sidebar-layout":"default","site-content-layout":"","ast-site-content-layout":"default","site-content-style":"default","site-sidebar-style":"default","ast-global-header-display":"","ast-banner-title-visibility":"","ast-main-header-display":"","ast-hfb-above-header-display":"","ast-hfb-below-header-display":"","ast-hfb-mobile-header-display":"","site-post-title":"","ast-breadcrumbs-content":"","ast-featured-img":"","footer-sml-layout":"","theme-transparent-header-meta":"default","adv-header-id-meta":"","stick-header-meta":"","header-above-stick-meta":"","header-main-stick-meta":"","header-below-stick-meta":"","astra-migrate-meta-layouts":"set","ast-page-background-enabled":"default","ast-page-background-meta":{"desktop":{"background-color":"var(--ast-global-color-4)","background-image":"","background-repeat":"repeat","background-position":"center center","background-size":"auto","background-attachment":"scroll","background-type":"","background-media":"","overlay-type":"","overlay-color":"","overlay-opacity":"","overlay-gradient":""},"tablet":{"background-color":"","background-image":"","background-repeat":"repeat","background-position":"center center","background-size":"auto","background-attachment":"scroll","background-type":"","background-media":"","overlay-type":"","overlay-color":"","overlay-opacity":"","overlay-gradient":""},"mobile":{"background-color":"","background-image":"","background-repeat":"repeat","background-position":"center center","background-size":"auto","background-attachment":"scroll","background-type":"","background-media":"","overlay-type":"","overlay-color":"","overlay-opacity":"","overlay-gradient":""}},"ast-content-background-meta":{"desktop":{"background-color":"var(--ast-global-color-5)","background-image":"","background-repeat":"repeat","background-position":"center center","background-size":"auto","background-attachment":"scroll","background-type":"","background-media":"","overlay-type":"","overlay-color":"","overlay-opacity":"","overlay-gradient":""},"tablet":{"background-color":"var(--ast-global-color-5)","background-image":"","background-repeat":"repeat","background-position":"center center","background-size":"auto","background-attachment":"scroll","background-type":"","background-media":"","overlay-type":"","overlay-color":"","overlay-opacity":"","overlay-gradient":""},"mobile":{"background-color":"var(--ast-global-color-5)","background-image":"","background-repeat":"repeat","background-position":"center center","background-size":"auto","background-attachment":"scroll","background-type":"","background-media":"","overlay-type":"","overlay-color":"","overlay-opacity":"","overlay-gradient":""}},"footnotes":""},"class_list":["post-827","page","type-page","status-publish","hentry"],"post_mailing_queue_ids":[],"_links":{"self":[{"href":"https:\/\/agora.xtec.cat\/escoladelsencants\/wp-json\/wp\/v2\/pages\/827","targetHints":{"allow":["GET"]}}],"collection":[{"href":"https:\/\/agora.xtec.cat\/escoladelsencants\/wp-json\/wp\/v2\/pages"}],"about":[{"href":"https:\/\/agora.xtec.cat\/escoladelsencants\/wp-json\/wp\/v2\/types\/page"}],"author":[{"embeddable":true,"href":"https:\/\/agora.xtec.cat\/escoladelsencants\/wp-json\/wp\/v2\/users\/1"}],"replies":[{"embeddable":true,"href":"https:\/\/agora.xtec.cat\/escoladelsencants\/wp-json\/wp\/v2\/comments?post=827"}],"version-history":[{"count":1,"href":"https:\/\/agora.xtec.cat\/escoladelsencants\/wp-json\/wp\/v2\/pages\/827\/revisions"}],"predecessor-version":[{"id":828,"href":"https:\/\/agora.xtec.cat\/escoladelsencants\/wp-json\/wp\/v2\/pages\/827\/revisions\/828"}],"wp:attachment":[{"href":"https:\/\/agora.xtec.cat\/escoladelsencants\/wp-json\/wp\/v2\/media?parent=827"}],"curies":[{"name":"wp","href":"https:\/\/api.w.org\/{rel}","templated":true}]}}