{"id":82,"date":"2014-09-18T14:10:51","date_gmt":"2014-09-18T13:10:51","guid":{"rendered":"http:\/\/agora.xtec.cat\/escoladelsencants\/?page_id=82"},"modified":"2026-02-27T13:29:47","modified_gmt":"2026-02-27T12:29:47","slug":"casal-destiu","status":"publish","type":"page","link":"https:\/\/agora.xtec.cat\/escoladelsencants\/serveis\/casal-destiu\/","title":{"rendered":"Casal d&#8217;estiu"},"content":{"rendered":"<p>Aquest estiu, durant el mes de juliol, l\u2019Escola dels Encants tornar\u00e0 a oferir <strong>Casal d\u2019Estiu<\/strong> perqu\u00e8 els infants puguin gaudir d\u2019estones divertides, creatives i plenes d\u2019aprenentatges en un entorn conegut i segur. El casal \u00e9s una oportunitat perqu\u00e8 els nens i nenes comparteixin jocs, tallers i activitats l\u00fadiques mentre les fam\u00edlies poden conciliar millor durant aquest per\u00edode.<\/p>\n<p>Per poder organitzar-lo amb la mirada i les necessitats de tota la comunitat, <strong>necessitem la participaci\u00f3 de les fam\u00edlies<\/strong>. La vostra opini\u00f3 \u00e9s clau per decidir quin model de casal volem, quines propostes s\u2019ajusten millor al nostre projecte i com garantir que tothom hi tingui acc\u00e9s.<\/p>\n<h3><\/h3>\n<p>Des de l\u2019AFA fem una <strong>CRIDA URGENT A VOLUNTARIS\/ES<\/strong> per crear el <strong>Grup de Treball del Casal d\u2019Estiu<\/strong>. Aquest grup ser\u00e0 l\u2019encarregat de:<\/p>\n<ul>\n<li>Valorar les diferents propostes rebudes.<\/li>\n<li>Homologar-les per garantir l\u2019acc\u00e9s a beques.<\/li>\n<li>Presentar la proposta final al Consell Escolar per a la seva aprovaci\u00f3.<\/li>\n<\/ul>\n<p>\u00c9s una tasca temporal per\u00f2 molt important per assegurar que el casal respongui a les necessitats reals de les fam\u00edlies i mantingui l\u2019ess\u00e8ncia de la nostra escola. Si voleu participar-hi, nom\u00e9s cal que envieu un correu a: \ud83d\udce7 <strong>afa.afaencants@gmail.comi\u00a0<\/strong><\/p>\n<p>Si voleu m\u00e9s informaci\u00f3 podeu consultar la <a href=\"https:\/\/afaescoladelsencants.cat\/casal-destiu\/\">p\u00e0gina web de l&#8217;AFA<\/a>.<\/p>\n<p>&nbsp;<\/p>\n<p>&nbsp;<\/p>\n<p>&nbsp;<\/p>\n","protected":false},"excerpt":{"rendered":"<p>Aquest estiu, durant el mes de juliol, l\u2019Escola dels Encants tornar\u00e0 a oferir Casal d\u2019Estiu perqu\u00e8 els infants puguin gaudir [&hellip;]<\/p>\n","protected":false},"author":1,"featured_media":0,"parent":66,"menu_order":50,"comment_status":"closed","ping_status":"closed","template":"","meta":{"_bbp_topic_count":0,"_bbp_reply_count":0,"_bbp_total_topic_count":0,"_bbp_total_reply_count":0,"_bbp_voice_count":0,"_bbp_anonymous_reply_count":0,"_bbp_topic_count_hidden":0,"_bbp_reply_count_hidden":0,"_bbp_forum_subforum_count":0,"site-sidebar-layout":"default","site-content-layout":"","ast-site-content-layout":"default","site-content-style":"default","site-sidebar-style":"default","ast-global-header-display":"","ast-banner-title-visibility":"","ast-main-header-display":"","ast-hfb-above-header-display":"","ast-hfb-below-header-display":"","ast-hfb-mobile-header-display":"","site-post-title":"","ast-breadcrumbs-content":"","ast-featured-img":"","footer-sml-layout":"","theme-transparent-header-meta":"default","adv-header-id-meta":"","stick-header-meta":"","header-above-stick-meta":"","header-main-stick-meta":"","header-below-stick-meta":"","astra-migrate-meta-layouts":"set","ast-page-background-enabled":"default","ast-page-background-meta":{"desktop":{"background-color":"var(--ast-global-color-4)","background-image":"","background-repeat":"repeat","background-position":"center center","background-size":"auto","background-attachment":"scroll","background-type":"","background-media":"","overlay-type":"","overlay-color":"","overlay-opacity":"","overlay-gradient":""},"tablet":{"background-color":"","background-image":"","background-repeat":"repeat","background-position":"center center","background-size":"auto","background-attachment":"scroll","background-type":"","background-media":"","overlay-type":"","overlay-color":"","overlay-opacity":"","overlay-gradient":""},"mobile":{"background-color":"","background-image":"","background-repeat":"repeat","background-position":"center center","background-size":"auto","background-attachment":"scroll","background-type":"","background-media":"","overlay-type":"","overlay-color":"","overlay-opacity":"","overlay-gradient":""}},"ast-content-background-meta":{"desktop":{"background-color":"var(--ast-global-color-5)","background-image":"","background-repeat":"repeat","background-position":"center center","background-size":"auto","background-attachment":"scroll","background-type":"","background-media":"","overlay-type":"","overlay-color":"","overlay-opacity":"","overlay-gradient":""},"tablet":{"background-color":"var(--ast-global-color-5)","background-image":"","background-repeat":"repeat","background-position":"center center","background-size":"auto","background-attachment":"scroll","background-type":"","background-media":"","overlay-type":"","overlay-color":"","overlay-opacity":"","overlay-gradient":""},"mobile":{"background-color":"var(--ast-global-color-5)","background-image":"","background-repeat":"repeat","background-position":"center center","background-size":"auto","background-attachment":"scroll","background-type":"","background-media":"","overlay-type":"","overlay-color":"","overlay-opacity":"","overlay-gradient":""}},"footnotes":""},"class_list":["post-82","page","type-page","status-publish","hentry"],"post_mailing_queue_ids":[],"_links":{"self":[{"href":"https:\/\/agora.xtec.cat\/escoladelsencants\/wp-json\/wp\/v2\/pages\/82","targetHints":{"allow":["GET"]}}],"collection":[{"href":"https:\/\/agora.xtec.cat\/escoladelsencants\/wp-json\/wp\/v2\/pages"}],"about":[{"href":"https:\/\/agora.xtec.cat\/escoladelsencants\/wp-json\/wp\/v2\/types\/page"}],"author":[{"embeddable":true,"href":"https:\/\/agora.xtec.cat\/escoladelsencants\/wp-json\/wp\/v2\/users\/1"}],"replies":[{"embeddable":true,"href":"https:\/\/agora.xtec.cat\/escoladelsencants\/wp-json\/wp\/v2\/comments?post=82"}],"version-history":[{"count":1,"href":"https:\/\/agora.xtec.cat\/escoladelsencants\/wp-json\/wp\/v2\/pages\/82\/revisions"}],"predecessor-version":[{"id":1171,"href":"https:\/\/agora.xtec.cat\/escoladelsencants\/wp-json\/wp\/v2\/pages\/82\/revisions\/1171"}],"up":[{"embeddable":true,"href":"https:\/\/agora.xtec.cat\/escoladelsencants\/wp-json\/wp\/v2\/pages\/66"}],"wp:attachment":[{"href":"https:\/\/agora.xtec.cat\/escoladelsencants\/wp-json\/wp\/v2\/media?parent=82"}],"curies":[{"name":"wp","href":"https:\/\/api.w.org\/{rel}","templated":true}]}}