{"id":796,"date":"2025-11-24T13:06:34","date_gmt":"2025-11-24T12:06:34","guid":{"rendered":"https:\/\/agora.xtec.cat\/escoladelsencants\/?page_id=796"},"modified":"2025-11-24T13:33:32","modified_gmt":"2025-11-24T12:33:32","slug":"consell-dinfants","status":"publish","type":"page","link":"https:\/\/agora.xtec.cat\/escoladelsencants\/consell-dinfants\/","title":{"rendered":"Consell d&#8217;infants"},"content":{"rendered":"<h2>Consell d&#8217;infants<\/h2>\n<p>El nostre projecte pedag\u00f2gic de participaci\u00f3 infantil, est\u00e0 inspirat en les propostes del professor Tonucci al seu llibre \u201cLa Ciutat dels Infants\u201d. Les seves iniciatives van en la\u00a0 l\u00ednia de repensar l\u2019entorn urb\u00e0 partint de la mirada dels nen, centra l\u2019atenci\u00f3 en la manera com veuen ells el seu entorn. Nosaltres sabem que els infants tenen molt a dir-nos i ens interessa saber la seva opini\u00f3 en aspectes de la seva vida i de la seva educaci\u00f3. El consell d\u2019infants de la nostra escola neix per permetre als propis infants fer un pas m\u00e9s en la seva educaci\u00f3.<\/p>\n<p>Considerem a l\u2019infant com a ciutad\u00e0 de ple dret que pot ajudar-nos a construir una escola i una ciutat millor i m\u00e9s justa per a tothom. \u00c9s una proposta d\u2019educaci\u00f3 en valors que vol sensibilitzar als infants i la comunitat educativa en general, sobre la participaci\u00f3 ciutadana. Cada comunitat t\u00e9 un consell d&#8217;infants on es debaten aquells aspectes m\u00e9s rellevants de la nostra vida a l&#8217;escola.<\/p>\n<p>A cada ambient de l&#8217;escola hi ha d&#8217;haver dues persones que fan les funcions de delegats de grup, establint un canal de comunicaci\u00f3 entre l&#8217;escola i la resta de fam\u00edlies de l&#8217;ambient.<\/p>\n<p>Aqu\u00ed teniu un document que recull les funcions i caracter\u00edstiques del rol de delegat: <a href=\"https:\/\/agora.xtec.cat\/escoladelsencants\/wp-content\/uploads\/usu2942\/2025\/02\/normativa_delegats_ambients_01-11-19.pdf\">normativa_delegats_ambients<\/a><\/p>\n","protected":false},"excerpt":{"rendered":"<p>Consell d&#8217;infants El nostre projecte pedag\u00f2gic de participaci\u00f3 infantil, est\u00e0 inspirat en les propostes del professor Tonucci al seu llibre [&hellip;]<\/p>\n","protected":false},"author":1,"featured_media":0,"parent":0,"menu_order":0,"comment_status":"closed","ping_status":"closed","template":"","meta":{"_bbp_topic_count":0,"_bbp_reply_count":0,"_bbp_total_topic_count":0,"_bbp_total_reply_count":0,"_bbp_voice_count":0,"_bbp_anonymous_reply_count":0,"_bbp_topic_count_hidden":0,"_bbp_reply_count_hidden":0,"_bbp_forum_subforum_count":0,"site-sidebar-layout":"default","site-content-layout":"","ast-site-content-layout":"default","site-content-style":"default","site-sidebar-style":"default","ast-global-header-display":"","ast-banner-title-visibility":"","ast-main-header-display":"","ast-hfb-above-header-display":"","ast-hfb-below-header-display":"","ast-hfb-mobile-header-display":"","site-post-title":"","ast-breadcrumbs-content":"","ast-featured-img":"","footer-sml-layout":"","theme-transparent-header-meta":"default","adv-header-id-meta":"","stick-header-meta":"","header-above-stick-meta":"","header-main-stick-meta":"","header-below-stick-meta":"","astra-migrate-meta-layouts":"set","ast-page-background-enabled":"default","ast-page-background-meta":{"desktop":{"background-color":"var(--ast-global-color-4)","background-image":"","background-repeat":"repeat","background-position":"center center","background-size":"auto","background-attachment":"scroll","background-type":"","background-media":"","overlay-type":"","overlay-color":"","overlay-opacity":"","overlay-gradient":""},"tablet":{"background-color":"","background-image":"","background-repeat":"repeat","background-position":"center center","background-size":"auto","background-attachment":"scroll","background-type":"","background-media":"","overlay-type":"","overlay-color":"","overlay-opacity":"","overlay-gradient":""},"mobile":{"background-color":"","background-image":"","background-repeat":"repeat","background-position":"center center","background-size":"auto","background-attachment":"scroll","background-type":"","background-media":"","overlay-type":"","overlay-color":"","overlay-opacity":"","overlay-gradient":""}},"ast-content-background-meta":{"desktop":{"background-color":"var(--ast-global-color-5)","background-image":"","background-repeat":"repeat","background-position":"center center","background-size":"auto","background-attachment":"scroll","background-type":"","background-media":"","overlay-type":"","overlay-color":"","overlay-opacity":"","overlay-gradient":""},"tablet":{"background-color":"var(--ast-global-color-5)","background-image":"","background-repeat":"repeat","background-position":"center center","background-size":"auto","background-attachment":"scroll","background-type":"","background-media":"","overlay-type":"","overlay-color":"","overlay-opacity":"","overlay-gradient":""},"mobile":{"background-color":"var(--ast-global-color-5)","background-image":"","background-repeat":"repeat","background-position":"center center","background-size":"auto","background-attachment":"scroll","background-type":"","background-media":"","overlay-type":"","overlay-color":"","overlay-opacity":"","overlay-gradient":""}},"footnotes":""},"class_list":["post-796","page","type-page","status-publish","hentry"],"post_mailing_queue_ids":[],"_links":{"self":[{"href":"https:\/\/agora.xtec.cat\/escoladelsencants\/wp-json\/wp\/v2\/pages\/796","targetHints":{"allow":["GET"]}}],"collection":[{"href":"https:\/\/agora.xtec.cat\/escoladelsencants\/wp-json\/wp\/v2\/pages"}],"about":[{"href":"https:\/\/agora.xtec.cat\/escoladelsencants\/wp-json\/wp\/v2\/types\/page"}],"author":[{"embeddable":true,"href":"https:\/\/agora.xtec.cat\/escoladelsencants\/wp-json\/wp\/v2\/users\/1"}],"replies":[{"embeddable":true,"href":"https:\/\/agora.xtec.cat\/escoladelsencants\/wp-json\/wp\/v2\/comments?post=796"}],"version-history":[{"count":2,"href":"https:\/\/agora.xtec.cat\/escoladelsencants\/wp-json\/wp\/v2\/pages\/796\/revisions"}],"predecessor-version":[{"id":799,"href":"https:\/\/agora.xtec.cat\/escoladelsencants\/wp-json\/wp\/v2\/pages\/796\/revisions\/799"}],"wp:attachment":[{"href":"https:\/\/agora.xtec.cat\/escoladelsencants\/wp-json\/wp\/v2\/media?parent=796"}],"curies":[{"name":"wp","href":"https:\/\/api.w.org\/{rel}","templated":true}]}}