{"id":784,"date":"2025-11-21T14:19:32","date_gmt":"2025-11-21T13:19:32","guid":{"rendered":"https:\/\/agora.xtec.cat\/escoladelsencants\/?page_id=784"},"modified":"2025-11-25T14:14:49","modified_gmt":"2025-11-25T13:14:49","slug":"la-vida-a-lescola","status":"publish","type":"page","link":"https:\/\/agora.xtec.cat\/escoladelsencants\/la-vida-a-lescola\/","title":{"rendered":"Comunitats"},"content":{"rendered":"<p>L\u2019organitzaci\u00f3 de l\u2019Escola es basa en una estructura en <strong>grups heterogenis<\/strong> que respon a les necessitats evolutives dels infants i afavoreix la creaci\u00f3 de vincles profunds i estables al llarg dels anys. Aquest model permet que nenes i nens, juntament amb les seves fam\u00edlies i els equips educatius, comparteixin un mateix espai de creixement, aprenentatge i conviv\u00e8ncia. Cada comunitat esdev\u00e9 un entorn acollidor i proper, amb un projecte educatiu propi que garanteix continu\u00eftat, coher\u00e8ncia i atenci\u00f3 personalitzada. A trav\u00e9s de grups d\u2019edats heterog\u00e8nies, l\u2019escola promou el respecte pels ritmes individuals, l\u2019aprenentatge entre iguals i la participaci\u00f3 activa en la vida col\u00b7lectiva, afavorint aix\u00ed un clima de cura, confian\u00e7a i desenvolupament integral.<\/p>\n<p><strong>Com<\/strong><strong style=\"font-size: 16px;\">unitat de Petits: <\/strong><span style=\"font-size: 16px;\">amb infants de 3, 4 i 5 anys, nenes i nens d\u2019educaci\u00f3 infantil i llurs fam\u00edlies que juntament amb les mestres, educadors i educadores formen una comunitat on al llarg de tres anys establiran els vincles i les relacions que els permetran sentir-se part important de l\u2019escola. Cada dia el joc els conduir\u00e0 a anar descobrint com s\u00f3n i els permetr\u00e0 establir vincles amb el seu entorn.<\/span><\/p>\n<p><strong>Comunitat de Mitjans: <\/strong><span style=\"font-size: 16px;\">amb infants de 1r, 2n i 3r curs, les seves fam\u00edlies i l\u2019equip de mestres i educadors d\u2019aquesta comunitat, aqu\u00ed tamb\u00e9 al llarg de tres anys aprendran a ser i a compartir, a establir rel<\/span><span style=\"font-size: 16px;\">acions importants amb els seus cohetanis i els adults, a posar-se reptes nous a descobrir com \u00e9s el m\u00f3n que els envolta i a trobar respostes als dubtes i incerteses que els planteja la vida.<\/span><\/p>\n<p><strong>Comunitat de Grans: <\/strong><span style=\"font-size: 16px;\">amb nenes i nens de 4rt, 5\u00e8 i 6\u00e8 curs, les seves fam\u00edlies i l\u2019equip de mestres i educadors d\u2019aquesta comunitat que en els tres darrers anys de vida a l\u2019escola gaudiran de ser com s\u00f3n i es proposaran reptes de millora, esdevindran cr\u00edtics per investigar com \u00e9s el seu entorn i poder actuar sobre ell amb la finalitat de fer un m\u00f3n m\u00e9s just i millor. Cada una d\u2019aquestes comunitats funciona com un cicle aut\u00f2nom amb un projecte educatiu com\u00fa. Cada comunitat t\u00e9 una coordinadora de comunitat, una coordinadora d\u2019atenci\u00f3 a la diversitat i una de les persones de l\u2019equip directiu com a referent. Els infants treballen en grups heterogenis d\u2019edat, aix\u00f2 permet adaptar els ritmes escolars als seus ritmes personals, respectar els seus processos interns, potenciar l\u2019aprenentatge entre iguals, fomentar les zones de desenvolupament proper, integrar diferents rols al llarg de cada comunitat (petit, mitj\u00e0, gran), establir vincles m\u00e9s estrets amb els seus iguals, aprendre a acomiadar i a retrobar, permetre una acollida molt m\u00e9s c\u00e0lida per part dels adults i dels propis infants als nous grups, poder donar i rebre amb m\u00e9s qualitat, cuidar i respectar, tenir un clima molt m\u00e9s calmat i de major respecte i aprendre molt m\u00e9s els uns dels altres.<\/span><\/p>\n<p><a href=\"https:\/\/agora.xtec.cat\/escoladelsencants\/wp-content\/uploads\/usu2942\/2025\/11\/Grups-heterogenis-dedat.pdf\">Grups heterogenis d&#8217;edat<\/a><\/p>\n<p>&nbsp;<\/p>\n<p><img decoding=\"async\" class=\"nothing\" style=\"font-weight: inherit; text-align: -webkit-center;\" src=\"https:\/\/escoladelsencants.cat\/images\/B_Esc-imatges\/desembreCalendari2017.jpg\" alt=\"\" \/><\/p>\n<p>&nbsp;<\/p>\n","protected":false},"excerpt":{"rendered":"<p>L\u2019organitzaci\u00f3 de l\u2019Escola es basa en una estructura en grups heterogenis que respon a les necessitats evolutives dels infants i [&hellip;]<\/p>\n","protected":false},"author":1,"featured_media":0,"parent":0,"menu_order":0,"comment_status":"closed","ping_status":"closed","template":"","meta":{"_bbp_topic_count":0,"_bbp_reply_count":0,"_bbp_total_topic_count":0,"_bbp_total_reply_count":0,"_bbp_voice_count":0,"_bbp_anonymous_reply_count":0,"_bbp_topic_count_hidden":0,"_bbp_reply_count_hidden":0,"_bbp_forum_subforum_count":0,"site-sidebar-layout":"default","site-content-layout":"","ast-site-content-layout":"default","site-content-style":"default","site-sidebar-style":"default","ast-global-header-display":"","ast-banner-title-visibility":"","ast-main-header-display":"","ast-hfb-above-header-display":"","ast-hfb-below-header-display":"","ast-hfb-mobile-header-display":"","site-post-title":"","ast-breadcrumbs-content":"","ast-featured-img":"","footer-sml-layout":"","theme-transparent-header-meta":"default","adv-header-id-meta":"","stick-header-meta":"","header-above-stick-meta":"","header-main-stick-meta":"","header-below-stick-meta":"","astra-migrate-meta-layouts":"set","ast-page-background-enabled":"default","ast-page-background-meta":{"desktop":{"background-color":"var(--ast-global-color-4)","background-image":"","background-repeat":"repeat","background-position":"center center","background-size":"auto","background-attachment":"scroll","background-type":"","background-media":"","overlay-type":"","overlay-color":"","overlay-opacity":"","overlay-gradient":""},"tablet":{"background-color":"","background-image":"","background-repeat":"repeat","background-position":"center center","background-size":"auto","background-attachment":"scroll","background-type":"","background-media":"","overlay-type":"","overlay-color":"","overlay-opacity":"","overlay-gradient":""},"mobile":{"background-color":"","background-image":"","background-repeat":"repeat","background-position":"center center","background-size":"auto","background-attachment":"scroll","background-type":"","background-media":"","overlay-type":"","overlay-color":"","overlay-opacity":"","overlay-gradient":""}},"ast-content-background-meta":{"desktop":{"background-color":"var(--ast-global-color-5)","background-image":"","background-repeat":"repeat","background-position":"center center","background-size":"auto","background-attachment":"scroll","background-type":"","background-media":"","overlay-type":"","overlay-color":"","overlay-opacity":"","overlay-gradient":""},"tablet":{"background-color":"var(--ast-global-color-5)","background-image":"","background-repeat":"repeat","background-position":"center center","background-size":"auto","background-attachment":"scroll","background-type":"","background-media":"","overlay-type":"","overlay-color":"","overlay-opacity":"","overlay-gradient":""},"mobile":{"background-color":"var(--ast-global-color-5)","background-image":"","background-repeat":"repeat","background-position":"center center","background-size":"auto","background-attachment":"scroll","background-type":"","background-media":"","overlay-type":"","overlay-color":"","overlay-opacity":"","overlay-gradient":""}},"footnotes":""},"class_list":["post-784","page","type-page","status-publish","hentry"],"post_mailing_queue_ids":[],"_links":{"self":[{"href":"https:\/\/agora.xtec.cat\/escoladelsencants\/wp-json\/wp\/v2\/pages\/784","targetHints":{"allow":["GET"]}}],"collection":[{"href":"https:\/\/agora.xtec.cat\/escoladelsencants\/wp-json\/wp\/v2\/pages"}],"about":[{"href":"https:\/\/agora.xtec.cat\/escoladelsencants\/wp-json\/wp\/v2\/types\/page"}],"author":[{"embeddable":true,"href":"https:\/\/agora.xtec.cat\/escoladelsencants\/wp-json\/wp\/v2\/users\/1"}],"replies":[{"embeddable":true,"href":"https:\/\/agora.xtec.cat\/escoladelsencants\/wp-json\/wp\/v2\/comments?post=784"}],"version-history":[{"count":5,"href":"https:\/\/agora.xtec.cat\/escoladelsencants\/wp-json\/wp\/v2\/pages\/784\/revisions"}],"predecessor-version":[{"id":877,"href":"https:\/\/agora.xtec.cat\/escoladelsencants\/wp-json\/wp\/v2\/pages\/784\/revisions\/877"}],"wp:attachment":[{"href":"https:\/\/agora.xtec.cat\/escoladelsencants\/wp-json\/wp\/v2\/media?parent=784"}],"curies":[{"name":"wp","href":"https:\/\/api.w.org\/{rel}","templated":true}]}}