{"id":77,"date":"2014-09-18T14:05:08","date_gmt":"2014-09-18T13:05:08","guid":{"rendered":"http:\/\/agora.xtec.cat\/escoladelsencants\/?page_id=77"},"modified":"2025-12-02T17:41:01","modified_gmt":"2025-12-02T16:41:01","slug":"acollida","status":"publish","type":"page","link":"https:\/\/agora.xtec.cat\/escoladelsencants\/serveis\/acollida\/","title":{"rendered":"Acollida"},"content":{"rendered":"<h2 data-start=\"186\" data-end=\"214\">Servei d\u2019acollida d&#8217;Associaci\u00f3 Esportiva Sant Andreu (AESA)<\/h2>\n<p data-start=\"216\" data-end=\"620\">El servei d\u2019acollida gestionat per AESA est\u00e0 pensat per oferir suport a les fam\u00edlies i garantir que els infants tinguin un espai segur i cuidat fora de l\u2019horari lectiu habitual. Aquest servei \u00e9s especialment \u00fatil per facilitar la conciliaci\u00f3 familiar i laboral, i per garantir que els infants estiguin atesos i ben acompanyats quan no poden arribar a l\u2019hora d\u2019inici de les classes o quan surten m\u00e9s tard.<\/p>\n<p data-start=\"216\" data-end=\"620\">\n<h3 data-start=\"622\" data-end=\"646\">Qu\u00e8 inclou el servei?<\/h3>\n<ul data-start=\"648\" data-end=\"1141\">\n<li data-start=\"648\" data-end=\"803\">\n<p data-start=\"650\" data-end=\"803\"><strong data-start=\"650\" data-end=\"670\">Acollida matinal<\/strong>, abans de comen\u00e7ar les classes: , a partir de les 8:00h fins a l&#8217;hora dinici de classes.<\/p>\n<\/li>\n<li data-start=\"804\" data-end=\"970\">\n<p data-start=\"806\" data-end=\"970\"><strong data-start=\"806\" data-end=\"827\">Acollida de tarda<\/strong>, per despr\u00e9s de la sortida de l\u2019escola, quan les fam\u00edlies no poden recollir els infants immediatament es poden quedar a acollida fins les 17:15h.<\/p>\n<\/li>\n<li data-start=\"804\" data-end=\"970\"><\/li>\n<\/ul>\n<h3 data-start=\"1143\" data-end=\"1178\">Caracter\u00edstiques i funcionament<\/h3>\n<ul data-start=\"1180\" data-end=\"1856\">\n<li data-start=\"1180\" data-end=\"1333\">\n<p data-start=\"1182\" data-end=\"1333\">L\u2019acollida pot ser <strong data-start=\"1201\" data-end=\"1209\">fixa<\/strong> (cada dia o hores determinades) o <strong data-start=\"1244\" data-end=\"1258\">espor\u00e0dica<\/strong>, segons les necessitats familiars.<\/p>\n<\/li>\n<li data-start=\"1334\" data-end=\"1518\">\n<p data-start=\"1336\" data-end=\"1518\">Els infants s\u00f3n atesos per monitors i monitores responsables, en un entorn adaptat per jugar, descansar.<\/p>\n<\/li>\n<li data-start=\"1696\" data-end=\"1856\">\n<p data-start=\"1698\" data-end=\"1856\">Les fam\u00edlies poden gestionar la inscripci\u00f3, reserves i pagaments (fixos o puntuals) segons les modalitats disponibles en la seva p\u00e0gina web.<\/p>\n<\/li>\n<\/ul>\n<p>&nbsp;<\/p>\n<h3 data-start=\"1858\" data-end=\"1877\">Per qu\u00e8 \u00e9s \u00fatil?<\/h3>\n<ul data-start=\"1879\" data-end=\"2433\">\n<li data-start=\"1879\" data-end=\"2025\">\n<p data-start=\"1881\" data-end=\"2025\">Facilita la <strong data-start=\"1893\" data-end=\"1927\">conciliaci\u00f3 familiar i laboral<\/strong> en casos on els pares\/mares no poden portar ni recollir l\u2019infant exactament a l\u2019horari escolar.<\/p>\n<\/li>\n<li data-start=\"2026\" data-end=\"2149\">\n<p data-start=\"2028\" data-end=\"2149\">Ofereix un <strong data-start=\"2039\" data-end=\"2078\">espai segur, acollidor i supervisat<\/strong> per a infants abans i despr\u00e9s de classe, o durant hores no lectives.<\/p>\n<\/li>\n<li data-start=\"2150\" data-end=\"2291\">\n<p data-start=\"2152\" data-end=\"2291\">Permet a l\u2019escola oferir un <strong data-start=\"2180\" data-end=\"2213\">servei complementari integrat<\/strong> (acollida, menjador, activitats) adaptat a les necessitats de les fam\u00edlies.<\/p>\n<\/li>\n<li data-start=\"2292\" data-end=\"2433\">\n<p data-start=\"2294\" data-end=\"2433\">Fomenta un <strong>ambient coherent amb la pedagogia de comunitat i cura<\/strong>, assegurant que l\u2019acompanyament tamb\u00e9 es doni fora de l\u2019horari curricular.<\/p>\n<\/li>\n<\/ul>\n","protected":false},"excerpt":{"rendered":"<p>Servei d\u2019acollida d&#8217;Associaci\u00f3 Esportiva Sant Andreu (AESA) El servei d\u2019acollida gestionat per AESA est\u00e0 pensat per oferir suport a les [&hellip;]<\/p>\n","protected":false},"author":1,"featured_media":0,"parent":66,"menu_order":20,"comment_status":"closed","ping_status":"closed","template":"","meta":{"_bbp_topic_count":0,"_bbp_reply_count":0,"_bbp_total_topic_count":0,"_bbp_total_reply_count":0,"_bbp_voice_count":0,"_bbp_anonymous_reply_count":0,"_bbp_topic_count_hidden":0,"_bbp_reply_count_hidden":0,"_bbp_forum_subforum_count":0,"site-sidebar-layout":"default","site-content-layout":"","ast-site-content-layout":"default","site-content-style":"default","site-sidebar-style":"default","ast-global-header-display":"","ast-banner-title-visibility":"","ast-main-header-display":"","ast-hfb-above-header-display":"","ast-hfb-below-header-display":"","ast-hfb-mobile-header-display":"","site-post-title":"","ast-breadcrumbs-content":"","ast-featured-img":"","footer-sml-layout":"","theme-transparent-header-meta":"default","adv-header-id-meta":"","stick-header-meta":"","header-above-stick-meta":"","header-main-stick-meta":"","header-below-stick-meta":"","astra-migrate-meta-layouts":"set","ast-page-background-enabled":"default","ast-page-background-meta":{"desktop":{"background-color":"var(--ast-global-color-4)","background-image":"","background-repeat":"repeat","background-position":"center center","background-size":"auto","background-attachment":"scroll","background-type":"","background-media":"","overlay-type":"","overlay-color":"","overlay-opacity":"","overlay-gradient":""},"tablet":{"background-color":"","background-image":"","background-repeat":"repeat","background-position":"center center","background-size":"auto","background-attachment":"scroll","background-type":"","background-media":"","overlay-type":"","overlay-color":"","overlay-opacity":"","overlay-gradient":""},"mobile":{"background-color":"","background-image":"","background-repeat":"repeat","background-position":"center center","background-size":"auto","background-attachment":"scroll","background-type":"","background-media":"","overlay-type":"","overlay-color":"","overlay-opacity":"","overlay-gradient":""}},"ast-content-background-meta":{"desktop":{"background-color":"var(--ast-global-color-5)","background-image":"","background-repeat":"repeat","background-position":"center center","background-size":"auto","background-attachment":"scroll","background-type":"","background-media":"","overlay-type":"","overlay-color":"","overlay-opacity":"","overlay-gradient":""},"tablet":{"background-color":"var(--ast-global-color-5)","background-image":"","background-repeat":"repeat","background-position":"center center","background-size":"auto","background-attachment":"scroll","background-type":"","background-media":"","overlay-type":"","overlay-color":"","overlay-opacity":"","overlay-gradient":""},"mobile":{"background-color":"var(--ast-global-color-5)","background-image":"","background-repeat":"repeat","background-position":"center center","background-size":"auto","background-attachment":"scroll","background-type":"","background-media":"","overlay-type":"","overlay-color":"","overlay-opacity":"","overlay-gradient":""}},"footnotes":""},"class_list":["post-77","page","type-page","status-publish","hentry"],"post_mailing_queue_ids":[],"_links":{"self":[{"href":"https:\/\/agora.xtec.cat\/escoladelsencants\/wp-json\/wp\/v2\/pages\/77","targetHints":{"allow":["GET"]}}],"collection":[{"href":"https:\/\/agora.xtec.cat\/escoladelsencants\/wp-json\/wp\/v2\/pages"}],"about":[{"href":"https:\/\/agora.xtec.cat\/escoladelsencants\/wp-json\/wp\/v2\/types\/page"}],"author":[{"embeddable":true,"href":"https:\/\/agora.xtec.cat\/escoladelsencants\/wp-json\/wp\/v2\/users\/1"}],"replies":[{"embeddable":true,"href":"https:\/\/agora.xtec.cat\/escoladelsencants\/wp-json\/wp\/v2\/comments?post=77"}],"version-history":[{"count":1,"href":"https:\/\/agora.xtec.cat\/escoladelsencants\/wp-json\/wp\/v2\/pages\/77\/revisions"}],"predecessor-version":[{"id":911,"href":"https:\/\/agora.xtec.cat\/escoladelsencants\/wp-json\/wp\/v2\/pages\/77\/revisions\/911"}],"up":[{"embeddable":true,"href":"https:\/\/agora.xtec.cat\/escoladelsencants\/wp-json\/wp\/v2\/pages\/66"}],"wp:attachment":[{"href":"https:\/\/agora.xtec.cat\/escoladelsencants\/wp-json\/wp\/v2\/media?parent=77"}],"curies":[{"name":"wp","href":"https:\/\/api.w.org\/{rel}","templated":true}]}}