{"id":764,"date":"2025-11-21T12:18:12","date_gmt":"2025-11-21T11:18:12","guid":{"rendered":"https:\/\/agora.xtec.cat\/escoladelsencants\/?page_id=764"},"modified":"2026-01-23T12:47:45","modified_gmt":"2026-01-23T11:47:45","slug":"composicio-del-consell-escolar","status":"publish","type":"page","link":"https:\/\/agora.xtec.cat\/escoladelsencants\/composicio-del-consell-escolar\/","title":{"rendered":"Composici\u00f3 del consell escolar"},"content":{"rendered":"<h3>Membres del consell escolar<\/h3>\n<h3><\/h3>\n<h6>Equip directiu:<\/h6>\n<ul>\n<li>Paula Ferreiro (directora)<\/li>\n<li>S\u00edlvia \u00dabeda (cap d&#8217;estudis i directora en funcions)<\/li>\n<li>Sandra Garcia (secret\u00e0ria)<\/li>\n<\/ul>\n<h6>Representants de l&#8217;equip docent:<\/h6>\n<div>\n<ul>\n<li dir=\"ltr\">Miriam Vidaller<\/li>\n<li dir=\"ltr\">Sofia Casas<\/li>\n<li dir=\"ltr\">Julio Gracia<\/li>\n<li dir=\"ltr\">Rams\u00e9s P\u00e9rez<\/li>\n<li dir=\"ltr\">Marta Farr\u00e9<\/li>\n<li dir=\"ltr\">Maria Elizalde<\/li>\n<\/ul>\n<\/div>\n<h6>Representants de les fam\u00edlies:<\/h6>\n<ul>\n<li>Paty Lains<\/li>\n<li>Mireia Centelles<\/li>\n<li>N\u00faria Vidal<\/li>\n<li>Caio de Medeiros<\/li>\n<li>Meritxell Parera<\/li>\n<\/ul>\n<div><strong>Representant de l&#8217;AFA:<\/strong><\/div>\n<ul>\n<li>Laura Vila<\/li>\n<\/ul>\n<div><strong>Representant del PAS:<\/strong><\/div>\n<ul>\n<li>Carme Paredes<\/li>\n<\/ul>\n<div><strong>Representant del PAE:<\/strong><\/div>\n<ul>\n<li>Maribel Zamora<\/li>\n<\/ul>\n<div><\/div>\n","protected":false},"excerpt":{"rendered":"<p>Membres del consell escolar Equip directiu: Paula Ferreiro (directora) S\u00edlvia \u00dabeda (cap d&#8217;estudis i directora en funcions) Sandra Garcia (secret\u00e0ria) [&hellip;]<\/p>\n","protected":false},"author":1,"featured_media":0,"parent":0,"menu_order":0,"comment_status":"closed","ping_status":"closed","template":"","meta":{"_bbp_topic_count":0,"_bbp_reply_count":0,"_bbp_total_topic_count":0,"_bbp_total_reply_count":0,"_bbp_voice_count":0,"_bbp_anonymous_reply_count":0,"_bbp_topic_count_hidden":0,"_bbp_reply_count_hidden":0,"_bbp_forum_subforum_count":0,"site-sidebar-layout":"default","site-content-layout":"","ast-site-content-layout":"default","site-content-style":"default","site-sidebar-style":"default","ast-global-header-display":"","ast-banner-title-visibility":"","ast-main-header-display":"","ast-hfb-above-header-display":"","ast-hfb-below-header-display":"","ast-hfb-mobile-header-display":"","site-post-title":"","ast-breadcrumbs-content":"","ast-featured-img":"","footer-sml-layout":"","theme-transparent-header-meta":"default","adv-header-id-meta":"","stick-header-meta":"","header-above-stick-meta":"","header-main-stick-meta":"","header-below-stick-meta":"","astra-migrate-meta-layouts":"set","ast-page-background-enabled":"default","ast-page-background-meta":{"desktop":{"background-color":"var(--ast-global-color-4)","background-image":"","background-repeat":"repeat","background-position":"center center","background-size":"auto","background-attachment":"scroll","background-type":"","background-media":"","overlay-type":"","overlay-color":"","overlay-opacity":"","overlay-gradient":""},"tablet":{"background-color":"","background-image":"","background-repeat":"repeat","background-position":"center center","background-size":"auto","background-attachment":"scroll","background-type":"","background-media":"","overlay-type":"","overlay-color":"","overlay-opacity":"","overlay-gradient":""},"mobile":{"background-color":"","background-image":"","background-repeat":"repeat","background-position":"center center","background-size":"auto","background-attachment":"scroll","background-type":"","background-media":"","overlay-type":"","overlay-color":"","overlay-opacity":"","overlay-gradient":""}},"ast-content-background-meta":{"desktop":{"background-color":"var(--ast-global-color-5)","background-image":"","background-repeat":"repeat","background-position":"center center","background-size":"auto","background-attachment":"scroll","background-type":"","background-media":"","overlay-type":"","overlay-color":"","overlay-opacity":"","overlay-gradient":""},"tablet":{"background-color":"var(--ast-global-color-5)","background-image":"","background-repeat":"repeat","background-position":"center center","background-size":"auto","background-attachment":"scroll","background-type":"","background-media":"","overlay-type":"","overlay-color":"","overlay-opacity":"","overlay-gradient":""},"mobile":{"background-color":"var(--ast-global-color-5)","background-image":"","background-repeat":"repeat","background-position":"center center","background-size":"auto","background-attachment":"scroll","background-type":"","background-media":"","overlay-type":"","overlay-color":"","overlay-opacity":"","overlay-gradient":""}},"footnotes":""},"class_list":["post-764","page","type-page","status-publish","hentry"],"post_mailing_queue_ids":[],"_links":{"self":[{"href":"https:\/\/agora.xtec.cat\/escoladelsencants\/wp-json\/wp\/v2\/pages\/764","targetHints":{"allow":["GET"]}}],"collection":[{"href":"https:\/\/agora.xtec.cat\/escoladelsencants\/wp-json\/wp\/v2\/pages"}],"about":[{"href":"https:\/\/agora.xtec.cat\/escoladelsencants\/wp-json\/wp\/v2\/types\/page"}],"author":[{"embeddable":true,"href":"https:\/\/agora.xtec.cat\/escoladelsencants\/wp-json\/wp\/v2\/users\/1"}],"replies":[{"embeddable":true,"href":"https:\/\/agora.xtec.cat\/escoladelsencants\/wp-json\/wp\/v2\/comments?post=764"}],"version-history":[{"count":7,"href":"https:\/\/agora.xtec.cat\/escoladelsencants\/wp-json\/wp\/v2\/pages\/764\/revisions"}],"predecessor-version":[{"id":1027,"href":"https:\/\/agora.xtec.cat\/escoladelsencants\/wp-json\/wp\/v2\/pages\/764\/revisions\/1027"}],"wp:attachment":[{"href":"https:\/\/agora.xtec.cat\/escoladelsencants\/wp-json\/wp\/v2\/media?parent=764"}],"curies":[{"name":"wp","href":"https:\/\/api.w.org\/{rel}","templated":true}]}}