{"id":73,"date":"2014-09-18T14:01:51","date_gmt":"2014-09-18T13:01:51","guid":{"rendered":"http:\/\/agora.xtec.cat\/escoladelsencants\/?page_id=73"},"modified":"2026-01-20T13:14:03","modified_gmt":"2026-01-20T12:14:03","slug":"menjador-escolar","status":"publish","type":"page","link":"https:\/\/agora.xtec.cat\/escoladelsencants\/serveis\/menjador-escolar\/","title":{"rendered":"Espai del migdia"},"content":{"rendered":"<p data-start=\"198\" data-end=\"542\">L\u2019espai del migdia est\u00e0 gestionat per AESA. Temps educatiu essencial dins del dia a dia dels infants. No \u00e9s nom\u00e9s l\u2019estona de dinar, sin\u00f3 un moment pensat per al descans, la conviv\u00e8ncia i l\u2019educaci\u00f3 en h\u00e0bits saludables. L\u2019objectiu principal \u00e9s que els infants gaudeixin d\u2019un entorn segur, cuidat i coherent amb la l\u00ednia pedag\u00f2gica de l\u2019escola.<\/p>\n<p>&nbsp;<\/p>\n<h3 data-start=\"544\" data-end=\"581\"><strong data-start=\"548\" data-end=\"581\">Qu\u00e8 inclou l\u2019espai del migdia?<\/strong><\/h3>\n<ul data-start=\"583\" data-end=\"1009\">\n<li data-start=\"583\" data-end=\"678\">\n<p data-start=\"585\" data-end=\"678\"><strong data-start=\"585\" data-end=\"607\">Servei de menjador<\/strong>, Els dinars es fan en un <strong>menjador ser\u00e8 i amb ambient familiar<\/strong>, que convida a gaudir del moment amb calma.\u00a0<span style=\"font-size: 16px;\">A l\u2019escola oferim<\/span><span style=\"font-size: 16px;\">\u00a0<\/span><strong style=\"font-size: 16px; font-style: normal;\">\u00e0pats equilibrats i nutritius<\/strong><span style=\"font-size: 16px; font-style: normal; font-weight: 400;\">, amb una gran pres\u00e8ncia de verdures i amb un consum moderat de prote\u00efna animal, prioritzant la prote\u00efna vegetal sempre buscant la varietat i la qualitat dels aliments. Els men\u00fas es dissenyen amb criteris de salut i sostenibilitat, incorporant productes de temporada i, sempre que \u00e9s possible, de proximitat. D\u2019aquesta manera, fomentem h\u00e0bits alimentaris saludables i conscients, que contribueixen al benestar dels infants i al respecte pel medi ambient.<\/span><\/p>\n<\/li>\n<li data-start=\"679\" data-end=\"803\">\n<p data-start=\"681\" data-end=\"803\"><strong data-start=\"681\" data-end=\"707\">Acompanyament educatiu<\/strong>, amb monitors i monitores que vetllen pel benestar i les necessitats emocionals dels infants. <span style=\"font-size: 16px;\">L\u2019estona de menjar esdev\u00e9 tamb\u00e9 un espai educatiu: els infants aprenen a respectar els torns, a compartir la taula, a tenir cura dels companys i a desenvolupar autonomia en petites accions quotidianes com servir-se, recollir o endre\u00e7ar.<\/span><\/p>\n<\/li>\n<li data-start=\"804\" data-end=\"906\">\n<p data-start=\"806\" data-end=\"906\"><strong data-start=\"806\" data-end=\"825\">Temps de lleure<\/strong>, amb jocs tranquils, activitats espont\u00e0nies o propostes adequades a cada edat.<\/p>\n<\/li>\n<li data-start=\"907\" data-end=\"1009\">\n<p data-start=\"909\" data-end=\"1009\"><strong data-start=\"909\" data-end=\"932\">Espais diferenciats<\/strong> per infants petits, mitjans i grans, segons les necessitats de cada etapa.<\/p>\n<\/li>\n<\/ul>\n<h3 data-start=\"1011\" data-end=\"1031\"><\/h3>\n<h3 data-start=\"1011\" data-end=\"1031\"><strong data-start=\"1015\" data-end=\"1031\">Com funciona?<\/strong><\/h3>\n<ul data-start=\"1033\" data-end=\"1525\">\n<li data-start=\"1033\" data-end=\"1122\">\n<p data-start=\"1035\" data-end=\"1122\">Els infants s\u00f3n atesos per un <strong data-start=\"1065\" data-end=\"1094\">equip de monitors formats<\/strong>, coordinats amb l\u2019escola.<\/p>\n<\/li>\n<li data-start=\"1123\" data-end=\"1250\">\n<p data-start=\"1125\" data-end=\"1250\">Es prioritza un ambient <strong data-start=\"1149\" data-end=\"1181\">calmat, respectu\u00f3s i acollidor<\/strong>, evitant presses i fomentant l\u2019autonomia en els h\u00e0bits del menjar.<\/p>\n<\/li>\n<li data-start=\"1251\" data-end=\"1353\">\n<p data-start=\"1253\" data-end=\"1353\">Despr\u00e9s de dinar, els infants poden gaudir d\u2019espais de joc, pati o temps de descans segons l\u2019edat.<\/p>\n<\/li>\n<li data-start=\"1354\" data-end=\"1447\">\n<p data-start=\"1356\" data-end=\"1447\">El servei pot ser <strong data-start=\"1374\" data-end=\"1381\">fix<\/strong> o <strong data-start=\"1384\" data-end=\"1397\">espor\u00e0dic<\/strong>, adaptant-se a les necessitats de cada fam\u00edlia.<\/p>\n<\/li>\n<li data-start=\"1448\" data-end=\"1525\">\n<p data-start=\"1450\" data-end=\"1525\">AESA gestiona <strong data-start=\"1464\" data-end=\"1507\">inscripcions, pagaments i comunicacions<\/strong> amb les fam\u00edlies.<\/p>\n<\/li>\n<\/ul>\n<h3 data-start=\"1527\" data-end=\"1560\"><\/h3>\n<h3 data-start=\"1527\" data-end=\"1560\"><strong data-start=\"1531\" data-end=\"1560\">En qu\u00e8 beneficia l\u2019infant?<\/strong><\/h3>\n<ul data-start=\"1562\" data-end=\"1880\">\n<li data-start=\"1562\" data-end=\"1621\">\n<p data-start=\"1564\" data-end=\"1621\">Afavoreix h\u00e0bits alimentaris saludables i respectuosos.<\/p>\n<\/li>\n<li data-start=\"1622\" data-end=\"1696\">\n<p data-start=\"1624\" data-end=\"1696\">Promou la conviv\u00e8ncia, l\u2019autonomia i el respecte als ritmes personals.<\/p>\n<\/li>\n<li data-start=\"1697\" data-end=\"1809\">\n<p data-start=\"1699\" data-end=\"1809\">Garanteix un temps de qualitat amb pres\u00e8ncia adulta cuidada i coherent amb l\u2019enfocament educatiu del centre.<\/p>\n<\/li>\n<li data-start=\"1810\" data-end=\"1880\">\n<p data-start=\"1812\" data-end=\"1880\">Facilita un migdia equilibrat, combinant alimentaci\u00f3, descans i joc.<\/p>\n<\/li>\n<\/ul>\n<h3 data-start=\"1882\" data-end=\"1932\"><\/h3>\n<h3 data-start=\"1882\" data-end=\"1932\"><strong data-start=\"1886\" data-end=\"1932\">Objectius pedag\u00f2gics de l\u2019espai del migdia<\/strong><\/h3>\n<ul data-start=\"1934\" data-end=\"2287\">\n<li data-start=\"1934\" data-end=\"2001\">\n<p data-start=\"1936\" data-end=\"2001\">Fomentar la <strong data-start=\"1948\" data-end=\"1981\">responsabilitat i l\u2019autonomia<\/strong> durant els \u00e0pats.<\/p>\n<\/li>\n<li data-start=\"2002\" data-end=\"2096\">\n<p data-start=\"2004\" data-end=\"2096\">Acompanyar les <strong data-start=\"2019\" data-end=\"2047\">emocions i les relacions<\/strong> que sorgeixen en un espai m\u00e9s lliure i social.<\/p>\n<\/li>\n<li data-start=\"2097\" data-end=\"2218\">\n<p data-start=\"2099\" data-end=\"2218\">Oferir un entorn tranquil que afavoreixi el <strong data-start=\"2143\" data-end=\"2174\">benestar i el clima positiu<\/strong> per la segona part de la jornada escolar.<\/p>\n<\/li>\n<li data-start=\"2219\" data-end=\"2287\">\n<p data-start=\"2221\" data-end=\"2287\">Consolidar valors com la conviv\u00e8ncia, la cooperaci\u00f3 i el respecte.<\/p>\n<\/li>\n<\/ul>\n<p id=\"h.p_SP8TTSLEYCSS\" class=\"zfr3Q\">El menjador \u00e9s, doncs, molt m\u00e9s que un lloc per alimentar-se: \u00e9s un <strong>espai de conviv\u00e8ncia, de relaci\u00f3 i d\u2019aprenentatge<\/strong> que acompanya el creixement integral de cada nen i nena.<\/p>\n<p>&nbsp;<\/p>\n<p>&nbsp;<\/p>\n<h2>Atenci\u00f3 a les fam\u00edlies<\/h2>\n<p>La gesti\u00f3 administrativa de les quotes del menjador, la realitza la <strong>M\u00f2nica Saura.<\/strong> La podeu trobar&#8230;<\/p>\n<ul>\n<li>de dilluns a divendres al despatx de l\u2019AFA de 9 a 10h i de 15h30 a 16h<\/li>\n<li>a la <a href=\"https:\/\/takeaway.mycheftool.com\/nN8k4wixfyNOtnsxkhu6\">web<\/a><\/li>\n<li>Tamb\u00e9 podeu contactar-hi directament per tel\u00e8fon\/ whatsapp al: 644 343 707 (de 9h a 12.00h i de 15h a 16h)<\/li>\n<\/ul>\n<p>PER QUALSEVOL INCID\u00c8NCIA DEL MENJADOR (dieta astringent, abs\u00e8ncia,&#8230;) ESCRIVIU UN WHATSAPP AL 644 343 707<span id=\"cloak247f8097dc35ff5c3fa3fd290d0781a9\"><\/span><\/p>\n","protected":false},"excerpt":{"rendered":"<p>L\u2019espai del migdia est\u00e0 gestionat per AESA. Temps educatiu essencial dins del dia a dia dels infants. No \u00e9s nom\u00e9s [&hellip;]<\/p>\n","protected":false},"author":1,"featured_media":0,"parent":66,"menu_order":30,"comment_status":"closed","ping_status":"closed","template":"","meta":{"_bbp_topic_count":0,"_bbp_reply_count":0,"_bbp_total_topic_count":0,"_bbp_total_reply_count":0,"_bbp_voice_count":0,"_bbp_anonymous_reply_count":0,"_bbp_topic_count_hidden":0,"_bbp_reply_count_hidden":0,"_bbp_forum_subforum_count":0,"site-sidebar-layout":"default","site-content-layout":"","ast-site-content-layout":"default","site-content-style":"default","site-sidebar-style":"default","ast-global-header-display":"","ast-banner-title-visibility":"","ast-main-header-display":"","ast-hfb-above-header-display":"","ast-hfb-below-header-display":"","ast-hfb-mobile-header-display":"","site-post-title":"","ast-breadcrumbs-content":"","ast-featured-img":"","footer-sml-layout":"","theme-transparent-header-meta":"default","adv-header-id-meta":"","stick-header-meta":"","header-above-stick-meta":"","header-main-stick-meta":"","header-below-stick-meta":"","astra-migrate-meta-layouts":"set","ast-page-background-enabled":"default","ast-page-background-meta":{"desktop":{"background-color":"var(--ast-global-color-4)","background-image":"","background-repeat":"repeat","background-position":"center center","background-size":"auto","background-attachment":"scroll","background-type":"","background-media":"","overlay-type":"","overlay-color":"","overlay-opacity":"","overlay-gradient":""},"tablet":{"background-color":"","background-image":"","background-repeat":"repeat","background-position":"center center","background-size":"auto","background-attachment":"scroll","background-type":"","background-media":"","overlay-type":"","overlay-color":"","overlay-opacity":"","overlay-gradient":""},"mobile":{"background-color":"","background-image":"","background-repeat":"repeat","background-position":"center center","background-size":"auto","background-attachment":"scroll","background-type":"","background-media":"","overlay-type":"","overlay-color":"","overlay-opacity":"","overlay-gradient":""}},"ast-content-background-meta":{"desktop":{"background-color":"var(--ast-global-color-5)","background-image":"","background-repeat":"repeat","background-position":"center center","background-size":"auto","background-attachment":"scroll","background-type":"","background-media":"","overlay-type":"","overlay-color":"","overlay-opacity":"","overlay-gradient":""},"tablet":{"background-color":"var(--ast-global-color-5)","background-image":"","background-repeat":"repeat","background-position":"center center","background-size":"auto","background-attachment":"scroll","background-type":"","background-media":"","overlay-type":"","overlay-color":"","overlay-opacity":"","overlay-gradient":""},"mobile":{"background-color":"var(--ast-global-color-5)","background-image":"","background-repeat":"repeat","background-position":"center center","background-size":"auto","background-attachment":"scroll","background-type":"","background-media":"","overlay-type":"","overlay-color":"","overlay-opacity":"","overlay-gradient":""}},"footnotes":""},"class_list":["post-73","page","type-page","status-publish","hentry"],"post_mailing_queue_ids":[],"_links":{"self":[{"href":"https:\/\/agora.xtec.cat\/escoladelsencants\/wp-json\/wp\/v2\/pages\/73","targetHints":{"allow":["GET"]}}],"collection":[{"href":"https:\/\/agora.xtec.cat\/escoladelsencants\/wp-json\/wp\/v2\/pages"}],"about":[{"href":"https:\/\/agora.xtec.cat\/escoladelsencants\/wp-json\/wp\/v2\/types\/page"}],"author":[{"embeddable":true,"href":"https:\/\/agora.xtec.cat\/escoladelsencants\/wp-json\/wp\/v2\/users\/1"}],"replies":[{"embeddable":true,"href":"https:\/\/agora.xtec.cat\/escoladelsencants\/wp-json\/wp\/v2\/comments?post=73"}],"version-history":[{"count":4,"href":"https:\/\/agora.xtec.cat\/escoladelsencants\/wp-json\/wp\/v2\/pages\/73\/revisions"}],"predecessor-version":[{"id":1015,"href":"https:\/\/agora.xtec.cat\/escoladelsencants\/wp-json\/wp\/v2\/pages\/73\/revisions\/1015"}],"up":[{"embeddable":true,"href":"https:\/\/agora.xtec.cat\/escoladelsencants\/wp-json\/wp\/v2\/pages\/66"}],"wp:attachment":[{"href":"https:\/\/agora.xtec.cat\/escoladelsencants\/wp-json\/wp\/v2\/media?parent=73"}],"curies":[{"name":"wp","href":"https:\/\/api.w.org\/{rel}","templated":true}]}}