{"id":725,"date":"2025-11-12T13:25:51","date_gmt":"2025-11-12T12:25:51","guid":{"rendered":"https:\/\/agora.xtec.cat\/escoladelsencants\/?page_id=725"},"modified":"2025-11-24T14:16:26","modified_gmt":"2025-11-24T13:16:26","slug":"documents","status":"publish","type":"page","link":"https:\/\/agora.xtec.cat\/escoladelsencants\/documents\/","title":{"rendered":"Documents de centre"},"content":{"rendered":"<h2>Documents de centre<\/h2>\n<p>A l\u2019Escola dels Encants entenem que la qualitat educativa es construeix a partir de la reflexi\u00f3, la planificaci\u00f3 i la corresponsabilitat de tota la comunitat. Per aix\u00f2, posem a disposici\u00f3 de tothom els documents que defineixen la nostra identitat i que orienten el dia a dia del centre. Aquests textos s\u00f3n el marc que ens guia, asseguren la coher\u00e8ncia del projecte i garanteixen que cada infant pugui cr\u00e9ixer en un entorn inclusiu, respectu\u00f3s i innovador.<\/p>\n<p>Els principals documents que conformen el nostre projecte educatiu s\u00f3n:<\/p>\n<ul>\n<li><strong>Projecte Educatiu de Centre (PEC):<\/strong> recull la filosofia, els objectius i les l\u00ednies d\u2019actuaci\u00f3 que donen sentit a la nostra escola.<\/li>\n<li><strong>Normes d\u2019Organitzaci\u00f3 i Funcionament de Centre (NOFC):<\/strong> estableixen les pautes de conviv\u00e8ncia i organitzaci\u00f3 interna per assegurar un bon funcionament.<\/li>\n<li><strong>Projecte de conviv\u00e8ncia:<\/strong> promou el respecte, la mediaci\u00f3 i la resoluci\u00f3 positiva de conflictes, fomentant un clima escolar saludable.<\/li>\n<li><strong>Projecte ling\u00fc\u00edstic:<\/strong> defineix l\u2019\u00fas i l\u2019aprenentatge de les lleng\u00fces al centre, garantint la compet\u00e8ncia comunicativa de tots els infants.<\/li>\n<li><strong>Pla digital:<\/strong> orienta l\u2019\u00fas de les tecnologies de la informaci\u00f3 i la comunicaci\u00f3 com a eina educativa i de transformaci\u00f3 pedag\u00f2gica.<\/li>\n<li><strong>Propostes d\u2019Acci\u00f3 Tutorial (PAT):<\/strong> concreten l\u2019acompanyament personal i emocional dels infants, aix\u00ed com la relaci\u00f3 amb les fam\u00edlies.<\/li>\n<li><strong>Programa d\u2019acollida:<\/strong> facilita la integraci\u00f3 dels nous alumnes i fam\u00edlies, assegurant que tothom se senti part de la comunitat des del primer dia.<\/li>\n<\/ul>\n<p>&nbsp;<\/p>\n","protected":false},"excerpt":{"rendered":"<p>Documents de centre A l\u2019Escola dels Encants entenem que la qualitat educativa es construeix a partir de la reflexi\u00f3, la [&hellip;]<\/p>\n","protected":false},"author":1,"featured_media":0,"parent":0,"menu_order":0,"comment_status":"closed","ping_status":"closed","template":"","meta":{"_bbp_topic_count":0,"_bbp_reply_count":0,"_bbp_total_topic_count":0,"_bbp_total_reply_count":0,"_bbp_voice_count":0,"_bbp_anonymous_reply_count":0,"_bbp_topic_count_hidden":0,"_bbp_reply_count_hidden":0,"_bbp_forum_subforum_count":0,"site-sidebar-layout":"default","site-content-layout":"","ast-site-content-layout":"default","site-content-style":"default","site-sidebar-style":"default","ast-global-header-display":"","ast-banner-title-visibility":"","ast-main-header-display":"","ast-hfb-above-header-display":"","ast-hfb-below-header-display":"","ast-hfb-mobile-header-display":"","site-post-title":"","ast-breadcrumbs-content":"","ast-featured-img":"","footer-sml-layout":"","theme-transparent-header-meta":"default","adv-header-id-meta":"","stick-header-meta":"","header-above-stick-meta":"","header-main-stick-meta":"","header-below-stick-meta":"","astra-migrate-meta-layouts":"set","ast-page-background-enabled":"default","ast-page-background-meta":{"desktop":{"background-color":"var(--ast-global-color-4)","background-image":"","background-repeat":"repeat","background-position":"center center","background-size":"auto","background-attachment":"scroll","background-type":"","background-media":"","overlay-type":"","overlay-color":"","overlay-opacity":"","overlay-gradient":""},"tablet":{"background-color":"","background-image":"","background-repeat":"repeat","background-position":"center center","background-size":"auto","background-attachment":"scroll","background-type":"","background-media":"","overlay-type":"","overlay-color":"","overlay-opacity":"","overlay-gradient":""},"mobile":{"background-color":"","background-image":"","background-repeat":"repeat","background-position":"center center","background-size":"auto","background-attachment":"scroll","background-type":"","background-media":"","overlay-type":"","overlay-color":"","overlay-opacity":"","overlay-gradient":""}},"ast-content-background-meta":{"desktop":{"background-color":"var(--ast-global-color-5)","background-image":"","background-repeat":"repeat","background-position":"center center","background-size":"auto","background-attachment":"scroll","background-type":"","background-media":"","overlay-type":"","overlay-color":"","overlay-opacity":"","overlay-gradient":""},"tablet":{"background-color":"var(--ast-global-color-5)","background-image":"","background-repeat":"repeat","background-position":"center center","background-size":"auto","background-attachment":"scroll","background-type":"","background-media":"","overlay-type":"","overlay-color":"","overlay-opacity":"","overlay-gradient":""},"mobile":{"background-color":"var(--ast-global-color-5)","background-image":"","background-repeat":"repeat","background-position":"center center","background-size":"auto","background-attachment":"scroll","background-type":"","background-media":"","overlay-type":"","overlay-color":"","overlay-opacity":"","overlay-gradient":""}},"footnotes":""},"class_list":["post-725","page","type-page","status-publish","hentry"],"post_mailing_queue_ids":[],"_links":{"self":[{"href":"https:\/\/agora.xtec.cat\/escoladelsencants\/wp-json\/wp\/v2\/pages\/725","targetHints":{"allow":["GET"]}}],"collection":[{"href":"https:\/\/agora.xtec.cat\/escoladelsencants\/wp-json\/wp\/v2\/pages"}],"about":[{"href":"https:\/\/agora.xtec.cat\/escoladelsencants\/wp-json\/wp\/v2\/types\/page"}],"author":[{"embeddable":true,"href":"https:\/\/agora.xtec.cat\/escoladelsencants\/wp-json\/wp\/v2\/users\/1"}],"replies":[{"embeddable":true,"href":"https:\/\/agora.xtec.cat\/escoladelsencants\/wp-json\/wp\/v2\/comments?post=725"}],"version-history":[{"count":3,"href":"https:\/\/agora.xtec.cat\/escoladelsencants\/wp-json\/wp\/v2\/pages\/725\/revisions"}],"predecessor-version":[{"id":821,"href":"https:\/\/agora.xtec.cat\/escoladelsencants\/wp-json\/wp\/v2\/pages\/725\/revisions\/821"}],"wp:attachment":[{"href":"https:\/\/agora.xtec.cat\/escoladelsencants\/wp-json\/wp\/v2\/media?parent=725"}],"curies":[{"name":"wp","href":"https:\/\/api.w.org\/{rel}","templated":true}]}}