{"id":542,"date":"2024-07-11T12:42:43","date_gmt":"2024-07-11T10:42:43","guid":{"rendered":"https:\/\/agora.xtec.cat\/escoladelsencants\/?page_id=542"},"modified":"2026-01-27T08:59:13","modified_gmt":"2026-01-27T07:59:13","slug":"afa","status":"publish","type":"page","link":"https:\/\/agora.xtec.cat\/escoladelsencants\/afa\/","title":{"rendered":"Fam\u00edlies"},"content":{"rendered":"<header>\n<h2><a href=\"https:\/\/agora.xtec.cat\/escoladelsencants\/wp-content\/uploads\/usu2942\/2025\/12\/logo-afa.png\"><img loading=\"lazy\" decoding=\"async\" class=\"wp-image-933 alignleft\" src=\"https:\/\/agora.xtec.cat\/escoladelsencants\/wp-content\/uploads\/usu2942\/2025\/12\/logo-afa.png\" alt=\"\" width=\"179\" height=\"179\" srcset=\"https:\/\/agora.xtec.cat\/escoladelsencants\/wp-content\/uploads\/usu2942\/2025\/12\/logo-afa.png 500w, https:\/\/agora.xtec.cat\/escoladelsencants\/wp-content\/uploads\/usu2942\/2025\/12\/logo-afa-300x300.png 300w, https:\/\/agora.xtec.cat\/escoladelsencants\/wp-content\/uploads\/usu2942\/2025\/12\/logo-afa-150x150.png 150w\" sizes=\"auto, (max-width: 179px) 100vw, 179px\" \/><\/a>Fam\u00edlies compromeses<\/h2>\n<p>La participaci\u00f3 de les fam\u00edlies de l\u2019escola es du a terme per diversos camins i en formats diferents; la junta de l\u2019AFA, els delegats de grup, els voluntaris amb propostes, les fam\u00edlies acompanyants i volunt\u00e0ries, sempre encaminades a desenvolupar activitats i projectes d&#8217;acord amb la l\u00ednia pedag\u00f2gica de l&#8217;escola.<\/p>\n<p>&nbsp;<\/p>\n<\/header>\n<p>&nbsp;<\/p>\n<header>\n<h2 class=\"title\">Qui som?<\/h2>\n<\/header>\n<div class=\"content clearfix\">\n<div class=\"akmarkdown-content\">\n<p>L&#8217;AFA de l&#8217;Escola dels Encants \u00e9s la principal via de participaci\u00f3 de les fam\u00edlies en la vida del centre. Som una associaci\u00f3 sense \u00e0nim de lucre que treballa en estreta col\u00b7laboraci\u00f3 amb l&#8217;escola per afavorir la implicaci\u00f3 de les fam\u00edlies en l&#8217;educaci\u00f3 activa dels infants.<\/p>\n<header><\/header>\n<div class=\"content clearfix\">\n<div class=\"akmarkdown-content\">\n<p>&nbsp;<\/p>\n<h2>Qu\u00e8 fem?<\/h2>\n<p>Les activitats i accions que es duen a terme des de l&#8217;AFA estan distribu\u00efdes en les diferents comissions mixtes i grups de treball. En aquest apartat trobareu quins objectius t\u00e9 cada comissi\u00f3 i grup de treball.<\/p>\n<p>A banda de les activitats anuals dutes a terme per les comissions i grups de treball, tamb\u00e9 estem en contacte amb la Coordinadora d&#8217;AFAs de la Dreta de l&#8217;Eixample, l&#8217;AFFAC (l&#8217;antiga FAPAC) i ens adherim i col\u00b7laborem amb noves iniciatives que considerem que beneficien el benestar dels nostres infants.<\/p>\n<p>El treball fet fins ara ha contribu\u00eft a l\u2019\u00e8xit de l&#8217;escola i ha fomentat la conviv\u00e8ncia entre tota la comunitat educativa. Encara queda molta feina per fer i tenim molts projectes al cap. Per continuar progressant, \u00e9s indispensable la vostra col\u00b7laboraci\u00f3.\u00a0<strong>Tothom fa AFA, tothom fa escola!<\/strong><\/p>\n<h2><\/h2>\n<h2 class=\"title\">Objectius<\/h2>\n<p>El principal objectiu de l&#8217;AFA \u00e9s afavorir i fomentar la participaci\u00f3 de les fam\u00edlies en la vida de l&#8217;escola, col\u00b7laborar-hi per generar din\u00e0miques de funcionament que contribueixin a l&#8217;educaci\u00f3 dels nostres infants i acompanyar-los en el seu desenvolupament integral. Els objectius espec\u00edfics de l&#8217;AFA s\u00f3n els seg\u00fcents:<\/p>\n<ul>\n<li>Donar suport a les fam\u00edlies amb serveis que els ajudin a conciliar millor la vida laboral i familiar.<\/li>\n<li>Promoure activitats de formaci\u00f3 per permetin un bon assessorament en la tasca d&#8217;educar les criatures.<\/li>\n<li>Continuar organitzant conjuntament amb l&#8217;escola activitats l\u00fadiques i festives per generar un ambient agradable i de confian\u00e7a.<\/li>\n<li>Facilitar la integraci\u00f3 de les fam\u00edlies i les mestres que cada curs arriben a l&#8217;escola per fer m\u00e9s gran aquest projecte tan engrescador.<\/li>\n<li>Col\u00b7laborar amb les entitats del nostre entorn i amb l&#8217;administraci\u00f3 per millorar la nostra ciutat.<\/li>\n<li>Donar continu\u00eftat al projecte pedag\u00f2gic.<\/li>\n<li>Compartir i transmetre a tota la comunitat educativa de l&#8217;Escola dels Encants la il\u00b7lusi\u00f3 i la confian\u00e7a que estem treballant per un futur millor!<\/li>\n<\/ul>\n<p>&nbsp;<\/p>\n<h2>Atenci\u00f3 a les fam\u00edlies<\/h2>\n<p>Per a m\u00e9s informaci\u00f3 consulteu la <a href=\"https:\/\/afaescoladelsencants.cat\/\">p\u00e0gina web<\/a>.<\/p>\n<p>La gesti\u00f3 administrativa de les quotes de soci de l\u2019AFA, el menjador i les extraescolars, la realitza la\u00a0<strong>M\u00f2nica Saura.<\/strong> La podeu trobar:<\/p>\n<ul>\n<li>de dilluns a divendres al despatx de l\u2019AFA de 9 a 10h i de 15h30 a 16h<\/li>\n<li>al correu: <a href=\"mailto:gestio.afaencants@gmail.com\" target=\"_blank\" rel=\"noopener\">gestio.afaencants@gmail.com<\/a>.<\/li>\n<li>Tamb\u00e9 podeu contactar-hi directament per tel\u00e8fon\/ whatsapp al: 644 343 707 (de 9h a 12.00h i de 15h a 16h)<\/li>\n<\/ul>\n<\/div>\n<\/div>\n<\/div>\n<\/div>\n<div class=\"content clearfix\">\n<div class=\"akmarkdown-content\">\n<p>&nbsp;<\/p>\n<\/div>\n<\/div>\n","protected":false},"excerpt":{"rendered":"<p>Fam\u00edlies compromeses La participaci\u00f3 de les fam\u00edlies de l\u2019escola es du a terme per diversos camins i en formats diferents; [&hellip;]<\/p>\n","protected":false},"author":1,"featured_media":0,"parent":0,"menu_order":0,"comment_status":"closed","ping_status":"closed","template":"","meta":{"_bbp_topic_count":0,"_bbp_reply_count":0,"_bbp_total_topic_count":0,"_bbp_total_reply_count":0,"_bbp_voice_count":0,"_bbp_anonymous_reply_count":0,"_bbp_topic_count_hidden":0,"_bbp_reply_count_hidden":0,"_bbp_forum_subforum_count":0,"site-sidebar-layout":"default","site-content-layout":"","ast-site-content-layout":"default","site-content-style":"default","site-sidebar-style":"default","ast-global-header-display":"","ast-banner-title-visibility":"","ast-main-header-display":"","ast-hfb-above-header-display":"","ast-hfb-below-header-display":"","ast-hfb-mobile-header-display":"","site-post-title":"","ast-breadcrumbs-content":"","ast-featured-img":"","footer-sml-layout":"","theme-transparent-header-meta":"default","adv-header-id-meta":"","stick-header-meta":"","header-above-stick-meta":"","header-main-stick-meta":"","header-below-stick-meta":"","astra-migrate-meta-layouts":"set","ast-page-background-enabled":"default","ast-page-background-meta":{"desktop":{"background-color":"var(--ast-global-color-4)","background-image":"","background-repeat":"repeat","background-position":"center center","background-size":"auto","background-attachment":"scroll","background-type":"","background-media":"","overlay-type":"","overlay-color":"","overlay-opacity":"","overlay-gradient":""},"tablet":{"background-color":"","background-image":"","background-repeat":"repeat","background-position":"center center","background-size":"auto","background-attachment":"scroll","background-type":"","background-media":"","overlay-type":"","overlay-color":"","overlay-opacity":"","overlay-gradient":""},"mobile":{"background-color":"","background-image":"","background-repeat":"repeat","background-position":"center center","background-size":"auto","background-attachment":"scroll","background-type":"","background-media":"","overlay-type":"","overlay-color":"","overlay-opacity":"","overlay-gradient":""}},"ast-content-background-meta":{"desktop":{"background-color":"var(--ast-global-color-5)","background-image":"","background-repeat":"repeat","background-position":"center center","background-size":"auto","background-attachment":"scroll","background-type":"","background-media":"","overlay-type":"","overlay-color":"","overlay-opacity":"","overlay-gradient":""},"tablet":{"background-color":"var(--ast-global-color-5)","background-image":"","background-repeat":"repeat","background-position":"center center","background-size":"auto","background-attachment":"scroll","background-type":"","background-media":"","overlay-type":"","overlay-color":"","overlay-opacity":"","overlay-gradient":""},"mobile":{"background-color":"var(--ast-global-color-5)","background-image":"","background-repeat":"repeat","background-position":"center center","background-size":"auto","background-attachment":"scroll","background-type":"","background-media":"","overlay-type":"","overlay-color":"","overlay-opacity":"","overlay-gradient":""}},"footnotes":""},"class_list":["post-542","page","type-page","status-publish","hentry"],"post_mailing_queue_ids":[],"_links":{"self":[{"href":"https:\/\/agora.xtec.cat\/escoladelsencants\/wp-json\/wp\/v2\/pages\/542","targetHints":{"allow":["GET"]}}],"collection":[{"href":"https:\/\/agora.xtec.cat\/escoladelsencants\/wp-json\/wp\/v2\/pages"}],"about":[{"href":"https:\/\/agora.xtec.cat\/escoladelsencants\/wp-json\/wp\/v2\/types\/page"}],"author":[{"embeddable":true,"href":"https:\/\/agora.xtec.cat\/escoladelsencants\/wp-json\/wp\/v2\/users\/1"}],"replies":[{"embeddable":true,"href":"https:\/\/agora.xtec.cat\/escoladelsencants\/wp-json\/wp\/v2\/comments?post=542"}],"version-history":[{"count":6,"href":"https:\/\/agora.xtec.cat\/escoladelsencants\/wp-json\/wp\/v2\/pages\/542\/revisions"}],"predecessor-version":[{"id":1047,"href":"https:\/\/agora.xtec.cat\/escoladelsencants\/wp-json\/wp\/v2\/pages\/542\/revisions\/1047"}],"wp:attachment":[{"href":"https:\/\/agora.xtec.cat\/escoladelsencants\/wp-json\/wp\/v2\/media?parent=542"}],"curies":[{"name":"wp","href":"https:\/\/api.w.org\/{rel}","templated":true}]}}