{"id":501,"date":"2023-11-20T15:47:24","date_gmt":"2023-11-20T14:47:24","guid":{"rendered":"https:\/\/agora.xtec.cat\/escoladelsencants\/?page_id=501"},"modified":"2026-03-14T11:44:11","modified_gmt":"2026-03-14T10:44:11","slug":"equip-huma","status":"publish","type":"page","link":"https:\/\/agora.xtec.cat\/escoladelsencants\/lescola\/equip-huma\/","title":{"rendered":"Equip hum\u00e0"},"content":{"rendered":"<h3>Un equip pedag\u00f2gic fort i cohesionat<\/h3>\n<p>El projecte educatiu de l\u2019escola \u00e9s un projecte complex, profund, i nou. L\u2019equip va creixent any a any, i cal crear, compartir, consensuar i acordar per poder fer cr\u00e9ixer l\u2019escola. Cal crear un equip cohesionat on cada una les persones de l\u2019escola trobem el nostre lloc, gaudim del nostre treball i visquem amb entusiasme el dia a dia de l\u2019escola. No \u00e9s un projecte f\u00e0cil de dur a terme per part de l\u2019equip pedag\u00f2gic. Requereix d\u2019unes condicions i caracter\u00edstiques que cal anar treballant i format dia rere dia. Per aix\u00f2 la coordinaci\u00f3, els espais de reflexi\u00f3 i la formaci\u00f3 s\u00f3n cabdals per la nostra feina.<\/p>\n<p>&nbsp;<\/p>\n<p>L&#8217;equip de l&#8217;escola del present curs 2025-2026:<\/p>\n<h6>Equip de Direcci\u00f3<\/h6>\n<ul>\n<li>Directora: Paula Ferreiro<\/li>\n<li>Cap d&#8217;estudis: S\u00edlvia \u00dabeda<\/li>\n<li>Secret\u00e0ria: Sandra Garcia<\/li>\n<\/ul>\n<h6>Equip de Coordinaci\u00f3<\/h6>\n<ul>\n<li>Coordinadora Comunitat de Petits: Sara Berrocal<\/li>\n<li>Coordinadora Comunitat de Mitjans: Anna Garolera<\/li>\n<li>Coordinadora Comunitat dels Grans: Berta Mir\u00f3<\/li>\n<\/ul>\n<h6>Comunitat de petites i petits<\/h6>\n<ul>\n<li>Ambient de Natura: Gemma Pariente (suplent Lidia Casanova)<\/li>\n<li>Ambient d\u2019Art: M\u00edriam Blanco i Ketsia Borja.<\/li>\n<li>Ambient de Joc simb\u00f2lic: Laura Andr\u00e9s i Anna Delgado.<\/li>\n<li>Ambient de Fer i desfer: Cristina Gallego<\/li>\n<li>Ambient de Construccions: Miriam Vidaller<\/li>\n<li>Ambient de Comunicaci\u00f3: Txell Alarc\u00f3n i Andrea Mu\u00f1oz<\/li>\n<li>TEI: Maribel Zamora<\/li>\n<\/ul>\n<h6>Comunitat dels mitjans<\/h6>\n<ul>\n<li style=\"font-size: 16px;\">Ambient de Pit\u00e0gores: Marta Farr\u00e9<\/li>\n<li style=\"font-size: 16px;\">Ambient de Batecs: Jana Fierro<\/li>\n<li>Ambient de Landart: Laura Palou<\/li>\n<li>Ambient de Bit\u00e0cola: Miquel Boira<\/li>\n<li>Ambient de Logos: Maria Elizalde<\/li>\n<li>Ambient de Gaudim: Marta Turt\u00f3s<\/li>\n<\/ul>\n<h6>Comunitat dels grans<\/h6>\n<ul>\n<li style=\"font-size: 16px;\">Ambient de Disseny: Paula Pozo<\/li>\n<li style=\"font-size: 16px;\">Ambient de Babel: Paula Bosch<\/li>\n<li>Ambient de Taller: Sofia Casas<\/li>\n<li>Ambient de Bios: Esther Garcia<\/li>\n<li>Ambient de Odissea: Cristina Guti\u00e9rrez<\/li>\n<li>Ambient de Creamat: Violeta Capella<\/li>\n<\/ul>\n<h6>Especialitats<\/h6>\n<ul>\n<li>Angl\u00e8s: Paula Ferreiro, Fina Abrie i Sandra Garcia<\/li>\n<li style=\"font-size: 16px;\">Educaci\u00f3 Musical:\u00a0Julio Gracia<\/li>\n<li><span style=\"font-size: 16px; -webkit-text-size-adjust: 100%;\">Moviment Conscient: Sara Balb\u00e1s<\/span><\/li>\n<li>Suports Intensius per a l&#8217;Escolaritzaci\u00f3 Inclusiva (SIEI): Rams\u00e9s P\u00e9rez i Juan Carlos M\u00e1rquez<\/li>\n<li>Mestre d&#8217;Educaci\u00f3 de Suport a la Inclusi\u00f3 (MESI): Ona Oviedo i Cristina Caldeiro<\/li>\n<li>Aula d&#8217;acollida:\u00a0Silvia Gonz\u00e1lez<\/li>\n<\/ul>\n<h6>\u00a0Conserge<\/h6>\n<ul>\n<li>Miquel Pujadas<\/li>\n<\/ul>\n<h6>Administrativa<\/h6>\n<ul>\n<li>Carme Paredes<\/li>\n<\/ul>\n<h6>Monitoratge de suport<\/h6>\n<ul>\n<li>Areli Forz\u00e1n<\/li>\n<li>Yisenia Clols<\/li>\n<li>Pati Soler<\/li>\n<\/ul>\n<h6>Cuina<\/h6>\n<ul>\n<li>Alfonso<\/li>\n<li>Marta<\/li>\n<li>Assia<\/li>\n<li>Laila<\/li>\n<\/ul>\n<h6>Coordinaci\u00f3 espai migdia<\/h6>\n<ul>\n<li>M\u00f3nica Saura<\/li>\n<\/ul>\n<h6>Servei de neteja<\/h6>\n<ul>\n<li>Joana<\/li>\n<li>Stella<\/li>\n<li>Merche<\/li>\n<li>M\u00aa Jes\u00fas<\/li>\n<\/ul>\n","protected":false},"excerpt":{"rendered":"<p>Un equip pedag\u00f2gic fort i cohesionat El projecte educatiu de l\u2019escola \u00e9s un projecte complex, profund, i nou. L\u2019equip va [&hellip;]<\/p>\n","protected":false},"author":1,"featured_media":0,"parent":22,"menu_order":0,"comment_status":"closed","ping_status":"closed","template":"","meta":{"_bbp_topic_count":0,"_bbp_reply_count":0,"_bbp_total_topic_count":0,"_bbp_total_reply_count":0,"_bbp_voice_count":0,"_bbp_anonymous_reply_count":0,"_bbp_topic_count_hidden":0,"_bbp_reply_count_hidden":0,"_bbp_forum_subforum_count":0,"site-sidebar-layout":"default","site-content-layout":"","ast-site-content-layout":"default","site-content-style":"default","site-sidebar-style":"default","ast-global-header-display":"","ast-banner-title-visibility":"","ast-main-header-display":"","ast-hfb-above-header-display":"","ast-hfb-below-header-display":"","ast-hfb-mobile-header-display":"","site-post-title":"","ast-breadcrumbs-content":"","ast-featured-img":"","footer-sml-layout":"","theme-transparent-header-meta":"default","adv-header-id-meta":"","stick-header-meta":"","header-above-stick-meta":"","header-main-stick-meta":"","header-below-stick-meta":"","astra-migrate-meta-layouts":"set","ast-page-background-enabled":"default","ast-page-background-meta":{"desktop":{"background-color":"var(--ast-global-color-4)","background-image":"","background-repeat":"repeat","background-position":"center center","background-size":"auto","background-attachment":"scroll","background-type":"","background-media":"","overlay-type":"","overlay-color":"","overlay-opacity":"","overlay-gradient":""},"tablet":{"background-color":"","background-image":"","background-repeat":"repeat","background-position":"center center","background-size":"auto","background-attachment":"scroll","background-type":"","background-media":"","overlay-type":"","overlay-color":"","overlay-opacity":"","overlay-gradient":""},"mobile":{"background-color":"","background-image":"","background-repeat":"repeat","background-position":"center center","background-size":"auto","background-attachment":"scroll","background-type":"","background-media":"","overlay-type":"","overlay-color":"","overlay-opacity":"","overlay-gradient":""}},"ast-content-background-meta":{"desktop":{"background-color":"var(--ast-global-color-5)","background-image":"","background-repeat":"repeat","background-position":"center center","background-size":"auto","background-attachment":"scroll","background-type":"","background-media":"","overlay-type":"","overlay-color":"","overlay-opacity":"","overlay-gradient":""},"tablet":{"background-color":"var(--ast-global-color-5)","background-image":"","background-repeat":"repeat","background-position":"center center","background-size":"auto","background-attachment":"scroll","background-type":"","background-media":"","overlay-type":"","overlay-color":"","overlay-opacity":"","overlay-gradient":""},"mobile":{"background-color":"var(--ast-global-color-5)","background-image":"","background-repeat":"repeat","background-position":"center center","background-size":"auto","background-attachment":"scroll","background-type":"","background-media":"","overlay-type":"","overlay-color":"","overlay-opacity":"","overlay-gradient":""}},"footnotes":""},"class_list":["post-501","page","type-page","status-publish","hentry"],"post_mailing_queue_ids":[],"_links":{"self":[{"href":"https:\/\/agora.xtec.cat\/escoladelsencants\/wp-json\/wp\/v2\/pages\/501","targetHints":{"allow":["GET"]}}],"collection":[{"href":"https:\/\/agora.xtec.cat\/escoladelsencants\/wp-json\/wp\/v2\/pages"}],"about":[{"href":"https:\/\/agora.xtec.cat\/escoladelsencants\/wp-json\/wp\/v2\/types\/page"}],"author":[{"embeddable":true,"href":"https:\/\/agora.xtec.cat\/escoladelsencants\/wp-json\/wp\/v2\/users\/1"}],"replies":[{"embeddable":true,"href":"https:\/\/agora.xtec.cat\/escoladelsencants\/wp-json\/wp\/v2\/comments?post=501"}],"version-history":[{"count":7,"href":"https:\/\/agora.xtec.cat\/escoladelsencants\/wp-json\/wp\/v2\/pages\/501\/revisions"}],"predecessor-version":[{"id":1210,"href":"https:\/\/agora.xtec.cat\/escoladelsencants\/wp-json\/wp\/v2\/pages\/501\/revisions\/1210"}],"up":[{"embeddable":true,"href":"https:\/\/agora.xtec.cat\/escoladelsencants\/wp-json\/wp\/v2\/pages\/22"}],"wp:attachment":[{"href":"https:\/\/agora.xtec.cat\/escoladelsencants\/wp-json\/wp\/v2\/media?parent=501"}],"curies":[{"name":"wp","href":"https:\/\/api.w.org\/{rel}","templated":true}]}}