{"id":30,"date":"2014-09-18T12:30:23","date_gmt":"2014-09-18T11:30:23","guid":{"rendered":"http:\/\/agora.xtec.cat\/escoladelsencants\/?page_id=30"},"modified":"2025-12-02T18:02:55","modified_gmt":"2025-12-02T17:02:55","slug":"instalacions","status":"publish","type":"page","link":"https:\/\/agora.xtec.cat\/escoladelsencants\/lescola\/instalacions\/","title":{"rendered":"Instal\u00b7lacions"},"content":{"rendered":"<p><a href=\"https:\/\/agora.xtec.cat\/escoladelsencants\/wp-content\/uploads\/usu2942\/2025\/05\/6512a683-5e5e-4562-a04d-63ab75464270-5.jpg\"><img loading=\"lazy\" decoding=\"async\" class=\"alignnone wp-image-684\" src=\"https:\/\/agora.xtec.cat\/escoladelsencants\/wp-content\/uploads\/usu2942\/2025\/05\/6512a683-5e5e-4562-a04d-63ab75464270-5-1024x768.jpg\" alt=\"Jard\u00ed\" width=\"706\" height=\"530\" srcset=\"https:\/\/agora.xtec.cat\/escoladelsencants\/wp-content\/uploads\/usu2942\/2025\/05\/6512a683-5e5e-4562-a04d-63ab75464270-5-1024x768.jpg 1024w, https:\/\/agora.xtec.cat\/escoladelsencants\/wp-content\/uploads\/usu2942\/2025\/05\/6512a683-5e5e-4562-a04d-63ab75464270-5-300x225.jpg 300w, https:\/\/agora.xtec.cat\/escoladelsencants\/wp-content\/uploads\/usu2942\/2025\/05\/6512a683-5e5e-4562-a04d-63ab75464270-5-768x576.jpg 768w, https:\/\/agora.xtec.cat\/escoladelsencants\/wp-content\/uploads\/usu2942\/2025\/05\/6512a683-5e5e-4562-a04d-63ab75464270-5-1536x1152.jpg 1536w, https:\/\/agora.xtec.cat\/escoladelsencants\/wp-content\/uploads\/usu2942\/2025\/05\/6512a683-5e5e-4562-a04d-63ab75464270-5.jpg 1600w\" sizes=\"auto, (max-width: 706px) 100vw, 706px\" \/><\/a><\/p>\n<h4 style=\"text-align: center;\"><strong>Jard\u00ed<\/strong><\/h4>\n<p>&nbsp;<\/p>\n<p><a href=\"https:\/\/agora.xtec.cat\/escoladelsencants\/wp-content\/uploads\/usu2942\/2025\/12\/02_Escola-Encants.jpg\"><img loading=\"lazy\" decoding=\"async\" class=\"alignnone size-large wp-image-915\" src=\"https:\/\/agora.xtec.cat\/escoladelsencants\/wp-content\/uploads\/usu2942\/2025\/12\/02_Escola-Encants.jpg\" alt=\"\" width=\"1024\" height=\"683\" srcset=\"https:\/\/agora.xtec.cat\/escoladelsencants\/wp-content\/uploads\/usu2942\/2025\/12\/02_Escola-Encants.jpg 1024w, https:\/\/agora.xtec.cat\/escoladelsencants\/wp-content\/uploads\/usu2942\/2025\/12\/02_Escola-Encants-300x200.jpg 300w, https:\/\/agora.xtec.cat\/escoladelsencants\/wp-content\/uploads\/usu2942\/2025\/12\/02_Escola-Encants-768x512.jpg 768w\" sizes=\"auto, (max-width: 1024px) 100vw, 1024px\" \/><\/a><\/p>\n<h4 style=\"text-align: center;\"><strong>Gimn\u00e0s<\/strong><\/h4>\n<p>&nbsp;<\/p>\n<p><a href=\"https:\/\/agora.xtec.cat\/escoladelsencants\/wp-content\/uploads\/usu2942\/2025\/12\/06_Escola-Encants.jpg\"><img loading=\"lazy\" decoding=\"async\" class=\"alignnone size-large wp-image-916\" src=\"https:\/\/agora.xtec.cat\/escoladelsencants\/wp-content\/uploads\/usu2942\/2025\/12\/06_Escola-Encants-1024x683.jpg\" alt=\"\" width=\"1024\" height=\"683\" srcset=\"https:\/\/agora.xtec.cat\/escoladelsencants\/wp-content\/uploads\/usu2942\/2025\/12\/06_Escola-Encants-1024x683.jpg 1024w, https:\/\/agora.xtec.cat\/escoladelsencants\/wp-content\/uploads\/usu2942\/2025\/12\/06_Escola-Encants-300x200.jpg 300w, https:\/\/agora.xtec.cat\/escoladelsencants\/wp-content\/uploads\/usu2942\/2025\/12\/06_Escola-Encants-768x512.jpg 768w, https:\/\/agora.xtec.cat\/escoladelsencants\/wp-content\/uploads\/usu2942\/2025\/12\/06_Escola-Encants-1536x1025.jpg 1536w, https:\/\/agora.xtec.cat\/escoladelsencants\/wp-content\/uploads\/usu2942\/2025\/12\/06_Escola-Encants.jpg 1920w\" sizes=\"auto, (max-width: 1024px) 100vw, 1024px\" \/><\/a><\/p>\n<h4 style=\"text-align: center;\"><strong>\u00c0gora de mitjans<\/strong><\/h4>\n<p>&nbsp;<\/p>\n<p><a href=\"https:\/\/agora.xtec.cat\/escoladelsencants\/wp-content\/uploads\/usu2942\/2025\/12\/09_Escola-Encants.jpg\"><img loading=\"lazy\" decoding=\"async\" class=\"alignnone size-large wp-image-918\" src=\"https:\/\/agora.xtec.cat\/escoladelsencants\/wp-content\/uploads\/usu2942\/2025\/12\/09_Escola-Encants.jpg\" alt=\"\" width=\"1024\" height=\"683\" srcset=\"https:\/\/agora.xtec.cat\/escoladelsencants\/wp-content\/uploads\/usu2942\/2025\/12\/09_Escola-Encants.jpg 1024w, https:\/\/agora.xtec.cat\/escoladelsencants\/wp-content\/uploads\/usu2942\/2025\/12\/09_Escola-Encants-300x200.jpg 300w, https:\/\/agora.xtec.cat\/escoladelsencants\/wp-content\/uploads\/usu2942\/2025\/12\/09_Escola-Encants-768x512.jpg 768w\" sizes=\"auto, (max-width: 1024px) 100vw, 1024px\" \/><\/a><\/p>\n<h4 style=\"text-align: center;\"><strong>\u00c0gora de Grans <\/strong><\/h4>\n<p>&nbsp;<\/p>\n<p><a href=\"https:\/\/agora.xtec.cat\/escoladelsencants\/wp-content\/uploads\/usu2942\/2025\/05\/8b666ea8-86c3-4a3e-a079-7da69a5ea85a.jpg\"><img loading=\"lazy\" decoding=\"async\" class=\"alignnone wp-image-690\" src=\"https:\/\/agora.xtec.cat\/escoladelsencants\/wp-content\/uploads\/usu2942\/2025\/05\/8b666ea8-86c3-4a3e-a079-7da69a5ea85a-1024x768.jpg\" alt=\"\" width=\"747\" height=\"561\" srcset=\"https:\/\/agora.xtec.cat\/escoladelsencants\/wp-content\/uploads\/usu2942\/2025\/05\/8b666ea8-86c3-4a3e-a079-7da69a5ea85a-1024x768.jpg 1024w, https:\/\/agora.xtec.cat\/escoladelsencants\/wp-content\/uploads\/usu2942\/2025\/05\/8b666ea8-86c3-4a3e-a079-7da69a5ea85a-300x225.jpg 300w, https:\/\/agora.xtec.cat\/escoladelsencants\/wp-content\/uploads\/usu2942\/2025\/05\/8b666ea8-86c3-4a3e-a079-7da69a5ea85a-768x576.jpg 768w, https:\/\/agora.xtec.cat\/escoladelsencants\/wp-content\/uploads\/usu2942\/2025\/05\/8b666ea8-86c3-4a3e-a079-7da69a5ea85a-1536x1152.jpg 1536w, https:\/\/agora.xtec.cat\/escoladelsencants\/wp-content\/uploads\/usu2942\/2025\/05\/8b666ea8-86c3-4a3e-a079-7da69a5ea85a.jpg 1600w\" sizes=\"auto, (max-width: 747px) 100vw, 747px\" \/><\/a><\/p>\n<h4 style=\"text-align: center;\"><strong>Sala de psicomotricitat<\/strong><\/h4>\n<p>&nbsp;<\/p>\n<p><a href=\"https:\/\/agora.xtec.cat\/escoladelsencants\/wp-content\/uploads\/usu2942\/2025\/05\/05e57b30-2d73-4473-a93f-4dfc9d412f39.jpg\"><img loading=\"lazy\" decoding=\"async\" class=\"alignnone size-large wp-image-691\" src=\"https:\/\/agora.xtec.cat\/escoladelsencants\/wp-content\/uploads\/usu2942\/2025\/05\/05e57b30-2d73-4473-a93f-4dfc9d412f39-1024x768.jpg\" alt=\"\" width=\"1024\" height=\"768\" srcset=\"https:\/\/agora.xtec.cat\/escoladelsencants\/wp-content\/uploads\/usu2942\/2025\/05\/05e57b30-2d73-4473-a93f-4dfc9d412f39-1024x768.jpg 1024w, https:\/\/agora.xtec.cat\/escoladelsencants\/wp-content\/uploads\/usu2942\/2025\/05\/05e57b30-2d73-4473-a93f-4dfc9d412f39-300x225.jpg 300w, https:\/\/agora.xtec.cat\/escoladelsencants\/wp-content\/uploads\/usu2942\/2025\/05\/05e57b30-2d73-4473-a93f-4dfc9d412f39-768x576.jpg 768w, https:\/\/agora.xtec.cat\/escoladelsencants\/wp-content\/uploads\/usu2942\/2025\/05\/05e57b30-2d73-4473-a93f-4dfc9d412f39-1536x1152.jpg 1536w, https:\/\/agora.xtec.cat\/escoladelsencants\/wp-content\/uploads\/usu2942\/2025\/05\/05e57b30-2d73-4473-a93f-4dfc9d412f39.jpg 1600w\" sizes=\"auto, (max-width: 1024px) 100vw, 1024px\" \/><\/a><\/p>\n<h4 style=\"text-align: center;\"><strong style=\"font-size: 20.8px; font-style: normal;\">Terrassa<\/strong><\/h4>\n<h4 style=\"text-align: center;\"><\/h4>\n","protected":false},"excerpt":{"rendered":"<p>Jard\u00ed &nbsp; Gimn\u00e0s &nbsp; \u00c0gora de mitjans &nbsp; \u00c0gora de Grans &nbsp; Sala de psicomotricitat &nbsp; Terrassa<\/p>\n","protected":false},"author":1,"featured_media":0,"parent":22,"menu_order":40,"comment_status":"closed","ping_status":"closed","template":"","meta":{"_bbp_topic_count":0,"_bbp_reply_count":0,"_bbp_total_topic_count":0,"_bbp_total_reply_count":0,"_bbp_voice_count":0,"_bbp_anonymous_reply_count":0,"_bbp_topic_count_hidden":0,"_bbp_reply_count_hidden":0,"_bbp_forum_subforum_count":0,"site-sidebar-layout":"default","site-content-layout":"","ast-site-content-layout":"default","site-content-style":"default","site-sidebar-style":"default","ast-global-header-display":"","ast-banner-title-visibility":"","ast-main-header-display":"","ast-hfb-above-header-display":"","ast-hfb-below-header-display":"","ast-hfb-mobile-header-display":"","site-post-title":"","ast-breadcrumbs-content":"","ast-featured-img":"","footer-sml-layout":"","theme-transparent-header-meta":"default","adv-header-id-meta":"","stick-header-meta":"","header-above-stick-meta":"","header-main-stick-meta":"","header-below-stick-meta":"","astra-migrate-meta-layouts":"set","ast-page-background-enabled":"default","ast-page-background-meta":{"desktop":{"background-color":"var(--ast-global-color-4)","background-image":"","background-repeat":"repeat","background-position":"center center","background-size":"auto","background-attachment":"scroll","background-type":"","background-media":"","overlay-type":"","overlay-color":"","overlay-opacity":"","overlay-gradient":""},"tablet":{"background-color":"","background-image":"","background-repeat":"repeat","background-position":"center center","background-size":"auto","background-attachment":"scroll","background-type":"","background-media":"","overlay-type":"","overlay-color":"","overlay-opacity":"","overlay-gradient":""},"mobile":{"background-color":"","background-image":"","background-repeat":"repeat","background-position":"center center","background-size":"auto","background-attachment":"scroll","background-type":"","background-media":"","overlay-type":"","overlay-color":"","overlay-opacity":"","overlay-gradient":""}},"ast-content-background-meta":{"desktop":{"background-color":"var(--ast-global-color-5)","background-image":"","background-repeat":"repeat","background-position":"center center","background-size":"auto","background-attachment":"scroll","background-type":"","background-media":"","overlay-type":"","overlay-color":"","overlay-opacity":"","overlay-gradient":""},"tablet":{"background-color":"var(--ast-global-color-5)","background-image":"","background-repeat":"repeat","background-position":"center center","background-size":"auto","background-attachment":"scroll","background-type":"","background-media":"","overlay-type":"","overlay-color":"","overlay-opacity":"","overlay-gradient":""},"mobile":{"background-color":"var(--ast-global-color-5)","background-image":"","background-repeat":"repeat","background-position":"center center","background-size":"auto","background-attachment":"scroll","background-type":"","background-media":"","overlay-type":"","overlay-color":"","overlay-opacity":"","overlay-gradient":""}},"footnotes":""},"class_list":["post-30","page","type-page","status-publish","hentry"],"post_mailing_queue_ids":[],"_links":{"self":[{"href":"https:\/\/agora.xtec.cat\/escoladelsencants\/wp-json\/wp\/v2\/pages\/30","targetHints":{"allow":["GET"]}}],"collection":[{"href":"https:\/\/agora.xtec.cat\/escoladelsencants\/wp-json\/wp\/v2\/pages"}],"about":[{"href":"https:\/\/agora.xtec.cat\/escoladelsencants\/wp-json\/wp\/v2\/types\/page"}],"author":[{"embeddable":true,"href":"https:\/\/agora.xtec.cat\/escoladelsencants\/wp-json\/wp\/v2\/users\/1"}],"replies":[{"embeddable":true,"href":"https:\/\/agora.xtec.cat\/escoladelsencants\/wp-json\/wp\/v2\/comments?post=30"}],"version-history":[{"count":6,"href":"https:\/\/agora.xtec.cat\/escoladelsencants\/wp-json\/wp\/v2\/pages\/30\/revisions"}],"predecessor-version":[{"id":919,"href":"https:\/\/agora.xtec.cat\/escoladelsencants\/wp-json\/wp\/v2\/pages\/30\/revisions\/919"}],"up":[{"embeddable":true,"href":"https:\/\/agora.xtec.cat\/escoladelsencants\/wp-json\/wp\/v2\/pages\/22"}],"wp:attachment":[{"href":"https:\/\/agora.xtec.cat\/escoladelsencants\/wp-json\/wp\/v2\/media?parent=30"}],"curies":[{"name":"wp","href":"https:\/\/api.w.org\/{rel}","templated":true}]}}