{"id":26,"date":"2014-09-18T12:24:32","date_gmt":"2014-09-18T11:24:32","guid":{"rendered":"http:\/\/agora.xtec.cat\/escoladelsencants\/?page_id=26"},"modified":"2026-02-20T12:51:35","modified_gmt":"2026-02-20T11:51:35","slug":"historia","status":"publish","type":"page","link":"https:\/\/agora.xtec.cat\/escoladelsencants\/lescola\/historia\/","title":{"rendered":"Hist\u00f2ria"},"content":{"rendered":"<p><span style=\"font-size: 16px;\">L\u2019escola dels Encants va obrir les seves portes l\u20191 de setembre de 2009, neix amb la voluntat de donar una resposta encertada a la necessitat de corresponsabilitat educativa de les escoles de Catalunya del segle XXI. Es van obrir les portes, liderats pel projecte de l\u2019Agn\u00e8s Barba durant els primers deu anys i formant equip amb diferents mestres que compartien la mateixa il\u00b7lusi\u00f3.<\/span><\/p>\n<p>Va ser una de les impulsores del programa Escola<b> Nova 21<\/b> que va proposar una transformaci\u00f3 del sistema educatiu per tal que s\u2019actualitzi, adoptant plenament un prop\u00f2sit dirigit a desenvolupar compet\u00e8ncies per a la vida en el nostre context hist\u00f2ric i unes pr\u00e0ctiques d\u2019aprenentatge fonamentades en el coneixement existent de com les persones aprenem.<\/p>\n<p><span style=\"font-size: 16px;\">Des dels inicis vam fer nostra la frase de H\u00e9lder C\u00e2mara: <\/span><em style=\"font-size: 16px;\">\u201cQuan nom\u00e9s somia un de sol, \u00e9s un somni, una fantasia. Quan molts somien junts, el somni esdev\u00e9 realitat.\u201d<\/em><span style=\"font-size: 16px;\"> Per a nosaltres, l\u2019escola era un gran repte, un somni que vol\u00edem fer realitat, i que nom\u00e9s podia ser possible amb la complicitat de tots aquells que en form\u00e9ssim part. <\/span><\/p>\n<p><span style=\"font-size: 16px;\">Al llarg dels anys, aquest somni s\u2019ha anat compartint amb totes les persones que s\u2019han incorporat a la nostra comunitat educativa, fent cr\u00e9ixer el projecte i enriquint-lo amb noves mirades. El futur ens obre camins per continuar millorant, ja que cada dia \u00e9s una nova oportunitat per aprendre i avan\u00e7ar, i qui sap, potser algun dia tu tamb\u00e9 en formar\u00e0s part.<\/span><\/p>\n<p>La dificultat de moltes persones per conciliar la vida laboral i familiar i el debilitament dels lla\u00e7os afectius han promogut una creixent delegaci\u00f3 de responsabilitats per part de mares i pares cap a l\u2019escola pel que fa a l\u2019educaci\u00f3 dels infants. La falta de respostes adequades a aquestes noves necessitats fan que sigui m\u00e9s necess\u00e0ria que mai una major corresponsabilitat de tots els agents que integren la comunitat educativa: mestres i educadors, fam\u00edlies, infants \u00a0i societat civil.<\/p>\n<p>L\u2019escola pret\u00e9n estimular la implicaci\u00f3 i la corresponsabilitat dels infants i de les fam\u00edlies en el projecte pedag\u00f2gic i promoure una relaci\u00f3 de col\u00b7laboraci\u00f3 i confian\u00e7a entre les fam\u00edlies, l&#8217;equip pedag\u00f2gic i els infants.<\/p>\n<p>&nbsp;<\/p>\n<p><img decoding=\"async\" class=\"nothing\" src=\"https:\/\/escoladelsencants.cat\/images\/B_Esc-laVidaEscola\/personatges_02(910w).jpg\" alt=\"\" \/><\/p>\n","protected":false},"excerpt":{"rendered":"<p>L\u2019escola dels Encants va obrir les seves portes l\u20191 de setembre de 2009, neix amb la voluntat de donar una [&hellip;]<\/p>\n","protected":false},"author":1,"featured_media":0,"parent":22,"menu_order":20,"comment_status":"closed","ping_status":"closed","template":"","meta":{"_bbp_topic_count":0,"_bbp_reply_count":0,"_bbp_total_topic_count":0,"_bbp_total_reply_count":0,"_bbp_voice_count":0,"_bbp_anonymous_reply_count":0,"_bbp_topic_count_hidden":0,"_bbp_reply_count_hidden":0,"_bbp_forum_subforum_count":0,"site-sidebar-layout":"default","site-content-layout":"","ast-site-content-layout":"default","site-content-style":"default","site-sidebar-style":"default","ast-global-header-display":"","ast-banner-title-visibility":"","ast-main-header-display":"","ast-hfb-above-header-display":"","ast-hfb-below-header-display":"","ast-hfb-mobile-header-display":"","site-post-title":"","ast-breadcrumbs-content":"","ast-featured-img":"","footer-sml-layout":"","theme-transparent-header-meta":"default","adv-header-id-meta":"","stick-header-meta":"","header-above-stick-meta":"","header-main-stick-meta":"","header-below-stick-meta":"","astra-migrate-meta-layouts":"set","ast-page-background-enabled":"default","ast-page-background-meta":{"desktop":{"background-color":"var(--ast-global-color-4)","background-image":"","background-repeat":"repeat","background-position":"center center","background-size":"auto","background-attachment":"scroll","background-type":"","background-media":"","overlay-type":"","overlay-color":"","overlay-opacity":"","overlay-gradient":""},"tablet":{"background-color":"","background-image":"","background-repeat":"repeat","background-position":"center center","background-size":"auto","background-attachment":"scroll","background-type":"","background-media":"","overlay-type":"","overlay-color":"","overlay-opacity":"","overlay-gradient":""},"mobile":{"background-color":"","background-image":"","background-repeat":"repeat","background-position":"center center","background-size":"auto","background-attachment":"scroll","background-type":"","background-media":"","overlay-type":"","overlay-color":"","overlay-opacity":"","overlay-gradient":""}},"ast-content-background-meta":{"desktop":{"background-color":"var(--ast-global-color-5)","background-image":"","background-repeat":"repeat","background-position":"center center","background-size":"auto","background-attachment":"scroll","background-type":"","background-media":"","overlay-type":"","overlay-color":"","overlay-opacity":"","overlay-gradient":""},"tablet":{"background-color":"var(--ast-global-color-5)","background-image":"","background-repeat":"repeat","background-position":"center center","background-size":"auto","background-attachment":"scroll","background-type":"","background-media":"","overlay-type":"","overlay-color":"","overlay-opacity":"","overlay-gradient":""},"mobile":{"background-color":"var(--ast-global-color-5)","background-image":"","background-repeat":"repeat","background-position":"center center","background-size":"auto","background-attachment":"scroll","background-type":"","background-media":"","overlay-type":"","overlay-color":"","overlay-opacity":"","overlay-gradient":""}},"footnotes":""},"class_list":["post-26","page","type-page","status-publish","hentry"],"post_mailing_queue_ids":[],"_links":{"self":[{"href":"https:\/\/agora.xtec.cat\/escoladelsencants\/wp-json\/wp\/v2\/pages\/26","targetHints":{"allow":["GET"]}}],"collection":[{"href":"https:\/\/agora.xtec.cat\/escoladelsencants\/wp-json\/wp\/v2\/pages"}],"about":[{"href":"https:\/\/agora.xtec.cat\/escoladelsencants\/wp-json\/wp\/v2\/types\/page"}],"author":[{"embeddable":true,"href":"https:\/\/agora.xtec.cat\/escoladelsencants\/wp-json\/wp\/v2\/users\/1"}],"replies":[{"embeddable":true,"href":"https:\/\/agora.xtec.cat\/escoladelsencants\/wp-json\/wp\/v2\/comments?post=26"}],"version-history":[{"count":6,"href":"https:\/\/agora.xtec.cat\/escoladelsencants\/wp-json\/wp\/v2\/pages\/26\/revisions"}],"predecessor-version":[{"id":1091,"href":"https:\/\/agora.xtec.cat\/escoladelsencants\/wp-json\/wp\/v2\/pages\/26\/revisions\/1091"}],"up":[{"embeddable":true,"href":"https:\/\/agora.xtec.cat\/escoladelsencants\/wp-json\/wp\/v2\/pages\/22"}],"wp:attachment":[{"href":"https:\/\/agora.xtec.cat\/escoladelsencants\/wp-json\/wp\/v2\/media?parent=26"}],"curies":[{"name":"wp","href":"https:\/\/api.w.org\/{rel}","templated":true}]}}