{"id":22,"date":"2014-09-18T12:19:57","date_gmt":"2014-09-18T11:19:57","guid":{"rendered":"http:\/\/agora.xtec.cat\/escoladelsencants\/?page_id=22"},"modified":"2026-02-20T13:17:26","modified_gmt":"2026-02-20T12:17:26","slug":"lescola","status":"publish","type":"page","link":"https:\/\/agora.xtec.cat\/escoladelsencants\/lescola\/","title":{"rendered":"Una comunitat educativa"},"content":{"rendered":"<h5>Qui som?<\/h5>\n<p>Som una escola catalana, p\u00fablica, de recent posada en funcionament, viva, oberta, participativa, amb una metodologia de treball activa i respectuosa amb els ritmes i els processos interns dels infants. El nostre prop\u00f2sit \u00e9s el desenvolupament de les compet\u00e8ncies per la vida, aquelles que ens serveixen per poder donar resposta als reptes individuals i col\u00b7lectius. Som un centre comprom\u00e8s amb el canvi educatiu i per aix\u00f2 vam ser un dels centres impulsors del programa Escola Nova 21.<\/p>\n<p>&nbsp;<\/p>\n<h5>Una comunitat d\u2019aprenentatge<\/h5>\n<p>La nostra \u00e9s una comunitat d\u2019aprenentatge on tots som part\u00edcips de la vida a l\u2019escola. Per aix\u00f2 l\u2019equip pedag\u00f2gic i les fam\u00edlies treballem de manera conjunta i cooperativa organitzats en comissions mixtes i en grups de treball formades per fam\u00edlies i mestres. Cada comissi\u00f3 treballa en una \u00e0rea concreta amb uns objectius que es defineixen a final de cada curs per al seg\u00fcent. Cada grup de treball s\u2019organitza per executar un objectiu concret. Els infants tamb\u00e9 tenen els seus espais de participaci\u00f3 en l\u2019assemblea i els consells d\u2019infants, un consell per a cada comunitat que es reuneix mensualment. La conversa di\u00e0ria \u00e9s l\u2019espai participatiu per excel\u00b7l\u00e8ncia, ja que di\u00e0riament t\u00e9 els seus espais de di\u00e0leg per aprendre a conviure i a gaudir de la democr\u00e0cia.<\/p>\n<p><a href=\"https:\/\/agora.xtec.cat\/escoladelsencants\/wp-content\/uploads\/usu2942\/2026\/02\/DSC_0199-scaled.jpg\"><img loading=\"lazy\" decoding=\"async\" class=\"wp-image-1092 aligncenter\" src=\"https:\/\/agora.xtec.cat\/escoladelsencants\/wp-content\/uploads\/usu2942\/2026\/02\/DSC_0199-1024x681.jpg\" alt=\"\" width=\"412\" height=\"274\" srcset=\"https:\/\/agora.xtec.cat\/escoladelsencants\/wp-content\/uploads\/usu2942\/2026\/02\/DSC_0199-1024x681.jpg 1024w, https:\/\/agora.xtec.cat\/escoladelsencants\/wp-content\/uploads\/usu2942\/2026\/02\/DSC_0199-300x199.jpg 300w, https:\/\/agora.xtec.cat\/escoladelsencants\/wp-content\/uploads\/usu2942\/2026\/02\/DSC_0199-768x511.jpg 768w, https:\/\/agora.xtec.cat\/escoladelsencants\/wp-content\/uploads\/usu2942\/2026\/02\/DSC_0199-1536x1021.jpg 1536w, https:\/\/agora.xtec.cat\/escoladelsencants\/wp-content\/uploads\/usu2942\/2026\/02\/DSC_0199-2048x1362.jpg 2048w\" sizes=\"auto, (max-width: 412px) 100vw, 412px\" \/><\/a><\/p>\n<h5>Com som?<\/h5>\n<p>L\u2019infant \u00e9s el centre de l\u2019aprenentatge, el motor del seu propi creixement. L\u2019equip pedag\u00f2gic constru\u00efm uns entorns respectuosos amb ells i amb les seves necessitats (individuals i col\u00b7lectives). Fixem unes estrat\u00e8gies organitzatives que ens permetin assegurar que l\u2019escola sigui un espai lliure que permeti el desenvolupament general de les diverses intel\u00b7lig\u00e8ncies i en concret d\u2019aquelles capacitats m\u00e9s adients a cadasc\u00fa. Un espai on viure i compartir, on cr\u00e9ixer i estimar, on aprendre i gaudir de la vida. Una escola que ens ajudi a construir un m\u00f3n una mica millor.<\/p>\n<p>&nbsp;<\/p>\n<h5>Objectius pedag\u00f2gics<\/h5>\n<p>El nostre objectiu educatiu \u00e9s <strong>desenvolupar en els infants les compet\u00e8ncies per a la vida.<\/strong> Aquelles que els han de facilitar les eines per viure en un m\u00f3n globalitzat i complex i que els han de permetre ser competents per adaptar-se i interactuar en un m\u00f3n canviant a nivell social i tecnol\u00f2gic.<\/p>\n<ul>\n<li><strong>Aprendre a ser<\/strong>: Desenvolupar capacitats d\u2019an\u00e0lisi personal i social que permetin que els infants es coneguin i esdevinguin persones responsables en la defensa dels drets i dels valors. Persones capaces de desplegar de manera integral el seu m\u00e0xim potencial psico-social, afectiu i f\u00edsic.<\/li>\n<li><strong>Aprendre a fer: <\/strong><span style=\"font-family: inherit; font-size: 1em;\">Desenvolupar les habilitats que permetin a nenes i nens participar efectivament en la societat del coneixement, la qual cosa tamb\u00e9 suposa saber afrontar situacions complexes i treballar en equip.<\/span><\/li>\n<li><strong>Aprendre a con\u00e8ixer<\/strong>: <span style=\"font-family: inherit; font-size: 1em;\">Desenvolupar les eines cognitives necess\u00e0ries per a comprendre millor el m\u00f3n i les seves complexitats, i per proporcionar una base apropiada i adequada per a l&#8217;aprenentatge futur.<\/span><\/li>\n<li><strong>Aprendre a conviure: <\/strong><span style=\"font-family: inherit; font-size: 1em;\">Desenvolupar les actituds i valors que fonamenten els drets humans, la igualtat de g\u00e8nere, els principis democr\u00e0tics, el respecte i l&#8217;entesa intercultural, el desenvolupament sostenible i la pau a tots els nivells de la societat i de les relacions humanes, perqu\u00e8 les persones i les societats puguin conviure harm\u00f2nicament.<\/span><\/li>\n<\/ul>\n<p><a href=\"https:\/\/agora.xtec.cat\/escoladelsencants\/wp-content\/uploads\/usu2942\/2026\/02\/DSC_0213-scaled.jpg\"><img loading=\"lazy\" decoding=\"async\" class=\"wp-image-1098 aligncenter\" src=\"https:\/\/agora.xtec.cat\/escoladelsencants\/wp-content\/uploads\/usu2942\/2026\/02\/DSC_0213-1024x681.jpg\" alt=\"\" width=\"466\" height=\"310\" srcset=\"https:\/\/agora.xtec.cat\/escoladelsencants\/wp-content\/uploads\/usu2942\/2026\/02\/DSC_0213-1024x681.jpg 1024w, https:\/\/agora.xtec.cat\/escoladelsencants\/wp-content\/uploads\/usu2942\/2026\/02\/DSC_0213-300x199.jpg 300w, https:\/\/agora.xtec.cat\/escoladelsencants\/wp-content\/uploads\/usu2942\/2026\/02\/DSC_0213-768x511.jpg 768w, https:\/\/agora.xtec.cat\/escoladelsencants\/wp-content\/uploads\/usu2942\/2026\/02\/DSC_0213-1536x1021.jpg 1536w, https:\/\/agora.xtec.cat\/escoladelsencants\/wp-content\/uploads\/usu2942\/2026\/02\/DSC_0213-2048x1362.jpg 2048w\" sizes=\"auto, (max-width: 466px) 100vw, 466px\" \/><\/a><\/p>\n<h5>La vida a l&#8217;escola<\/h5>\n<p>Organitzem l\u2019escola en tres comunitats:<\/p>\n<ul>\n<li><strong>Comunitat de petits: <\/strong><span style=\"font-family: inherit; font-size: 1em;\">amb infants de 3, 4 i 5 anys, nenes i nens d\u2019educaci\u00f3 infantil i llurs fam\u00edlies que juntament amb les mestres, educadors i educadores formen una comunitat on al llarg de tres anys establiran els vincles i les relacions que els permetran sentir-se part important de l\u2019escola. Cada dia el joc els conduir\u00e0 a anar descobrint com s\u00f3n i els permetr\u00e0 establir vincles amb el seu entorn.<\/span><\/li>\n<li><strong>Comunitat de mitjans: <\/strong><span style=\"font-family: inherit; font-size: 1em;\">amb infants de 1r, 2n i 3r, les seves fam\u00edlies i l\u2019equip de mestres i educadors d\u2019aquesta comunitat, aqu\u00ed tamb\u00e9 al llarg de tres anys aprendran a ser i a compartir, a establir relacions importants amb els seus coetanis i els adults, a posar-se reptes nous a descobrir com \u00e9s el m\u00f3n que els envolta i a trobar respostes als dubtes i incerteses que els planteja la vida.<\/span><\/li>\n<li><strong>Comunitat de grans: <\/strong><span style=\"font-family: inherit; font-size: 1em;\">amb nenes i nens de 4t, 5\u00e8 i 6\u00e8, les seves fam\u00edlies i l\u2019equip de mestres i educadors d\u2019aquesta comunitat que en els tres darrers anys de vida a l\u2019escola gaudiran de ser com s\u00f3n i es proposaran reptes de millora, esdevindran cr\u00edtics per investigar com \u00e9s el seu entorn i poder actuar sobre ell amb la finalitat de fer un m\u00f3n m\u00e9s just i millor. Cada una d\u2019aquestes comunitats funciona com un cicle aut\u00f2nom amb un projecte educatiu com\u00fa. Cada comunitat t\u00e9 una coordinadora de comunitat, una coordinadora d\u2019atenci\u00f3 a la diversitat i una de les persones de l\u2019equip directiu com a referent. Els infants treballen en grups heterogenis d\u2019edat, aix\u00f2 permet adaptar els ritmes escolars als seus ritmes personals, respectar els seus processos interns, potenciar l\u2019aprenentatge entre iguals, fomentar les zones de desenvolupament proper, integrar diferents rols al llarg de cada comunitat (petit, mitj\u00e0, gran), establir vincles m\u00e9s estrets amb els seus coetanis, aprendre a acomiadar i a retrobar, permetre una acollida molt m\u00e9s c\u00e0lida per part dels adults i dels propis infants als nous grups, poder donar i rebre amb m\u00e9s qualitat, cuidar i respectar, tenir un clima molt m\u00e9s calmat i de major respecte i aprendre molt m\u00e9s els uns dels altres.<\/span><\/li>\n<\/ul>\n<h5><\/h5>\n<p><a href=\"https:\/\/agora.xtec.cat\/escoladelsencants\/wp-content\/uploads\/usu2942\/2026\/02\/DSC_0225-scaled.jpg\"><img loading=\"lazy\" decoding=\"async\" class=\"wp-image-1105 aligncenter\" src=\"https:\/\/agora.xtec.cat\/escoladelsencants\/wp-content\/uploads\/usu2942\/2026\/02\/DSC_0225-1024x681.jpg\" alt=\"\" width=\"367\" height=\"244\" srcset=\"https:\/\/agora.xtec.cat\/escoladelsencants\/wp-content\/uploads\/usu2942\/2026\/02\/DSC_0225-1024x681.jpg 1024w, https:\/\/agora.xtec.cat\/escoladelsencants\/wp-content\/uploads\/usu2942\/2026\/02\/DSC_0225-300x199.jpg 300w, https:\/\/agora.xtec.cat\/escoladelsencants\/wp-content\/uploads\/usu2942\/2026\/02\/DSC_0225-768x511.jpg 768w, https:\/\/agora.xtec.cat\/escoladelsencants\/wp-content\/uploads\/usu2942\/2026\/02\/DSC_0225-1536x1021.jpg 1536w, https:\/\/agora.xtec.cat\/escoladelsencants\/wp-content\/uploads\/usu2942\/2026\/02\/DSC_0225-2048x1362.jpg 2048w\" sizes=\"auto, (max-width: 367px) 100vw, 367px\" \/><\/a><\/p>\n<header>\n<h5 class=\"title\">Aprendre i cr\u00e9ixer<img decoding=\"async\" class=\"nothing\" style=\"font-family: inherit; font-size: 1em; font-weight: normal;\" src=\"https:\/\/escoladelsencants.cat\/images\/J_2012-2013-ambients-Edwin-M\/escola_encants_fotos_edwin_2012_10_23_0178_(910w341h).jpg\" alt=\"\" \/><\/h5>\n<\/header>\n<div class=\"content clearfix\">\n<div class=\"akmarkdown-content\">\n<p>L&#8217;aprenentatge al llarg de la vida planteja aquella necessitat de les persones en general i dels educadors en especial de formar-se, d\u2019actualitzar-se, de plantejar-se propostes de millora, de proposar nous reptes i noves maneres d\u2019afrontar els reptes educatius que ens plantegen les escoles del segle XXI. Sota aquesta mirada l\u2019equip de coordinaci\u00f3 a partir de les necessitats del claustre inclou en el seu PGA totes aquelles accions educatives que afavoreixen i potencien el desenvolupament personal, social i professional de les mestres i educadors que en formem part.<\/p>\n<p>Compartim les nostres reflexions amb les fam\u00edlies dels infants, amb qui cada any realitzem diverses sessions de formaci\u00f3 i reflexi\u00f3 educativa a trav\u00e9s dels caf\u00e8s de reflexi\u00f3 educativa.<\/p>\n<p>Creiem en el nostre projecte educatiu i valorem convenient compartir-lo amb d\u2019altres professionals o amb aquells estudiants que s\u2019estan formant per ser nous mestres, per aix\u00f2 cada curs realitzem dues trobades pedag\u00f2giques per a professionals i acollim estudiants de la majoria d\u2019universitats catalanes i de l\u2019estat espanyol.<\/p>\n<p>Les tardes dels dimarts s\u00f3n importants espais de reflexi\u00f3 on anar construint la nostra ess\u00e8ncia, el desenvolupament del nostre projecte educatiu.<\/p>\n<\/div>\n<\/div>\n<h5><a href=\"https:\/\/agora.xtec.cat\/escoladelsencants\/wp-content\/uploads\/usu2942\/2026\/02\/DSC_0195-1-scaled.jpg\"><img loading=\"lazy\" decoding=\"async\" class=\"wp-image-1139 aligncenter\" src=\"https:\/\/agora.xtec.cat\/escoladelsencants\/wp-content\/uploads\/usu2942\/2026\/02\/DSC_0195-1-1024x681.jpg\" alt=\"\" width=\"455\" height=\"303\" srcset=\"https:\/\/agora.xtec.cat\/escoladelsencants\/wp-content\/uploads\/usu2942\/2026\/02\/DSC_0195-1-1024x681.jpg 1024w, https:\/\/agora.xtec.cat\/escoladelsencants\/wp-content\/uploads\/usu2942\/2026\/02\/DSC_0195-1-300x199.jpg 300w, https:\/\/agora.xtec.cat\/escoladelsencants\/wp-content\/uploads\/usu2942\/2026\/02\/DSC_0195-1-768x511.jpg 768w, https:\/\/agora.xtec.cat\/escoladelsencants\/wp-content\/uploads\/usu2942\/2026\/02\/DSC_0195-1-1536x1021.jpg 1536w, https:\/\/agora.xtec.cat\/escoladelsencants\/wp-content\/uploads\/usu2942\/2026\/02\/DSC_0195-1-2048x1362.jpg 2048w\" sizes=\"auto, (max-width: 455px) 100vw, 455px\" \/><\/a><\/h5>\n<p>&nbsp;<\/p>\n<div class=\"content clearfix\">\n<div class=\"akmarkdown-content\">\n<header>\n<h5 class=\"title\">Respectem l&#8217;entorn<img decoding=\"async\" class=\"nothing\" style=\"font-family: inherit; font-size: 1em; font-weight: normal;\" src=\"https:\/\/escoladelsencants.cat\/images\/J_2012-2013-ambients-Edwin-M\/escola_encants_fotos_edwin_2013_02_26_0694_(500w500h).jpg\" alt=\"\" \/><\/h5>\n<\/header>\n<div class=\"content clearfix\">\n<div class=\"akmarkdown-content\">\n<p>L&#8217;escola vol crear consci\u00e8ncia i desenvolupar la responsabilitat social individual i grupal amb el comprom\u00eds dels membres de la nostra comunitat educativa d&#8217;afavorir el desenvolupament del benestar col\u00b7lectiu potenciant la igualtat d&#8217;oportunitats i la cohesi\u00f3 social, promovent el ple desenvolupament de les potencialitats de cada nen i evitant qualsevol tipus de marginaci\u00f3 i exclusi\u00f3 a l&#8217;escola.<\/p>\n<p>D&#8217;altra banda, tamb\u00e9 es treballa en el desenvolupament de la compet\u00e8ncia socionatural de l&#8217;alumnat i en el foment del coneixement i el respecte pel medi ambient a trav\u00e9s dels recursos did\u00e0ctics que ens facilita l&#8217;entorn immediat dels nens i de l&#8217;escola: l&#8217;hort escolar, els esmorzars saludables, el reciclatge i la reutilitzaci\u00f3 i la transformaci\u00f3 del pati de l&#8217;escola en un jard\u00ed.<\/p>\n<p><a href=\"https:\/\/agora.xtec.cat\/escoladelsencants\/wp-content\/uploads\/usu2942\/2026\/02\/DSC_0221-scaled.jpg\"><img loading=\"lazy\" decoding=\"async\" class=\"wp-image-1101 aligncenter\" src=\"https:\/\/agora.xtec.cat\/escoladelsencants\/wp-content\/uploads\/usu2942\/2026\/02\/DSC_0221-1024x681.jpg\" alt=\"\" width=\"467\" height=\"311\" srcset=\"https:\/\/agora.xtec.cat\/escoladelsencants\/wp-content\/uploads\/usu2942\/2026\/02\/DSC_0221-1024x681.jpg 1024w, https:\/\/agora.xtec.cat\/escoladelsencants\/wp-content\/uploads\/usu2942\/2026\/02\/DSC_0221-300x199.jpg 300w, https:\/\/agora.xtec.cat\/escoladelsencants\/wp-content\/uploads\/usu2942\/2026\/02\/DSC_0221-768x511.jpg 768w, https:\/\/agora.xtec.cat\/escoladelsencants\/wp-content\/uploads\/usu2942\/2026\/02\/DSC_0221-1536x1021.jpg 1536w, https:\/\/agora.xtec.cat\/escoladelsencants\/wp-content\/uploads\/usu2942\/2026\/02\/DSC_0221-2048x1362.jpg 2048w\" sizes=\"auto, (max-width: 467px) 100vw, 467px\" \/><\/a><\/p>\n<\/div>\n<\/div>\n<\/div>\n<\/div>\n","protected":false},"excerpt":{"rendered":"<p>Qui som? Som una escola catalana, p\u00fablica, de recent posada en funcionament, viva, oberta, participativa, amb una metodologia de treball [&hellip;]<\/p>\n","protected":false},"author":1,"featured_media":0,"parent":0,"menu_order":0,"comment_status":"closed","ping_status":"closed","template":"","meta":{"_bbp_topic_count":0,"_bbp_reply_count":0,"_bbp_total_topic_count":0,"_bbp_total_reply_count":0,"_bbp_voice_count":0,"_bbp_anonymous_reply_count":0,"_bbp_topic_count_hidden":0,"_bbp_reply_count_hidden":0,"_bbp_forum_subforum_count":0,"site-sidebar-layout":"default","site-content-layout":"","ast-site-content-layout":"default","site-content-style":"default","site-sidebar-style":"default","ast-global-header-display":"","ast-banner-title-visibility":"","ast-main-header-display":"","ast-hfb-above-header-display":"","ast-hfb-below-header-display":"","ast-hfb-mobile-header-display":"","site-post-title":"","ast-breadcrumbs-content":"","ast-featured-img":"","footer-sml-layout":"","theme-transparent-header-meta":"default","adv-header-id-meta":"","stick-header-meta":"","header-above-stick-meta":"","header-main-stick-meta":"","header-below-stick-meta":"","astra-migrate-meta-layouts":"set","ast-page-background-enabled":"default","ast-page-background-meta":{"desktop":{"background-color":"var(--ast-global-color-4)","background-image":"","background-repeat":"repeat","background-position":"center center","background-size":"auto","background-attachment":"scroll","background-type":"","background-media":"","overlay-type":"","overlay-color":"","overlay-opacity":"","overlay-gradient":""},"tablet":{"background-color":"","background-image":"","background-repeat":"repeat","background-position":"center center","background-size":"auto","background-attachment":"scroll","background-type":"","background-media":"","overlay-type":"","overlay-color":"","overlay-opacity":"","overlay-gradient":""},"mobile":{"background-color":"","background-image":"","background-repeat":"repeat","background-position":"center center","background-size":"auto","background-attachment":"scroll","background-type":"","background-media":"","overlay-type":"","overlay-color":"","overlay-opacity":"","overlay-gradient":""}},"ast-content-background-meta":{"desktop":{"background-color":"var(--ast-global-color-5)","background-image":"","background-repeat":"repeat","background-position":"center center","background-size":"auto","background-attachment":"scroll","background-type":"","background-media":"","overlay-type":"","overlay-color":"","overlay-opacity":"","overlay-gradient":""},"tablet":{"background-color":"var(--ast-global-color-5)","background-image":"","background-repeat":"repeat","background-position":"center center","background-size":"auto","background-attachment":"scroll","background-type":"","background-media":"","overlay-type":"","overlay-color":"","overlay-opacity":"","overlay-gradient":""},"mobile":{"background-color":"var(--ast-global-color-5)","background-image":"","background-repeat":"repeat","background-position":"center center","background-size":"auto","background-attachment":"scroll","background-type":"","background-media":"","overlay-type":"","overlay-color":"","overlay-opacity":"","overlay-gradient":""}},"footnotes":""},"class_list":["post-22","page","type-page","status-publish","hentry"],"post_mailing_queue_ids":[],"_links":{"self":[{"href":"https:\/\/agora.xtec.cat\/escoladelsencants\/wp-json\/wp\/v2\/pages\/22","targetHints":{"allow":["GET"]}}],"collection":[{"href":"https:\/\/agora.xtec.cat\/escoladelsencants\/wp-json\/wp\/v2\/pages"}],"about":[{"href":"https:\/\/agora.xtec.cat\/escoladelsencants\/wp-json\/wp\/v2\/types\/page"}],"author":[{"embeddable":true,"href":"https:\/\/agora.xtec.cat\/escoladelsencants\/wp-json\/wp\/v2\/users\/1"}],"replies":[{"embeddable":true,"href":"https:\/\/agora.xtec.cat\/escoladelsencants\/wp-json\/wp\/v2\/comments?post=22"}],"version-history":[{"count":6,"href":"https:\/\/agora.xtec.cat\/escoladelsencants\/wp-json\/wp\/v2\/pages\/22\/revisions"}],"predecessor-version":[{"id":1150,"href":"https:\/\/agora.xtec.cat\/escoladelsencants\/wp-json\/wp\/v2\/pages\/22\/revisions\/1150"}],"wp:attachment":[{"href":"https:\/\/agora.xtec.cat\/escoladelsencants\/wp-json\/wp\/v2\/media?parent=22"}],"curies":[{"name":"wp","href":"https:\/\/api.w.org\/{rel}","templated":true}]}}