{"id":1070,"date":"2026-02-06T13:12:10","date_gmt":"2026-02-06T12:12:10","guid":{"rendered":"https:\/\/agora.xtec.cat\/escoladelsencants\/?page_id=1070"},"modified":"2026-02-17T18:32:54","modified_gmt":"2026-02-17T17:32:54","slug":"festes-a-lescola","status":"publish","type":"page","link":"https:\/\/agora.xtec.cat\/escoladelsencants\/festes-a-lescola\/","title":{"rendered":"Festes a l&#8217;Escola"},"content":{"rendered":"<p>A l\u2019Escola dels Encants, les festes s\u00f3n una part essencial de la vida comunit\u00e0ria i les vivim des d\u2019una mirada compartida entre l\u2019escola i l\u2019Associaci\u00f3 de Fam\u00edlies (AFA). Aquesta col\u00b7laboraci\u00f3 fa possible que cada celebraci\u00f3 es converteixi en un espai de trobada, creativitat i participaci\u00f3 on tothom hi t\u00e9 un paper.<\/p>\n<p>Al llarg del curs preparem conjuntament la Festa d\u2019inici de curs, la Festa de Tardor, la Festa d\u2019hivern, el Carnaval, la Diada de Sant Jordi i la Festa final de curs. Cada celebraci\u00f3 pren forma gr\u00e0cies a l\u2019esfor\u00e7 coordinat de mestres, infants i fam\u00edlies, que aporten idees, mans i entusiasme.<\/p>\n<p>Un dels elements m\u00e9s especials s\u00f3n els cartells de cada festa, elaborats pels infants des de l\u2019escola. A trav\u00e9s de diferents t\u00e8cniques art\u00edstiques, donen imatge i identitat pr\u00f2pia a cada esdeveniment. El resultat s\u00f3n cartells plens de color, expressivitat i creativitat que reflecteixen la mirada dels nens i nenes i que omplen l\u2019escola d\u2019alegria.<\/p>\n<p>Aquesta manera de treballar refor\u00e7a el vincle entre escola i fam\u00edlies i fa que cada festa sigui una celebraci\u00f3 compartida, viva i significativa per a tota la comunitat educativa.<\/p>\n<p>&nbsp;<\/p>\n<p><a href=\"https:\/\/agora.xtec.cat\/escoladelsencants\/wp-content\/uploads\/usu2942\/2026\/02\/Flyer-Fiesta-Disfraces-Ilustracion-Divertido-Amarillo.jpg\"><img loading=\"lazy\" decoding=\"async\" class=\"alignnone wp-image-1072\" src=\"https:\/\/agora.xtec.cat\/escoladelsencants\/wp-content\/uploads\/usu2942\/2026\/02\/Flyer-Fiesta-Disfraces-Ilustracion-Divertido-Amarillo-724x1024.jpg\" alt=\"\" width=\"225\" height=\"318\" srcset=\"https:\/\/agora.xtec.cat\/escoladelsencants\/wp-content\/uploads\/usu2942\/2026\/02\/Flyer-Fiesta-Disfraces-Ilustracion-Divertido-Amarillo-724x1024.jpg 724w, https:\/\/agora.xtec.cat\/escoladelsencants\/wp-content\/uploads\/usu2942\/2026\/02\/Flyer-Fiesta-Disfraces-Ilustracion-Divertido-Amarillo-212x300.jpg 212w, https:\/\/agora.xtec.cat\/escoladelsencants\/wp-content\/uploads\/usu2942\/2026\/02\/Flyer-Fiesta-Disfraces-Ilustracion-Divertido-Amarillo-768x1086.jpg 768w, https:\/\/agora.xtec.cat\/escoladelsencants\/wp-content\/uploads\/usu2942\/2026\/02\/Flyer-Fiesta-Disfraces-Ilustracion-Divertido-Amarillo-1086x1536.jpg 1086w, https:\/\/agora.xtec.cat\/escoladelsencants\/wp-content\/uploads\/usu2942\/2026\/02\/Flyer-Fiesta-Disfraces-Ilustracion-Divertido-Amarillo.jpg 1414w\" sizes=\"auto, (max-width: 225px) 100vw, 225px\" \/>\u00a0\u00a0\u00a0 <\/a><a href=\"https:\/\/agora.xtec.cat\/escoladelsencants\/wp-content\/uploads\/usu2942\/2026\/02\/White-Modern-Hello-Winter-Facebook-Poster-1.jpg\"><img loading=\"lazy\" decoding=\"async\" class=\"alignnone wp-image-1071\" src=\"https:\/\/agora.xtec.cat\/escoladelsencants\/wp-content\/uploads\/usu2942\/2026\/02\/White-Modern-Hello-Winter-Facebook-Poster-1-724x1024.jpg\" alt=\"\" width=\"226\" height=\"319\" srcset=\"https:\/\/agora.xtec.cat\/escoladelsencants\/wp-content\/uploads\/usu2942\/2026\/02\/White-Modern-Hello-Winter-Facebook-Poster-1-724x1024.jpg 724w, https:\/\/agora.xtec.cat\/escoladelsencants\/wp-content\/uploads\/usu2942\/2026\/02\/White-Modern-Hello-Winter-Facebook-Poster-1-212x300.jpg 212w, https:\/\/agora.xtec.cat\/escoladelsencants\/wp-content\/uploads\/usu2942\/2026\/02\/White-Modern-Hello-Winter-Facebook-Poster-1-768x1086.jpg 768w, https:\/\/agora.xtec.cat\/escoladelsencants\/wp-content\/uploads\/usu2942\/2026\/02\/White-Modern-Hello-Winter-Facebook-Poster-1-1086x1536.jpg 1086w, https:\/\/agora.xtec.cat\/escoladelsencants\/wp-content\/uploads\/usu2942\/2026\/02\/White-Modern-Hello-Winter-Facebook-Poster-1.jpg 1414w\" sizes=\"auto, (max-width: 226px) 100vw, 226px\" \/>\u00a0\u00a0 <\/a><a href=\"https:\/\/agora.xtec.cat\/escoladelsencants\/wp-content\/uploads\/usu2942\/2026\/02\/Purple-Modern-Illustration-Carnival-Day-Poster-1.jpg\"><img loading=\"lazy\" decoding=\"async\" class=\"alignnone wp-image-1086\" src=\"https:\/\/agora.xtec.cat\/escoladelsencants\/wp-content\/uploads\/usu2942\/2026\/02\/Purple-Modern-Illustration-Carnival-Day-Poster-1-724x1024.jpg\" alt=\"\" width=\"225\" height=\"318\" srcset=\"https:\/\/agora.xtec.cat\/escoladelsencants\/wp-content\/uploads\/usu2942\/2026\/02\/Purple-Modern-Illustration-Carnival-Day-Poster-1-724x1024.jpg 724w, https:\/\/agora.xtec.cat\/escoladelsencants\/wp-content\/uploads\/usu2942\/2026\/02\/Purple-Modern-Illustration-Carnival-Day-Poster-1-212x300.jpg 212w, https:\/\/agora.xtec.cat\/escoladelsencants\/wp-content\/uploads\/usu2942\/2026\/02\/Purple-Modern-Illustration-Carnival-Day-Poster-1-768x1086.jpg 768w, https:\/\/agora.xtec.cat\/escoladelsencants\/wp-content\/uploads\/usu2942\/2026\/02\/Purple-Modern-Illustration-Carnival-Day-Poster-1-1086x1536.jpg 1086w, https:\/\/agora.xtec.cat\/escoladelsencants\/wp-content\/uploads\/usu2942\/2026\/02\/Purple-Modern-Illustration-Carnival-Day-Poster-1-1448x2048.jpg 1448w, https:\/\/agora.xtec.cat\/escoladelsencants\/wp-content\/uploads\/usu2942\/2026\/02\/Purple-Modern-Illustration-Carnival-Day-Poster-1.jpg 1587w\" sizes=\"auto, (max-width: 225px) 100vw, 225px\" \/><\/a><\/p>\n<p>&nbsp;<\/p>\n","protected":false},"excerpt":{"rendered":"<p>A l\u2019Escola dels Encants, les festes s\u00f3n una part essencial de la vida comunit\u00e0ria i les vivim des d\u2019una mirada [&hellip;]<\/p>\n","protected":false},"author":1,"featured_media":0,"parent":0,"menu_order":0,"comment_status":"closed","ping_status":"closed","template":"","meta":{"_bbp_topic_count":0,"_bbp_reply_count":0,"_bbp_total_topic_count":0,"_bbp_total_reply_count":0,"_bbp_voice_count":0,"_bbp_anonymous_reply_count":0,"_bbp_topic_count_hidden":0,"_bbp_reply_count_hidden":0,"_bbp_forum_subforum_count":0,"site-sidebar-layout":"default","site-content-layout":"","ast-site-content-layout":"default","site-content-style":"default","site-sidebar-style":"default","ast-global-header-display":"","ast-banner-title-visibility":"","ast-main-header-display":"","ast-hfb-above-header-display":"","ast-hfb-below-header-display":"","ast-hfb-mobile-header-display":"","site-post-title":"","ast-breadcrumbs-content":"","ast-featured-img":"","footer-sml-layout":"","theme-transparent-header-meta":"default","adv-header-id-meta":"","stick-header-meta":"","header-above-stick-meta":"","header-main-stick-meta":"","header-below-stick-meta":"","astra-migrate-meta-layouts":"set","ast-page-background-enabled":"default","ast-page-background-meta":{"desktop":{"background-color":"var(--ast-global-color-4)","background-image":"","background-repeat":"repeat","background-position":"center center","background-size":"auto","background-attachment":"scroll","background-type":"","background-media":"","overlay-type":"","overlay-color":"","overlay-opacity":"","overlay-gradient":""},"tablet":{"background-color":"","background-image":"","background-repeat":"repeat","background-position":"center center","background-size":"auto","background-attachment":"scroll","background-type":"","background-media":"","overlay-type":"","overlay-color":"","overlay-opacity":"","overlay-gradient":""},"mobile":{"background-color":"","background-image":"","background-repeat":"repeat","background-position":"center center","background-size":"auto","background-attachment":"scroll","background-type":"","background-media":"","overlay-type":"","overlay-color":"","overlay-opacity":"","overlay-gradient":""}},"ast-content-background-meta":{"desktop":{"background-color":"var(--ast-global-color-5)","background-image":"","background-repeat":"repeat","background-position":"center center","background-size":"auto","background-attachment":"scroll","background-type":"","background-media":"","overlay-type":"","overlay-color":"","overlay-opacity":"","overlay-gradient":""},"tablet":{"background-color":"var(--ast-global-color-5)","background-image":"","background-repeat":"repeat","background-position":"center center","background-size":"auto","background-attachment":"scroll","background-type":"","background-media":"","overlay-type":"","overlay-color":"","overlay-opacity":"","overlay-gradient":""},"mobile":{"background-color":"var(--ast-global-color-5)","background-image":"","background-repeat":"repeat","background-position":"center center","background-size":"auto","background-attachment":"scroll","background-type":"","background-media":"","overlay-type":"","overlay-color":"","overlay-opacity":"","overlay-gradient":""}},"footnotes":""},"class_list":["post-1070","page","type-page","status-publish","hentry"],"post_mailing_queue_ids":[],"_links":{"self":[{"href":"https:\/\/agora.xtec.cat\/escoladelsencants\/wp-json\/wp\/v2\/pages\/1070","targetHints":{"allow":["GET"]}}],"collection":[{"href":"https:\/\/agora.xtec.cat\/escoladelsencants\/wp-json\/wp\/v2\/pages"}],"about":[{"href":"https:\/\/agora.xtec.cat\/escoladelsencants\/wp-json\/wp\/v2\/types\/page"}],"author":[{"embeddable":true,"href":"https:\/\/agora.xtec.cat\/escoladelsencants\/wp-json\/wp\/v2\/users\/1"}],"replies":[{"embeddable":true,"href":"https:\/\/agora.xtec.cat\/escoladelsencants\/wp-json\/wp\/v2\/comments?post=1070"}],"version-history":[{"count":3,"href":"https:\/\/agora.xtec.cat\/escoladelsencants\/wp-json\/wp\/v2\/pages\/1070\/revisions"}],"predecessor-version":[{"id":1088,"href":"https:\/\/agora.xtec.cat\/escoladelsencants\/wp-json\/wp\/v2\/pages\/1070\/revisions\/1088"}],"wp:attachment":[{"href":"https:\/\/agora.xtec.cat\/escoladelsencants\/wp-json\/wp\/v2\/media?parent=1070"}],"curies":[{"name":"wp","href":"https:\/\/api.w.org\/{rel}","templated":true}]}}