{"id":831,"date":"2019-02-15T22:07:20","date_gmt":"2019-02-15T21:07:20","guid":{"rendered":"http:\/\/agora.xtec.cat\/escoladelpoblenoudeldelta\/?page_id=831"},"modified":"2020-05-29T23:10:27","modified_gmt":"2020-05-29T21:10:27","slug":"projecte-linguistic","status":"publish","type":"page","link":"https:\/\/agora.xtec.cat\/escoladelpoblenoudeldelta\/documents-de-centre\/projecte-linguistic\/","title":{"rendered":"Projecte Ling\u00fc\u00edstic"},"content":{"rendered":"<p>Per consultar el Projecte Ling\u00fcistic de la ZER Mediterr\u00e0nia cliqueu al seg\u00fcent enlla\u00e7 <a href=\"https:\/\/issuu.com\/escolalescases\/docs\/projecte_ling__stic\">https:\/\/issuu.com\/escolalescases\/docs\/projecte_ling__stic<\/a><\/p>\n<p>Tamb\u00e9 us enllacem a dos documents de data 2016, els quals fan refer\u00e8ncia a la \u00faltima revisi\u00f3 que l&#8217;institut d&#8217;Estudis Catalans (IEC) ha fet pel que fa a l&#8217;ortografia i la gram\u00e0tica. La seua lectura \u00e9s interessant i necess\u00e0ria per a la tasca docent.<\/p>\n<p><a href=\"https:\/\/agora.xtec.cat\/escoladelpoblenoudeldelta\/wp-content\/uploads\/usu1542\/2020\/05\/GRAMATICA-CATALANA-IEC.pdf\">GRAMATICA CATALANA IEC<\/a> \u00a0 \u00a0 \u00a0 \u00a0 \u00a0 \u00a0 \u00a0 \u00a0 \u00a0 \u00a0 \u00a0 <a href=\"https:\/\/agora.xtec.cat\/escoladelpoblenoudeldelta\/wp-content\/uploads\/usu1542\/2020\/05\/ORTOGRAFIA-CATALANA-IEC.pdf\">ORTOGRAFIA CATALANA IEC<\/a><\/p>\n<p>A continuaci\u00f3 els criteris per a l&#8217;aplicaci\u00f3 de la GRAM\u00c0tica de la Llengua Catalana i l&#8217;ORTOGRAFIA per als docents:\u00a0 \u00a0 <a href=\"https:\/\/agora.xtec.cat\/escoladelpoblenoudeldelta\/wp-content\/uploads\/usu1542\/2020\/05\/CRITERIS-PER-ALS-DOCENTS.docx\">CRITERIS PER ALS DOCENTS<\/a><\/p>\n<p>&nbsp;<\/p>\n","protected":false},"excerpt":{"rendered":"<p>Per consultar el Projecte Ling\u00fcistic de la ZER Mediterr\u00e0nia cliqueu al seg\u00fcent enlla\u00e7 https:\/\/issuu.com\/escolalescases\/docs\/projecte_ling__stic Tamb\u00e9 us enllacem a dos documents de data 2016, els quals fan refer\u00e8ncia a la \u00faltima revisi\u00f3 que l&#8217;institut d&#8217;Estudis Catalans (IEC) ha fet pel que fa a l&#8217;ortografia i la gram\u00e0tica. La seua lectura \u00e9s interessant i necess\u00e0ria per a [&hellip;]<\/p>\n","protected":false},"author":1,"featured_media":0,"parent":818,"menu_order":0,"comment_status":"closed","ping_status":"closed","template":"","meta":{"_bbp_topic_count":0,"_bbp_reply_count":0,"_bbp_total_topic_count":0,"_bbp_total_reply_count":0,"_bbp_voice_count":0,"_bbp_anonymous_reply_count":0,"_bbp_topic_count_hidden":0,"_bbp_reply_count_hidden":0,"_bbp_forum_subforum_count":0,"site-sidebar-layout":"default","site-content-layout":"","ast-site-content-layout":"","site-content-style":"default","site-sidebar-style":"default","ast-global-header-display":"","ast-banner-title-visibility":"","ast-main-header-display":"","ast-hfb-above-header-display":"","ast-hfb-below-header-display":"","ast-hfb-mobile-header-display":"","site-post-title":"","ast-breadcrumbs-content":"","ast-featured-img":"","footer-sml-layout":"","theme-transparent-header-meta":"","adv-header-id-meta":"","stick-header-meta":"","header-above-stick-meta":"","header-main-stick-meta":"","header-below-stick-meta":"","astra-migrate-meta-layouts":"default","ast-page-background-enabled":"default","ast-page-background-meta":{"desktop":{"background-color":"var(--ast-global-color-4)","background-image":"","background-repeat":"repeat","background-position":"center center","background-size":"auto","background-attachment":"scroll","background-type":"","background-media":"","overlay-type":"","overlay-color":"","overlay-opacity":"","overlay-gradient":""},"tablet":{"background-color":"","background-image":"","background-repeat":"repeat","background-position":"center center","background-size":"auto","background-attachment":"scroll","background-type":"","background-media":"","overlay-type":"","overlay-color":"","overlay-opacity":"","overlay-gradient":""},"mobile":{"background-color":"","background-image":"","background-repeat":"repeat","background-position":"center center","background-size":"auto","background-attachment":"scroll","background-type":"","background-media":"","overlay-type":"","overlay-color":"","overlay-opacity":"","overlay-gradient":""}},"ast-content-background-meta":{"desktop":{"background-color":"var(--ast-global-color-5)","background-image":"","background-repeat":"repeat","background-position":"center center","background-size":"auto","background-attachment":"scroll","background-type":"","background-media":"","overlay-type":"","overlay-color":"","overlay-opacity":"","overlay-gradient":""},"tablet":{"background-color":"var(--ast-global-color-5)","background-image":"","background-repeat":"repeat","background-position":"center center","background-size":"auto","background-attachment":"scroll","background-type":"","background-media":"","overlay-type":"","overlay-color":"","overlay-opacity":"","overlay-gradient":""},"mobile":{"background-color":"var(--ast-global-color-5)","background-image":"","background-repeat":"repeat","background-position":"center center","background-size":"auto","background-attachment":"scroll","background-type":"","background-media":"","overlay-type":"","overlay-color":"","overlay-opacity":"","overlay-gradient":""}},"footnotes":""},"class_list":["post-831","page","type-page","status-publish","hentry"],"post_mailing_queue_ids":[],"_links":{"self":[{"href":"https:\/\/agora.xtec.cat\/escoladelpoblenoudeldelta\/wp-json\/wp\/v2\/pages\/831","targetHints":{"allow":["GET"]}}],"collection":[{"href":"https:\/\/agora.xtec.cat\/escoladelpoblenoudeldelta\/wp-json\/wp\/v2\/pages"}],"about":[{"href":"https:\/\/agora.xtec.cat\/escoladelpoblenoudeldelta\/wp-json\/wp\/v2\/types\/page"}],"author":[{"embeddable":true,"href":"https:\/\/agora.xtec.cat\/escoladelpoblenoudeldelta\/wp-json\/wp\/v2\/users\/1"}],"replies":[{"embeddable":true,"href":"https:\/\/agora.xtec.cat\/escoladelpoblenoudeldelta\/wp-json\/wp\/v2\/comments?post=831"}],"version-history":[{"count":4,"href":"https:\/\/agora.xtec.cat\/escoladelpoblenoudeldelta\/wp-json\/wp\/v2\/pages\/831\/revisions"}],"predecessor-version":[{"id":1626,"href":"https:\/\/agora.xtec.cat\/escoladelpoblenoudeldelta\/wp-json\/wp\/v2\/pages\/831\/revisions\/1626"}],"up":[{"embeddable":true,"href":"https:\/\/agora.xtec.cat\/escoladelpoblenoudeldelta\/wp-json\/wp\/v2\/pages\/818"}],"wp:attachment":[{"href":"https:\/\/agora.xtec.cat\/escoladelpoblenoudeldelta\/wp-json\/wp\/v2\/media?parent=831"}],"curies":[{"name":"wp","href":"https:\/\/api.w.org\/{rel}","templated":true}]}}