{"id":64,"date":"2014-09-18T12:39:08","date_gmt":"2014-09-18T11:39:08","guid":{"rendered":"http:\/\/agora.xtec.cat\/escoladelpoblenoudeldelta\/?page_id=64"},"modified":"2019-02-19T02:42:04","modified_gmt":"2019-02-19T01:42:04","slug":"projecte-educatiu","status":"publish","type":"page","link":"https:\/\/agora.xtec.cat\/escoladelpoblenoudeldelta\/documents-de-centre\/projecte-educatiu\/","title":{"rendered":"Projecte educatiu"},"content":{"rendered":"<p style=\"text-align: justify;\">L&#8217;Escola del Poble Nou del Delta \u00e9s una escola rural p\u00fablica, catalana, viva, activa, arrelada i compromesa amb l\u2019entorn, tant natural com social; es defineix com un centre inclusiu i coeducatiu on tenen cabuda tots els xiquets\/es, aix\u00ed com les seues fam\u00edlies. Un centre que atribueix a l\u2019educaci\u00f3 una funci\u00f3 social compartida dirigida cap al desenvolupament personal de tots els membres de la comunitat educativa, principalment, els xiquets i les xiquetes, per a la comprensi\u00f3 i participaci\u00f3 reflexiva i cr\u00edtica en la realitat, i per la dignitat de tots i totes.<\/p>\n<p style=\"text-align: justify;\"><a href=\"https:\/\/drive.google.com\/a\/xtec.cat\/file\/d\/0B4s6oZVALh-5alBVV1lZUThVY1E\/view?usp=sharing\" target=\"_blank\" rel=\"noopener\">CONSULTA EL PROJECTE EDUCATIU<\/a><\/p>\n","protected":false},"excerpt":{"rendered":"<p>L&#8217;Escola del Poble Nou del Delta \u00e9s una escola rural p\u00fablica, catalana, viva, activa, arrelada i compromesa amb l\u2019entorn, tant natural com social; es defineix com un centre inclusiu i coeducatiu on tenen cabuda tots els xiquets\/es, aix\u00ed com les seues fam\u00edlies. Un centre que atribueix a l\u2019educaci\u00f3 una funci\u00f3 social compartida dirigida cap al [&hellip;]<\/p>\n","protected":false},"author":1,"featured_media":0,"parent":818,"menu_order":0,"comment_status":"closed","ping_status":"closed","template":"page-templates\/side-menu.php","meta":{"_bbp_topic_count":0,"_bbp_reply_count":0,"_bbp_total_topic_count":0,"_bbp_total_reply_count":0,"_bbp_voice_count":0,"_bbp_anonymous_reply_count":0,"_bbp_topic_count_hidden":0,"_bbp_reply_count_hidden":0,"_bbp_forum_subforum_count":0,"site-sidebar-layout":"default","site-content-layout":"","ast-site-content-layout":"","site-content-style":"default","site-sidebar-style":"default","ast-global-header-display":"","ast-banner-title-visibility":"","ast-main-header-display":"","ast-hfb-above-header-display":"","ast-hfb-below-header-display":"","ast-hfb-mobile-header-display":"","site-post-title":"","ast-breadcrumbs-content":"","ast-featured-img":"","footer-sml-layout":"","theme-transparent-header-meta":"","adv-header-id-meta":"","stick-header-meta":"","header-above-stick-meta":"","header-main-stick-meta":"","header-below-stick-meta":"","astra-migrate-meta-layouts":"default","ast-page-background-enabled":"default","ast-page-background-meta":{"desktop":{"background-color":"var(--ast-global-color-4)","background-image":"","background-repeat":"repeat","background-position":"center center","background-size":"auto","background-attachment":"scroll","background-type":"","background-media":"","overlay-type":"","overlay-color":"","overlay-opacity":"","overlay-gradient":""},"tablet":{"background-color":"","background-image":"","background-repeat":"repeat","background-position":"center center","background-size":"auto","background-attachment":"scroll","background-type":"","background-media":"","overlay-type":"","overlay-color":"","overlay-opacity":"","overlay-gradient":""},"mobile":{"background-color":"","background-image":"","background-repeat":"repeat","background-position":"center center","background-size":"auto","background-attachment":"scroll","background-type":"","background-media":"","overlay-type":"","overlay-color":"","overlay-opacity":"","overlay-gradient":""}},"ast-content-background-meta":{"desktop":{"background-color":"var(--ast-global-color-5)","background-image":"","background-repeat":"repeat","background-position":"center center","background-size":"auto","background-attachment":"scroll","background-type":"","background-media":"","overlay-type":"","overlay-color":"","overlay-opacity":"","overlay-gradient":""},"tablet":{"background-color":"var(--ast-global-color-5)","background-image":"","background-repeat":"repeat","background-position":"center center","background-size":"auto","background-attachment":"scroll","background-type":"","background-media":"","overlay-type":"","overlay-color":"","overlay-opacity":"","overlay-gradient":""},"mobile":{"background-color":"var(--ast-global-color-5)","background-image":"","background-repeat":"repeat","background-position":"center center","background-size":"auto","background-attachment":"scroll","background-type":"","background-media":"","overlay-type":"","overlay-color":"","overlay-opacity":"","overlay-gradient":""}},"footnotes":""},"class_list":["post-64","page","type-page","status-publish","hentry"],"post_mailing_queue_ids":[],"_links":{"self":[{"href":"https:\/\/agora.xtec.cat\/escoladelpoblenoudeldelta\/wp-json\/wp\/v2\/pages\/64","targetHints":{"allow":["GET"]}}],"collection":[{"href":"https:\/\/agora.xtec.cat\/escoladelpoblenoudeldelta\/wp-json\/wp\/v2\/pages"}],"about":[{"href":"https:\/\/agora.xtec.cat\/escoladelpoblenoudeldelta\/wp-json\/wp\/v2\/types\/page"}],"author":[{"embeddable":true,"href":"https:\/\/agora.xtec.cat\/escoladelpoblenoudeldelta\/wp-json\/wp\/v2\/users\/1"}],"replies":[{"embeddable":true,"href":"https:\/\/agora.xtec.cat\/escoladelpoblenoudeldelta\/wp-json\/wp\/v2\/comments?post=64"}],"version-history":[{"count":4,"href":"https:\/\/agora.xtec.cat\/escoladelpoblenoudeldelta\/wp-json\/wp\/v2\/pages\/64\/revisions"}],"predecessor-version":[{"id":820,"href":"https:\/\/agora.xtec.cat\/escoladelpoblenoudeldelta\/wp-json\/wp\/v2\/pages\/64\/revisions\/820"}],"up":[{"embeddable":true,"href":"https:\/\/agora.xtec.cat\/escoladelpoblenoudeldelta\/wp-json\/wp\/v2\/pages\/818"}],"wp:attachment":[{"href":"https:\/\/agora.xtec.cat\/escoladelpoblenoudeldelta\/wp-json\/wp\/v2\/media?parent=64"}],"curies":[{"name":"wp","href":"https:\/\/api.w.org\/{rel}","templated":true}]}}