{"id":34,"date":"2016-09-12T12:32:18","date_gmt":"2016-09-12T10:32:18","guid":{"rendered":"http:\/\/agora.xtec.cat\/escoladelpoblenoudeldelta\/?page_id=34"},"modified":"2024-12-10T23:04:22","modified_gmt":"2024-12-10T22:04:22","slug":"oferta-educativa","status":"publish","type":"page","link":"https:\/\/agora.xtec.cat\/escoladelpoblenoudeldelta\/lescola\/oferta-educativa\/","title":{"rendered":"Oferta educativa"},"content":{"rendered":"<p>&nbsp;<\/p>\n<p style=\"color: #444444;\">Som una escola p\u00fablica que acull infants de 3 a 12 anys. En total podem tenir dos grups de 25 alumnes.<\/p>\n<p style=\"color: #444444;\">Actualment som 20 alumnes agrupats en dos grups: 1 grup d&#8217;infantil i 1r i 1 grup d&#8217;alumnes de 2n a 6\u00e8. Els moments d&#8217;hort, el taller de Biodansa, el de ioga aeri i el de les festes els realitzem de manera conjunta tot l&#8217;alumnat de l&#8217;Escola.<\/p>\n<p style=\"color: #444444;\">En plantilla de centre som 2 mestres (1 mestra d&#8217;infantil i una mestra de prim\u00e0ria especialista en llengua anglesa amb el perfil de metodologies globalitzadores).<\/p>\n<p style=\"color: #444444;\">Compartim 4 mestres especialistes amb les altres dues escoles que formen la ZER Mediterr\u00e0nia, els quals estan amb nosaltres 1 dia a la setmana: angl\u00e8s, m\u00fasica, educaci\u00f3 f\u00edsica i atenci\u00f3 a la diversitat.<\/p>\n<p style=\"color: #444444;\">Durant dues tardes (3h) tamb\u00e9 ens acompanya la mestra de religi\u00f3 que cobertes les necessitats d&#8217;opci\u00f3 d&#8217;ensenyament de la religi\u00f3, acompanya als infants d&#8217;infantil i 1r al Taller d&#8217;experimentaci\u00f3 i l&#8217;ambient matem\u00e0tic.<\/p>\n<p style=\"color: #444444; text-align: left; padding-left: 40px;\">Finalment, tamb\u00e9 comptem amb un mat\u00ed (3h) amb la mestra especialista de pl\u00e0stica que \u00e9s personal contractat per l&#8217;Ajuntament d&#8217;Amposta, al qual els hi estem molts agra\u00efdes.<\/p>\n","protected":false},"excerpt":{"rendered":"<p>&nbsp; Som una escola p\u00fablica que acull infants de 3 a 12 anys. En total podem tenir dos grups de 25 alumnes. Actualment som 20 alumnes agrupats en dos grups: 1 grup d&#8217;infantil i 1r i 1 grup d&#8217;alumnes de 2n a 6\u00e8. Els moments d&#8217;hort, el taller de Biodansa, el de ioga aeri i [&hellip;]<\/p>\n","protected":false},"author":1,"featured_media":0,"parent":22,"menu_order":60,"comment_status":"closed","ping_status":"closed","template":"page-templates\/side-menu.php","meta":{"_bbp_topic_count":0,"_bbp_reply_count":0,"_bbp_total_topic_count":0,"_bbp_total_reply_count":0,"_bbp_voice_count":0,"_bbp_anonymous_reply_count":0,"_bbp_topic_count_hidden":0,"_bbp_reply_count_hidden":0,"_bbp_forum_subforum_count":0,"site-sidebar-layout":"default","site-content-layout":"","ast-site-content-layout":"","site-content-style":"default","site-sidebar-style":"default","ast-global-header-display":"","ast-banner-title-visibility":"","ast-main-header-display":"","ast-hfb-above-header-display":"","ast-hfb-below-header-display":"","ast-hfb-mobile-header-display":"","site-post-title":"","ast-breadcrumbs-content":"","ast-featured-img":"","footer-sml-layout":"","theme-transparent-header-meta":"","adv-header-id-meta":"","stick-header-meta":"","header-above-stick-meta":"","header-main-stick-meta":"","header-below-stick-meta":"","astra-migrate-meta-layouts":"default","ast-page-background-enabled":"default","ast-page-background-meta":{"desktop":{"background-color":"var(--ast-global-color-4)","background-image":"","background-repeat":"repeat","background-position":"center center","background-size":"auto","background-attachment":"scroll","background-type":"","background-media":"","overlay-type":"","overlay-color":"","overlay-opacity":"","overlay-gradient":""},"tablet":{"background-color":"","background-image":"","background-repeat":"repeat","background-position":"center center","background-size":"auto","background-attachment":"scroll","background-type":"","background-media":"","overlay-type":"","overlay-color":"","overlay-opacity":"","overlay-gradient":""},"mobile":{"background-color":"","background-image":"","background-repeat":"repeat","background-position":"center center","background-size":"auto","background-attachment":"scroll","background-type":"","background-media":"","overlay-type":"","overlay-color":"","overlay-opacity":"","overlay-gradient":""}},"ast-content-background-meta":{"desktop":{"background-color":"var(--ast-global-color-5)","background-image":"","background-repeat":"repeat","background-position":"center center","background-size":"auto","background-attachment":"scroll","background-type":"","background-media":"","overlay-type":"","overlay-color":"","overlay-opacity":"","overlay-gradient":""},"tablet":{"background-color":"var(--ast-global-color-5)","background-image":"","background-repeat":"repeat","background-position":"center center","background-size":"auto","background-attachment":"scroll","background-type":"","background-media":"","overlay-type":"","overlay-color":"","overlay-opacity":"","overlay-gradient":""},"mobile":{"background-color":"var(--ast-global-color-5)","background-image":"","background-repeat":"repeat","background-position":"center center","background-size":"auto","background-attachment":"scroll","background-type":"","background-media":"","overlay-type":"","overlay-color":"","overlay-opacity":"","overlay-gradient":""}},"footnotes":""},"class_list":["post-34","page","type-page","status-publish","hentry"],"post_mailing_queue_ids":[],"_links":{"self":[{"href":"https:\/\/agora.xtec.cat\/escoladelpoblenoudeldelta\/wp-json\/wp\/v2\/pages\/34","targetHints":{"allow":["GET"]}}],"collection":[{"href":"https:\/\/agora.xtec.cat\/escoladelpoblenoudeldelta\/wp-json\/wp\/v2\/pages"}],"about":[{"href":"https:\/\/agora.xtec.cat\/escoladelpoblenoudeldelta\/wp-json\/wp\/v2\/types\/page"}],"author":[{"embeddable":true,"href":"https:\/\/agora.xtec.cat\/escoladelpoblenoudeldelta\/wp-json\/wp\/v2\/users\/1"}],"replies":[{"embeddable":true,"href":"https:\/\/agora.xtec.cat\/escoladelpoblenoudeldelta\/wp-json\/wp\/v2\/comments?post=34"}],"version-history":[{"count":4,"href":"https:\/\/agora.xtec.cat\/escoladelpoblenoudeldelta\/wp-json\/wp\/v2\/pages\/34\/revisions"}],"predecessor-version":[{"id":3061,"href":"https:\/\/agora.xtec.cat\/escoladelpoblenoudeldelta\/wp-json\/wp\/v2\/pages\/34\/revisions\/3061"}],"up":[{"embeddable":true,"href":"https:\/\/agora.xtec.cat\/escoladelpoblenoudeldelta\/wp-json\/wp\/v2\/pages\/22"}],"wp:attachment":[{"href":"https:\/\/agora.xtec.cat\/escoladelpoblenoudeldelta\/wp-json\/wp\/v2\/media?parent=34"}],"curies":[{"name":"wp","href":"https:\/\/api.w.org\/{rel}","templated":true}]}}