{"id":24,"date":"2016-09-12T12:23:15","date_gmt":"2016-09-12T10:23:15","guid":{"rendered":"http:\/\/agora.xtec.cat\/escoladelpoblenoudeldelta\/?page_id=24"},"modified":"2017-02-27T18:25:15","modified_gmt":"2017-02-27T17:25:15","slug":"on-som","status":"publish","type":"page","link":"https:\/\/agora.xtec.cat\/escoladelpoblenoudeldelta\/lescola\/on-som\/","title":{"rendered":"On som"},"content":{"rendered":"<p style=\"color: #666666;\"><strong>Escola del Poble Nou del Delta<\/strong><br \/>\nPla\u00e7a Jard\u00ed, 10<br \/>\n43549 El poble Nou del Delta<\/p>\n<p>Tel. 977 74 47 05<br \/>\ne3009217@xtec.cat<\/p>\n<p>https:\/\/www.google.es\/maps\/@40.6574739,0.7459961,11.5z<\/p>\n<p>&nbsp;<\/p>\n<p style=\"text-align: left;\">El Poble i l&#8217;Escola tenim el previlegi d&#8217;estar envoltats pel <strong>Parc Natural del Delta de l&#8217;Ebre<\/strong>, concretamnet de la <strong>Llacuna<\/strong> de <strong>l&#8217;Encanyissada, el Clot<\/strong> i la Llacuna de la <strong>Tancada.<\/strong> Aix\u00ed com tamb\u00e9 de la <strong>Badia dels Alfacs<\/strong> on trobem la <strong>Torre de Sant Joan<\/strong> i les <strong>muscleres<\/strong>. Un conjunt d\u2019espais que donen valor al nostre\u00a0 territori i a la biodiversitat que l\u2019envolta.<\/p>\n<p class=\"rtejustify\">Situats a 5 km de les antigues <strong>Salines de Sant Antoni<\/strong>, on ara hi ha el centre M\u00f3nNatura Ebre pensat per entendre i gaudir la m\u00e0gia del Delta<strong>. <\/strong>A 6 Km de l&#8217;inici de la <strong>Barra<\/strong> del <strong>Trabucador<\/strong>.<\/p>\n<p class=\"rtejustify\">Pel que fa als municipis que ens envolten, el m\u00e9s proper \u00e9s <strong>Sant Carles de la R\u00e0pita a 10 km<\/strong>, el segueix <strong>Sant<\/strong> <strong>Jaume d&#8217;Enveja a 12km<\/strong>, <strong>Deltebre<\/strong> a <strong>13&#8217;5 km<\/strong> i <strong>Amposta<\/strong> a <strong>20 km<\/strong> que \u00e9s el municipi al qual pertany el Poble Nou del Delta.<\/p>\n<p><a href=\"http:\/\/agora.xtec.cat\/escoladelpoblenoudeldelta\/wp-content\/uploads\/usu1542\/2014\/09\/cole-maps2.png\"><img loading=\"lazy\" decoding=\"async\" class=\"alignnone size-large wp-image-596\" src=\"http:\/\/agora.xtec.cat\/escoladelpoblenoudeldelta\/wp-content\/uploads\/usu1542\/2014\/09\/cole-maps2-1024x431.png\" alt=\"cole-maps2\" width=\"1024\" height=\"431\" srcset=\"https:\/\/agora.xtec.cat\/escoladelpoblenoudeldelta\/wp-content\/uploads\/usu1542\/2014\/09\/cole-maps2-1024x431.png 1024w, https:\/\/agora.xtec.cat\/escoladelpoblenoudeldelta\/wp-content\/uploads\/usu1542\/2014\/09\/cole-maps2-300x126.png 300w, https:\/\/agora.xtec.cat\/escoladelpoblenoudeldelta\/wp-content\/uploads\/usu1542\/2014\/09\/cole-maps2-768x323.png 768w, https:\/\/agora.xtec.cat\/escoladelpoblenoudeldelta\/wp-content\/uploads\/usu1542\/2014\/09\/cole-maps2.png 1362w\" sizes=\"auto, (max-width: 1024px) 100vw, 1024px\" \/><\/a><\/p>\n<p>&nbsp;<\/p>\n<p><a href=\"http:\/\/agora.xtec.cat\/escoladelpoblenoudeldelta\/wp-content\/uploads\/usu1542\/2014\/09\/cole-maps.png\"><img loading=\"lazy\" decoding=\"async\" class=\"alignnone size-large wp-image-597\" src=\"http:\/\/agora.xtec.cat\/escoladelpoblenoudeldelta\/wp-content\/uploads\/usu1542\/2014\/09\/cole-maps-1024x472.png\" alt=\"cole-maps\" width=\"1024\" height=\"472\" srcset=\"https:\/\/agora.xtec.cat\/escoladelpoblenoudeldelta\/wp-content\/uploads\/usu1542\/2014\/09\/cole-maps-1024x472.png 1024w, https:\/\/agora.xtec.cat\/escoladelpoblenoudeldelta\/wp-content\/uploads\/usu1542\/2014\/09\/cole-maps-300x138.png 300w, https:\/\/agora.xtec.cat\/escoladelpoblenoudeldelta\/wp-content\/uploads\/usu1542\/2014\/09\/cole-maps-768x354.png 768w, https:\/\/agora.xtec.cat\/escoladelpoblenoudeldelta\/wp-content\/uploads\/usu1542\/2014\/09\/cole-maps.png 1362w\" sizes=\"auto, (max-width: 1024px) 100vw, 1024px\" \/><\/a><\/p>\n","protected":false},"excerpt":{"rendered":"<p>Escola del Poble Nou del Delta Pla\u00e7a Jard\u00ed, 10 43549 El poble Nou del Delta Tel. 977 74 47 05 e3009217@xtec.cat https:\/\/www.google.es\/maps\/@40.6574739,0.7459961,11.5z &nbsp; El Poble i l&#8217;Escola tenim el previlegi d&#8217;estar envoltats pel Parc Natural del Delta de l&#8217;Ebre, concretamnet de la Llacuna de l&#8217;Encanyissada, el Clot i la Llacuna de la Tancada. Aix\u00ed com [&hellip;]<\/p>\n","protected":false},"author":1,"featured_media":0,"parent":22,"menu_order":10,"comment_status":"closed","ping_status":"closed","template":"page-templates\/side-menu.php","meta":{"_bbp_topic_count":0,"_bbp_reply_count":0,"_bbp_total_topic_count":0,"_bbp_total_reply_count":0,"_bbp_voice_count":0,"_bbp_anonymous_reply_count":0,"_bbp_topic_count_hidden":0,"_bbp_reply_count_hidden":0,"_bbp_forum_subforum_count":0,"site-sidebar-layout":"default","site-content-layout":"","ast-site-content-layout":"","site-content-style":"default","site-sidebar-style":"default","ast-global-header-display":"","ast-banner-title-visibility":"","ast-main-header-display":"","ast-hfb-above-header-display":"","ast-hfb-below-header-display":"","ast-hfb-mobile-header-display":"","site-post-title":"","ast-breadcrumbs-content":"","ast-featured-img":"","footer-sml-layout":"","theme-transparent-header-meta":"","adv-header-id-meta":"","stick-header-meta":"","header-above-stick-meta":"","header-main-stick-meta":"","header-below-stick-meta":"","astra-migrate-meta-layouts":"default","ast-page-background-enabled":"default","ast-page-background-meta":{"desktop":{"background-color":"var(--ast-global-color-4)","background-image":"","background-repeat":"repeat","background-position":"center center","background-size":"auto","background-attachment":"scroll","background-type":"","background-media":"","overlay-type":"","overlay-color":"","overlay-opacity":"","overlay-gradient":""},"tablet":{"background-color":"","background-image":"","background-repeat":"repeat","background-position":"center center","background-size":"auto","background-attachment":"scroll","background-type":"","background-media":"","overlay-type":"","overlay-color":"","overlay-opacity":"","overlay-gradient":""},"mobile":{"background-color":"","background-image":"","background-repeat":"repeat","background-position":"center center","background-size":"auto","background-attachment":"scroll","background-type":"","background-media":"","overlay-type":"","overlay-color":"","overlay-opacity":"","overlay-gradient":""}},"ast-content-background-meta":{"desktop":{"background-color":"var(--ast-global-color-5)","background-image":"","background-repeat":"repeat","background-position":"center center","background-size":"auto","background-attachment":"scroll","background-type":"","background-media":"","overlay-type":"","overlay-color":"","overlay-opacity":"","overlay-gradient":""},"tablet":{"background-color":"var(--ast-global-color-5)","background-image":"","background-repeat":"repeat","background-position":"center center","background-size":"auto","background-attachment":"scroll","background-type":"","background-media":"","overlay-type":"","overlay-color":"","overlay-opacity":"","overlay-gradient":""},"mobile":{"background-color":"var(--ast-global-color-5)","background-image":"","background-repeat":"repeat","background-position":"center center","background-size":"auto","background-attachment":"scroll","background-type":"","background-media":"","overlay-type":"","overlay-color":"","overlay-opacity":"","overlay-gradient":""}},"footnotes":""},"class_list":["post-24","page","type-page","status-publish","hentry"],"post_mailing_queue_ids":[],"_links":{"self":[{"href":"https:\/\/agora.xtec.cat\/escoladelpoblenoudeldelta\/wp-json\/wp\/v2\/pages\/24","targetHints":{"allow":["GET"]}}],"collection":[{"href":"https:\/\/agora.xtec.cat\/escoladelpoblenoudeldelta\/wp-json\/wp\/v2\/pages"}],"about":[{"href":"https:\/\/agora.xtec.cat\/escoladelpoblenoudeldelta\/wp-json\/wp\/v2\/types\/page"}],"author":[{"embeddable":true,"href":"https:\/\/agora.xtec.cat\/escoladelpoblenoudeldelta\/wp-json\/wp\/v2\/users\/1"}],"replies":[{"embeddable":true,"href":"https:\/\/agora.xtec.cat\/escoladelpoblenoudeldelta\/wp-json\/wp\/v2\/comments?post=24"}],"version-history":[{"count":4,"href":"https:\/\/agora.xtec.cat\/escoladelpoblenoudeldelta\/wp-json\/wp\/v2\/pages\/24\/revisions"}],"predecessor-version":[{"id":601,"href":"https:\/\/agora.xtec.cat\/escoladelpoblenoudeldelta\/wp-json\/wp\/v2\/pages\/24\/revisions\/601"}],"up":[{"embeddable":true,"href":"https:\/\/agora.xtec.cat\/escoladelpoblenoudeldelta\/wp-json\/wp\/v2\/pages\/22"}],"wp:attachment":[{"href":"https:\/\/agora.xtec.cat\/escoladelpoblenoudeldelta\/wp-json\/wp\/v2\/media?parent=24"}],"curies":[{"name":"wp","href":"https:\/\/api.w.org\/{rel}","templated":true}]}}