{"id":1627,"date":"2020-02-20T13:11:11","date_gmt":"2020-02-20T12:11:11","guid":{"rendered":"http:\/\/agora.xtec.cat\/escoladelpoblenoudeldelta\/?page_id=1627"},"modified":"2020-05-29T23:21:56","modified_gmt":"2020-05-29T21:21:56","slug":"autoritzacions","status":"publish","type":"page","link":"https:\/\/agora.xtec.cat\/escoladelpoblenoudeldelta\/documents-de-centre\/autoritzacions\/","title":{"rendered":"Autoritzacions"},"content":{"rendered":"<p>A continuaci\u00f3 us enllacem a diversos documents referents a les autoritzacions per part de les fam\u00edlies en diferents \u00e0mbits. Totes les autoritzacions han estat revisades per l&#8217;Equip Directiu de ZER el febrer de 2020. Per tant, entraran en vigor a partir del curs 2020-2021.<\/p>\n<p><a href=\"https:\/\/agora.xtec.cat\/escoladelpoblenoudeldelta\/wp-content\/uploads\/usu1542\/2020\/05\/Fitxa_al\u00b7l\u00e8rgies-i-intoler\u00e0ncies.pdf\">Fitxa_al\u00b7l\u00e8rgies i intoler\u00e0ncies<\/a><\/p>\n<p><a href=\"https:\/\/agora.xtec.cat\/escoladelpoblenoudeldelta\/wp-content\/uploads\/usu1542\/2020\/05\/Autoritzaci\u00f3-dret-imatge.pdf\">Autoritzaci\u00f3 dret imatge<\/a><\/p>\n<p><a href=\"https:\/\/agora.xtec.cat\/escoladelpoblenoudeldelta\/wp-content\/uploads\/usu1542\/2020\/05\/Autoritzaci\u00f3-sortides.pdf\">Autoritzaci\u00f3 sortides<\/a><\/p>\n<p><a href=\"https:\/\/agora.xtec.cat\/escoladelpoblenoudeldelta\/wp-content\/uploads\/usu1542\/2020\/05\/Autoritzaci\u00f3-recollida-alumnat.pdf\">Autoritzaci\u00f3 recollida alumnat<\/a><\/p>\n<p><a href=\"https:\/\/agora.xtec.cat\/escoladelpoblenoudeldelta\/wp-content\/uploads\/usu1542\/2020\/05\/Autoritzaci\u00f3-paracetamol.pdf\">Autoritzaci\u00f3 paracetamol<\/a><\/p>\n<p><a href=\"https:\/\/agora.xtec.cat\/escoladelpoblenoudeldelta\/wp-content\/uploads\/usu1542\/2020\/05\/Autoritzaci\u00f3-Gsuite.pdf\">Autoritzaci\u00f3 Gsuite<\/a><\/p>\n<p><a href=\"https:\/\/agora.xtec.cat\/escoladelpoblenoudeldelta\/wp-content\/uploads\/usu1542\/2020\/05\/Sol.licitut-de-religi\u00f3.pdf\">Sol.licitut de religi\u00f3<\/a><\/p>\n<p><a href=\"https:\/\/agora.xtec.cat\/escoladelpoblenoudeldelta\/wp-content\/uploads\/usu1542\/2020\/05\/Adreces-electr\u00f2niques-families.pdf\">Adreces electr\u00f2niques families<\/a><\/p>\n<p>&nbsp;<\/p>\n","protected":false},"excerpt":{"rendered":"<p>A continuaci\u00f3 us enllacem a diversos documents referents a les autoritzacions per part de les fam\u00edlies en diferents \u00e0mbits. Totes les autoritzacions han estat revisades per l&#8217;Equip Directiu de ZER el febrer de 2020. Per tant, entraran en vigor a partir del curs 2020-2021. Fitxa_al\u00b7l\u00e8rgies i intoler\u00e0ncies Autoritzaci\u00f3 dret imatge Autoritzaci\u00f3 sortides Autoritzaci\u00f3 recollida alumnat [&hellip;]<\/p>\n","protected":false},"author":1,"featured_media":0,"parent":818,"menu_order":0,"comment_status":"closed","ping_status":"closed","template":"","meta":{"_bbp_topic_count":0,"_bbp_reply_count":0,"_bbp_total_topic_count":0,"_bbp_total_reply_count":0,"_bbp_voice_count":0,"_bbp_anonymous_reply_count":0,"_bbp_topic_count_hidden":0,"_bbp_reply_count_hidden":0,"_bbp_forum_subforum_count":0,"site-sidebar-layout":"default","site-content-layout":"","ast-site-content-layout":"","site-content-style":"default","site-sidebar-style":"default","ast-global-header-display":"","ast-banner-title-visibility":"","ast-main-header-display":"","ast-hfb-above-header-display":"","ast-hfb-below-header-display":"","ast-hfb-mobile-header-display":"","site-post-title":"","ast-breadcrumbs-content":"","ast-featured-img":"","footer-sml-layout":"","theme-transparent-header-meta":"","adv-header-id-meta":"","stick-header-meta":"","header-above-stick-meta":"","header-main-stick-meta":"","header-below-stick-meta":"","astra-migrate-meta-layouts":"default","ast-page-background-enabled":"default","ast-page-background-meta":{"desktop":{"background-color":"var(--ast-global-color-4)","background-image":"","background-repeat":"repeat","background-position":"center center","background-size":"auto","background-attachment":"scroll","background-type":"","background-media":"","overlay-type":"","overlay-color":"","overlay-opacity":"","overlay-gradient":""},"tablet":{"background-color":"","background-image":"","background-repeat":"repeat","background-position":"center center","background-size":"auto","background-attachment":"scroll","background-type":"","background-media":"","overlay-type":"","overlay-color":"","overlay-opacity":"","overlay-gradient":""},"mobile":{"background-color":"","background-image":"","background-repeat":"repeat","background-position":"center center","background-size":"auto","background-attachment":"scroll","background-type":"","background-media":"","overlay-type":"","overlay-color":"","overlay-opacity":"","overlay-gradient":""}},"ast-content-background-meta":{"desktop":{"background-color":"var(--ast-global-color-5)","background-image":"","background-repeat":"repeat","background-position":"center center","background-size":"auto","background-attachment":"scroll","background-type":"","background-media":"","overlay-type":"","overlay-color":"","overlay-opacity":"","overlay-gradient":""},"tablet":{"background-color":"var(--ast-global-color-5)","background-image":"","background-repeat":"repeat","background-position":"center center","background-size":"auto","background-attachment":"scroll","background-type":"","background-media":"","overlay-type":"","overlay-color":"","overlay-opacity":"","overlay-gradient":""},"mobile":{"background-color":"var(--ast-global-color-5)","background-image":"","background-repeat":"repeat","background-position":"center center","background-size":"auto","background-attachment":"scroll","background-type":"","background-media":"","overlay-type":"","overlay-color":"","overlay-opacity":"","overlay-gradient":""}},"footnotes":""},"class_list":["post-1627","page","type-page","status-publish","hentry"],"post_mailing_queue_ids":[],"_links":{"self":[{"href":"https:\/\/agora.xtec.cat\/escoladelpoblenoudeldelta\/wp-json\/wp\/v2\/pages\/1627","targetHints":{"allow":["GET"]}}],"collection":[{"href":"https:\/\/agora.xtec.cat\/escoladelpoblenoudeldelta\/wp-json\/wp\/v2\/pages"}],"about":[{"href":"https:\/\/agora.xtec.cat\/escoladelpoblenoudeldelta\/wp-json\/wp\/v2\/types\/page"}],"author":[{"embeddable":true,"href":"https:\/\/agora.xtec.cat\/escoladelpoblenoudeldelta\/wp-json\/wp\/v2\/users\/1"}],"replies":[{"embeddable":true,"href":"https:\/\/agora.xtec.cat\/escoladelpoblenoudeldelta\/wp-json\/wp\/v2\/comments?post=1627"}],"version-history":[{"count":2,"href":"https:\/\/agora.xtec.cat\/escoladelpoblenoudeldelta\/wp-json\/wp\/v2\/pages\/1627\/revisions"}],"predecessor-version":[{"id":1637,"href":"https:\/\/agora.xtec.cat\/escoladelpoblenoudeldelta\/wp-json\/wp\/v2\/pages\/1627\/revisions\/1637"}],"up":[{"embeddable":true,"href":"https:\/\/agora.xtec.cat\/escoladelpoblenoudeldelta\/wp-json\/wp\/v2\/pages\/818"}],"wp:attachment":[{"href":"https:\/\/agora.xtec.cat\/escoladelpoblenoudeldelta\/wp-json\/wp\/v2\/media?parent=1627"}],"curies":[{"name":"wp","href":"https:\/\/api.w.org\/{rel}","templated":true}]}}