{"id":8809,"date":"2020-01-31T01:51:28","date_gmt":"2020-01-31T00:51:28","guid":{"rendered":"http:\/\/agora.xtec.cat\/escoladelparc\/?page_id=8809"},"modified":"2026-03-26T12:21:34","modified_gmt":"2026-03-26T11:21:34","slug":"nofc","status":"publish","type":"page","link":"https:\/\/agora.xtec.cat\/escoladelparc\/projecte-educatiu\/nofc\/","title":{"rendered":"NOFC"},"content":{"rendered":"\n<p>Normes d&#8217;organitzaci\u00f3 i funcionament de centre<\/p>\n\n\n\n<p><a href=\"http:\/\/agora.xtec.cat\/escoladelparc\/lescola\/projecte-educatiu\/nofc\/attachment\/nofc-escola-del-parc-28-de-juny-de-2019\/\" rel=\"attachment wp-att-8812\">NOFC Escola del Parc, 28 de juny de 2019<\/a><\/p>\n\n\n\n<p>\u00a0Adjuntem resum actualitzat, en relaci\u00f3 a la gesti\u00f3 de Conductes Contr\u00e0ries a la Conviv\u00e8ncia<\/p>\n\n\n\n<div data-wp-interactive=\"core\/file\" class=\"wp-block-file\"><object data-wp-bind--hidden=\"!state.hasPdfPreview\" hidden class=\"wp-block-file__embed\" data=\"https:\/\/agora.xtec.cat\/escoladelparc\/wp-content\/uploads\/usu440\/2026\/03\/convivencia-NOFC.pdf\" type=\"application\/pdf\" style=\"width:100%;height:600px\" aria-label=\"Incrustaci\u00f3 del fitxer conviv\u00e8ncia NOFC.\"><\/object><a id=\"wp-block-file--media-d05a763c-158d-4dca-8e09-1b1cb349e083\" href=\"https:\/\/agora.xtec.cat\/escoladelparc\/wp-content\/uploads\/usu440\/2026\/03\/convivencia-NOFC.pdf\">conviv\u00e8ncia NOFC<\/a><a href=\"https:\/\/agora.xtec.cat\/escoladelparc\/wp-content\/uploads\/usu440\/2026\/03\/convivencia-NOFC.pdf\" class=\"wp-block-file__button wp-element-button\" download aria-describedby=\"wp-block-file--media-d05a763c-158d-4dca-8e09-1b1cb349e083\">Baixa<\/a><\/div>\n","protected":false},"excerpt":{"rendered":"<p>Normes d&#8217;organitzaci\u00f3 i funcionament de centre NOFC Escola del Parc, 28 de juny de 2019 \u00a0Adjuntem resum actualitzat, en relaci\u00f3 a la gesti\u00f3 de Conductes Contr\u00e0ries a la Conviv\u00e8ncia<\/p>\n","protected":false},"author":1,"featured_media":0,"parent":1866,"menu_order":0,"comment_status":"closed","ping_status":"closed","template":"","meta":{"_bbp_topic_count":0,"_bbp_reply_count":0,"_bbp_total_topic_count":0,"_bbp_total_reply_count":0,"_bbp_voice_count":0,"_bbp_anonymous_reply_count":0,"_bbp_topic_count_hidden":0,"_bbp_reply_count_hidden":0,"_bbp_forum_subforum_count":0,"site-sidebar-layout":"default","site-content-layout":"","ast-site-content-layout":"default","site-content-style":"default","site-sidebar-style":"default","ast-global-header-display":"","ast-banner-title-visibility":"","ast-main-header-display":"","ast-hfb-above-header-display":"","ast-hfb-below-header-display":"","ast-hfb-mobile-header-display":"","site-post-title":"","ast-breadcrumbs-content":"","ast-featured-img":"","footer-sml-layout":"","theme-transparent-header-meta":"","adv-header-id-meta":"","stick-header-meta":"","header-above-stick-meta":"","header-main-stick-meta":"","header-below-stick-meta":"","astra-migrate-meta-layouts":"set","ast-page-background-enabled":"default","ast-page-background-meta":{"desktop":{"background-color":"var(--ast-global-color-4)","background-image":"","background-repeat":"repeat","background-position":"center center","background-size":"auto","background-attachment":"scroll","background-type":"","background-media":"","overlay-type":"","overlay-color":"","overlay-opacity":"","overlay-gradient":""},"tablet":{"background-color":"","background-image":"","background-repeat":"repeat","background-position":"center center","background-size":"auto","background-attachment":"scroll","background-type":"","background-media":"","overlay-type":"","overlay-color":"","overlay-opacity":"","overlay-gradient":""},"mobile":{"background-color":"","background-image":"","background-repeat":"repeat","background-position":"center center","background-size":"auto","background-attachment":"scroll","background-type":"","background-media":"","overlay-type":"","overlay-color":"","overlay-opacity":"","overlay-gradient":""}},"ast-content-background-meta":{"desktop":{"background-color":"var(--ast-global-color-5)","background-image":"","background-repeat":"repeat","background-position":"center center","background-size":"auto","background-attachment":"scroll","background-type":"","background-media":"","overlay-type":"","overlay-color":"","overlay-opacity":"","overlay-gradient":""},"tablet":{"background-color":"var(--ast-global-color-5)","background-image":"","background-repeat":"repeat","background-position":"center center","background-size":"auto","background-attachment":"scroll","background-type":"","background-media":"","overlay-type":"","overlay-color":"","overlay-opacity":"","overlay-gradient":""},"mobile":{"background-color":"var(--ast-global-color-5)","background-image":"","background-repeat":"repeat","background-position":"center center","background-size":"auto","background-attachment":"scroll","background-type":"","background-media":"","overlay-type":"","overlay-color":"","overlay-opacity":"","overlay-gradient":""}},"footnotes":""},"class_list":["post-8809","page","type-page","status-publish","hentry"],"post_mailing_queue_ids":[],"_links":{"self":[{"href":"https:\/\/agora.xtec.cat\/escoladelparc\/wp-json\/wp\/v2\/pages\/8809","targetHints":{"allow":["GET"]}}],"collection":[{"href":"https:\/\/agora.xtec.cat\/escoladelparc\/wp-json\/wp\/v2\/pages"}],"about":[{"href":"https:\/\/agora.xtec.cat\/escoladelparc\/wp-json\/wp\/v2\/types\/page"}],"author":[{"embeddable":true,"href":"https:\/\/agora.xtec.cat\/escoladelparc\/wp-json\/wp\/v2\/users\/1"}],"replies":[{"embeddable":true,"href":"https:\/\/agora.xtec.cat\/escoladelparc\/wp-json\/wp\/v2\/comments?post=8809"}],"version-history":[{"count":6,"href":"https:\/\/agora.xtec.cat\/escoladelparc\/wp-json\/wp\/v2\/pages\/8809\/revisions"}],"predecessor-version":[{"id":15866,"href":"https:\/\/agora.xtec.cat\/escoladelparc\/wp-json\/wp\/v2\/pages\/8809\/revisions\/15866"}],"up":[{"embeddable":true,"href":"https:\/\/agora.xtec.cat\/escoladelparc\/wp-json\/wp\/v2\/pages\/1866"}],"wp:attachment":[{"href":"https:\/\/agora.xtec.cat\/escoladelparc\/wp-json\/wp\/v2\/media?parent=8809"}],"curies":[{"name":"wp","href":"https:\/\/api.w.org\/{rel}","templated":true}]}}