{"id":7005,"date":"2019-02-14T00:33:41","date_gmt":"2019-02-13T23:33:41","guid":{"rendered":"http:\/\/agora.xtec.cat\/escoladelparc\/?page_id=7005"},"modified":"2019-02-19T00:16:14","modified_gmt":"2019-02-18T23:16:14","slug":"projecte-linguistic","status":"publish","type":"page","link":"https:\/\/agora.xtec.cat\/escoladelparc\/projecte-educatiu\/projecte-linguistic\/","title":{"rendered":"Projecte Ling\u00fc\u00edstic"},"content":{"rendered":"<p>El Projecte Ling\u00fc\u00edstic defineix el tractament de les diferents lleng\u00fces en el centre i concreta la seva aplicaci\u00f3.<\/p>\n<p>La llengua catalana \u00e9s la llengua vehicular i d&#8217;aprenentatge en el centre i de totes les altres manifestacions.<\/p>\n<p>El Projecte Ling\u00fc\u00edstic tamb\u00e9 regula el treball en llengua castellana i defineix els objectius, continguts i metodologia per a garantir que l\u2019alumnat, al final de la seva escolaritat, assoleixi un domini equivalent al de catal\u00e0.<\/p>\n<p>Tamb\u00e9 pret\u00e9n fer present la llengua anglesa per mostrar-la propera a la comunitat educativa.<\/p>\n<p><a href=\"https:\/\/agora.xtec.cat\/escoladelparc\/wp-content\/uploads\/usu440\/2019\/02\/Projecte-Ling\u00fc\u00edstic-Escola-del-Parc-08022902-El-Prat-de-Llobregat.pdf\">Projecte Ling\u00fc\u00edstic Escola del Parc 08022902 &#8211; El Prat de Llobregat<\/a><\/p>\n","protected":false},"excerpt":{"rendered":"<p>El Projecte Ling\u00fc\u00edstic defineix el tractament de les diferents lleng\u00fces en el centre i concreta la seva aplicaci\u00f3. La llengua catalana \u00e9s la llengua vehicular i d&#8217;aprenentatge en el centre i de totes les altres manifestacions. El Projecte Ling\u00fc\u00edstic tamb\u00e9 regula el treball en llengua castellana i defineix els objectius, continguts i metodologia per a [&hellip;]<\/p>\n","protected":false},"author":1,"featured_media":0,"parent":1866,"menu_order":0,"comment_status":"closed","ping_status":"closed","template":"","meta":{"_bbp_topic_count":0,"_bbp_reply_count":0,"_bbp_total_topic_count":0,"_bbp_total_reply_count":0,"_bbp_voice_count":0,"_bbp_anonymous_reply_count":0,"_bbp_topic_count_hidden":0,"_bbp_reply_count_hidden":0,"_bbp_forum_subforum_count":0,"site-sidebar-layout":"default","site-content-layout":"","ast-site-content-layout":"","site-content-style":"default","site-sidebar-style":"default","ast-global-header-display":"","ast-banner-title-visibility":"","ast-main-header-display":"","ast-hfb-above-header-display":"","ast-hfb-below-header-display":"","ast-hfb-mobile-header-display":"","site-post-title":"","ast-breadcrumbs-content":"","ast-featured-img":"","footer-sml-layout":"","theme-transparent-header-meta":"","adv-header-id-meta":"","stick-header-meta":"","header-above-stick-meta":"","header-main-stick-meta":"","header-below-stick-meta":"","astra-migrate-meta-layouts":"default","ast-page-background-enabled":"default","ast-page-background-meta":{"desktop":{"background-color":"var(--ast-global-color-4)","background-image":"","background-repeat":"repeat","background-position":"center center","background-size":"auto","background-attachment":"scroll","background-type":"","background-media":"","overlay-type":"","overlay-color":"","overlay-opacity":"","overlay-gradient":""},"tablet":{"background-color":"","background-image":"","background-repeat":"repeat","background-position":"center center","background-size":"auto","background-attachment":"scroll","background-type":"","background-media":"","overlay-type":"","overlay-color":"","overlay-opacity":"","overlay-gradient":""},"mobile":{"background-color":"","background-image":"","background-repeat":"repeat","background-position":"center center","background-size":"auto","background-attachment":"scroll","background-type":"","background-media":"","overlay-type":"","overlay-color":"","overlay-opacity":"","overlay-gradient":""}},"ast-content-background-meta":{"desktop":{"background-color":"var(--ast-global-color-5)","background-image":"","background-repeat":"repeat","background-position":"center center","background-size":"auto","background-attachment":"scroll","background-type":"","background-media":"","overlay-type":"","overlay-color":"","overlay-opacity":"","overlay-gradient":""},"tablet":{"background-color":"var(--ast-global-color-5)","background-image":"","background-repeat":"repeat","background-position":"center center","background-size":"auto","background-attachment":"scroll","background-type":"","background-media":"","overlay-type":"","overlay-color":"","overlay-opacity":"","overlay-gradient":""},"mobile":{"background-color":"var(--ast-global-color-5)","background-image":"","background-repeat":"repeat","background-position":"center center","background-size":"auto","background-attachment":"scroll","background-type":"","background-media":"","overlay-type":"","overlay-color":"","overlay-opacity":"","overlay-gradient":""}},"footnotes":""},"class_list":["post-7005","page","type-page","status-publish","hentry"],"post_mailing_queue_ids":[],"_links":{"self":[{"href":"https:\/\/agora.xtec.cat\/escoladelparc\/wp-json\/wp\/v2\/pages\/7005","targetHints":{"allow":["GET"]}}],"collection":[{"href":"https:\/\/agora.xtec.cat\/escoladelparc\/wp-json\/wp\/v2\/pages"}],"about":[{"href":"https:\/\/agora.xtec.cat\/escoladelparc\/wp-json\/wp\/v2\/types\/page"}],"author":[{"embeddable":true,"href":"https:\/\/agora.xtec.cat\/escoladelparc\/wp-json\/wp\/v2\/users\/1"}],"replies":[{"embeddable":true,"href":"https:\/\/agora.xtec.cat\/escoladelparc\/wp-json\/wp\/v2\/comments?post=7005"}],"version-history":[{"count":3,"href":"https:\/\/agora.xtec.cat\/escoladelparc\/wp-json\/wp\/v2\/pages\/7005\/revisions"}],"predecessor-version":[{"id":7141,"href":"https:\/\/agora.xtec.cat\/escoladelparc\/wp-json\/wp\/v2\/pages\/7005\/revisions\/7141"}],"up":[{"embeddable":true,"href":"https:\/\/agora.xtec.cat\/escoladelparc\/wp-json\/wp\/v2\/pages\/1866"}],"wp:attachment":[{"href":"https:\/\/agora.xtec.cat\/escoladelparc\/wp-json\/wp\/v2\/media?parent=7005"}],"curies":[{"name":"wp","href":"https:\/\/api.w.org\/{rel}","templated":true}]}}