{"id":66,"date":"2014-09-18T12:40:47","date_gmt":"2014-09-18T12:40:47","guid":{"rendered":"http:\/\/agora.xtec.cat\/escoladelparc\/?page_id=66"},"modified":"2026-01-22T10:03:26","modified_gmt":"2026-01-22T09:03:26","slug":"serveis-2","status":"publish","type":"page","link":"https:\/\/agora.xtec.cat\/escoladelparc\/serveis-2\/","title":{"rendered":"Espai Migdia _ Menjador"},"content":{"rendered":"\n<figure class=\"wp-block-image aligncenter\"><a href=\"https:\/\/agora.xtec.cat\/escoladelparc\/wp-content\/uploads\/usu440\/2025\/11\/WhatsApp-Image-2025-09-24-at-13.25.30-1.jpeg\"><img loading=\"lazy\" decoding=\"async\" width=\"1080\" height=\"180\" src=\"https:\/\/agora.xtec.cat\/escoladelparc\/wp-content\/uploads\/usu440\/2025\/11\/WhatsApp-Image-2025-09-24-at-13.25.30-1.jpeg\" alt=\"\" class=\"wp-image-14549\" srcset=\"https:\/\/agora.xtec.cat\/escoladelparc\/wp-content\/uploads\/usu440\/2025\/11\/WhatsApp-Image-2025-09-24-at-13.25.30-1.jpeg 1080w, https:\/\/agora.xtec.cat\/escoladelparc\/wp-content\/uploads\/usu440\/2025\/11\/WhatsApp-Image-2025-09-24-at-13.25.30-1-300x50.jpeg 300w, https:\/\/agora.xtec.cat\/escoladelparc\/wp-content\/uploads\/usu440\/2025\/11\/WhatsApp-Image-2025-09-24-at-13.25.30-1-1024x171.jpeg 1024w, https:\/\/agora.xtec.cat\/escoladelparc\/wp-content\/uploads\/usu440\/2025\/11\/WhatsApp-Image-2025-09-24-at-13.25.30-1-768x128.jpeg 768w\" sizes=\"auto, (max-width: 1080px) 100vw, 1080px\" \/><\/a><\/figure>\n\n\n\n<p class=\"has-text-align-left\"><\/p>\n\n\n\n<p><span style=\"font-family: inherit; font-size: 1em;\">Benvolgudes fam\u00edlies:<\/span><\/p>\n\n\n\n<p>En nom de tot l\u2019equip de <a href=\"https:\/\/camposestela.com\/restauracioncolegios\/#quienes\">Campos Estela<\/a>, volem donar-vos la benvinguda al servei de menjador de l\u2019escola.<\/p>\n\n\n\n<p>Des de 1968 oferim serveis d\u2019\u00e0pats i lleure per a escoles mitjan\u00e7ant la continu\u00eftat del projecte educatiu del centre i unes pautes aliment\u00e0ries basades en una dieta equilibrada, divertida i segura.<br>Ens sentim molt agra\u00efts i il\u00b7lusionats de poder participar en l\u2019educaci\u00f3 dels vostres fills al llarg del proper curs.<br>En el projecte d\u2019espai migdia de la vostra escola es prioritzar\u00e0 la utilitzaci\u00f3 d&#8217;aliments saludables, naturals i frescos, de temporada i de proximitat, preferentment sense processar o m\u00ednimament processats. Es minimitzaran els precuinats i els fregits. I treballarem perqu\u00e8 el vostre menjador sigui m\u00e9s BO, SA i SOSTENIBLE.<br>Gr\u00e0cies per la vostra confian\u00e7a&#8230; i bon profit!<\/p>\n\n\n\n<p><i>Us volem recordar que totes les gestions del menjador, es fan a trav\u00e9s de l&#8217;aplicaci\u00f3 <span style=\"color: #008080;\">IARA<\/span> Campos Estela.&nbsp;<\/i><\/p>\n\n\n\n<p><i>Ja hem fet el canvi de curs dels vostres fills i filles. Us mantindrem el mateix patr\u00f3 d&#8217;assist\u00e8ncia que el curs passat, sempre i quant, no ens notifiqueu cap canvi.&nbsp;<\/i><\/p>\n\n\n\n<p><i>Us preguem si us plau, qu\u00e8, a trav\u00e9s del servei de missatgeria de l&#8217;APP, ens notifiqueu qualsevol canvi de patr\u00f3 o n\u00ba de compte, aix\u00ed com&nbsp;adjuntar&nbsp;el document d\u2019al\u00b7l\u00e8rgies i\/o intoler\u00e0ncies necessaris, actualitzats.&nbsp;&nbsp;<\/i><\/p>\n\n\n\n<p><i><span lang=\"CA\">Data l\u00edmit de notificaci\u00f3 de canvis : primers dies de setembre&nbsp;&nbsp;<\/span><\/i><\/p>\n\n\n\n<div data-wp-interactive=\"core\/file\" class=\"wp-block-file\"><object data-wp-bind--hidden=\"!state.hasPdfPreview\" hidden class=\"wp-block-file__embed\" data=\"https:\/\/agora.xtec.cat\/escoladelparc\/wp-content\/uploads\/usu440\/2025\/11\/Normativa-Benvinguda-Del-Parc-2025-26.pdf\" type=\"application\/pdf\" style=\"width:100%;height:600px\" aria-label=\"Incrustaci\u00f3 del fitxer Normativa Benvinguda Del Parc 2025-26.\"><\/object><a id=\"wp-block-file--media-c23ee91f-806a-48a7-af9a-bfc4a60721c7\" href=\"https:\/\/agora.xtec.cat\/escoladelparc\/wp-content\/uploads\/usu440\/2025\/11\/Normativa-Benvinguda-Del-Parc-2025-26.pdf\">Normativa Benvinguda Del Parc 2025-26<\/a><a href=\"https:\/\/agora.xtec.cat\/escoladelparc\/wp-content\/uploads\/usu440\/2025\/11\/Normativa-Benvinguda-Del-Parc-2025-26.pdf\" class=\"wp-block-file__button wp-element-button\" download aria-describedby=\"wp-block-file--media-c23ee91f-806a-48a7-af9a-bfc4a60721c7\">Baixa<\/a><\/div>\n\n\n\n<div class=\"wp-block-columns is-layout-flex wp-container-core-columns-is-layout-1 wp-block-columns-is-layout-flex\">\n<div class=\"wp-block-column is-layout-flow wp-block-column-is-layout-flow\">\n<h5 class=\"wp-block-heading has-text-align-center has-ast-global-color-0-color has-text-color has-link-color wp-elements-059f92d03a6abdedc7fb5a53ec9f664e\">HORARI<\/h5>\n\n\n\n<ul class=\"wp-block-list\">\n<li>12:30 a 15:00 _ Horari habitual<\/li>\n\n\n\n<li>13.00 a 15:00 _\u00daltim dia del primer trimestre<\/li>\n\n\n\n<li>13:00 a 15:30 _ Dies de jornada intensiva del mes de juny<\/li>\n\n\n\n<li>15:30&nbsp; 16:30_ Casalet el dies de jornada intensiva del mes de juny.  \u00c9s un servei extra i s&#8217;ha de pagar a part.<\/li>\n<\/ul>\n<\/div>\n\n\n\n<div class=\"wp-block-column is-layout-flow wp-block-column-is-layout-flow\">\n<p class=\"has-text-align-center has-ast-global-color-0-color has-text-color has-link-color wp-elements-caa9e097e07db1ff7ef4f84600deb72d\"><strong>ATENCI\u00d3 A LES FAM\u00cdLIES<\/strong><\/p>\n\n\n\n<ul class=\"wp-block-list\">\n<li>09:00 a 09:30 _ Presencial<\/li>\n\n\n\n<li>Tlf. Sol _ 675 29 10 25<\/li>\n\n\n\n<li>Mail Sol: menjador.elparc@camposestela.com<\/li>\n\n\n\n<li>Tlf. Gesti\u00f3 rebuts i beques: <span style=\"font-size: revert; background-color: rgba(0, 0, 0, 0); font-weight: inherit;\">93 674 50 16<\/span> (e<span style=\"font-size: revert; background-color: rgba(0, 0, 0, 0); font-weight: inherit;\">xt. 1<\/span>)<\/li>\n\n\n\n<li>Mail Gesti\u00f3 rebuts i beques: <span style=\"font-size: revert; background-color: rgba(0, 0, 0, 0); font-weight: inherit;\">rebuts@camposestela.com<\/span> <span style=\"font-size: revert; background-color: rgba(0, 0, 0, 0); font-weight: inherit;\">beques@camposestela.com<\/span><\/li>\n<\/ul>\n<\/div>\n<\/div>\n\n\n\n<div class=\"wp-block-columns is-layout-flex wp-container-core-columns-is-layout-2 wp-block-columns-is-layout-flex\">\n<div class=\"wp-block-column is-layout-flow wp-block-column-is-layout-flow\">\n<p><span style=\"color: #008080;\"><strong>ALTA SERVEI DE MENJADOR PER ALUMNES NOUS<\/strong><\/span><\/p>\n\n\n\n<ul class=\"wp-block-list\">\n<li><a href=\"https:\/\/camposestela.com\/wp-content\/uploads\/2025\/05\/Instruccions-APP-Campos-Estela.pdf\" target=\"_blank\" rel=\"noreferrer noopener\">Pas a pas<\/a> _ Descarregar l&#8217;app i registrar-se<\/li>\n\n\n\n<li><a href=\"https:\/\/iara.camposestela.com\/padres\/\" target=\"_blank\" rel=\"noreferrer noopener\">iara <\/a>_ App <\/li>\n\n\n\n<li class=\"has-black-color has-text-color has-link-color wp-elements-b8980b9d391acac2ecc6832840bc9571\">Si durant el proc\u00e9s teniu qualsevol entrebanc, us demanem que envieu un correu a app@camposestela.com <\/li>\n<\/ul>\n<\/div>\n\n\n\n<div class=\"wp-block-column is-layout-flow wp-block-column-is-layout-flow\">\n<p class=\"has-text-align-center\"><span style=\"color: #008080;\"><strong>CONTINUITAT ALUMNES USUARIS DEL CURS PASSAT<\/strong><\/span><\/p>\n\n\n\n<ul class=\"wp-block-list\">\n<li>L&#8217;empresa far\u00e0 el canvi de curs. Es mantindr\u00e0 el mateix patr\u00f3 i contracte que ten\u00edeu.<\/li>\n<\/ul>\n\n\n\n<ul class=\"wp-block-list\">\n<li>Si voleu fer algun canvi, sigui de fixe a espor\u00e0dic o a l\u2019inrev\u00e9s, o de dies que fareu \u00fas del menjador, heu de comunicar-ho a trav\u00e9s d\u2019un missatge per l\u2019app.<\/li>\n\n\n\n<li>Si no teniu l\u2019app descarregada del curs passat, per\u00f2 heu fet \u00fas del menjador, heu de descarregar-la, i amb el vostre NIF i Mail, recuperar la contrasenya per poder utilitzar-la.<\/li>\n<\/ul>\n<\/div>\n<\/div>\n\n\n\n<div class=\"wp-block-columns is-layout-flex wp-container-core-columns-is-layout-3 wp-block-columns-is-layout-flex\">\n<div class=\"wp-block-column is-layout-flow wp-block-column-is-layout-flow\">\n<p class=\"has-text-align-center\"><span style=\"color: #008080;\"><strong>\u00daS SERVEI MENJADOR<\/strong><\/span><\/p>\n\n\n\n<ul class=\"wp-block-list\">\n<li>No es pot fer \u00fas del menjador amb pendent de pagament de mesos anteriors.<\/li>\n\n\n\n<li>Els alumnes que utilitzen el servei de menjador han de respectar la normativa de menjador. <\/li>\n\n\n\n<li>Cap alumne podr\u00e0 marxar del menjador sense justificaci\u00f3 i notificaci\u00f3 pr\u00e8via.<\/li>\n\n\n\n<li>Les fam\u00edlies rebran un informe peri\u00f2dic d\u2019h\u00e0bits i comportament per a tots els alumnes, diari per I3 i mensual per la resta de cursos.<\/li>\n\n\n\n<li>Us demanem que adeq\u00fceu l\u2019horari d\u2019administraci\u00f3 de medicaments a fora d\u2019hores de menjador. En cas que aix\u00f2 sigui impossible, contacteu amb la coordinadora i porteu-li la prescripci\u00f3 del metge.<\/li>\n\n\n\n<li>Els alumnes amb al\u00b7l\u00e8rgies o intoler\u00e0ncies aliment\u00e0ries han de lliurar el certificat m\u00e8dic actualitzat a la coordinadora.<\/li>\n<\/ul>\n<\/div>\n\n\n\n<div class=\"wp-block-column is-layout-flow wp-block-column-is-layout-flow\">\n<p class=\"has-text-align-center has-ast-global-color-1-color has-text-color has-link-color wp-elements-a9acb0b9a9615ab98bb78740a004eda3\"><strong>PREU<\/strong><\/p>\n\n\n\n<ul class=\"wp-block-list\">\n<li>Fix (m\u00ednim 2 dies a la setmana):&nbsp; 7,25\u20ac<\/li>\n\n\n\n<li>Espor\u00e0dic (avisa el dia que es queda): 7,98 \u20ac<\/li>\n\n\n\n<li>Els usuaris fixos que no assisteixin al menjador han d\u2019avisar abans de les 09,30 h per poder gaudir del descompte del preu del men\u00fa.<\/li>\n\n\n\n<li>Als alumnes inscrits com a becats, no se\u2019ls aplicar\u00e0 la beca fins que no rebem la confirmaci\u00f3 de la mateixa per part de l\u2019escola. <\/li>\n\n\n\n<li>Les beques es poden compactar fent una sol\u00b7licitud per escrit. La compactaci\u00f3 \u00e9s per tot el curs, no es pot canviar el criteri.<\/li>\n\n\n\n<li>VAGA _es considera falta avisada. S\u2019ha d\u2019avisar a trav\u00e9s de la App per gaudir del descompte corresponent.<\/li>\n<\/ul>\n<\/div>\n<\/div>\n\n\n\n<div class=\"wp-block-columns is-layout-flex wp-container-core-columns-is-layout-4 wp-block-columns-is-layout-flex\">\n<div class=\"wp-block-column is-layout-flow wp-block-column-is-layout-flow\">\n<p class=\"has-text-align-center has-ast-global-color-1-color has-text-color has-link-color wp-elements-b72679ed29e6608676123c4a46c68d4e\"><span style=\"color: #008080;\"><strong>D<\/strong><\/span>OMICILIACI\u00d3 REBUTS<\/p>\n\n\n\n<ul class=\"wp-block-list\">\n<li>Les quotes es domiciliaran el dia 1 de cada mes i inclouran els usos del 1 al 30\/31 del mes ven\u00e7ut.<\/li>\n\n\n\n<li>En cas de devoluci\u00f3 d\u2019un rebut s\u2019avisar\u00e0 la fam\u00edlia perqu\u00e8 realitzi un ingr\u00e9s o una transfer\u00e8ncia banc\u00e0ria. Aquest ingr\u00e9s es pot fer directament des de l\u2019APP, o b\u00e9 al banc i portar el comprovant bancari a la coordinadora del menjador. <\/li>\n\n\n\n<li>Cada rebut retornat es penalitzar\u00e0 amb 6,00 \u20ac, en concepte de despeses de gesti\u00f3 de la devoluci\u00f3.<\/li>\n<\/ul>\n<\/div>\n\n\n\n<div class=\"wp-block-column is-layout-flow wp-block-column-is-layout-flow\">\n<p><strong>GUIES D&#8217;ALIMENTACI\u00d3 ESCOLAR<\/strong><\/p>\n\n\n\n<div data-wp-interactive=\"core\/file\" class=\"wp-block-file\"><object data-wp-bind--hidden=\"!state.hasPdfPreview\" hidden class=\"wp-block-file__embed\" data=\"https:\/\/agora.xtec.cat\/escoladelparc\/wp-content\/uploads\/usu440\/2026\/01\/acompanyar-apats-infants-consells-families-menjadors-escolars-2024.pdf\" type=\"application\/pdf\" style=\"width:100%;height:600px\" aria-label=\"Incrustaci\u00f3 del fitxer acompanyar-apats-infants-consells-families-menjadors-escolars-2024.\"><\/object><a id=\"wp-block-file--media-6e2a6c5e-22d6-43d9-8dc4-cd9d48e10a22\" href=\"https:\/\/agora.xtec.cat\/escoladelparc\/wp-content\/uploads\/usu440\/2026\/01\/acompanyar-apats-infants-consells-families-menjadors-escolars-2024.pdf\">acompanyar-apats-infants-consells-families-menjadors-escolars-2024<\/a><a href=\"https:\/\/agora.xtec.cat\/escoladelparc\/wp-content\/uploads\/usu440\/2026\/01\/acompanyar-apats-infants-consells-families-menjadors-escolars-2024.pdf\" class=\"wp-block-file__button wp-element-button\" download aria-describedby=\"wp-block-file--media-6e2a6c5e-22d6-43d9-8dc4-cd9d48e10a22\">Baixa<\/a><\/div>\n\n\n\n<figure class=\"wp-block-image alignleft\"><a href=\"http:\/\/agora.xtec.cat\/escoladelparc\/wp-content\/uploads\/usu440\/2015\/09\/Guia-alimentaci\u00f3-escolar-2017-Generalitat-de-Catalunya.pdf\"><img loading=\"lazy\" decoding=\"async\" width=\"300\" height=\"263\" src=\"https:\/\/agora.xtec.cat\/escoladelparc\/wp-content\/uploads\/usu440\/2021\/02\/Captura-de-pantalla-2021-02-24-16.27.12-300x263.png\" alt=\"\" class=\"wp-image-10530\" srcset=\"https:\/\/agora.xtec.cat\/escoladelparc\/wp-content\/uploads\/usu440\/2021\/02\/Captura-de-pantalla-2021-02-24-16.27.12-300x263.png 300w, https:\/\/agora.xtec.cat\/escoladelparc\/wp-content\/uploads\/usu440\/2021\/02\/Captura-de-pantalla-2021-02-24-16.27.12.png 595w\" sizes=\"auto, (max-width: 300px) 100vw, 300px\" \/><\/a><\/figure>\n\n\n\n<figure class=\"wp-block-image alignleft\"><a href=\"https:\/\/agora.xtec.cat\/escoladelparc\/wp-content\/uploads\/usu440\/2021\/04\/guia_alimentacio_etapa_escolar.pdf\"><img loading=\"lazy\" decoding=\"async\" width=\"300\" height=\"300\" src=\"https:\/\/agora.xtec.cat\/escoladelparc\/wp-content\/uploads\/usu440\/2021\/04\/Captura-de-pantalla-2021-04-06-16.11.55-300x300.png\" alt=\"\" class=\"wp-image-10806\" srcset=\"https:\/\/agora.xtec.cat\/escoladelparc\/wp-content\/uploads\/usu440\/2021\/04\/Captura-de-pantalla-2021-04-06-16.11.55-300x300.png 300w, https:\/\/agora.xtec.cat\/escoladelparc\/wp-content\/uploads\/usu440\/2021\/04\/Captura-de-pantalla-2021-04-06-16.11.55-150x150.png 150w, https:\/\/agora.xtec.cat\/escoladelparc\/wp-content\/uploads\/usu440\/2021\/04\/Captura-de-pantalla-2021-04-06-16.11.55.png 754w\" sizes=\"auto, (max-width: 300px) 100vw, 300px\" \/><\/a><\/figure>\n\n\n\n<p><a href=\"https:\/\/agora.xtec.cat\/escoladelparc\/wp-content\/uploads\/usu440\/2021\/04\/guia_alimentacio_etapa_escolar.pdf\"><\/a><\/p>\n<\/div>\n<\/div>\n\n\n\n<div class=\"wp-block-columns is-layout-flex wp-container-core-columns-is-layout-6 wp-block-columns-is-layout-flex\">\n<div class=\"wp-block-column is-layout-flow wp-block-column-is-layout-flow\" style=\"flex-basis:50%\">\n<div class=\"wp-block-columns is-layout-flex wp-container-core-columns-is-layout-5 wp-block-columns-is-layout-flex\">\n<div class=\"wp-block-column is-layout-flow wp-block-column-is-layout-flow\" style=\"flex-basis:100%\">\n<p class=\"wp-block-columns\"><span style=\"color: #008080;\"><strong>COM S\u00d3N LES RACIONS?<\/strong><\/span><\/p>\n\n\n\n<ul class=\"wp-block-list\">\n<li>Si voleu saber la quantitat de menjar que es serveix en els \u00e0pats, podeu consultar la guia de&nbsp; <a href=\"https:\/\/agora.xtec.cat\/escoladelparc\/wp-content\/uploads\/usu440\/2021\/04\/gramatges.pdf\">gramatges.&nbsp;<\/a><\/li>\n<\/ul>\n<\/div>\n<\/div>\n<\/div>\n\n\n\n<div class=\"wp-block-column is-layout-flow wp-block-column-is-layout-flow\" style=\"flex-basis:50%\">\n<figure class=\"wp-block-image alignleft\"><a href=\"https:\/\/agora.xtec.cat\/escoladelparc\/wp-content\/uploads\/usu440\/2021\/04\/gramatges.pdf\"><img loading=\"lazy\" decoding=\"async\" width=\"300\" height=\"209\" src=\"https:\/\/agora.xtec.cat\/escoladelparc\/wp-content\/uploads\/usu440\/2021\/04\/Captura-de-pantalla-2021-04-06-16.18.47-300x209.png\" alt=\"\" class=\"wp-image-10809\" srcset=\"https:\/\/agora.xtec.cat\/escoladelparc\/wp-content\/uploads\/usu440\/2021\/04\/Captura-de-pantalla-2021-04-06-16.18.47-300x209.png 300w, https:\/\/agora.xtec.cat\/escoladelparc\/wp-content\/uploads\/usu440\/2021\/04\/Captura-de-pantalla-2021-04-06-16.18.47-768x535.png 768w, https:\/\/agora.xtec.cat\/escoladelparc\/wp-content\/uploads\/usu440\/2021\/04\/Captura-de-pantalla-2021-04-06-16.18.47.png 892w\" sizes=\"auto, (max-width: 300px) 100vw, 300px\" \/><\/a><\/figure>\n<\/div>\n<\/div>\n\n\n\n<p><\/p>\n\n\n","protected":false},"excerpt":{"rendered":"<p>Benvolgudes fam\u00edlies: En nom de tot l\u2019equip de Campos Estela, volem donar-vos la benvinguda al servei de menjador de l\u2019escola. Des de 1968 oferim serveis d\u2019\u00e0pats i lleure per a escoles mitjan\u00e7ant la continu\u00eftat del projecte educatiu del centre i unes pautes aliment\u00e0ries basades en una dieta equilibrada, divertida i segura.Ens sentim molt agra\u00efts i [&hellip;]<\/p>\n","protected":false},"author":2,"featured_media":0,"parent":0,"menu_order":6,"comment_status":"closed","ping_status":"closed","template":"","meta":{"_bbp_topic_count":0,"_bbp_reply_count":0,"_bbp_total_topic_count":0,"_bbp_total_reply_count":0,"_bbp_voice_count":0,"_bbp_anonymous_reply_count":0,"_bbp_topic_count_hidden":0,"_bbp_reply_count_hidden":0,"_bbp_forum_subforum_count":0,"site-sidebar-layout":"default","site-content-layout":"","ast-site-content-layout":"default","site-content-style":"default","site-sidebar-style":"default","ast-global-header-display":"","ast-banner-title-visibility":"","ast-main-header-display":"","ast-hfb-above-header-display":"","ast-hfb-below-header-display":"","ast-hfb-mobile-header-display":"","site-post-title":"","ast-breadcrumbs-content":"","ast-featured-img":"","footer-sml-layout":"","theme-transparent-header-meta":"","adv-header-id-meta":"","stick-header-meta":"","header-above-stick-meta":"","header-main-stick-meta":"","header-below-stick-meta":"","astra-migrate-meta-layouts":"set","ast-page-background-enabled":"default","ast-page-background-meta":{"desktop":{"background-color":"var(--ast-global-color-4)","background-image":"","background-repeat":"repeat","background-position":"center center","background-size":"auto","background-attachment":"scroll","background-type":"","background-media":"","overlay-type":"","overlay-color":"","overlay-opacity":"","overlay-gradient":""},"tablet":{"background-color":"","background-image":"","background-repeat":"repeat","background-position":"center center","background-size":"auto","background-attachment":"scroll","background-type":"","background-media":"","overlay-type":"","overlay-color":"","overlay-opacity":"","overlay-gradient":""},"mobile":{"background-color":"","background-image":"","background-repeat":"repeat","background-position":"center center","background-size":"auto","background-attachment":"scroll","background-type":"","background-media":"","overlay-type":"","overlay-color":"","overlay-opacity":"","overlay-gradient":""}},"ast-content-background-meta":{"desktop":{"background-color":"var(--ast-global-color-5)","background-image":"","background-repeat":"repeat","background-position":"center center","background-size":"auto","background-attachment":"scroll","background-type":"","background-media":"","overlay-type":"","overlay-color":"","overlay-opacity":"","overlay-gradient":""},"tablet":{"background-color":"var(--ast-global-color-5)","background-image":"","background-repeat":"repeat","background-position":"center center","background-size":"auto","background-attachment":"scroll","background-type":"","background-media":"","overlay-type":"","overlay-color":"","overlay-opacity":"","overlay-gradient":""},"mobile":{"background-color":"var(--ast-global-color-5)","background-image":"","background-repeat":"repeat","background-position":"center center","background-size":"auto","background-attachment":"scroll","background-type":"","background-media":"","overlay-type":"","overlay-color":"","overlay-opacity":"","overlay-gradient":""}},"footnotes":""},"class_list":["post-66","page","type-page","status-publish","hentry"],"post_mailing_queue_ids":[],"_links":{"self":[{"href":"https:\/\/agora.xtec.cat\/escoladelparc\/wp-json\/wp\/v2\/pages\/66","targetHints":{"allow":["GET"]}}],"collection":[{"href":"https:\/\/agora.xtec.cat\/escoladelparc\/wp-json\/wp\/v2\/pages"}],"about":[{"href":"https:\/\/agora.xtec.cat\/escoladelparc\/wp-json\/wp\/v2\/types\/page"}],"author":[{"embeddable":true,"href":"https:\/\/agora.xtec.cat\/escoladelparc\/wp-json\/wp\/v2\/users\/2"}],"replies":[{"embeddable":true,"href":"https:\/\/agora.xtec.cat\/escoladelparc\/wp-json\/wp\/v2\/comments?post=66"}],"version-history":[{"count":6,"href":"https:\/\/agora.xtec.cat\/escoladelparc\/wp-json\/wp\/v2\/pages\/66\/revisions"}],"predecessor-version":[{"id":15222,"href":"https:\/\/agora.xtec.cat\/escoladelparc\/wp-json\/wp\/v2\/pages\/66\/revisions\/15222"}],"wp:attachment":[{"href":"https:\/\/agora.xtec.cat\/escoladelparc\/wp-json\/wp\/v2\/media?parent=66"}],"curies":[{"name":"wp","href":"https:\/\/api.w.org\/{rel}","templated":true}]}}