{"id":36,"date":"2014-09-18T12:33:11","date_gmt":"2014-09-18T12:33:11","guid":{"rendered":"http:\/\/agora.xtec.cat\/escoladelparc\/?page_id=36"},"modified":"2026-02-02T20:12:43","modified_gmt":"2026-02-02T19:12:43","slug":"material-escolar","status":"publish","type":"page","link":"https:\/\/agora.xtec.cat\/escoladelparc\/material-escolar\/","title":{"rendered":"Llibres i Material escolar"},"content":{"rendered":"\n<h4 class=\"wp-block-heading\"><strong><em>Llibres i material _Curs 2025\/2026\u00a0<\/em><\/strong><\/h4>\n\n\n\n<p>Imports Llibres EMAT i Quota de Material que s&#8217;han de pagar a l&#8217;escola:<\/p>\n\n\n\n<div class=\"wp-block-buttons is-layout-flex wp-block-buttons-is-layout-flex\">\n<div class=\"wp-block-button has-custom-width wp-block-button__width-50\"><a class=\"wp-block-button__link wp-element-button\">EMAT INFANTIL _ 33,50 \u20ac<\/a><\/div>\n\n\n\n<div class=\"wp-block-button has-custom-width wp-block-button__width-50\"><a class=\"wp-block-button__link wp-element-button\">EMAT PRIM\u00c0RIA _ 49 \u20ac<\/a><\/div>\n<\/div>\n\n\n\n<div class=\"wp-block-buttons is-layout-flex wp-block-buttons-is-layout-flex\">\n<div class=\"wp-block-button has-custom-width wp-block-button__width-50\"><a class=\"wp-block-button__link has-white-color has-ast-global-color-1-background-color has-text-color has-background has-link-color wp-element-button\">QUOTA MATERIAL I3 anys _ 65 \u20ac<\/a><\/div>\n\n\n\n<div class=\"wp-block-button has-custom-width wp-block-button__width-50\"><a class=\"wp-block-button__link has-white-color has-ast-global-color-1-background-color has-text-color has-background has-link-color wp-element-button\">QUOTA MATERIAL I4anys a 6\u00e8 _ 55 \u20ac<\/a><\/div>\n<\/div>\n\n\n\n<p>Les fam\u00edlies de prim\u00e0ria que facin la cessi\u00f3 d&#8217;un<strong> Val escolar de 30\u20ac<\/strong> , hauran de pagar <strong>25\u20ac<\/strong> de quota de material<\/p>\n\n\n\n<p><a href=\"https:\/\/agora.xtec.cat\/escoladelparc\/wp-content\/uploads\/usu440\/2025\/06\/INFORMACIO-PER-A-REALITZAR-PAGAMENTS-DE-LESCOLA-2.pdf\">INFORMACI\u00d3 PER A REALITZAR PAGAMENTS DE L&#8217;ESCOLA (2)<\/a> _  A partir del mes de febrer de 2026, el pagament es far\u00e0 a trav\u00e9s de la plataforma de cobrament  de l&#8217;additio i es comunicar\u00e0 per l&#8217;EDVOICE<\/p>\n\n\n\n<div data-wp-interactive=\"core\/file\" class=\"wp-block-file\"><object data-wp-bind--hidden=\"!state.hasPdfPreview\" hidden class=\"wp-block-file__embed\" data=\"https:\/\/agora.xtec.cat\/escoladelparc\/wp-content\/uploads\/usu440\/2026\/01\/Compra-families-a-les-llibreries-Curs-25-26.docx.pdf\" type=\"application\/pdf\" style=\"width:100%;height:600px\" aria-label=\"Incrustaci\u00f3 del fitxer Compra-families-a-les-llibreries-Curs-25-26.docx.\"><\/object><a id=\"wp-block-file--media-790c062d-623c-45fd-ac33-34b559e578b7\" href=\"https:\/\/agora.xtec.cat\/escoladelparc\/wp-content\/uploads\/usu440\/2026\/01\/Compra-families-a-les-llibreries-Curs-25-26.docx.pdf\">Compra-families-a-les-llibreries-Curs-25-26.docx<\/a><a href=\"https:\/\/agora.xtec.cat\/escoladelparc\/wp-content\/uploads\/usu440\/2026\/01\/Compra-families-a-les-llibreries-Curs-25-26.docx.pdf\" class=\"wp-block-file__button wp-element-button\" download aria-describedby=\"wp-block-file--media-790c062d-623c-45fd-ac33-34b559e578b7\">Baixa<\/a><\/div>\n\n\n\n<div data-wp-interactive=\"core\/file\" class=\"wp-block-file\"><object data-wp-bind--hidden=\"!state.hasPdfPreview\" hidden class=\"wp-block-file__embed\" data=\"https:\/\/agora.xtec.cat\/escoladelparc\/wp-content\/uploads\/usu440\/2021\/02\/Projecte-SORELL-Escola-del-Parc.pdf\" type=\"application\/pdf\" style=\"width:100%;height:600px\" aria-label=\"Incrustaci\u00f3 del fitxer Projecte SORELL - Escola del Parc.\"><\/object><a id=\"wp-block-file--media-7320115c-bfa5-4198-b7d4-a8ff5792c0f1\" href=\"https:\/\/agora.xtec.cat\/escoladelparc\/wp-content\/uploads\/usu440\/2021\/02\/Projecte-SORELL-Escola-del-Parc.pdf\">Projecte SORELL &#8211; Escola del Parc<\/a><a href=\"https:\/\/agora.xtec.cat\/escoladelparc\/wp-content\/uploads\/usu440\/2021\/02\/Projecte-SORELL-Escola-del-Parc.pdf\" class=\"wp-block-file__button wp-element-button\" download aria-describedby=\"wp-block-file--media-7320115c-bfa5-4198-b7d4-a8ff5792c0f1\">Baixa<\/a><\/div>\n","protected":false},"excerpt":{"rendered":"<p>Llibres i material _Curs 2025\/2026\u00a0 Imports Llibres EMAT i Quota de Material que s&#8217;han de pagar a l&#8217;escola: Les fam\u00edlies de prim\u00e0ria que facin la cessi\u00f3 d&#8217;un Val escolar de 30\u20ac , hauran de pagar 25\u20ac de quota de material INFORMACI\u00d3 PER A REALITZAR PAGAMENTS DE L&#8217;ESCOLA (2) _ A partir del mes de febrer [&hellip;]<\/p>\n","protected":false},"author":2,"featured_media":0,"parent":0,"menu_order":0,"comment_status":"closed","ping_status":"closed","template":"","meta":{"_bbp_topic_count":0,"_bbp_reply_count":0,"_bbp_total_topic_count":0,"_bbp_total_reply_count":0,"_bbp_voice_count":0,"_bbp_anonymous_reply_count":0,"_bbp_topic_count_hidden":0,"_bbp_reply_count_hidden":0,"_bbp_forum_subforum_count":0,"site-sidebar-layout":"default","site-content-layout":"","ast-site-content-layout":"default","site-content-style":"default","site-sidebar-style":"default","ast-global-header-display":"","ast-banner-title-visibility":"","ast-main-header-display":"","ast-hfb-above-header-display":"","ast-hfb-below-header-display":"","ast-hfb-mobile-header-display":"","site-post-title":"disabled","ast-breadcrumbs-content":"","ast-featured-img":"","footer-sml-layout":"","theme-transparent-header-meta":"","adv-header-id-meta":"","stick-header-meta":"","header-above-stick-meta":"","header-main-stick-meta":"","header-below-stick-meta":"","astra-migrate-meta-layouts":"set","ast-page-background-enabled":"default","ast-page-background-meta":{"desktop":{"background-color":"var(--ast-global-color-4)","background-image":"","background-repeat":"repeat","background-position":"center center","background-size":"auto","background-attachment":"scroll","background-type":"","background-media":"","overlay-type":"","overlay-color":"","overlay-opacity":"","overlay-gradient":""},"tablet":{"background-color":"","background-image":"","background-repeat":"repeat","background-position":"center center","background-size":"auto","background-attachment":"scroll","background-type":"","background-media":"","overlay-type":"","overlay-color":"","overlay-opacity":"","overlay-gradient":""},"mobile":{"background-color":"","background-image":"","background-repeat":"repeat","background-position":"center center","background-size":"auto","background-attachment":"scroll","background-type":"","background-media":"","overlay-type":"","overlay-color":"","overlay-opacity":"","overlay-gradient":""}},"ast-content-background-meta":{"desktop":{"background-color":"var(--ast-global-color-5)","background-image":"","background-repeat":"repeat","background-position":"center center","background-size":"auto","background-attachment":"scroll","background-type":"","background-media":"","overlay-type":"","overlay-color":"","overlay-opacity":"","overlay-gradient":""},"tablet":{"background-color":"var(--ast-global-color-5)","background-image":"","background-repeat":"repeat","background-position":"center center","background-size":"auto","background-attachment":"scroll","background-type":"","background-media":"","overlay-type":"","overlay-color":"","overlay-opacity":"","overlay-gradient":""},"mobile":{"background-color":"var(--ast-global-color-5)","background-image":"","background-repeat":"repeat","background-position":"center center","background-size":"auto","background-attachment":"scroll","background-type":"","background-media":"","overlay-type":"","overlay-color":"","overlay-opacity":"","overlay-gradient":""}},"footnotes":""},"class_list":["post-36","page","type-page","status-publish","hentry"],"post_mailing_queue_ids":[],"_links":{"self":[{"href":"https:\/\/agora.xtec.cat\/escoladelparc\/wp-json\/wp\/v2\/pages\/36","targetHints":{"allow":["GET"]}}],"collection":[{"href":"https:\/\/agora.xtec.cat\/escoladelparc\/wp-json\/wp\/v2\/pages"}],"about":[{"href":"https:\/\/agora.xtec.cat\/escoladelparc\/wp-json\/wp\/v2\/types\/page"}],"author":[{"embeddable":true,"href":"https:\/\/agora.xtec.cat\/escoladelparc\/wp-json\/wp\/v2\/users\/2"}],"replies":[{"embeddable":true,"href":"https:\/\/agora.xtec.cat\/escoladelparc\/wp-json\/wp\/v2\/comments?post=36"}],"version-history":[{"count":6,"href":"https:\/\/agora.xtec.cat\/escoladelparc\/wp-json\/wp\/v2\/pages\/36\/revisions"}],"predecessor-version":[{"id":15581,"href":"https:\/\/agora.xtec.cat\/escoladelparc\/wp-json\/wp\/v2\/pages\/36\/revisions\/15581"}],"wp:attachment":[{"href":"https:\/\/agora.xtec.cat\/escoladelparc\/wp-json\/wp\/v2\/media?parent=36"}],"curies":[{"name":"wp","href":"https:\/\/api.w.org\/{rel}","templated":true}]}}