{"id":30,"date":"2014-09-18T12:30:23","date_gmt":"2014-09-18T12:30:23","guid":{"rendered":"http:\/\/agora.xtec.cat\/escoladelparc\/?page_id=30"},"modified":"2026-01-31T20:39:37","modified_gmt":"2026-01-31T19:39:37","slug":"instal%c2%b7lacions","status":"publish","type":"page","link":"https:\/\/agora.xtec.cat\/escoladelparc\/lescola\/instal%c2%b7lacions\/","title":{"rendered":"Instal\u00b7lacions"},"content":{"rendered":"<p><a href=\"https:\/\/youtu.be\/PVwaQF5O3uA\"><img loading=\"lazy\" decoding=\"async\" class=\"wp-image-10571 size-medium alignleft\" src=\"https:\/\/agora.xtec.cat\/escoladelparc\/wp-content\/uploads\/usu440\/2021\/02\/logo-escola-300x176.jpg\" alt=\"\" width=\"300\" height=\"176\" srcset=\"https:\/\/agora.xtec.cat\/escoladelparc\/wp-content\/uploads\/usu440\/2021\/02\/logo-escola-300x176.jpg 300w, https:\/\/agora.xtec.cat\/escoladelparc\/wp-content\/uploads\/usu440\/2021\/02\/logo-escola-768x449.jpg 768w, https:\/\/agora.xtec.cat\/escoladelparc\/wp-content\/uploads\/usu440\/2021\/02\/logo-escola.jpg 962w\" sizes=\"auto, (max-width: 300px) 100vw, 300px\" \/><\/a><\/p>\n<p>L&#8217;escola del Parc disposa de diferents espais comuns:<\/p>\n<ol>\n<li style=\"list-style-type: none;\">\n<ol>\n<li style=\"list-style-type: none;\">\n<ol>\n<li>Pati per a la comunitat de Petits (Educaci\u00f3 Infantil).<\/li>\n<\/ol>\n<\/li>\n<\/ol>\n<\/li>\n<li>Pati per a la comunitat de Mitjans i Grans (Educaci\u00f3 Prim\u00e0ria).<\/li>\n<li>Hort per a l&#8217;alumnat de prim\u00e0ria. Sis horts o espais verds per a cadascuna de les classes d&#8217;educaci\u00f3 infantil.<\/li>\n<li>Gimn\u00e0s.<\/li>\n<li>Vestuaris amb dutxes.<\/li>\n<li>Sala de psicomotricitat. Durant l&#8217;espai del migdia, l&#8217;alumnat d&#8217;infantil 3 anys fa la migdiada .<\/li>\n<li>Aula d&#8217;inform\u00e0tica\/Espai Digital.<\/li>\n<li>Aula de Religi\u00f3 per a l&#8217;alumnat de prim\u00e0ria que tria l&#8217;opci\u00f3 d&#8217;aquesta \u00e0rea.<\/li>\n<li>Menjador amb cuina pr\u00f2pia.<\/li>\n<li>Aula de m\u00fasica per a l&#8217;alumnat d&#8217;educaci\u00f3 prim\u00e0ria.<\/li>\n<li>Aula d&#8217;educaci\u00f3 especial (SIEI).<\/li>\n<li>Biblioteca.<\/li>\n<\/ol>\n<p>Els passadissos i el <em>hall<\/em> de l&#8217;escola tamb\u00e9 formen part dels espais d&#8217;aprenentatge del centre.<\/p>\n","protected":false},"excerpt":{"rendered":"<p>L&#8217;escola del Parc disposa de diferents espais comuns: Pati per a la comunitat de Petits (Educaci\u00f3 Infantil). Pati per a la comunitat de Mitjans i Grans (Educaci\u00f3 Prim\u00e0ria). Hort per a l&#8217;alumnat de prim\u00e0ria. Sis horts o espais verds per a cadascuna de les classes d&#8217;educaci\u00f3 infantil. Gimn\u00e0s. Vestuaris amb dutxes. Sala de psicomotricitat. Durant [&hellip;]<\/p>\n","protected":false},"author":2,"featured_media":0,"parent":22,"menu_order":2,"comment_status":"closed","ping_status":"closed","template":"","meta":{"_bbp_topic_count":0,"_bbp_reply_count":0,"_bbp_total_topic_count":0,"_bbp_total_reply_count":0,"_bbp_voice_count":0,"_bbp_anonymous_reply_count":0,"_bbp_topic_count_hidden":0,"_bbp_reply_count_hidden":0,"_bbp_forum_subforum_count":0,"site-sidebar-layout":"default","site-content-layout":"","ast-site-content-layout":"default","site-content-style":"default","site-sidebar-style":"default","ast-global-header-display":"","ast-banner-title-visibility":"","ast-main-header-display":"","ast-hfb-above-header-display":"","ast-hfb-below-header-display":"","ast-hfb-mobile-header-display":"","site-post-title":"","ast-breadcrumbs-content":"","ast-featured-img":"","footer-sml-layout":"","theme-transparent-header-meta":"","adv-header-id-meta":"","stick-header-meta":"","header-above-stick-meta":"","header-main-stick-meta":"","header-below-stick-meta":"","astra-migrate-meta-layouts":"set","ast-page-background-enabled":"default","ast-page-background-meta":{"desktop":{"background-color":"var(--ast-global-color-4)","background-image":"","background-repeat":"repeat","background-position":"center center","background-size":"auto","background-attachment":"scroll","background-type":"","background-media":"","overlay-type":"","overlay-color":"","overlay-opacity":"","overlay-gradient":""},"tablet":{"background-color":"","background-image":"","background-repeat":"repeat","background-position":"center center","background-size":"auto","background-attachment":"scroll","background-type":"","background-media":"","overlay-type":"","overlay-color":"","overlay-opacity":"","overlay-gradient":""},"mobile":{"background-color":"","background-image":"","background-repeat":"repeat","background-position":"center center","background-size":"auto","background-attachment":"scroll","background-type":"","background-media":"","overlay-type":"","overlay-color":"","overlay-opacity":"","overlay-gradient":""}},"ast-content-background-meta":{"desktop":{"background-color":"var(--ast-global-color-5)","background-image":"","background-repeat":"repeat","background-position":"center center","background-size":"auto","background-attachment":"scroll","background-type":"","background-media":"","overlay-type":"","overlay-color":"","overlay-opacity":"","overlay-gradient":""},"tablet":{"background-color":"var(--ast-global-color-5)","background-image":"","background-repeat":"repeat","background-position":"center center","background-size":"auto","background-attachment":"scroll","background-type":"","background-media":"","overlay-type":"","overlay-color":"","overlay-opacity":"","overlay-gradient":""},"mobile":{"background-color":"var(--ast-global-color-5)","background-image":"","background-repeat":"repeat","background-position":"center center","background-size":"auto","background-attachment":"scroll","background-type":"","background-media":"","overlay-type":"","overlay-color":"","overlay-opacity":"","overlay-gradient":""}},"footnotes":""},"class_list":["post-30","page","type-page","status-publish","hentry"],"post_mailing_queue_ids":[],"_links":{"self":[{"href":"https:\/\/agora.xtec.cat\/escoladelparc\/wp-json\/wp\/v2\/pages\/30","targetHints":{"allow":["GET"]}}],"collection":[{"href":"https:\/\/agora.xtec.cat\/escoladelparc\/wp-json\/wp\/v2\/pages"}],"about":[{"href":"https:\/\/agora.xtec.cat\/escoladelparc\/wp-json\/wp\/v2\/types\/page"}],"author":[{"embeddable":true,"href":"https:\/\/agora.xtec.cat\/escoladelparc\/wp-json\/wp\/v2\/users\/2"}],"replies":[{"embeddable":true,"href":"https:\/\/agora.xtec.cat\/escoladelparc\/wp-json\/wp\/v2\/comments?post=30"}],"version-history":[{"count":6,"href":"https:\/\/agora.xtec.cat\/escoladelparc\/wp-json\/wp\/v2\/pages\/30\/revisions"}],"predecessor-version":[{"id":14701,"href":"https:\/\/agora.xtec.cat\/escoladelparc\/wp-json\/wp\/v2\/pages\/30\/revisions\/14701"}],"up":[{"embeddable":true,"href":"https:\/\/agora.xtec.cat\/escoladelparc\/wp-json\/wp\/v2\/pages\/22"}],"wp:attachment":[{"href":"https:\/\/agora.xtec.cat\/escoladelparc\/wp-json\/wp\/v2\/media?parent=30"}],"curies":[{"name":"wp","href":"https:\/\/api.w.org\/{rel}","templated":true}]}}