{"id":2337,"date":"2015-11-06T13:34:09","date_gmt":"2015-11-06T12:34:09","guid":{"rendered":"http:\/\/agora.xtec.cat\/escoladelparc\/?page_id=2337"},"modified":"2015-11-09T20:03:12","modified_gmt":"2015-11-09T19:03:12","slug":"construccio-escola-1958","status":"publish","type":"page","link":"https:\/\/agora.xtec.cat\/escoladelparc\/historia\/construccio-escola-1958\/","title":{"rendered":"Construcci\u00f3 Escola, 1958"},"content":{"rendered":"<p>La Junta Municipal de Ense\u00f1aza Primaria acorda, 28 de juny de 1956, que es demani al Ministerio de Educaci\u00f3n Nacional, la construcci\u00f3n de una escuela unitaria de ni\u00f1os y un parvulario.<\/p>\n<p>El 21 de Julio aprova l\u2019Ajuntament les obres per a habilitar provisonalment en el Palacete Municipal (actual Torre Muntades) una escuela de parvulos, amb un pressupost de 22.562,29 pesetas. Al final el cost ser\u00e0 de 32.599,68 pessetes, explicat de manera detallada.<\/p>\n<p>El 22 de Desembre de 1956, les autoritats municipals i la Inspecci\u00f3 Educativa, aproven oficialment la posada en funcionament del parvulari. Molt il\u00b7lustratiu es la llista del material pedag\u00f2gic de que disposa, encap\u00e7alat pel crucifix&#8230;<\/p>\n<p>Les necessitats d\u2019escolaritzaci\u00f3 del Prat s\u00f3n molt greus i l\u2019Ajuntament impulsa la continu\u00eftat del projecte abandonat feia 20 anys:<\/p>\n<p>Nova Mem\u00f2ria del Projecte, aprovada per l\u2019Arquitecte Municipal Joaquim Moragues (maig de 1958).<\/p>\n<p>Petici\u00f3 d\u2019autoritzaci\u00f3 al Director General de Banca, Bolsa e Inversiones, per a poder demanar un cr\u00e8dit extraordinari a la Caja de Pensiones para la Vejez y de Ahorros de Catalu\u00f1a y Baleares, d\u2019un cr\u00e8dit extraordinari de 2.825,888\u201932 pessetes, per a poder fer front a la construcci\u00f3 de l\u2019edifici. (4 agosto 1959).<\/p>\n<p>Presidente de la junta Central de Construcciones Escolares, comunica l\u2019aprovaci\u00f3 del Gobierno, por importe de 2.579.196\u201990 pesetas, y que l\u2019Ajuntament haur\u00e0 d\u2019aportar 1.000.000 pessetes al pressupost.<\/p>\n<p><img loading=\"lazy\" decoding=\"async\" class=\"alignnone\" src=\"https:\/\/lh5.googleusercontent.com\/-1IBwGMPkxaQ\/URwIWD-5ywI\/AAAAAAAADIQ\/vvMaBnL6PF4\/w500-h353-no\/inauguracio%2Bescola%2B2.jpg\" alt=\"\" width=\"500\" height=\"353\" \/><\/p>\n<p>Inauguraci\u00f3 de l&#8217;Escola. Assistents, Mar\u00eda Batet, directora de l&#8217;Escola, l&#8217;Alcalde i autoritats&#8230;tamb\u00e9 les militars.<\/p>\n<p><img loading=\"lazy\" decoding=\"async\" class=\"alignnone\" src=\"https:\/\/lh6.googleusercontent.com\/-v-v3AnmZoiU\/URwIYZoqzdI\/AAAAAAAADIc\/DVR5mzTnu9E\/w500-h352-no\/inauguracio%2Bescola%2B3.jpg\" alt=\"\" width=\"500\" height=\"352\" \/><\/p>\n<p><img loading=\"lazy\" decoding=\"async\" class=\"alignnone\" src=\"https:\/\/lh5.googleusercontent.com\/-5yLs2O7nWQ8\/URwIam_GpzI\/AAAAAAAADIs\/EqlB_9Ol8rg\/w500-h354-no\/inauguracio%2Bescola4.jpg\" alt=\"\" width=\"500\" height=\"354\" \/><\/p>\n<p>Al setembre de 1961 s&#8217;inaugur\u00e0 l\u2019escola i es traslladen els infants escolaritzats al parvulari del Palacete Muncipal.<\/p>\n<p><img loading=\"lazy\" decoding=\"async\" class=\"alignnone\" src=\"https:\/\/lh6.googleusercontent.com\/-EtenaoZjekc\/URwIRnc6U9I\/AAAAAAAADHQ\/-9R6snigYKA\/w389-h576-no\/diari%2B1.jpg\" alt=\"\" width=\"389\" height=\"576\" \/><\/p>\n<p>Recollida de la noticia a la Revista del Prat.<\/p>\n<p><img loading=\"lazy\" decoding=\"async\" class=\"alignnone\" src=\"https:\/\/lh4.googleusercontent.com\/-Q6EkFTK_AiU\/URwIahdEw2I\/AAAAAAAADIo\/L1Gg1SQqX8w\/w317-h454-no\/nevada%2B62b.jpg\" alt=\"\" width=\"317\" height=\"454\" \/><\/p>\n<p>A l&#8217;any seg\u00fcent, nevada hist\u00f2rica al Prat.<\/p>\n<p><img loading=\"lazy\" decoding=\"async\" class=\"alignnone\" src=\"https:\/\/lh4.googleusercontent.com\/-ldAJL1aQz0s\/URwIbvYNRmI\/AAAAAAAADI8\/Isqo1dj8eMQ\/w510-h359-no\/nevada%2Bescola.jpg\" alt=\"\" width=\"510\" height=\"359\" \/><\/p>\n<p>El fof\u00f2graf, mirant cap a l&#8217;entrada principal de l&#8217;Escola, est\u00e0 situat on anira vint anys m\u00e9s tard el parvulari.<\/p>\n<p><img loading=\"lazy\" decoding=\"async\" class=\"alignnone\" src=\"https:\/\/lh5.googleusercontent.com\/-cDoAXXF-F1U\/URwIchkwqVI\/AAAAAAAADJM\/HP-UbEZGhOo\/w511-h365-no\/parc%2Bpont.jpg\" alt=\"\" width=\"511\" height=\"365\" \/><\/p>\n<p><img loading=\"lazy\" decoding=\"async\" class=\"alignnone\" src=\"https:\/\/lh5.googleusercontent.com\/-lnAlPM2Jklw\/URwIbsOnFeI\/AAAAAAAADI4\/XoAM0qPvg3k\/w510-h356-no\/parc%2Banys%2B60.jpg\" alt=\"\" width=\"510\" height=\"356\" \/><\/p>\n<p>El Parc Fondo d&#8217;en Peixo ja era un eix de l&#8217;oci pratenc. A l&#8217;esquerra de la foto es situar\u00e0 l&#8217;edifici actual.<\/p>\n<div style=\"text-align: center;\">\n<div style=\"margin: 8px 0px 4px;\"><a href=\"http:\/\/www.calameo.com\/books\/0000109803c817f9449a3\" target=\"_blank\">Projecte 58<\/a><\/div>\n<p><iframe loading=\"lazy\" style=\"margin: 0 auto;\" src=\"\/\/v.calameo.com\/?bkcode=0000109803c817f9449a3\" width=\"300\" height=\"194\" frameborder=\"0\" scrolling=\"no\" allowfullscreen=\"allowfullscreen\"><\/iframe><\/p>\n<\/div>\n","protected":false},"excerpt":{"rendered":"<p>La Junta Municipal de Ense\u00f1aza Primaria acorda, 28 de juny de 1956, que es demani al Ministerio de Educaci\u00f3n Nacional, la construcci\u00f3n de una escuela unitaria de ni\u00f1os y un parvulario. El 21 de Julio aprova l\u2019Ajuntament les obres per a habilitar provisonalment en el Palacete Municipal (actual Torre Muntades) una escuela de parvulos, amb [&hellip;]<\/p>\n","protected":false},"author":1,"featured_media":0,"parent":26,"menu_order":0,"comment_status":"closed","ping_status":"closed","template":"","meta":{"_bbp_topic_count":0,"_bbp_reply_count":0,"_bbp_total_topic_count":0,"_bbp_total_reply_count":0,"_bbp_voice_count":0,"_bbp_anonymous_reply_count":0,"_bbp_topic_count_hidden":0,"_bbp_reply_count_hidden":0,"_bbp_forum_subforum_count":0,"site-sidebar-layout":"default","site-content-layout":"","ast-site-content-layout":"","site-content-style":"default","site-sidebar-style":"default","ast-global-header-display":"","ast-banner-title-visibility":"","ast-main-header-display":"","ast-hfb-above-header-display":"","ast-hfb-below-header-display":"","ast-hfb-mobile-header-display":"","site-post-title":"","ast-breadcrumbs-content":"","ast-featured-img":"","footer-sml-layout":"","theme-transparent-header-meta":"","adv-header-id-meta":"","stick-header-meta":"","header-above-stick-meta":"","header-main-stick-meta":"","header-below-stick-meta":"","astra-migrate-meta-layouts":"default","ast-page-background-enabled":"default","ast-page-background-meta":{"desktop":{"background-color":"var(--ast-global-color-4)","background-image":"","background-repeat":"repeat","background-position":"center center","background-size":"auto","background-attachment":"scroll","background-type":"","background-media":"","overlay-type":"","overlay-color":"","overlay-opacity":"","overlay-gradient":""},"tablet":{"background-color":"","background-image":"","background-repeat":"repeat","background-position":"center center","background-size":"auto","background-attachment":"scroll","background-type":"","background-media":"","overlay-type":"","overlay-color":"","overlay-opacity":"","overlay-gradient":""},"mobile":{"background-color":"","background-image":"","background-repeat":"repeat","background-position":"center center","background-size":"auto","background-attachment":"scroll","background-type":"","background-media":"","overlay-type":"","overlay-color":"","overlay-opacity":"","overlay-gradient":""}},"ast-content-background-meta":{"desktop":{"background-color":"var(--ast-global-color-5)","background-image":"","background-repeat":"repeat","background-position":"center center","background-size":"auto","background-attachment":"scroll","background-type":"","background-media":"","overlay-type":"","overlay-color":"","overlay-opacity":"","overlay-gradient":""},"tablet":{"background-color":"var(--ast-global-color-5)","background-image":"","background-repeat":"repeat","background-position":"center center","background-size":"auto","background-attachment":"scroll","background-type":"","background-media":"","overlay-type":"","overlay-color":"","overlay-opacity":"","overlay-gradient":""},"mobile":{"background-color":"var(--ast-global-color-5)","background-image":"","background-repeat":"repeat","background-position":"center center","background-size":"auto","background-attachment":"scroll","background-type":"","background-media":"","overlay-type":"","overlay-color":"","overlay-opacity":"","overlay-gradient":""}},"footnotes":""},"class_list":["post-2337","page","type-page","status-publish","hentry"],"post_mailing_queue_ids":[],"_links":{"self":[{"href":"https:\/\/agora.xtec.cat\/escoladelparc\/wp-json\/wp\/v2\/pages\/2337","targetHints":{"allow":["GET"]}}],"collection":[{"href":"https:\/\/agora.xtec.cat\/escoladelparc\/wp-json\/wp\/v2\/pages"}],"about":[{"href":"https:\/\/agora.xtec.cat\/escoladelparc\/wp-json\/wp\/v2\/types\/page"}],"author":[{"embeddable":true,"href":"https:\/\/agora.xtec.cat\/escoladelparc\/wp-json\/wp\/v2\/users\/1"}],"replies":[{"embeddable":true,"href":"https:\/\/agora.xtec.cat\/escoladelparc\/wp-json\/wp\/v2\/comments?post=2337"}],"version-history":[{"count":2,"href":"https:\/\/agora.xtec.cat\/escoladelparc\/wp-json\/wp\/v2\/pages\/2337\/revisions"}],"predecessor-version":[{"id":2396,"href":"https:\/\/agora.xtec.cat\/escoladelparc\/wp-json\/wp\/v2\/pages\/2337\/revisions\/2396"}],"up":[{"embeddable":true,"href":"https:\/\/agora.xtec.cat\/escoladelparc\/wp-json\/wp\/v2\/pages\/26"}],"wp:attachment":[{"href":"https:\/\/agora.xtec.cat\/escoladelparc\/wp-json\/wp\/v2\/media?parent=2337"}],"curies":[{"name":"wp","href":"https:\/\/api.w.org\/{rel}","templated":true}]}}