{"id":2335,"date":"2015-11-06T13:33:46","date_gmt":"2015-11-06T12:33:46","guid":{"rendered":"http:\/\/agora.xtec.cat\/escoladelparc\/?page_id=2335"},"modified":"2015-11-09T20:00:26","modified_gmt":"2015-11-09T19:00:26","slug":"construccio-escola-1936","status":"publish","type":"page","link":"https:\/\/agora.xtec.cat\/escoladelparc\/historia\/construccio-escola-1936\/","title":{"rendered":"Construcci\u00f3 Escola, 1936"},"content":{"rendered":"<p>L&#8217;arquitecte municipal, Joaquim Moragues Ixart, redacta la Mem\u00f2ria del Segon Projecte, (26 de maig de 1936)<br \/>\nL\u2019Ajuntament aprova definitivament, 8 de maig de 1936, el \u201cprojecte de escoles graduades\u201d i demana al &#8220;Ministerio de Instrucci\u00f3n P\u00fablica y Bellas Artes\u201d la subvenci\u00f3 de 180.000 pessetes per a la construcci\u00f3 de l\u2019edifici. El text est\u00e0 redactat en catal\u00e0.<\/p>\n<p>El nom de l&#8217;escola ser\u00e0 &#8220;Francesc Maci\u00e0&#8221;, que reflecteix el moment pol\u00edtic del pa\u00eds: recuperaci\u00f3 de l&#8217;autogovern, amb la Generalitat de Catalunya.<\/p>\n<p>L\u2019alcalde del Prat demana al Director General de Primera Ense\u00f1anza, del govern de l\u2019Estat, la concessi\u00f3 de les 180.000 pessetes, a ra\u00f3 de 12.000 per curs, el dia 30 de maig de 1936.<\/p>\n<p><img loading=\"lazy\" decoding=\"async\" class=\"alignnone\" src=\"https:\/\/lh4.googleusercontent.com\/-zm6NbPw7bRo\/URwKr2tyxGI\/AAAAAAAADKY\/7eQ6y4E6l6k\/w500-h356-no\/viatge.jpg\" alt=\"\" width=\"500\" height=\"356\" \/><\/p>\n<p>L&#8217;alcalde viatja a Madrid per a presentar el projecte.<\/p>\n<p>El Director General de Primera Ense\u00f1anza comunica, el 7 d\u2019octubre de 1936, la concessi\u00f3 de l\u2019esmentada subvenci\u00f3 econ\u00f2mica, i imposa un canvi d\u2019orientaci\u00f3 de l\u2019edifici, \u201cpara que las clases queden orientadas a Este o Sur y no a Oeste\u201d (com figurava en els dos projectes fets per l\u2019escola). L\u2019Escola tindr\u00e0, doncs, la seva ubicaci\u00f3 definitiva)<\/p>\n<p>Cal remarcar que l\u2019aprovaci\u00f3 es fa durant la Guerra Civil. El Conseller Municipal, amb data 8 de gener de 1937, demana al Conseller de Cultura del Govern de la Generalitat que els facilitin la subvenci\u00f3 aprovada pel govern de l\u2019Estat, perqu\u00e8 l\u2019Ajuntament del Prat no pot avan\u00e7ar els diner.<\/p>\n<p>Durant la Guerra Civil s\u2019inicia la construcci\u00f3 de l&#8217;estructura de l\u2019edifici. No s&#8217;acabaran, per\u00f2, les obres, donades les dificultats creixents de la Rep\u00fablica. Amb el nou r\u00e8gim, El Franquisme, la nova \u201cComisi\u00f3n Gestora Muncipal\u201d, aprova el 17 de febrero de 1940 la demanda al govern de l\u2019Estat del compliment de l subvenci\u00f3 acordada pel Govern de la Rep\u00fablica. Malgrat que en el esrit sembla que pot haver-hi procuncuament favorable a una nova revisi\u00f3 de la petici\u00f3, finalment no es concedir\u00e0, perqu\u00e8 \u201ctodas las concesiones efectuadas por el gobierno rojo en fecha posterior al Glorioso Alzamiento Nacional han sido anuladas\u201d (sic).<\/p>\n<p>&nbsp;<\/p>\n<div style=\"text-align: center;\">\n<div style=\"margin: 8px 0px 4px;\"><a href=\"http:\/\/www.calameo.com\/books\/000010980767944e6dc02\" target=\"_blank\">Projecte 36<\/a><\/div>\n<p><iframe loading=\"lazy\" style=\"margin: 0 auto;\" src=\"\/\/v.calameo.com\/?bkcode=000010980767944e6dc02\" width=\"300\" height=\"194\" frameborder=\"0\" scrolling=\"no\" allowfullscreen=\"allowfullscreen\"><\/iframe><\/p>\n<div style=\"margin: 4px 0px 8px;\"><\/div>\n<\/div>\n<p>Si voleu consultar la documentaci\u00f3 relativa al projecte, adjudicaci\u00f3, etc, aqu\u00ed us uferim una mostra per defer\u00e8ncia de l&#8217;Arxiu Hist\u00f2ric Municiapl del Prat.<\/p>\n<p>L&#8217;edifici quedar\u00e0 abandonat durant vint anys&#8230;<\/p>\n<p><img loading=\"lazy\" decoding=\"async\" class=\"alignnone\" src=\"https:\/\/lh5.googleusercontent.com\/-X7rRoxtrIOU\/URwIUMNRHuI\/AAAAAAAADIA\/47yFt3PQEXY\/w510-h310-no\/estructura%2Babandonada%2Banys%2B50.jpg\" alt=\"\" width=\"510\" height=\"310\" \/><\/p>\n<p>Molts avis del centre van jugar, durant la seva inf\u00e0ncia, a amagar-se&#8230;<\/p>\n","protected":false},"excerpt":{"rendered":"<p>L&#8217;arquitecte municipal, Joaquim Moragues Ixart, redacta la Mem\u00f2ria del Segon Projecte, (26 de maig de 1936) L\u2019Ajuntament aprova definitivament, 8 de maig de 1936, el \u201cprojecte de escoles graduades\u201d i demana al &#8220;Ministerio de Instrucci\u00f3n P\u00fablica y Bellas Artes\u201d la subvenci\u00f3 de 180.000 pessetes per a la construcci\u00f3 de l\u2019edifici. El text est\u00e0 redactat en [&hellip;]<\/p>\n","protected":false},"author":1,"featured_media":0,"parent":26,"menu_order":0,"comment_status":"closed","ping_status":"closed","template":"","meta":{"_bbp_topic_count":0,"_bbp_reply_count":0,"_bbp_total_topic_count":0,"_bbp_total_reply_count":0,"_bbp_voice_count":0,"_bbp_anonymous_reply_count":0,"_bbp_topic_count_hidden":0,"_bbp_reply_count_hidden":0,"_bbp_forum_subforum_count":0,"site-sidebar-layout":"default","site-content-layout":"","ast-site-content-layout":"","site-content-style":"default","site-sidebar-style":"default","ast-global-header-display":"","ast-banner-title-visibility":"","ast-main-header-display":"","ast-hfb-above-header-display":"","ast-hfb-below-header-display":"","ast-hfb-mobile-header-display":"","site-post-title":"","ast-breadcrumbs-content":"","ast-featured-img":"","footer-sml-layout":"","theme-transparent-header-meta":"","adv-header-id-meta":"","stick-header-meta":"","header-above-stick-meta":"","header-main-stick-meta":"","header-below-stick-meta":"","astra-migrate-meta-layouts":"default","ast-page-background-enabled":"default","ast-page-background-meta":{"desktop":{"background-color":"var(--ast-global-color-4)","background-image":"","background-repeat":"repeat","background-position":"center center","background-size":"auto","background-attachment":"scroll","background-type":"","background-media":"","overlay-type":"","overlay-color":"","overlay-opacity":"","overlay-gradient":""},"tablet":{"background-color":"","background-image":"","background-repeat":"repeat","background-position":"center center","background-size":"auto","background-attachment":"scroll","background-type":"","background-media":"","overlay-type":"","overlay-color":"","overlay-opacity":"","overlay-gradient":""},"mobile":{"background-color":"","background-image":"","background-repeat":"repeat","background-position":"center center","background-size":"auto","background-attachment":"scroll","background-type":"","background-media":"","overlay-type":"","overlay-color":"","overlay-opacity":"","overlay-gradient":""}},"ast-content-background-meta":{"desktop":{"background-color":"var(--ast-global-color-5)","background-image":"","background-repeat":"repeat","background-position":"center center","background-size":"auto","background-attachment":"scroll","background-type":"","background-media":"","overlay-type":"","overlay-color":"","overlay-opacity":"","overlay-gradient":""},"tablet":{"background-color":"var(--ast-global-color-5)","background-image":"","background-repeat":"repeat","background-position":"center center","background-size":"auto","background-attachment":"scroll","background-type":"","background-media":"","overlay-type":"","overlay-color":"","overlay-opacity":"","overlay-gradient":""},"mobile":{"background-color":"var(--ast-global-color-5)","background-image":"","background-repeat":"repeat","background-position":"center center","background-size":"auto","background-attachment":"scroll","background-type":"","background-media":"","overlay-type":"","overlay-color":"","overlay-opacity":"","overlay-gradient":""}},"footnotes":""},"class_list":["post-2335","page","type-page","status-publish","hentry"],"post_mailing_queue_ids":[],"_links":{"self":[{"href":"https:\/\/agora.xtec.cat\/escoladelparc\/wp-json\/wp\/v2\/pages\/2335","targetHints":{"allow":["GET"]}}],"collection":[{"href":"https:\/\/agora.xtec.cat\/escoladelparc\/wp-json\/wp\/v2\/pages"}],"about":[{"href":"https:\/\/agora.xtec.cat\/escoladelparc\/wp-json\/wp\/v2\/types\/page"}],"author":[{"embeddable":true,"href":"https:\/\/agora.xtec.cat\/escoladelparc\/wp-json\/wp\/v2\/users\/1"}],"replies":[{"embeddable":true,"href":"https:\/\/agora.xtec.cat\/escoladelparc\/wp-json\/wp\/v2\/comments?post=2335"}],"version-history":[{"count":2,"href":"https:\/\/agora.xtec.cat\/escoladelparc\/wp-json\/wp\/v2\/pages\/2335\/revisions"}],"predecessor-version":[{"id":2395,"href":"https:\/\/agora.xtec.cat\/escoladelparc\/wp-json\/wp\/v2\/pages\/2335\/revisions\/2395"}],"up":[{"embeddable":true,"href":"https:\/\/agora.xtec.cat\/escoladelparc\/wp-json\/wp\/v2\/pages\/26"}],"wp:attachment":[{"href":"https:\/\/agora.xtec.cat\/escoladelparc\/wp-json\/wp\/v2\/media?parent=2335"}],"curies":[{"name":"wp","href":"https:\/\/api.w.org\/{rel}","templated":true}]}}