{"id":2333,"date":"2015-11-06T13:33:19","date_gmt":"2015-11-06T12:33:19","guid":{"rendered":"http:\/\/agora.xtec.cat\/escoladelparc\/?page_id=2333"},"modified":"2024-12-12T00:12:28","modified_gmt":"2024-12-11T23:12:28","slug":"projecte-1931","status":"publish","type":"page","link":"https:\/\/agora.xtec.cat\/escoladelparc\/historia\/projecte-1931\/","title":{"rendered":"Projecte 1931"},"content":{"rendered":"<p><img loading=\"lazy\" decoding=\"async\" class=\"alignnone\" src=\"https:\/\/lh3.googleusercontent.com\/-IvlwEn5DUH4\/URwIR2jT8WI\/AAAAAAAADHU\/hRZx3R4dyJc\/w550-h357-no\/el%2Bprat%2B1915.jpg\" alt=\"\" width=\"550\" height=\"357\" \/><\/p>\n<p>El Prat, a l&#8217;inici del segle XX, \u00e9s un poble agr\u00edcola, que est\u00e0 en proc\u00e9s d&#8217;industrialitzaci\u00f3 i creixement (1920: 3.591 habitants; 1930: 6.694 habitants).<\/p>\n<p>A la fotografia a\u00e8ria es pot observar el Casal de Cultura &#8220;Torre Balcells&#8221; i les Cases d&#8217;en Puig, fora del poble&#8230;<\/p>\n<p>Donades les necessitats d&#8217;escolaritzaci\u00f3 de la creixent poblaci\u00f3 del Prat, l&#8217;Ajuntament es planteja construir dues escoles. Una d&#8217;elles ser\u00e0 el Joan Maragall.<\/p>\n<p>El 20 de novembre de 1931 l&#8217;arquitecte municipal signa la Mem\u00f2ria del &#8220;Proyecto de Grupos Escolares, para ni\u00f1os y ni\u00f1as, con ocho secciones cada grupo&#8221;, en &#8220;los terrenos conocidos como Fondo del Peixo&#8221;. El projecte, d&#8217;estil elegant neocl\u00e0ssic contempla la biblioteca, museu cient\u00edfic, sala de dibuix, museu de treballs escolars, sala d&#8217;actes i infermeria.<\/p>\n<p><img loading=\"lazy\" decoding=\"async\" src=\"https:\/\/lh5.googleusercontent.com\/-tM4KFgzcr20\/URwKrqEKjFI\/AAAAAAAADKc\/oCDQCuSEZOk\/s1600\/projecte+escola+35b.jpg\" alt=\"\" width=\"526\" height=\"171\" border=\"0\" \/><\/p>\n<p>Aquesta \u00e9s la fa\u00e7ana principal, signada pel mateix arquitecte, el maig de 1935.<\/p>\n<p>L&#8217;orientaci\u00f3 prevista \u00e9s paral\u00b7lela a l&#8217;Avinguda del Canal.<\/p>\n<p>L&#8217;escola s&#8217;ubicaria fora del nucli urb\u00e0, al Fondo d&#8217;en Peixo, a l&#8217;esquerra de la imatge, (la bassa d&#8217;aigua).<\/p>\n<p><img decoding=\"async\" src=\"https:\/\/lh3.googleusercontent.com\/-fxBdVI9Akbo\/URwIVhsRNzI\/AAAAAAAADIY\/wtLRlg9StsQ\/s1600\/fondo+peixo+1920.jpg\" alt=\"\" border=\"0\" \/><\/p>\n<p>La bassa del Fondo d&#8217;en Peixo.<\/p>\n<p><a href=\"https:\/\/lh3.googleusercontent.com\/-QRBeaHcAuHM\/URwKrYRzC0I\/AAAAAAAADKU\/xowJh8Kvv8U\/s1600\/planol+parc+petit.jpg\"><img decoding=\"async\" src=\"https:\/\/lh3.googleusercontent.com\/-QRBeaHcAuHM\/URwKrYRzC0I\/AAAAAAAADKU\/xowJh8Kvv8U\/s1600\/planol+parc+petit.jpg\" alt=\"\" border=\"0\" \/><\/a><\/p>\n<p>Orientaci\u00f3 i ubicaci\u00f3 prevista, al costat del Parc.<\/p>\n<p>Al final, les dificultats econ\u00f2miques per a dessecar i condicionar els terrenys per a la construcci\u00f3 de l&#8217;escola, van provocar l&#8217;endarreriment i posterior abandonament del projecte.<\/p>\n<p>&nbsp;<\/p>\n<div style=\"text-align: center;\"><\/div>\n<div style=\"text-align: center;\">\n<div style=\"margin: 8px 0px 4px;\"><a href=\"http:\/\/www.calameo.com\/books\/00001098023598d609e36\" target=\"_blank\" rel=\"noopener\">Projecte 31<\/a><\/div>\n<p><iframe loading=\"lazy\" style=\"margin: 0px auto;\" src=\"\/\/v.calameo.com\/?bkcode=00001098023598d609e36\" width=\"300\" height=\"194\" frameborder=\"0\" scrolling=\"no\" allowfullscreen=\"allowfullscreen\"><\/iframe><\/p>\n<p>Si voleu consultar la documentaci\u00f3 relativa al projecte, adjudicaci\u00f3, etc. aqu\u00ed us oferim una mostra per defer\u00e8ncia de l&#8217;Arxiu Hist\u00f2ric Municipal del Prat.<\/p>\n<\/div>\n","protected":false},"excerpt":{"rendered":"<p>El Prat, a l&#8217;inici del segle XX, \u00e9s un poble agr\u00edcola, que est\u00e0 en proc\u00e9s d&#8217;industrialitzaci\u00f3 i creixement (1920: 3.591 habitants; 1930: 6.694 habitants). A la fotografia a\u00e8ria es pot observar el Casal de Cultura &#8220;Torre Balcells&#8221; i les Cases d&#8217;en Puig, fora del poble&#8230; Donades les necessitats d&#8217;escolaritzaci\u00f3 de la creixent poblaci\u00f3 del Prat, [&hellip;]<\/p>\n","protected":false},"author":1,"featured_media":0,"parent":26,"menu_order":0,"comment_status":"closed","ping_status":"closed","template":"","meta":{"_bbp_topic_count":0,"_bbp_reply_count":0,"_bbp_total_topic_count":0,"_bbp_total_reply_count":0,"_bbp_voice_count":0,"_bbp_anonymous_reply_count":0,"_bbp_topic_count_hidden":0,"_bbp_reply_count_hidden":0,"_bbp_forum_subforum_count":0,"site-sidebar-layout":"default","site-content-layout":"","ast-site-content-layout":"","site-content-style":"default","site-sidebar-style":"default","ast-global-header-display":"","ast-banner-title-visibility":"","ast-main-header-display":"","ast-hfb-above-header-display":"","ast-hfb-below-header-display":"","ast-hfb-mobile-header-display":"","site-post-title":"","ast-breadcrumbs-content":"","ast-featured-img":"","footer-sml-layout":"","theme-transparent-header-meta":"","adv-header-id-meta":"","stick-header-meta":"","header-above-stick-meta":"","header-main-stick-meta":"","header-below-stick-meta":"","astra-migrate-meta-layouts":"default","ast-page-background-enabled":"default","ast-page-background-meta":{"desktop":{"background-color":"var(--ast-global-color-4)","background-image":"","background-repeat":"repeat","background-position":"center center","background-size":"auto","background-attachment":"scroll","background-type":"","background-media":"","overlay-type":"","overlay-color":"","overlay-opacity":"","overlay-gradient":""},"tablet":{"background-color":"","background-image":"","background-repeat":"repeat","background-position":"center center","background-size":"auto","background-attachment":"scroll","background-type":"","background-media":"","overlay-type":"","overlay-color":"","overlay-opacity":"","overlay-gradient":""},"mobile":{"background-color":"","background-image":"","background-repeat":"repeat","background-position":"center center","background-size":"auto","background-attachment":"scroll","background-type":"","background-media":"","overlay-type":"","overlay-color":"","overlay-opacity":"","overlay-gradient":""}},"ast-content-background-meta":{"desktop":{"background-color":"var(--ast-global-color-5)","background-image":"","background-repeat":"repeat","background-position":"center center","background-size":"auto","background-attachment":"scroll","background-type":"","background-media":"","overlay-type":"","overlay-color":"","overlay-opacity":"","overlay-gradient":""},"tablet":{"background-color":"var(--ast-global-color-5)","background-image":"","background-repeat":"repeat","background-position":"center center","background-size":"auto","background-attachment":"scroll","background-type":"","background-media":"","overlay-type":"","overlay-color":"","overlay-opacity":"","overlay-gradient":""},"mobile":{"background-color":"var(--ast-global-color-5)","background-image":"","background-repeat":"repeat","background-position":"center center","background-size":"auto","background-attachment":"scroll","background-type":"","background-media":"","overlay-type":"","overlay-color":"","overlay-opacity":"","overlay-gradient":""}},"footnotes":""},"class_list":["post-2333","page","type-page","status-publish","hentry"],"post_mailing_queue_ids":[],"_links":{"self":[{"href":"https:\/\/agora.xtec.cat\/escoladelparc\/wp-json\/wp\/v2\/pages\/2333","targetHints":{"allow":["GET"]}}],"collection":[{"href":"https:\/\/agora.xtec.cat\/escoladelparc\/wp-json\/wp\/v2\/pages"}],"about":[{"href":"https:\/\/agora.xtec.cat\/escoladelparc\/wp-json\/wp\/v2\/types\/page"}],"author":[{"embeddable":true,"href":"https:\/\/agora.xtec.cat\/escoladelparc\/wp-json\/wp\/v2\/users\/1"}],"replies":[{"embeddable":true,"href":"https:\/\/agora.xtec.cat\/escoladelparc\/wp-json\/wp\/v2\/comments?post=2333"}],"version-history":[{"count":4,"href":"https:\/\/agora.xtec.cat\/escoladelparc\/wp-json\/wp\/v2\/pages\/2333\/revisions"}],"predecessor-version":[{"id":13813,"href":"https:\/\/agora.xtec.cat\/escoladelparc\/wp-json\/wp\/v2\/pages\/2333\/revisions\/13813"}],"up":[{"embeddable":true,"href":"https:\/\/agora.xtec.cat\/escoladelparc\/wp-json\/wp\/v2\/pages\/26"}],"wp:attachment":[{"href":"https:\/\/agora.xtec.cat\/escoladelparc\/wp-json\/wp\/v2\/media?parent=2333"}],"curies":[{"name":"wp","href":"https:\/\/api.w.org\/{rel}","templated":true}]}}